{"id":27964,"date":"2023-09-21T17:26:57","date_gmt":"2023-09-21T17:26:57","guid":{"rendered":"https:\/\/alex-elec.eu\/?post_type=product&#038;p=27964"},"modified":"2023-09-21T17:26:57","modified_gmt":"2023-09-21T17:26:57","slug":"container-de-stockage-neuf-15-pieds","status":"publish","type":"product","link":"https:\/\/alex-elec.eu\/hu\/product\/container-de-stockage-neuf-15-pieds\/","title":{"rendered":"\u00daj 15 l\u00e1b hossz\u00fa t\u00e1rol\u00f3kont\u00e9ner"},"content":{"rendered":"<p>Le\u00a0<strong>\u00daj 15 l\u00e1b hossz\u00fa t\u00e1rol\u00f3kont\u00e9ner<\/strong>\u00a0a 20 l\u00e1bas modell el\u0151tti modell, amelynek t\u00e1rol\u00f3kapacit\u00e1sa\u00a0<strong>18 m\u00b3<\/strong>\u00a0\u00e9s 9000 kg, 1400 kg \u00fcres t\u00f6meg\u0171.<\/p>\n<p>&nbsp;<\/p>\n<div>Le\u00edr\u00e1s<\/div>\n<div>\n<div>\n<p>15ft t\u00e1rol\u00f3 kont\u00e9ner \u00daj<\/p>\n<p>T\u00e1rol\u00f3kont\u00e9nereinket \u00e9p\u00edtkez\u00e9seken, rakt\u00e1rakban, k\u00fclt\u00e9ri rakt\u00e1rakban, mez\u0151gazdas\u00e1gi ter\u00fcleteken vagy otthon is haszn\u00e1lhatjuk t\u00e1rol\u00e1si ig\u00e9nyek kiel\u00e9g\u00edt\u00e9s\u00e9re. Ezek \u00daJ t\u00e1rol\u00f3kont\u00e9nerek, egyenesen a gy\u00e1rb\u00f3l, nem pedig m\u00e1r kihaj\u00f3zott \"1. \u00fat\" tengeri kont\u00e9nerek.<\/p>\n<p>15 l\u00e1bas t\u00e1rol\u00f3kont\u00e9ner\u00fcnk v\u00e1za a k\u00f6vetkez\u0151 anyagb\u00f3l k\u00e9sz\u00fclt<strong>\u00a03 mm vastag ac\u00e9lszelv\u00e9nyek<\/strong>,<strong>\u00a0teljesen hegesztett<\/strong>. A falak \u00e9s a mennyezet k\u00e9sz\u00fclt\u00a0<strong>1,5 mm vastag hengerelt f\u00e9mlemez<\/strong>\u00a0\u00e9s a padl\u00f3t\u00a0<strong>t\u00f6m\u00f6r fa, 25mm vastag<\/strong>nedvess\u00e9g\u00e1ll\u00f3. A lakat sz\u00e1m\u00e1ra v\u00e9d\u0151fed\u00e9llel rendelkezik.<\/p>\n<p>A tet\u0151n l\u00e9v\u0151 4 foganty\u00fanak k\u00f6sz\u00f6nhet\u0151en a kezel\u00e9s hevederekkel vagy emel\u0151horgokkal, illetve az al\u00e9p\u00edtm\u00e9nyben l\u00e9v\u0151 vill\u00e1s \u00e1tj\u00e1r\u00f3nak k\u00f6sz\u00f6nhet\u0151en targonc\u00e1val is lehets\u00e9ges. A vill\u00e1k az oldalon helyezkednek el, 90 cm-es k\u00f6z\u00e9ppont-t\u00e1vols\u00e1ggal.<\/p>\n<p>M\u0171szaki specifik\u00e1ci\u00f3k<\/p>\n<p>K\u00dcLS\u0150 M\u00c9RETEK<\/p>\n<ul>\n<li>Magass\u00e1g: 225 cm<\/li>\n<li>Sz\u00e9less\u00e9g: 220 cm<\/li>\n<li>M\u00e9lys\u00e9g: 450 cm<\/li>\n<\/ul>\n<p>BELS\u0150 M\u00c9RETEK<\/p>\n<ul>\n<li>Magass\u00e1g: 202 cm<\/li>\n<li>Sz\u00e9less\u00e9g: 207 cm<\/li>\n<li>M\u00e9lys\u00e9g: 430 cm<\/li>\n<\/ul>\n<p>KERET<\/p>\n<ul>\n<li>Anyag: Teljesen hegesztett \u00e9s lakkozott ac\u00e9lszelv\u00e9nyek.<\/li>\n<li>Sz\u00edn: Feh\u00e9r RAL 9010<\/li>\n<li>Vastags\u00e1g: 3 mm<\/li>\n<li>Kezel\u00e9s: 4 aljzat a tet\u0151n az emel\u0151horgok sz\u00e1m\u00e1ra. Hossz\u00fa vill\u00e1kkal (250 cm) felszerelt targonc\u00e1khoz val\u00f3 targonca \u00e1tj\u00e1r\u00f3val ell\u00e1tott al\u00e9p\u00edtm\u00e9ny.<\/li>\n<\/ul>\n<p>FALAK \u00c9S MENNYEZET<\/p>\n<ul>\n<li>Anyag: Feh\u00e9r RAL 9010 lakkozott hengerelt ac\u00e9llemez.<\/li>\n<li>Vastags\u00e1g: 1.5mm<\/li>\n<li>Szell\u0151z\u00e9s: 4 l\u00e9gbe\u00f6ml\u0151ny\u00edl\u00e1s<\/li>\n<\/ul>\n<p>AJT\u00d3K<\/p>\n<ul>\n<li>Anyag: Feh\u00e9r RAL 9010 lakkozott hengerelt ac\u00e9l.<\/li>\n<li>Helysz\u00edn: a sz\u00e9less\u00e9gen \u00e1t<\/li>\n<li>Ny\u00edl\u00e1sz\u00e1r\u00f3: 2<\/li>\n<li>T\u00f6m\u00edt\u00e9s: fekete gumit\u00f6m\u00edt\u00e9s<\/li>\n<li>Biztons\u00e1g: V\u00e9d\u0151fed\u00e9l a lakathoz<\/li>\n<\/ul>\n<p>PADL\u00d3<\/p>\n<ul>\n<li>Anyag: nedvess\u00e9g\u00e1ll\u00f3 t\u00f6m\u00f6rfa<\/li>\n<li>Vastags\u00e1g: 25 mm<\/li>\n<li>Kapacit\u00e1s: 700 kg\/m\u00b2.<\/li>\n<\/ul>\n<p>MOZGAT\u00c1S \/ EMEL\u00c9S<\/p>\n<ul>\n<li>Targonc\u00e1val: a vill\u00e1k 90 cm t\u00e1vols\u00e1gra vannak egym\u00e1st\u00f3l a sz\u00e9less\u00e9gen kereszt\u00fcl.<\/li>\n<li>Daruval: 4 tet\u0151kivezet\u00e9s emel\u0151horgok vagy hevederek sz\u00e1m\u00e1ra<\/li>\n<li>Saj\u00e1t t\u00f6meg: 1400 kg<\/li>\n<\/ul>\n<p>KAPACIT\u00c1S<\/p>\n<ul>\n<li>Terhel\u00e9s: 9000 kg<\/li>\n<li>T\u00e9rfogat: 18 m\u00b3<\/li>\n<\/ul>\n<p>Lehets\u00e9ges lehet\u0151s\u00e9gek<\/p>\n<ul>\n<li>Villanyszerel\u00e9s (1 kapcsol\u00f3 + 2 LED neonl\u00e1mpa + 2 konnektor, elektromos panel \u00e9s csatlakoz\u00f3doboz)<\/li>\n<li>Ac\u00e9l padl\u00f3<\/li>\n<li>Speci\u00e1lis sz\u00ednek (a RAL-paletta szerint)<\/li>\n<li>Lakat<\/li>\n<\/ul>\n<\/div>\n<\/div>","protected":false},"excerpt":{"rendered":"<p>Le\u00a0Container de stockage neuf de 15 pieds\u00a0est le mod\u00e8le avant le mod\u00e8le 20 pieds, avec une capacit\u00e9 de stockage de\u00a018 m\u00b3\u00a0et de 9000kg, pour un poids \u00e0 vide de 1400 kg. &nbsp; Description Container de Stockage 15 pieds Neuf Nos containers de stockage permettent de r\u00e9pondre aux besoins de stockage sur les chantiers, dans les [&hellip;]<\/p>","protected":false},"featured_media":27965,"comment_status":"open","ping_status":"closed","template":"","meta":{"_monsterinsights_skip_tracking":false,"_monsterinsights_sitenote_active":false,"_monsterinsights_sitenote_note":"","_monsterinsights_sitenote_category":0},"product_cat":[15,102],"product_tag":[],"aioseo_notices":[],"_links":{"self":[{"href":"https:\/\/alex-elec.eu\/hu\/wp-json\/wp\/v2\/product\/27964"}],"collection":[{"href":"https:\/\/alex-elec.eu\/hu\/wp-json\/wp\/v2\/product"}],"about":[{"href":"https:\/\/alex-elec.eu\/hu\/wp-json\/wp\/v2\/types\/product"}],"replies":[{"embeddable":true,"href":"https:\/\/alex-elec.eu\/hu\/wp-json\/wp\/v2\/comments?post=27964"}],"wp:featuredmedia":[{"embeddable":true,"href":"https:\/\/alex-elec.eu\/hu\/wp-json\/wp\/v2\/media\/27965"}],"wp:attachment":[{"href":"https:\/\/alex-elec.eu\/hu\/wp-json\/wp\/v2\/media?parent=27964"}],"wp:term":[{"taxonomy":"product_cat","embeddable":true,"href":"https:\/\/alex-elec.eu\/hu\/wp-json\/wp\/v2\/product_cat?post=27964"},{"taxonomy":"product_tag","embeddable":true,"href":"https:\/\/alex-elec.eu\/hu\/wp-json\/wp\/v2\/product_tag?post=27964"}],"curies":[{"name":"wp","href":"https:\/\/api.w.org\/{rel}","templated":true}]}}