{"id":27898,"date":"2023-09-21T12:27:34","date_gmt":"2023-09-21T12:27:34","guid":{"rendered":"https:\/\/alex-elec.eu\/?post_type=product&#038;p=27898"},"modified":"2023-09-21T12:27:35","modified_gmt":"2023-09-21T12:27:35","slug":"container-flat-20","status":"publish","type":"product","link":"https:\/\/alex-elec.eu\/hu\/product\/container-flat-20\/","title":{"rendered":"Kont\u00e9ner Flat 20"},"content":{"rendered":"<p><strong>Les Containers flat 20 pieds<\/strong>\u00a0fix vagy felhajthat\u00f3 v\u00e9gfalakkal kaphat\u00f3k. Neh\u00e9z terhek sz\u00e1ll\u00edt\u00e1s\u00e1ra szolg\u00e1lnak.<\/p>\n<p>A kont\u00e9nereket sz\u00e1ll\u00edt\u00e1s el\u0151tt alaposan ellen\u0151rzik, \u00e9s \u00e9rv\u00e9nyes CSC-d\u00e1tummal rendelkeznek, ami garant\u00e1lja a nemzetk\u00f6zi szabv\u00e1nyoknak megfelel\u0151 min\u0151s\u00e9get \u00e9s biztons\u00e1got;<\/p>\n<p>A kont\u00e9nerek vil\u00e1gszerte sz\u00e1ll\u00edthat\u00f3ak.<\/p>\n<p>&nbsp;<\/p>\n<p>&nbsp;<\/p>\n<p>M\u0171szaki adatok.<\/p>\n<p>Bels\u0151 m\u00e9retek:<\/p>\n<p>&#8211; Longueur : 5 960 mm<br \/>\n&#8211; Largeur : 2 400 mm<br \/>\n&#8211; Hauteur :\u00a0 2 290 mm<\/p>\n<p>K\u00fcls\u0151 m\u00e9retek:<\/p>\n<p>- Hossz: 6,058 mm<br \/>\n- Sz\u00e9less\u00e9g: 2,438 mm<br \/>\n- Magass\u00e1g: 2,591 mm<\/p>\n<p>Tov\u00e1bbi inform\u00e1ci\u00f3k:<\/p>\n<p>-Poids \u00e0 vide : 3050 kg<br \/>\n-Capacit\u00e9 de chargement : 23500 kg<br \/>\n-Poids brut : 30480 kg<br \/>\n-Contenu solide : 17,5 m\u00b3<\/p>\n<p>&nbsp;<\/p>\n<p>El\u0151ny\u00f6k :<\/p>\n<p>- Szabv\u00e1nyos t\u00falm\u00e9retezett berendez\u00e9sek<\/p>\n<p>- Neh\u00e9z terhek 50 tonn\u00e1ig<br \/>\n- Import-exportra k\u00e9sz\u00fclt<br \/>\n- Multimod\u00e1lis megold\u00e1s<br \/>\n- K\u00f6nny\u0171, korl\u00e1tlan sz\u00e1ll\u00edt\u00e1s<br \/>\n&nbsp;<\/p>\n<p>A szak\u00e9rt\u0151i v\u00e9lem\u00e9ny :<\/p>\n<p>Le container maritime 20 Flat est utilis\u00e9 pour le chargement de marchandises encombrantes telles que des v\u00e9hicules, des grumes de bois, engins agricoles, machinerie lourde, engins miniers, cuve de stockage, couronne de tuyauterie, tourets de c\u00e2bles, bobines d\u2019acier, etc.<\/p>\n<p>A lapos kont\u00e9ner az \u00d6n sz\u00e1m\u00e1ra k\u00e9sz\u00fclt, mivel meghaladja a szabv\u00e1nyos sz\u00e9less\u00e9get \u00e9s magass\u00e1got, \u00e9s ellen\u00e1ll az id\u0151j\u00e1r\u00e1s viszontags\u00e1gainak.<\/p>\n<p>A lapos kont\u00e9ner 3 form\u00e1ban kaphat\u00f3:<\/p>\n<p>Le container 20 pieds Flat platform : Plateformes simple avec un passage de fourches pour manipuler le container.<\/p>\n<p>Le container 20 pieds Flat Fix Hands : Plateformes avec 4 poteaux ou deux parois fixes avec des coins iso.<\/p>\n<p>Le container 20\u00a0 pieds Flat Rack Collapsible : Plateformes avec 2 parois amovibles et encastrables. C\u2019est une solution id\u00e9ale pour stocker un grand nombre de containers flat sur un espace restreint.<\/p>\n<p>K\u00fcl\u00f6n\u00f6sen er\u0151s, mivel teljes szerkezete Corten ac\u00e9lb\u00f3l k\u00e9sz\u00fclt. Nincsenek falai, kiv\u00e9ve n\u00e9h\u00e1ny term\u00e9k oldal\u00e1n. A padl\u00f3 meger\u0151s\u00edtett f\u00e9mlemezb\u0151l vagy f\u00e1b\u00f3l k\u00e9sz\u00fcl.<\/p>\n<p>Ez egy multimod\u00e1lis megold\u00e1s, k\u00f6z\u00fati, vas\u00fati, usz\u00e1lyos \u00e9s tengeri. K\u00fcl\u00f6nb\u00f6z\u0151 eszk\u00f6z\u00f6kkel sz\u00e1ll\u00edthat\u00f3 \u00e9s sz\u00e1ll\u00edthat\u00f3.<\/p>","protected":false},"excerpt":{"rendered":"<p>Les Containers flat 20 pieds\u00a0existent avec des parois d&rsquo;extr\u00e9mit\u00e9 fixes ou rabattables. Ils sont utilis\u00e9s pour empoter des cargaisons lourdes. Les conteneurs sont minutieusement contr\u00f4l\u00e9s avant la livraison et qu&rsquo;ils ont un CSC-date valide, ce qui garantit la qualit\u00e9 et la s\u00e9curit\u00e9 des normes internationales; Les conteneurs peuvent \u00eatre exp\u00e9di\u00e9s dans le monde entier. &nbsp; [&hellip;]<\/p>","protected":false},"featured_media":27899,"comment_status":"open","ping_status":"closed","template":"","meta":{"_monsterinsights_skip_tracking":false,"_monsterinsights_sitenote_active":false,"_monsterinsights_sitenote_note":"","_monsterinsights_sitenote_category":0},"product_cat":[15,102],"product_tag":[],"aioseo_notices":[],"_links":{"self":[{"href":"https:\/\/alex-elec.eu\/hu\/wp-json\/wp\/v2\/product\/27898"}],"collection":[{"href":"https:\/\/alex-elec.eu\/hu\/wp-json\/wp\/v2\/product"}],"about":[{"href":"https:\/\/alex-elec.eu\/hu\/wp-json\/wp\/v2\/types\/product"}],"replies":[{"embeddable":true,"href":"https:\/\/alex-elec.eu\/hu\/wp-json\/wp\/v2\/comments?post=27898"}],"wp:featuredmedia":[{"embeddable":true,"href":"https:\/\/alex-elec.eu\/hu\/wp-json\/wp\/v2\/media\/27899"}],"wp:attachment":[{"href":"https:\/\/alex-elec.eu\/hu\/wp-json\/wp\/v2\/media?parent=27898"}],"wp:term":[{"taxonomy":"product_cat","embeddable":true,"href":"https:\/\/alex-elec.eu\/hu\/wp-json\/wp\/v2\/product_cat?post=27898"},{"taxonomy":"product_tag","embeddable":true,"href":"https:\/\/alex-elec.eu\/hu\/wp-json\/wp\/v2\/product_tag?post=27898"}],"curies":[{"name":"wp","href":"https:\/\/api.w.org\/{rel}","templated":true}]}}