{"id":27888,"date":"2023-09-21T10:53:24","date_gmt":"2023-09-21T10:53:24","guid":{"rendered":"https:\/\/alex-elec.eu\/?post_type=product&#038;p=27888"},"modified":"2023-09-21T10:53:24","modified_gmt":"2023-09-21T10:53:24","slug":"container-maritime-40%e2%80%b2-hc-1er-voyage3249","status":"publish","type":"product","link":"https:\/\/alex-elec.eu\/hu\/product\/container-maritime-40%e2%80%b2-hc-1er-voyage3249\/","title":{"rendered":"Tengeri kont\u00e9ner 40\u2032 HC 1. \u00fat3249."},"content":{"rendered":"<p><strong>Felszerel\u00e9s:<\/strong>\u00a0Tengeri kont\u00e9ner<br \/>\n<strong>Modell:<\/strong>\u00a040\u2032 HC (+30cm)<br \/>\n<strong>\u00c1llam:<\/strong>\u00a01. utaz\u00e1s*<br \/>\n<strong>Az \u00e9v:<\/strong>\u00a0NC<br \/>\n<strong>Hivatkoz\u00e1s:<\/strong>\u00a0TTMU521228-6<br \/>\n<strong>K\u00fcls\u0151 m\u00e9retek:<\/strong>\u00a0L.12.19 x Sz.2.44 x H.2.89m<br \/>\n<strong>Bels\u0151 m\u00e9retek:<\/strong>\u00a0L.12.03 x W.2.35 x H.2.70 m<br \/>\n<strong>Fel\u00fclet:<\/strong>\u00a030m\u00b2<\/p>\n<p><strong>K\u00f6tet:<\/strong>\u00a076m\u00b3<\/p>\n<p><strong>Taras\u00faly:<\/strong>\u00a04250 kg<br \/>\n<strong>Teherb\u00edr\u00e1s:<\/strong>\u00a026,000 kg<\/p>","protected":false},"excerpt":{"rendered":"<p>Mat\u00e9riel:\u00a0Container maritime Mod\u00e8le:\u00a040\u2032 HC (+30cm) Etat:\u00a01er Voyage* Ann\u00e9e:\u00a0NC R\u00e9f\u00e9rence:\u00a0TTMU521228-6 Dimensions ext\u00e9rieures:\u00a0L.12.19 x l.2.44 x H.2.89m Dimensions int\u00e9rieures:\u00a0L.12.03 x l.2.35 x H.2.70 m Surface:\u00a030m\u00b2 Volume:\u00a076m\u00b3 Poids \u00e0 vide:\u00a04250 kg Charge admissible:\u00a026000 kg<\/p>","protected":false},"featured_media":27889,"comment_status":"open","ping_status":"closed","template":"","meta":{"_monsterinsights_skip_tracking":false,"_monsterinsights_sitenote_active":false,"_monsterinsights_sitenote_note":"","_monsterinsights_sitenote_category":0},"product_cat":[15,102],"product_tag":[],"aioseo_notices":[],"_links":{"self":[{"href":"https:\/\/alex-elec.eu\/hu\/wp-json\/wp\/v2\/product\/27888"}],"collection":[{"href":"https:\/\/alex-elec.eu\/hu\/wp-json\/wp\/v2\/product"}],"about":[{"href":"https:\/\/alex-elec.eu\/hu\/wp-json\/wp\/v2\/types\/product"}],"replies":[{"embeddable":true,"href":"https:\/\/alex-elec.eu\/hu\/wp-json\/wp\/v2\/comments?post=27888"}],"wp:featuredmedia":[{"embeddable":true,"href":"https:\/\/alex-elec.eu\/hu\/wp-json\/wp\/v2\/media\/27889"}],"wp:attachment":[{"href":"https:\/\/alex-elec.eu\/hu\/wp-json\/wp\/v2\/media?parent=27888"}],"wp:term":[{"taxonomy":"product_cat","embeddable":true,"href":"https:\/\/alex-elec.eu\/hu\/wp-json\/wp\/v2\/product_cat?post=27888"},{"taxonomy":"product_tag","embeddable":true,"href":"https:\/\/alex-elec.eu\/hu\/wp-json\/wp\/v2\/product_tag?post=27888"}],"curies":[{"name":"wp","href":"https:\/\/api.w.org\/{rel}","templated":true}]}}