{"id":27876,"date":"2023-09-21T10:39:44","date_gmt":"2023-09-21T10:39:44","guid":{"rendered":"https:\/\/alex-elec.eu\/?post_type=product&#038;p=27876"},"modified":"2023-09-21T10:39:44","modified_gmt":"2023-09-21T10:39:44","slug":"container-de-stockage-de-10-pieds-avec-ouverture-porte-garage-sectionnelle","status":"publish","type":"product","link":"https:\/\/alex-elec.eu\/hu\/product\/container-de-stockage-de-10-pieds-avec-ouverture-porte-garage-sectionnelle\/","title":{"rendered":"10 l\u00e1bas t\u00e1rol\u00f3kont\u00e9ner szekcion\u00e1lt gar\u00e1zsajt\u00f3nyit\u00e1ssal"},"content":{"rendered":"<p>Ce conteneur de stockage est parfait pour stocker et\/ou transporter des marchandises<\/p>\n<p>Ce conteneur de stockage en acier peut \u00eatre empil\u00e9 et charg\u00e9 sur des camions ou des navires. Il est con\u00e7u pour offrir une s\u00e9curit\u00e9 et une protection maximales des marchandises pendant le transport. Ce type de conteneur de stockage peut \u00eatre utilis\u00e9 pour le stockage \u00e0 court terme et \u00e9galement \u00e0 long terme.<\/p>\n<p>R\u00e9sistant \u00e0 la neige au sol Sk 2,5 kN\/m\u00b2<\/p>\n<ul>\n<li><strong>Manutention :<\/strong>\u00a0par grue ou monte-charge<\/li>\n<li><strong>Type de plancher :<\/strong>\u00a0contreplaqu\u00e9 laqu\u00e9 de 21 mm d&rsquo;\u00e9paisseur<\/li>\n<li><strong>Passages de fourches centr\u00e9s :<\/strong>\u00a0950 mm sur longueur<\/li>\n<li><strong>Poids :<\/strong>\u00a0792 Kg<\/li>\n<li><strong>Dimensions ext\u00e9rieures :<\/strong>\u00a02991 x 2438 x 2591 mm<\/li>\n<\/ul>\n<p>Information sur la porte de garage sectionnelle<\/p>\n<p>Peinture par immersion cathodique (ton gris) avec une \u00e9paisseur moyenne de 20\u03bcm (mini. 15\u03bcm).<\/p>\n<p>Peinture secondaire en poudre de haute qualit\u00e9 sur base polyester (qualit\u00e9 de fa\u00e7ade) avec une \u00e9paisseur moyenne de 70 \u03bcm (mini. 60\u03bcm).<\/p>\n<p>Haute r\u00e9sistance \u00e0 la corrosion et aux UV.<\/p>\n<ul>\n<li><strong>Couleur de porte de garage sectionnelle :<\/strong>\u00a0RAL 9010 blanc pur<\/li>\n<li><strong>Commande :<\/strong>\u00a0Commande manuelle<\/li>\n<\/ul>\n<p>Tov\u00e1bbi inform\u00e1ci\u00f3k<\/p>\n<ul>\n<li><strong>Coloris du conteneur :<\/strong>\u00a0RAL 9010 blanc pur<\/li>\n<li><strong>Construction du cadre :<\/strong>\u00a0profils en acier soud\u00e9s de 2 &#8211; 3 mm<\/li>\n<li><strong>Charge utile maximale :<\/strong>\u00a010000 kg<\/li>\n<li><strong>Volume de chargement :<\/strong>\u00a015,76 m\u00b3<\/li>\n<\/ul>\n<p>La superposition des conteneurs sur 3 niveaux doit se faire en respectant les instructions et les charges maximum.<\/p>","protected":false},"excerpt":{"rendered":"<p>Ce conteneur de stockage est parfait pour stocker et\/ou transporter des marchandises Ce conteneur de stockage en acier peut \u00eatre empil\u00e9 et charg\u00e9 sur des camions ou des navires. Il est con\u00e7u pour offrir une s\u00e9curit\u00e9 et une protection maximales des marchandises pendant le transport. Ce type de conteneur de stockage peut \u00eatre utilis\u00e9 pour [&hellip;]<\/p>","protected":false},"featured_media":27877,"comment_status":"open","ping_status":"closed","template":"","meta":{"_monsterinsights_skip_tracking":false,"_monsterinsights_sitenote_active":false,"_monsterinsights_sitenote_note":"","_monsterinsights_sitenote_category":0},"product_cat":[15,102],"product_tag":[],"aioseo_notices":[],"_links":{"self":[{"href":"https:\/\/alex-elec.eu\/hu\/wp-json\/wp\/v2\/product\/27876"}],"collection":[{"href":"https:\/\/alex-elec.eu\/hu\/wp-json\/wp\/v2\/product"}],"about":[{"href":"https:\/\/alex-elec.eu\/hu\/wp-json\/wp\/v2\/types\/product"}],"replies":[{"embeddable":true,"href":"https:\/\/alex-elec.eu\/hu\/wp-json\/wp\/v2\/comments?post=27876"}],"wp:featuredmedia":[{"embeddable":true,"href":"https:\/\/alex-elec.eu\/hu\/wp-json\/wp\/v2\/media\/27877"}],"wp:attachment":[{"href":"https:\/\/alex-elec.eu\/hu\/wp-json\/wp\/v2\/media?parent=27876"}],"wp:term":[{"taxonomy":"product_cat","embeddable":true,"href":"https:\/\/alex-elec.eu\/hu\/wp-json\/wp\/v2\/product_cat?post=27876"},{"taxonomy":"product_tag","embeddable":true,"href":"https:\/\/alex-elec.eu\/hu\/wp-json\/wp\/v2\/product_tag?post=27876"}],"curies":[{"name":"wp","href":"https:\/\/api.w.org\/{rel}","templated":true}]}}