{"id":27874,"date":"2023-09-21T10:38:05","date_gmt":"2023-09-21T10:38:05","guid":{"rendered":"https:\/\/alex-elec.eu\/?post_type=product&#038;p=27874"},"modified":"2023-09-21T10:38:06","modified_gmt":"2023-09-21T10:38:06","slug":"container-10%e2%80%b2-high-cube-1er-voyage","status":"publish","type":"product","link":"https:\/\/alex-elec.eu\/hu\/product\/container-10%e2%80%b2-high-cube-1er-voyage\/","title":{"rendered":"Kont\u00e9ner 10\u2032 magas kocka 1. \u00fat"},"content":{"rendered":"<p><strong>Felszerel\u00e9s:<\/strong>\u00a0Tengeri kont\u00e9ner<br \/>\n<strong>Modell:<\/strong>\u00a010\u2032 HC (+30cm)<br \/>\n<strong>\u00c1llam:<\/strong>\u00a01. utaz\u00e1s*<br \/>\n<strong>Az \u00e9v:<\/strong>\u00a0NC<br \/>\n<strong>Hivatkoz\u00e1s:<\/strong>\u00a0DEVCONT10HCPV<br \/>\n<strong>K\u00fcls\u0151 m\u00e9retek:<\/strong>\u00a0L.2.99m x W.2.44m x H.2.89m<br \/>\n<strong>Bels\u0151 m\u00e9retek:<\/strong>\u00a0L.2.82m x W.2.35m x H.2.69m<\/p>\n<p><strong>Fel\u00fclet:<\/strong>\u00a07,5 m2<\/p>\n<p><strong>K\u00f6tet:<\/strong>\u00a018m\u00b3<br \/>\n<strong>Taras\u00faly:<\/strong>\u00a01480 kg<\/p>\n<p><strong>Teherb\u00edr\u00e1s:<\/strong>\u00a03000 kg<\/p>","protected":false},"excerpt":{"rendered":"<p>Mat\u00e9riel:\u00a0Container maritime Mod\u00e8le:\u00a010\u2032 HC (+30cm) Etat:\u00a01er Voyage* Ann\u00e9e:\u00a0NC R\u00e9f\u00e9rence:\u00a0DEVCONT10HCPV Dimensions ext\u00e9rieures:\u00a0L.2.99m x l.2.44m x H.2.89m Dimensions int\u00e9rieures:\u00a0L.2.82m x l.2.35m x H.2.69m Surface:\u00a07,5 m2 Volume:\u00a018m\u00b3 Poids \u00e0 vide:\u00a01480 kg Charge admissible:\u00a03000 kg<\/p>","protected":false},"featured_media":27875,"comment_status":"open","ping_status":"closed","template":"","meta":{"_monsterinsights_skip_tracking":false,"_monsterinsights_sitenote_active":false,"_monsterinsights_sitenote_note":"","_monsterinsights_sitenote_category":0},"product_cat":[15,102],"product_tag":[],"aioseo_notices":[],"_links":{"self":[{"href":"https:\/\/alex-elec.eu\/hu\/wp-json\/wp\/v2\/product\/27874"}],"collection":[{"href":"https:\/\/alex-elec.eu\/hu\/wp-json\/wp\/v2\/product"}],"about":[{"href":"https:\/\/alex-elec.eu\/hu\/wp-json\/wp\/v2\/types\/product"}],"replies":[{"embeddable":true,"href":"https:\/\/alex-elec.eu\/hu\/wp-json\/wp\/v2\/comments?post=27874"}],"wp:featuredmedia":[{"embeddable":true,"href":"https:\/\/alex-elec.eu\/hu\/wp-json\/wp\/v2\/media\/27875"}],"wp:attachment":[{"href":"https:\/\/alex-elec.eu\/hu\/wp-json\/wp\/v2\/media?parent=27874"}],"wp:term":[{"taxonomy":"product_cat","embeddable":true,"href":"https:\/\/alex-elec.eu\/hu\/wp-json\/wp\/v2\/product_cat?post=27874"},{"taxonomy":"product_tag","embeddable":true,"href":"https:\/\/alex-elec.eu\/hu\/wp-json\/wp\/v2\/product_tag?post=27874"}],"curies":[{"name":"wp","href":"https:\/\/api.w.org\/{rel}","templated":true}]}}