{"id":27869,"date":"2023-09-21T10:35:51","date_gmt":"2023-09-21T10:35:51","guid":{"rendered":"https:\/\/alex-elec.eu\/?post_type=product&#038;p=27869"},"modified":"2023-09-21T10:35:51","modified_gmt":"2023-09-21T10:35:51","slug":"container-car-box-20%e2%80%b2","status":"publish","type":"product","link":"https:\/\/alex-elec.eu\/hu\/product\/container-car-box-20%e2%80%b2\/","title":{"rendered":"CAR-BOX 20\u2032 kont\u00e9ner"},"content":{"rendered":"<ul>\n<li>T\u00edpus : Kont\u00e9nerek<\/li>\n<li>M\u00e9ret: 6,05 m\u00e9ter (20\u2032)<\/li>\n<li>A tart\u00e1ly t\u00edpusa : M\u0171hely<\/li>\n<\/ul>\n<p>&nbsp;<\/p>\n<p>Term\u00e9kalap: tengeri kont\u00e9ner \/ t\u00e1rol\u00f3<br \/>\n<strong>Modell:<\/strong>\u00a020\u2032 CAR-BOX<br \/>\n<strong>\u00c1llam:<\/strong>\u00a01. utaz\u00e1s*<br \/>\nK\u00fcls\u0151 m\u00e9retek: hossz\u00fas\u00e1g 6,058 x sz\u00e9less\u00e9g 2,438 x magass\u00e1g 2,591 m.<br \/>\nBels\u0151 m\u00e9retek: Hossz\u00fas\u00e1g 5,900 x sz\u00e9less\u00e9g 2,350 x magass\u00e1g 2,390 m.<br \/>\n<strong>Hivatkoz\u00e1s:\u00a0<\/strong>DEVCARBOX<br \/>\nSaj\u00e1t t\u00f6meg: 2300 kg<br \/>\nT\u00e9rfogat: 33 m3<br \/>\nFel\u00fclet: 14m2<\/p>\n<p>&nbsp;<\/p>\n<p>FELSZEREL\u00c9S \/ L\u00c9TES\u00cdTM\u00c9NYEK<\/p>\n<p>- 3 oldal\u00fa ny\u00edl\u00e1s<br \/>\n- Ny\u00edl\u00e1sok keretez\u00e9se<br \/>\n- 1 ac\u00e9l padl\u00f3burkolat<br \/>\n- A m\u00f3dos\u00edtott elemek fest\u00e9se<br \/>\n- Elektromos el\u0151berendez\u00e9sek (az \u00fcgyf\u00e9l \u00e1ltal csatlakoztatand\u00f3 \u00e9s v\u00e9dend\u0151)<br \/>\n- 7 t\u00f6bbsz\u00edn\u0171 LED-es korl\u00e1t 1 t\u00e1vir\u00e1ny\u00edt\u00f3val<br \/>\n- Fel\u00fcletkezel\u00e9s PLEXIGLASS 8mm-es v\u00e1g\u00e1s<br \/>\n- Fel\u00fcletkezel\u00e9s 3 mm-es alum\u00ednium panelekb\u0151l (az ajt\u00f3k \u00e9s a tet\u0151 kiv\u00e9tel\u00e9vel)<\/p>","protected":false},"excerpt":{"rendered":"<p>Type :\u00a0Containers Dimension :\u00a06.05 m\u00e8tres (20&prime;) Type de container :\u00a0Atelier &nbsp; Base produit:\u00a0Container maritime \/ stockage Mod\u00e8le:\u00a020\u2032 CAR-BOX Etat:\u00a01er Voyage* Dimensions ext\u00e9rieures:\u00a0L.6.058 x l.2.438 x H.2.591 m Dimensions int\u00e9rieures:\u00a0L.5.900 x l.2.350 x H.2.390 m R\u00e9f\u00e9rence:\u00a0DEVCARBOX Poids \u00e0 vide:\u00a02300 kg Volume:\u00a033 m3 Surface:\u00a014m2 &nbsp; EQUIPEMENTS \/ AMENAGEMENTS \u2013 Ouverture 3 faces \u2013 Encadrement des ouvertures \u2013 [&hellip;]<\/p>","protected":false},"featured_media":27870,"comment_status":"open","ping_status":"closed","template":"","meta":{"_monsterinsights_skip_tracking":false,"_monsterinsights_sitenote_active":false,"_monsterinsights_sitenote_note":"","_monsterinsights_sitenote_category":0},"product_cat":[15,102],"product_tag":[],"aioseo_notices":[],"_links":{"self":[{"href":"https:\/\/alex-elec.eu\/hu\/wp-json\/wp\/v2\/product\/27869"}],"collection":[{"href":"https:\/\/alex-elec.eu\/hu\/wp-json\/wp\/v2\/product"}],"about":[{"href":"https:\/\/alex-elec.eu\/hu\/wp-json\/wp\/v2\/types\/product"}],"replies":[{"embeddable":true,"href":"https:\/\/alex-elec.eu\/hu\/wp-json\/wp\/v2\/comments?post=27869"}],"wp:featuredmedia":[{"embeddable":true,"href":"https:\/\/alex-elec.eu\/hu\/wp-json\/wp\/v2\/media\/27870"}],"wp:attachment":[{"href":"https:\/\/alex-elec.eu\/hu\/wp-json\/wp\/v2\/media?parent=27869"}],"wp:term":[{"taxonomy":"product_cat","embeddable":true,"href":"https:\/\/alex-elec.eu\/hu\/wp-json\/wp\/v2\/product_cat?post=27869"},{"taxonomy":"product_tag","embeddable":true,"href":"https:\/\/alex-elec.eu\/hu\/wp-json\/wp\/v2\/product_tag?post=27869"}],"curies":[{"name":"wp","href":"https:\/\/api.w.org\/{rel}","templated":true}]}}