{"id":27864,"date":"2023-09-21T10:33:22","date_gmt":"2023-09-21T10:33:22","guid":{"rendered":"https:\/\/alex-elec.eu\/?post_type=product&#038;p=27864"},"modified":"2023-09-21T10:33:22","modified_gmt":"2023-09-21T10:33:22","slug":"container-maritime-20%e2%80%b2-zen-box","status":"publish","type":"product","link":"https:\/\/alex-elec.eu\/hu\/product\/container-maritime-20%e2%80%b2-zen-box\/","title":{"rendered":"20\u2032 Sz\u00e1ll\u00edt\u00e1si kont\u00e9ner ZEN-BOX"},"content":{"rendered":"<ul>\n<li>T\u00edpus : Kont\u00e9nerek<\/li>\n<li>M\u00e9ret: 6,05 m\u00e9ter (20\u2032)<\/li>\n<li>Type de container :\u00a0Atelier, Boutique<\/li>\n<\/ul>\n<p><strong>Felszerel\u00e9s:\u00a0<\/strong>Tengeri kont\u00e9ner<br \/>\n<strong>Modell:<\/strong>\u00a020\u2032 DRY am\u00e9nag\u00e9<br \/>\n<strong>\u00c1llam:<\/strong>\u00a01. utaz\u00e1s*<br \/>\n<strong>Az \u00e9v:<\/strong>\u00a0NC<br \/>\n<strong>Hivatkoz\u00e1s:<\/strong>\u00a0DEVZB20<br \/>\n<strong>K\u00fcls\u0151 m\u00e9retek:<\/strong>\u00a0L.6.05m x l.2.44m x H.2.59 m<br \/>\n<strong>Bels\u0151 m\u00e9retek:<\/strong>\u00a0L.5.90m x l.2.35m x H.2.39 m<\/p>\n<p><strong>Fel\u00fclet:<\/strong>\u00a014 m\u00b2<\/p>\n<p><strong>K\u00f6tet:<\/strong>\u00a033 m\u00b3<\/p>\n<p><strong>Taras\u00faly:<\/strong>\u00a02650 kg (Am\u00e9nagement compris)<br \/>\n<strong>Teherb\u00edr\u00e1s:\u00a0<\/strong>28,000 kg<\/p>\n<p>&nbsp;<\/p>\n<p><strong>FELSZEREL\u00c9S \/ L\u00c9TES\u00cdTM\u00c9NYEK<\/strong><\/p>\n<p>\u2013 1 Vantail bois coulissant 2700mm x 2200mm<br \/>\n\u2013 Encadrement vantail coulissant<br \/>\n\u2013 1 Menuiserie acier \/ polycarbonate 2600mm x 2100mm<br \/>\n- A m\u00f3dos\u00edtott elemek fest\u00e9se<br \/>\n\u2013 3 Etag\u00e8res sp\u00e9ciales container + plateaux bois<\/p>","protected":false},"excerpt":{"rendered":"<p>Type :\u00a0Containers Dimension :\u00a06.05 m\u00e8tres (20&prime;) Type de container :\u00a0Atelier, Boutique Mat\u00e9riel:\u00a0Container maritime Mod\u00e8le:\u00a020\u2032 DRY am\u00e9nag\u00e9 Etat:\u00a01er Voyage* Ann\u00e9e:\u00a0NC R\u00e9f\u00e9rence:\u00a0DEVZB20 Dimensions ext\u00e9rieures:\u00a0L.6.05m x l.2.44m x H.2.59 m Dimensions int\u00e9rieures:\u00a0L.5.90m x l.2.35m x H.2.39 m Surface:\u00a014 m\u00b2 Volume:\u00a033 m\u00b3 Poids \u00e0 vide:\u00a02650 kg (Am\u00e9nagement compris) Charge admissible:\u00a028000 kg &nbsp; EQUIPEMENTS \/ AMENAGEMENTS \u2013 1 Vantail bois [&hellip;]<\/p>","protected":false},"featured_media":27865,"comment_status":"open","ping_status":"closed","template":"","meta":{"_monsterinsights_skip_tracking":false,"_monsterinsights_sitenote_active":false,"_monsterinsights_sitenote_note":"","_monsterinsights_sitenote_category":0},"product_cat":[15,102],"product_tag":[],"aioseo_notices":[],"_links":{"self":[{"href":"https:\/\/alex-elec.eu\/hu\/wp-json\/wp\/v2\/product\/27864"}],"collection":[{"href":"https:\/\/alex-elec.eu\/hu\/wp-json\/wp\/v2\/product"}],"about":[{"href":"https:\/\/alex-elec.eu\/hu\/wp-json\/wp\/v2\/types\/product"}],"replies":[{"embeddable":true,"href":"https:\/\/alex-elec.eu\/hu\/wp-json\/wp\/v2\/comments?post=27864"}],"wp:featuredmedia":[{"embeddable":true,"href":"https:\/\/alex-elec.eu\/hu\/wp-json\/wp\/v2\/media\/27865"}],"wp:attachment":[{"href":"https:\/\/alex-elec.eu\/hu\/wp-json\/wp\/v2\/media?parent=27864"}],"wp:term":[{"taxonomy":"product_cat","embeddable":true,"href":"https:\/\/alex-elec.eu\/hu\/wp-json\/wp\/v2\/product_cat?post=27864"},{"taxonomy":"product_tag","embeddable":true,"href":"https:\/\/alex-elec.eu\/hu\/wp-json\/wp\/v2\/product_tag?post=27864"}],"curies":[{"name":"wp","href":"https:\/\/api.w.org\/{rel}","templated":true}]}}