{"id":27835,"date":"2023-09-21T08:24:40","date_gmt":"2023-09-21T08:24:40","guid":{"rendered":"https:\/\/alex-elec.eu\/?post_type=product&#038;p=27835"},"modified":"2023-09-21T08:25:13","modified_gmt":"2023-09-21T08:25:13","slug":"wc-chimique-neuf-avec-vanne-de-raccordement-et-lave-mains","status":"publish","type":"product","link":"https:\/\/alex-elec.eu\/hu\/product\/wc-chimique-neuf-avec-vanne-de-raccordement-et-lave-mains\/","title":{"rendered":"\u00daj vegyi WC csatlakoz\u00f3 szeleppel \u00e9s mosd\u00f3kagyl\u00f3val"},"content":{"rendered":"<p>Notre WC chimique neuf dispose d\u2019un<strong>\u00a0WC, d\u2019un lave-mains et est raccordable<\/strong>\u00a0via sa vanne de vidange.<\/p>\n<p>&nbsp;<\/p>\n<div>\n<div>Le\u00edr\u00e1s<\/div>\n<div>\n<div>\n<p>WC Chimique Neuf avec vanne de raccordement et lave-mains<\/p>\n<p>Nos WC chimiques sont fabriqu\u00e9s d&rsquo;un seul bloc en poly\u00e9thyl\u00e8ne (stabilis\u00e9 aux UV et recyclable \u00e0 100%), sans joints ni soudures. Ils sont con\u00e7us pour \u00eatre\u00a0<strong>extr\u00eamement r\u00e9sistants aux chocs et aux intemp\u00e9ries<\/strong>.<\/p>\n<p>Ils sont compos\u00e9s d&rsquo;un r\u00e9servoir d\u2019eau propre inclus dans le soubassement, qui permet de stabiliser le WC une fois rempli. Le syst\u00e8me de nettoyage, activ\u00e9 par une pompe \u00e0 pied, puise dans le r\u00e9servoir d\u2019eau propre afin de nettoyer la cuvette.<\/p>\n<p>Le bac d&rsquo;eau us\u00e9e est situ\u00e9 sous la cuvette, il peut \u00eatre vidang\u00e9 \u00e0 l&rsquo;aide d&rsquo;une pompe ou par la vanne qui se trouve \u00e0 l&rsquo;arri\u00e8re du WC. La vanne permet \u00e9galement le raccordement au r\u00e9seau ou \u00e0 une fosse septique.<\/p>\n<p>Le lave-mains dispose de sa propre r\u00e9serve d&rsquo;eau propre et est actionn\u00e9 par une pompe \u00e0 pied. Une pipe d&rsquo;a\u00e9ration en poly\u00e9thyl\u00e8ne permet de ventiler le bac d&rsquo;eau us\u00e9e jusqu&rsquo;\u00e0 l&rsquo;ext\u00e9rieur. La cuvette est tr\u00e8s facile \u00e0 nettoyer et est r\u00e9sistante aux rayures.<\/p>\n<p>La porte est en double parois, ses charni\u00e8res sont en acier inoxydable. La poign\u00e9e comprend un verrou \u00ab\u00a0libre\/occup\u00e9\u00a0\u00bb.<\/p>\n<p>A l&rsquo;arri\u00e8re du WC se trouve une\u00a0<strong>grille d&rsquo;a\u00e9ration<\/strong>\u00a0ainsi qu&rsquo;une\u00a0<strong>poign\u00e9e de transport.<\/strong><\/p>\n<p>Les cabines de nos WC chimiques sont \u00e9quip\u00e9es d\u2019un\u00a0<strong>lave-mains<\/strong>, d&rsquo;un\u00a0<strong>miroir,<\/strong>\u00a0d&rsquo;un\u00a0<strong>petit porte manteau<\/strong>\u00a0et de\u00a0<strong>deux porte-rouleaux.<\/strong><\/p>\n<p>Pour un d\u00e9placement facilit\u00e9, le soubassement comprend un<strong>\u00a0a vill\u00e1k \u00e1thalad\u00e1sa<\/strong>. La toiture est \u00e9quip\u00e9e d&rsquo;anneaux, permettant le levage du sanitaire par des \u00e9lingues.<\/p>\n<p>Sz\u00e1ll\u00edt\u00e1si id\u0151k<\/p>\n<p><strong>Ce module est propos\u00e9 avec un d\u00e9lai de livraison de 3 semaines maximum \u00e0 date de commande*.<\/strong><\/p>\n<p>Une fois command\u00e9, le d\u00e9lai de 3 semaines correspond au montage de votre module, puis \u00e0 l&rsquo;organisation du transport et la livraison.<\/p>\n<p>*Ez az id\u0151tartamt\u00f3l f\u00fcgg\u0151en v\u00e1ltozhat, de mindig felt\u00fcntetj\u00fck az \u00e1raj\u00e1nlaton, amelyet \u00d6n kap az elk\u00f6telezett csapatunkt\u00f3l.<\/p>\n<p>Sz\u00e1ll\u00edt\u00e1si felt\u00e9telek<\/p>\n<p><strong>Le WC chimique est livr\u00e9 mont\u00e9 et \u00e9quip\u00e9<\/strong>, pr\u00eat \u00e0 \u00eatre utilis\u00e9.<\/p>\n<p>Az \u00e1r gy\u00e1rilag \u00e9rtend\u0151: a sz\u00e1ll\u00edt\u00e1si k\u00f6lts\u00e9g plusz k\u00f6lts\u00e9g (k\u00e9rjen \u00e1raj\u00e1nlatot).<\/p>\n<p>Pour le transport, nous vous proposerons deux solutions:<\/p>\n<ul>\n<li>Sz\u00e1ll\u00edt\u00e1s teheraut\u00f3daruval lehets\u00e9ges, a helysz\u00ednen t\u00f6rt\u00e9n\u0151 kirakod\u00e1ssal.<\/li>\n<li>Lapos plat\u00f3s teheraut\u00f3n, kirakod\u00e1s n\u00e9lk\u00fcl sz\u00e1ll\u00edthat\u00f3.<\/li>\n<\/ul>\n<p><strong>Le lieu de livraison doit \u00eatre accessible en semi remorque.<\/strong>\u00a0Nous proposons aussi une solution de livraison en camion porteur \u00e9quip\u00e9 d&rsquo;une grue plus puissante pour les acc\u00e8s difficiles.<\/p>\n<p>M\u0171szaki specifik\u00e1ci\u00f3k<\/p>\n<p>M\u00c9RETEK<\/p>\n<ul>\n<li>Hauteur : 246 cm<\/li>\n<li>Largeur : 109 cm<\/li>\n<li>Profondeur : 112 cm<\/li>\n<li>Plancher : 51 x 101 cm<\/li>\n<li>Ouverture porte : 61 x 194 cm<\/li>\n<li>Hauteur cuvette : 51 cm<\/li>\n<\/ul>\n<p>\u00c9VACUATION<\/p>\n<ul>\n<li>R\u00e9servoir eaux claires : Bouchon de vidange et de remplissage sur le devant<\/li>\n<li>R\u00e9servoir eaux us\u00e9es : Vanne de vidange ou de raccordement au r\u00e9seau<\/li>\n<\/ul>\n<p>CAPACIT\u00c9S<\/p>\n<ul>\n<li>Volume r\u00e9servoir eaux claires : 100 L<\/li>\n<li>Volume r\u00e9servoir eaux us\u00e9es : 150 L<\/li>\n<li>Nombre d&rsquo;utilisations avant vidange : environ 200<\/li>\n<\/ul>\n<p>\u00c9QUIPEMENTS<\/p>\n<ul>\n<li>Pompe \u00e0 pied que l&rsquo;on actionne apr\u00e8s chaque utilisation, qui puise l&rsquo;eau et le produit dans le r\u00e9servoir propre, afin de nettoyer la cuvette<\/li>\n<li>Porte-manteau<\/li>\n<li>Miroir<\/li>\n<li>2 porte-rouleaux<\/li>\n<li>Poign\u00e9e \u00ab\u00a0libre\/occup\u00e9\u00a0\u00bb<\/li>\n<li>Plaque pour cadenas<\/li>\n<li>Grilles de ventilation \u00e0 l&rsquo;arri\u00e8re<\/li>\n<li>R\u00e9servoir eaux us\u00e9es<\/li>\n<li>Pipe d&rsquo;\u00e9vacuation des odeurs<\/li>\n<\/ul>\n<p>D\u00c9PLACEMENT<\/p>\n<ul>\n<li>Passage pour fourches sous le soubassement<\/li>\n<li>2 anneaux pour prise avec crochets<\/li>\n<li>Poids : 93 Kg<\/li>\n<\/ul>\n<\/div>\n<\/div>\n<\/div>","protected":false},"excerpt":{"rendered":"<p>Notre WC chimique neuf dispose d\u2019un\u00a0WC, d\u2019un lave-mains et est raccordable\u00a0via sa vanne de vidange. &nbsp; Description WC Chimique Neuf avec vanne de raccordement et lave-mains Nos WC chimiques sont fabriqu\u00e9s d&rsquo;un seul bloc en poly\u00e9thyl\u00e8ne (stabilis\u00e9 aux UV et recyclable \u00e0 100%), sans joints ni soudures. Ils sont con\u00e7us pour \u00eatre\u00a0extr\u00eamement r\u00e9sistants aux chocs [&hellip;]<\/p>","protected":false},"featured_media":27836,"comment_status":"open","ping_status":"closed","template":"","meta":{"_monsterinsights_skip_tracking":false,"_monsterinsights_sitenote_active":false,"_monsterinsights_sitenote_note":"","_monsterinsights_sitenote_category":0},"product_cat":[15,103],"product_tag":[],"aioseo_notices":[],"_links":{"self":[{"href":"https:\/\/alex-elec.eu\/hu\/wp-json\/wp\/v2\/product\/27835"}],"collection":[{"href":"https:\/\/alex-elec.eu\/hu\/wp-json\/wp\/v2\/product"}],"about":[{"href":"https:\/\/alex-elec.eu\/hu\/wp-json\/wp\/v2\/types\/product"}],"replies":[{"embeddable":true,"href":"https:\/\/alex-elec.eu\/hu\/wp-json\/wp\/v2\/comments?post=27835"}],"wp:featuredmedia":[{"embeddable":true,"href":"https:\/\/alex-elec.eu\/hu\/wp-json\/wp\/v2\/media\/27836"}],"wp:attachment":[{"href":"https:\/\/alex-elec.eu\/hu\/wp-json\/wp\/v2\/media?parent=27835"}],"wp:term":[{"taxonomy":"product_cat","embeddable":true,"href":"https:\/\/alex-elec.eu\/hu\/wp-json\/wp\/v2\/product_cat?post=27835"},{"taxonomy":"product_tag","embeddable":true,"href":"https:\/\/alex-elec.eu\/hu\/wp-json\/wp\/v2\/product_tag?post=27835"}],"curies":[{"name":"wp","href":"https:\/\/api.w.org\/{rel}","templated":true}]}}