{"id":27822,"date":"2023-09-21T08:17:00","date_gmt":"2023-09-21T08:17:00","guid":{"rendered":"https:\/\/alex-elec.eu\/?post_type=product&#038;p=27822"},"modified":"2023-09-21T08:17:00","modified_gmt":"2023-09-21T08:17:00","slug":"bloc-sanitaire-sd1-neuf-avec-wc-douche-et-lave-mains","status":"publish","type":"product","link":"https:\/\/alex-elec.eu\/hu\/product\/bloc-sanitaire-sd1-neuf-avec-wc-douche-et-lave-mains\/","title":{"rendered":"\u00daj SD1 szaniterblokk WC-vel, zuhanyz\u00f3val \u00e9s mosd\u00f3kagyl\u00f3val"},"content":{"rendered":"<p>Le\u00a0<strong>SD1 szaniter egys\u00e9g standard sorozat<\/strong>\u00a0egy szaniter modul WC-vel, mosd\u00f3val \u00e9s zuhanykabinnal.<\/p>\n<p>&nbsp;<\/p>\n<div>\n<div>Le\u00edr\u00e1s<\/div>\n<div>\n<div>\n<p>SD1 Standard szaniter egys\u00e9g \u00daj<\/p>\n<p>Szaniteregys\u00e9geink megfelelnek az \u00e9p\u00edtkez\u00e9seken, rakt\u00e1rakban, \u00e9ttermekben, kempingekben vagy k\u00f6zter\u00fcleteken sz\u00fcks\u00e9ges higi\u00e9niai l\u00e9tes\u00edtm\u00e9nyeknek. Minden olyan t\u00edpus\u00fa szervezet sz\u00e1m\u00e1ra k\u00e9sz\u00fcltek, amelyeknek gyorsan kell szanitereket telep\u00edteni\u00fck a telephely\u00fck\u00f6n: \u00f6nkorm\u00e1nyzatok, v\u00e1llalatok, egyes\u00fcletek. A modul\u00e1ris szaniterek nagyon gyorsan, a hagyom\u00e1nyos \u00e9p\u00edt\u00e9si megold\u00e1ssal \u00f6sszehasonl\u00edtva nagyon versenyk\u00e9pes \u00e1ron telep\u00edthet\u0151k.<\/p>\n<p>Az SD1 szaniteregys\u00e9g\u00fcnk egy szaniter modul k\u00e9t ajt\u00f3val, amelyek k\u00f6z\u00fcl az egyik a m\u00e1sikra ny\u00edlik.\u00a0<strong>WC mosd\u00f3kagyl\u00f3val<\/strong>a m\u00e1sik kil\u00e1t\u00e1s\u00a0<strong>zuhanyz\u00f3<\/strong>N\u00e9gy l\u00e1bbal van felszerelve az alj\u00e1n. N\u00e9gy 16 cm-es l\u00e1bbal rendelkezik az alapon.<\/p>\n<p><strong>A modul sz\u00e1ll\u00edt\u00e1si ideje a megrendel\u00e9st\u0151l sz\u00e1m\u00edtott legfeljebb 3 h\u00e9t.<\/strong>mert k\u00e9szleten tartj\u00e1k<strong>.<\/strong>\u00a0Ez a modul nem m\u00f3dos\u00edthat\u00f3, de k\u00e9t WC-vel is rendelhet\u0151: SS1 szaniteregys\u00e9g.<\/p>\n<p>Standard sorozatunk megfelel az els\u0151 szint\u0171 kivitelez\u00e9snek: standard szerkezet \u00e9s standard szigetel\u00e9s.<\/p>\n<p>Ha sz\u00fcks\u00e9ges, ez a modul el\u0151\u00e1ll\u00edthat\u00f3 a \"\u00a0<strong>Meger\u0151s\u00edtett<\/strong>\u00a0\"vagy\u00a0<strong>Isoplus<\/strong>\" . Ebben az esetben a h\u0151- \u00e9s hangszigetel\u00e9s hat\u00e9konyabb lesz, de a sz\u00e1ll\u00edt\u00e1si id\u0151 hosszabb lesz.<\/p>\n<p><strong>Mosd\u00f3szob\u00e1inkat Franciaorsz\u00e1gban szerelik \u00f6ssze.<\/strong><\/p>\n<p>Az \u00faj SD1 \"Standard\" sorozat\u00fa szaniter egys\u00e9g le\u00edr\u00e1sa<\/p>\n<p>Az SD1 Standard szaniteregys\u00e9g horganyzott ac\u00e9lv\u00e1zzal rendelkezik, RAL 9002 vil\u00e1gossz\u00fcrke sz\u00ednben lakkozva.<\/p>\n<p>A tet\u0151profil RAL 9002 vil\u00e1gossz\u00fcrke, horganyzott ac\u00e9lb\u00f3l k\u00e9sz\u00fclt,\u00a0<strong>vastags\u00e1g 1,5 mm - magass\u00e1g 154 mm<\/strong>4 daruval t\u00f6rt\u00e9n\u0151 mozgat\u00e1shoz 4 daruponttal.<\/p>\n<p>Az alapprofilok horganyzott ac\u00e9lb\u00f3l k\u00e9sz\u00fclnek, RAL 9002 vil\u00e1gossz\u00fcrke sz\u00ednben lakkozva,\u00a0<strong>vastags\u00e1g 1,5 mm - magass\u00e1g 80 mm<\/strong>4 db 16 cm-es l\u00e1bakkal az alj\u00e1n.<\/p>\n<p>A tet\u0151 merev poliuret\u00e1n habszivacs szendvicspanelekb\u0151l k\u00e9sz\u00fclt.<strong>30 mm vastag,\u00a0<\/strong>Euroclass Cs3d0. A tet\u0151fed\u00e9s hull\u00e1mos horganyzott ac\u00e9lb\u00f3l k\u00e9sz\u00fclt, a h\u00e1ts\u00f3 oldalon es\u0151v\u00edzelvezet\u00e9ssel.<\/p>\n<p>A falak \u00e9s a v\u00e1laszfalak merev poliuret\u00e1nhab szendvicspanelekb\u0151l k\u00e9sz\u00fclnek,<strong>\u00a040 mm vastag\u00a0<\/strong>(vil\u00e1gossz\u00fcrke RAL 9002), Euroclass Cs3d0.<\/p>\n<p>A padl\u00f3 v\u00edzleperget\u0151 forg\u00e1cslapokb\u00f3l k\u00e9sz\u00fclt.\u00a0<strong>18 mm vastag<\/strong>PVC bevonattal.<\/p>\n<p>Feh\u00e9r RAL 9010 lakkozott alum\u00ednium asztalosmunk\u00e1k<\/p>\n<p>A standard SD1 szaniteregys\u00e9g k\u00e9t 78 x 220 cm-es t\u00f6m\u00f6r ajt\u00f3val (64 cm-es \u00e1tj\u00e1r\u00f3) \u00e9s k\u00e9t 58 x 58 cm-es, egyr\u00e9teg\u0171 \u00fcvegez\u00e9s\u0171 tet\u0151ablakkal van felszerelve.<\/p>\n<p>Csatlakoztathat\u00f3 szaniter berendez\u00e9sek<\/p>\n<p>A WC ker\u00e1mia \u00f6bl\u00edt\u00e9ses WC-vel rendelkezik, PVC tart\u00e1ly, WC-pap\u00edrtart\u00f3 \u00e9s 46 cm-es PVC mosd\u00f3kagyl\u00f3 hideg\/melegv\u00edzcsappal \u00e9s t\u00fck\u00f6rrel.<\/p>\n<p>A zuhanyz\u00f3ban 90 x 70 cm-es ker\u00e1mia zuhanyz\u00f3 van zuhanyfejjel, kever\u0151csappal, szappantart\u00f3val \u00e9s PVC f\u00fcgg\u00f6nnyel.<\/p>\n<p>A v\u00edzbevezet\u00e9s a falban van (A), a lefoly\u00f3k pedig a padl\u00f3 alatt, egyetlen lefoly\u00f3ba (E) csatlakoztatva.<\/p>\n<p>220 V-os elektromos telep\u00edt\u00e9s<\/p>\n<p>Az SD1 szaniteregys\u00e9g tartalmaz egy kapcsol\u00f3t, egy LED-es mennyezeti l\u00e1mp\u00e1t, egy 50 literes v\u00edzmeleg\u00edt\u0151t, egy elektromos panelt, amely interferenci\u00e1lis \u00e9s megszak\u00edt\u00f3kkal (maximum 6 KW) \u00e9s egy k\u00fcls\u0151 csatlakoz\u00f3dobozzal rendelkezik.<\/p>\n<p>M\u0171szaki specifik\u00e1ci\u00f3k<\/p>\n<p>M\u00c9RETEK<\/p>\n<ul>\n<li>K\u00fcls\u0151 magass\u00e1g: 256 cm<\/li>\n<li>Bels\u0151 magass\u00e1g: 220 cm<\/li>\n<li>Sz\u00e9less\u00e9g: 242 cm<\/li>\n<li>M\u00e9lys\u00e9g: 118 cm<\/li>\n<\/ul>\n<p>KERET<\/p>\n<ul>\n<li>Anyag: horganyzott \u00e9s lakkozott ac\u00e9l<\/li>\n<li>Sz\u00edn: Vil\u00e1gossz\u00fcrke RAL 9002<\/li>\n<li>Vastags\u00e1g: 1,5 mm<\/li>\n<li>Alap: magass\u00e1g 80 mm<\/li>\n<li>Tet\u0151: 154 mm magas<\/li>\n<li>Kezel\u00e9s: 4 aljzat a tet\u0151n az emel\u0151horgok sz\u00e1m\u00e1ra. Az al\u00e9p\u00edtm\u00e9nyt megemel\u0151 4 l\u00e1bnak k\u00f6sz\u00f6nhet\u0151en targonca is haszn\u00e1lhat\u00f3, \u00fcgyelve a cs\u0151vezet\u00e9kekre (a vill\u00e1k k\u00f6z\u00f6tti t\u00e1vols\u00e1g be\u00e1ll\u00edt\u00e1s\u00e1val).<\/li>\n<\/ul>\n<p>SZERKEZETI<\/p>\n<ul>\n<li>Anyag: feh\u00e9rre lakkozott alum\u00ednium RAL 9010<\/li>\n<li>Ajt\u00f3(k): 2 t\u00f6m\u00f6r ajt\u00f3, m\u00e9ret: 78 x 220 cm (64 cm \u00e1tj\u00e1r\u00f3)<\/li>\n<li>Ablak(ok): 2 db 58 x 58 cm m\u00e9ret\u0171 vasista ablak, az ajt\u00f3kon egyr\u00e9teg\u0171 \u00fcvegez\u00e9ssel.<\/li>\n<\/ul>\n<p>FALAK, V\u00c1LASZFALAK \u00c9S TET\u0150<\/p>\n<ul>\n<li>Anyag: szendvicspanelek<\/li>\n<li>Szigetel\u00e9s: Merev poliuret\u00e1nhab<\/li>\n<li>Fal \u00e9s v\u00e1laszfal vastags\u00e1ga: 40 mm<\/li>\n<li>Tet\u0151 vastags\u00e1ga: 30 mm<\/li>\n<li>Tet\u0151: horganyzott ac\u00e9llemez g\u00f6r\u00f6g hull\u00e1mok<\/li>\n<li>Falsz\u00edn: Vil\u00e1gossz\u00fcrke RAL 9002<\/li>\n<\/ul>\n<p>PADL\u00d3<\/p>\n<ul>\n<li>Szerkezet: v\u00edzleperget\u0151 forg\u00e1cslap<\/li>\n<li>Vastags\u00e1g: 18 mm<\/li>\n<li>Burkolat : PVC<\/li>\n<\/ul>\n<p>SZANITER BERENDEZ\u00c9S<\/p>\n<ul>\n<li>1 PVC mosd\u00f3kagyl\u00f3 46 cm, hideg\/melegv\u00edzcsappal \u00e9s t\u00fck\u00f6rrel<\/li>\n<li>1 WC ker\u00e1mia \u00f6bl\u00edt\u00e9ses, PVC tart\u00e1ly \u00e9s WC-pap\u00edr tart\u00f3val<\/li>\n<li>1 x 90 x 70 cm-es ker\u00e1mia zuhanyz\u00f3 zuhanyr\u00f3zs\u00e1val, kever\u0151csappal, szappantart\u00f3val \u00e9s PVC f\u00fcgg\u00f6nnyel.<\/li>\n<li>Falra szerelt v\u00edzbevezet\u00e9s (A) \u00e9s padl\u00f3 alatti lefoly\u00f3k egyetlen kivezet\u00e9sbe (E) csatlakoztatva.<\/li>\n<\/ul>\n<p>ELEKTROMOSZOLG\u00c1LTAT\u00c1S<\/p>\n<ul>\n<li>Vil\u00e1g\u00edt\u00e1s: 1 kapcsol\u00f3 + 1 7,5 w-os LED mennyezeti l\u00e1mpa<\/li>\n<li>Melegv\u00edz: 1 x 50 literes v\u00edzmeleg\u00edt\u0151<\/li>\n<li>Panel: 1 elektromos panel, bele\u00e9rtve az inter-differenci\u00e1lis \u00e9s megszak\u00edt\u00f3kkal egy\u00fctt<\/li>\n<li>Csatlakoz\u00e1s: 1 k\u00fcls\u0151 csatlakoz\u00f3doboz<\/li>\n<\/ul>\n<p>Lehets\u00e9ges lehet\u0151s\u00e9gek<\/p>\n<ul>\n<li>Elektromos f\u0171t\u0151ventil\u00e1tor<\/li>\n<li>Dupla \u00fcvegez\u00e9s<\/li>\n<li>4 es\u0151v\u00edz lefoly\u00f3cs\u0151<\/li>\n<li>Nagy teherb\u00edr\u00e1s\u00fa PVC padl\u00f3burkolat a hagyom\u00e1nyos, PVC-ut\u00e1nzat\u00fa parketta vagy csemp\u00e9zett padl\u00f3 helyett.<\/li>\n<li>Sima panelek, \u00e9lelmiszerpanelek, t\u0171z\u00e1ll\u00f3 panelek vagy k\u0151zetgyapot panelek<\/li>\n<li>Aljzatok<\/li>\n<li>Aljzatok<\/li>\n<li>90m3\/h l\u00e9gelsz\u00edv\u00f3 kapcsol\u00f3val<\/li>\n<li>16 mm vastag fa-cement lapokb\u00f3l k\u00e9sz\u00fclt padl\u00f3burkolat<\/li>\n<li>Meger\u0151s\u00edtett al\u00e9p\u00edtm\u00e9ny (magass\u00e1g 160 mm) villanyszerelv\u00e9nnyel (k\u00f6z\u00e9pen-k\u00f6z\u00e9pen 90 cm) a targonca mozgat\u00e1s\u00e1hoz a cs\u0151vezet\u00e9kek vesz\u00e9lyeztet\u00e9se n\u00e9lk\u00fcl.<\/li>\n<li>Talpazat cs\u00fasz\u00e1sg\u00e1tl\u00f3kon (2 x 16 cm-es IPE gerend\u00e1k)<\/li>\n<\/ul>\n<\/div>\n<\/div>\n<\/div>","protected":false},"excerpt":{"rendered":"<p>Le\u00a0bloc sanitaire SD1 s\u00e9rie standard\u00a0est un module sanitaire qui dispose d\u2019un WC avec lave-mains et d\u2019une cabine de douche. &nbsp; Description Bloc Sanitaire SD1 Standard Neuf Nos blocs sanitaires permettent de r\u00e9pondre aux besoins de mise en place de sanitaires sur les chantiers, dans les entrep\u00f4ts, dans les restaurants, dans les campings ou dans les [&hellip;]<\/p>","protected":false},"featured_media":27823,"comment_status":"open","ping_status":"closed","template":"","meta":{"_monsterinsights_skip_tracking":false,"_monsterinsights_sitenote_active":false,"_monsterinsights_sitenote_note":"","_monsterinsights_sitenote_category":0},"product_cat":[15,103],"product_tag":[],"aioseo_notices":[],"_links":{"self":[{"href":"https:\/\/alex-elec.eu\/hu\/wp-json\/wp\/v2\/product\/27822"}],"collection":[{"href":"https:\/\/alex-elec.eu\/hu\/wp-json\/wp\/v2\/product"}],"about":[{"href":"https:\/\/alex-elec.eu\/hu\/wp-json\/wp\/v2\/types\/product"}],"replies":[{"embeddable":true,"href":"https:\/\/alex-elec.eu\/hu\/wp-json\/wp\/v2\/comments?post=27822"}],"wp:featuredmedia":[{"embeddable":true,"href":"https:\/\/alex-elec.eu\/hu\/wp-json\/wp\/v2\/media\/27823"}],"wp:attachment":[{"href":"https:\/\/alex-elec.eu\/hu\/wp-json\/wp\/v2\/media?parent=27822"}],"wp:term":[{"taxonomy":"product_cat","embeddable":true,"href":"https:\/\/alex-elec.eu\/hu\/wp-json\/wp\/v2\/product_cat?post=27822"},{"taxonomy":"product_tag","embeddable":true,"href":"https:\/\/alex-elec.eu\/hu\/wp-json\/wp\/v2\/product_tag?post=27822"}],"curies":[{"name":"wp","href":"https:\/\/api.w.org\/{rel}","templated":true}]}}