{"id":27779,"date":"2023-09-21T07:58:01","date_gmt":"2023-09-21T07:58:01","guid":{"rendered":"https:\/\/alex-elec.eu\/?post_type=product&#038;p=27779"},"modified":"2023-09-21T07:58:01","modified_gmt":"2023-09-21T07:58:01","slug":"sanitaire-wc-wc-lavabos-8%e2%80%b2","status":"publish","type":"product","link":"https:\/\/alex-elec.eu\/hu\/product\/sanitaire-wc-wc-lavabos-8%e2%80%b2\/","title":{"rendered":"Szaniterek (WC \/ WC \/ mosd\u00f3kagyl\u00f3) 8\u2032"},"content":{"rendered":"<ul>\n<li>Type :\u00a0B\u00e2timents modulaires<\/li>\n<li>Etat :\u00a0Neuf<\/li>\n<li>Type de b\u00e2timent modulaire :\u00a0Sanitaire<\/li>\n<\/ul>\n<p>&nbsp;<\/p>\n<p><strong>Felszerel\u00e9s:<\/strong>\u00a0BatiModule<br \/>\n<strong>Modell:<\/strong>\u00a08\u2032 ft<br \/>\n<strong>V\u00e1ltozat:<\/strong>\u00a0B\u00e2timent modulaire Sanitaire (WC-WC-LAVABOS)<br \/>\n<strong>Az \u00e9v:<\/strong>\u00a0Neuf<br \/>\n<strong>K\u00fcls\u0151 m\u00e9retek:<\/strong>\u00a02.40m X 1.40m X 2.54m<br \/>\n<strong>S\u00faly:<\/strong>\u00a0570 kg<br \/>\n<strong>K\u00f6tet:<\/strong>\u00a08 m3<br \/>\n<strong>Fel\u00fclet:<\/strong>\u00a03 m2<\/p>\n<p>&nbsp;<\/p>\n<p>WC \/ WC \/ LAVABOS<br \/>\nL : 2400 mm, l: 1400 mm<br \/>\nHauteur ext\u00e9rieure: 2540 mm<br \/>\nHauteur int\u00e9rieure: 2200 mm<br \/>\nPoids: 570 Kg<br \/>\nColoris ext\u00e9rieur: gris clair RAL7035<br \/>\nColoris int\u00e9rieur: blanc<br \/>\npanneaux sandwich 45 mm<br \/>\n2 WC \u00e0 l\u2019anglaise complet avec chasse d\u2019eau<br \/>\n1 chauffe-eau<br \/>\n2 lavabos avec miroirs en t\u00f4le polie<br \/>\n2 portes avec vitrage<br \/>\ngrilles de ventilation dans la cloison<br \/>\nPlancher:<br \/>\n\u2013 Agglom\u00e9r\u00e9: 20mm<br \/>\n\u2013 Rev\u00eatement aluminium stri\u00e9: 3mm<br \/>\nPassages de fourches 260\u00d780 mm \/ \u00e9cartement 950mm<br \/>\nCadre en acier profil\u00e9 avec 4 crochets de manipulation.<br \/>\nInstallation \u00e9lectrique \u00e9tanche int\u00e9gr\u00e9e aux panneaux<br \/>\nd\u2019habillage int\u00e9rieur.<\/p>","protected":false},"excerpt":{"rendered":"<p>Type :\u00a0B\u00e2timents modulaires Etat :\u00a0Neuf Type de b\u00e2timent modulaire :\u00a0Sanitaire &nbsp; Mat\u00e9riel:\u00a0BatiModule Mod\u00e8le:\u00a08\u2032 ft Version:\u00a0B\u00e2timent modulaire Sanitaire (WC-WC-LAVABOS) Ann\u00e9e:\u00a0Neuf Dimensions ext\u00e9rieures:\u00a02.40m X 1.40m X 2.54m Poids:\u00a0570 kg Volume:\u00a08 m3 Surface:\u00a03 m2 &nbsp; WC \/ WC \/ LAVABOS L : 2400 mm, l: 1400 mm Hauteur ext\u00e9rieure: 2540 mm Hauteur int\u00e9rieure: 2200 mm Poids: 570 Kg [&hellip;]<\/p>","protected":false},"featured_media":27780,"comment_status":"open","ping_status":"closed","template":"","meta":{"_monsterinsights_skip_tracking":false,"_monsterinsights_sitenote_active":false,"_monsterinsights_sitenote_note":"","_monsterinsights_sitenote_category":0},"product_cat":[15,103],"product_tag":[],"aioseo_notices":[],"_links":{"self":[{"href":"https:\/\/alex-elec.eu\/hu\/wp-json\/wp\/v2\/product\/27779"}],"collection":[{"href":"https:\/\/alex-elec.eu\/hu\/wp-json\/wp\/v2\/product"}],"about":[{"href":"https:\/\/alex-elec.eu\/hu\/wp-json\/wp\/v2\/types\/product"}],"replies":[{"embeddable":true,"href":"https:\/\/alex-elec.eu\/hu\/wp-json\/wp\/v2\/comments?post=27779"}],"wp:featuredmedia":[{"embeddable":true,"href":"https:\/\/alex-elec.eu\/hu\/wp-json\/wp\/v2\/media\/27780"}],"wp:attachment":[{"href":"https:\/\/alex-elec.eu\/hu\/wp-json\/wp\/v2\/media?parent=27779"}],"wp:term":[{"taxonomy":"product_cat","embeddable":true,"href":"https:\/\/alex-elec.eu\/hu\/wp-json\/wp\/v2\/product_cat?post=27779"},{"taxonomy":"product_tag","embeddable":true,"href":"https:\/\/alex-elec.eu\/hu\/wp-json\/wp\/v2\/product_tag?post=27779"}],"curies":[{"name":"wp","href":"https:\/\/api.w.org\/{rel}","templated":true}]}}