{"id":27776,"date":"2023-09-21T07:46:55","date_gmt":"2023-09-21T07:46:55","guid":{"rendered":"https:\/\/alex-elec.eu\/?post_type=product&#038;p=27776"},"modified":"2023-09-21T07:46:55","modified_gmt":"2023-09-21T07:46:55","slug":"container-bar-pliable-4-x-2-metres-vert-ral-6005","status":"publish","type":"product","link":"https:\/\/alex-elec.eu\/hu\/product\/container-bar-pliable-4-x-2-metres-vert-ral-6005\/","title":{"rendered":"\u00d6sszecsukhat\u00f3 r\u00fadtart\u00e1ly 4 \u00d7 2 m\u00e9ter Z\u00f6ld RAL 6005"},"content":{"rendered":"<p>Sz\u00e9tszerelhet\u0151, saj\u00e1t \u00e9p\u00edt\u00e9s\u0171 kont\u00e9ner r\u00fad<br \/>\nK\u00fcls\u0151 m\u00e9retek (HxSxM): 3880 x 2142 x 2088 mm<br \/>\nBels\u0151 m\u00e9retek (HxSxM): 3802 x 2062 x 1950 mm<br \/>\nAjt\u00f3 m\u00e9retei: (sz\u00e9less\u00e9g x magass\u00e1g): 1750 x 1850 mm<br \/>\nMinden RAL sz\u00ednben kaphat\u00f3<br \/>\nA kont\u00e9ner tetej\u00e9t mindk\u00e9t oldalon k\u00e9t hengerz\u00e1r biztos\u00edtja.<br \/>\nTeljesen \u00f6nhord\u00f3 szerkezet, bele\u00e9rtve a padl\u00f3t is<\/p>\n<p>&nbsp;<\/p>\n<p>A kont\u00e9ner b\u00e1r t\u00f6bbf\u00e9le c\u00e9lra haszn\u00e1lhat\u00f3 szervizpontk\u00e9nt.<\/p>\n<p>A kont\u00e9ner b\u00e1r egy \u00faj, innovat\u00edv kialak\u00edt\u00e1s\u00fa term\u00e9k, amely eleg\u00e1ns megjelen\u00e9st k\u00f6lcs\u00f6n\u00f6z otthon\u00e1nak vagy irod\u00e1j\u00e1nak, amelyet az \u00d6n ig\u00e9nyei szerint szem\u00e9lyre szabhat \u00e9s \u00edzl\u00e9s\u00e9hez igaz\u00edthat. Ez az el\u0151regy\u00e1rtott modul nem csak egyszeri haszn\u00e1latra k\u00e9sz\u00fclt, hanem b\u00e1rk\u00e9nt, k\u00e1v\u00e9z\u00f3k\u00e9nt, \u00e9tteremk\u00e9nt \u00e9s m\u00e1sk\u00e9nt is haszn\u00e1lhat\u00f3. A b\u00e1rkont\u00e9nerrel az a kiv\u00e1lts\u00e1ga, hogy b\u00e1rhov\u00e1 elsz\u00e1ll\u00edthatja helyis\u00e9g\u00e9t vagy v\u00e1llalkoz\u00e1s\u00e1t, ahov\u00e1 csak akarja. Ennek a kont\u00e9nernek nagy el\u0151nye, hogy nem kell \u00e1lland\u00f3 l\u00e9tes\u00edtm\u00e9nyt vagy helyis\u00e9get haszn\u00e1lnia. Ez az el\u0151regy\u00e1rtott modul k\u00f6nnyen sz\u00e1ll\u00edthat\u00f3, \u00e9s mindenekel\u0151tt sz\u00e1mos el\u0151nnyel j\u00e1r, \u00e9s m\u00e9g t\u00f6bb el\u0151nyben r\u00e9szes\u00fcl.<\/p>\n<p><em>\"Garant\u00e1ljuk, hogy a Container b\u00e1rban az \u00fcgyfelek k\u00e9nyelmesen \u00e9s nyugodtan fogj\u00e1k \u00e9rezni magukat.\"<\/em><\/p>\n<p>A Container Bar el\u0151nyei<\/p>\n<p>A Container Bar olyan el\u0151ny\u00f6ket k\u00edn\u00e1l \u00d6nnek, mint p\u00e9ld\u00e1ul egy ide\u00e1lis hely az id\u0151t\u00f6lt\u00e9shez, vagy egy hely, ahol fejlesztheti v\u00e1llalkoz\u00e1s\u00e1t. Amikor bar\u00e1tai \u00e9s csal\u00e1dtagjai megl\u00e1togatj\u00e1k otthon\u00e1ban, az \u00f6sszecsukhat\u00f3 modul seg\u00edts\u00e9g\u00e9vel felh\u00edvhatja mag\u00e1ra a figyelm\u00fcket, \u00e9s k\u00e9nyelmesebb \u00e9s innovat\u00edvabb k\u00f6rnyezetet teremthet. A term\u00e9k tov\u00e1bbi el\u0151nyei k\u00f6z\u00e9 tartoznak:<\/p>\n<ul>\n<li>\n<ul>\n<li>Tart\u00f3ss\u00e1ga: az \u00f6sszecsukhat\u00f3 modul az egyik legjobb \u00e1ron kaphat\u00f3 a piacon an\u00e9lk\u00fcl, hogy a min\u0151s\u00e9g rov\u00e1s\u00e1ra menne. Ez\u00e1ltal a t\u00e1rol\u00f3 ide\u00e1lis a legk\u00fcl\u00f6nf\u00e9l\u00e9bb felhaszn\u00e1l\u00e1si c\u00e9lokra. Moduljaink a legmagasabb min\u0151s\u00e9g\u0171 ac\u00e9lb\u00f3l k\u00e9sz\u00fclnek, \u00edgy a paneleknek k\u00f6sz\u00f6nhet\u0151en rendk\u00edv\u00fcl tart\u00f3sak.<\/li>\n<li>Alkalmazkod\u00f3k\u00e9pess\u00e9g. Az \u00f6sszeszerelt modul univerz\u00e1lis, \u00e9s nincs sz\u00fcks\u00e9g darura.<br \/>\nNagyfok\u00fa sokoldal\u00fas\u00e1g az el\u0151regy\u00e1rtott modulok kiv\u00e1laszt\u00e1s\u00e1ban.<\/li>\n<\/ul>\n<\/li>\n<\/ul>\n<p>Ha el\u0151regy\u00e1rtott modult v\u00e1s\u00e1rol, v\u00e1llalatunk k\u00fcl\u00f6nb\u00f6z\u0151 m\u00e9ret\u0171 \u00e9s RAL-sz\u00edn\u0171 kont\u00e9ner rudak k\u00f6z\u00fcl v\u00e1laszthat.<\/p>\n<p>A kont\u00e9ner b\u00e1rpultja megadja a szabads\u00e1got, hogy b\u00e1rpultk\u00e9nt vagy a k\u00e9pzelete szerint haszn\u00e1lhassa. V\u00e1llalkoz\u00e1sk\u00e9nt h\u00e9tf\u0151t\u0151l p\u00e9ntekig \u00e1llunk rendelkez\u00e9s\u00e9re, hogy v\u00e1laszoljunk a kont\u00e9ner haszn\u00e1lat\u00e1val kapcsolatos k\u00e9rd\u00e9seire, \u00e9s hogy a legt\u00f6bbet hozza ki bel\u0151le.<\/p>\n<p>Kombin\u00e1lja a kont\u00e9nereket!<\/p>\n<p>Tart\u00e1lyaink nemcsak k\u00fcl\u00f6n-k\u00fcl\u00f6n, hanem egy\u00fctt is haszn\u00e1lhat\u00f3k! Egy speci\u00e1lis csatlakoz\u00f3 k\u00e9szletnek k\u00f6sz\u00f6nhet\u0151en t\u00f6bb kont\u00e9ner kombin\u00e1lhat\u00f3. A hosszanti \u00e9s keresztir\u00e1ny\u00fa \u00f6sszek\u00f6t\u00e9sek lehet\u0151s\u00e9gei v\u00e9gtelenek.<\/p>","protected":false},"excerpt":{"rendered":"<p>Container bar d\u00e9montable et auto-construit Dimensions ext\u00e9rieures (LxlxH) : 3880 x 2142 x 2088 mm Dimensions int\u00e9rieures (LxlxH) : 3802 x 2062 x 1950 mm Dimensions de la porte : (LxH) : 1750 x 1850 mm Disponible dans toutes les couleurs RAL Le toit du conteneur est s\u00e9curis\u00e9 par deux serrures \u00e0 cylindre des deux [&hellip;]<\/p>","protected":false},"featured_media":27777,"comment_status":"open","ping_status":"closed","template":"","meta":{"_monsterinsights_skip_tracking":false,"_monsterinsights_sitenote_active":false,"_monsterinsights_sitenote_note":"","_monsterinsights_sitenote_category":0},"product_cat":[15,106],"product_tag":[],"aioseo_notices":[],"_links":{"self":[{"href":"https:\/\/alex-elec.eu\/hu\/wp-json\/wp\/v2\/product\/27776"}],"collection":[{"href":"https:\/\/alex-elec.eu\/hu\/wp-json\/wp\/v2\/product"}],"about":[{"href":"https:\/\/alex-elec.eu\/hu\/wp-json\/wp\/v2\/types\/product"}],"replies":[{"embeddable":true,"href":"https:\/\/alex-elec.eu\/hu\/wp-json\/wp\/v2\/comments?post=27776"}],"wp:featuredmedia":[{"embeddable":true,"href":"https:\/\/alex-elec.eu\/hu\/wp-json\/wp\/v2\/media\/27777"}],"wp:attachment":[{"href":"https:\/\/alex-elec.eu\/hu\/wp-json\/wp\/v2\/media?parent=27776"}],"wp:term":[{"taxonomy":"product_cat","embeddable":true,"href":"https:\/\/alex-elec.eu\/hu\/wp-json\/wp\/v2\/product_cat?post=27776"},{"taxonomy":"product_tag","embeddable":true,"href":"https:\/\/alex-elec.eu\/hu\/wp-json\/wp\/v2\/product_tag?post=27776"}],"curies":[{"name":"wp","href":"https:\/\/api.w.org\/{rel}","templated":true}]}}