{"id":27770,"date":"2023-09-21T07:45:33","date_gmt":"2023-09-21T07:45:33","guid":{"rendered":"https:\/\/alex-elec.eu\/?post_type=product&#038;p=27770"},"modified":"2023-09-21T07:45:33","modified_gmt":"2023-09-21T07:45:33","slug":"container-bar-pliable-xl-4-x-2-metres-noir-ral-9005","status":"publish","type":"product","link":"https:\/\/alex-elec.eu\/hu\/product\/container-bar-pliable-xl-4-x-2-metres-noir-ral-9005\/","title":{"rendered":"XL \u00f6sszecsukhat\u00f3 r\u00fadtart\u00e1ly 4 x 2 m\u00e9ter fekete RAL 9005"},"content":{"rendered":"<p>Levehet\u0151 \u00f6nszerel\u0151 tart\u00e1lyr\u00fad<br \/>\nK\u00fcls\u0151 m\u00e9retek (HxSxM): 3882 x 2290 x 2240 mm<br \/>\nBels\u0151 m\u00e9retek (HxSxM): 3802 x 2210 x 2100 mm<br \/>\nAjt\u00f3 m\u00e9retei: (sz\u00e9less\u00e9g x magass\u00e1g): 1750 x 2050 mm<br \/>\nMinden RAL sz\u00ednben kaphat\u00f3<br \/>\nA tart\u00e1ly fedel\u00e9t mindk\u00e9t oldalon k\u00e9t hengerz\u00e1r r\u00f6gz\u00edti.<br \/>\nTeljesen \u00f6nhord\u00f3 szerkezet, bele\u00e9rtve a padl\u00f3t is.<\/p>\n<p>&nbsp;<\/p>\n<p>Nagyobb amb\u00edci\u00f3khoz tervezett kont\u00e9ner b\u00e1r elad\u00f3!<\/p>\n<p>Elad\u00f3 kont\u00e9nereket k\u00edn\u00e1lunk minden form\u00e1ban \u00e9s m\u00e9retben, bele\u00e9rtve az extra nagy kont\u00e9nereket is! Ez az XL kont\u00e9ner rendelkezik testv\u00e9r\u00e9nek (4\u00d72 m\u00e9teres r\u00fadkont\u00e9ner) minden jellemz\u0151j\u00e9vel, de a v\u00e1s\u00e1rl\u00f3k k\u00e9nyelm\u00e9t szolg\u00e1lja, hogy hossz\u00e1ban \u00e9s sz\u00e9less\u00e9g\u00e9ben is t\u00f6bb hely \u00e1ll rendelkez\u00e9sre. Egy egyszer\u0171, de massz\u00edv b\u00e1rkont\u00e9ner! Rendelkezik a t\u00f6bbi kont\u00e9ner \u00f6sszes jellemz\u0151j\u00e9vel, \u00e9s m\u00e9g sokkal t\u00f6bbel is.<\/p>\n<p><em>\"Mi lehetne jobb m\u00f3dja egy vid\u00e1m est\u00e9nek, mint a saj\u00e1t b\u00e1rj\u00e1ban?\"<\/em><\/p>\n<p>Az XL 4\u00d72 m\u00e9teres levehet\u0151 kont\u00e9ner jellemz\u0151i:<\/p>\n<p>A b\u00e1rkont\u00e9ner 4 m\u00e9ter hossz\u00fa \u00e9s 2,3 m\u00e9ter magas. \u00d6sszecsukhat\u00f3 napellenz\u0151vel \u00e9s dupla ajt\u00f3kkal rendelkezik, a hossz\u00fa vagy a r\u00f6vid oldalon. M\u00e9retei hasonl\u00f3ak a kivehet\u0151 16 l\u00e1bas kont\u00e9ner\u00e9hez, de a sz\u00e9less\u00e9ge \u00e9s a hossza f\u00e9l m\u00e9terrel hosszabb.<\/p>\n<p>A kont\u00e9ner napellenz\u0151je nagyon er\u0151s \u00e9s hidraulikus rendszerrel rendelkezik. Ennek a rendszernek k\u00f6sz\u00f6nhet\u0151en a ponyva biztons\u00e1gosan felh\u00fazhat\u00f3 \u00e9s lez\u00e1rhat\u00f3, \u00edgy a kont\u00e9ner r\u00fadja biztons\u00e1gosan elhagyhat\u00f3 az \u00f6sszes szersz\u00e1mmal egy\u00fctt.<\/p>\n<p>Ezenk\u00edv\u00fcl a kont\u00e9ner dupla ajt\u00f3iban olyan terjedelmes t\u00e1rgyak is elhelyezhet\u0151k, mint a s\u00f6r\u00f6shord\u00f3k, fagyaszt\u00f3k, asztalok stb. Ez ide\u00e1lis m\u00f3dja annak, hogy a l\u00e1togat\u00f3kat vagy bar\u00e1tokat italokkal vagy harapnival\u00f3kkal k\u00edn\u00e1lja.<\/p>\n<p>Az \u00f6sszecsukhat\u00f3 kont\u00e9ner r\u00fad el\u0151nyei<\/p>\n<p>A kont\u00e9nerb\u00e1r olyan el\u0151ny\u00f6ket k\u00edn\u00e1l \u00d6nnek, mint p\u00e9ld\u00e1ul egy ide\u00e1lis hely a sz\u00f3rakoz\u00e1shoz vagy az \u00fczleti tev\u00e9kenys\u00e9g fejleszt\u00e9s\u00e9hez. Ha csal\u00e1dtagjai \u00d6nh\u00f6z \u00e9rkeznek, az XL kont\u00e9nerrel felh\u00edvhatja mag\u00e1ra a figyelm\u00fcket, \u00e9s k\u00e9nyelmesebb \u00e9s innovat\u00edvabb k\u00f6rnyezetet teremthet:<\/p>\n<ul>\n<li>Tart\u00f3ss\u00e1g: a piacon a legjobb \u00e1ron k\u00edn\u00e1lunk kont\u00e9nereket, a min\u0151s\u00e9g rov\u00e1s\u00e1ra. Ez\u00e1ltal a kont\u00e9ner ide\u00e1lis a legk\u00fcl\u00f6nb\u00f6z\u0151bb felhaszn\u00e1l\u00e1si c\u00e9lokra. Moduljaink a legjobb ac\u00e9lb\u00f3l k\u00e9sz\u00fclnek, amely rendk\u00edv\u00fcl tart\u00f3s.<\/li>\n<li>Alkalmazkod\u00f3k\u00e9pess\u00e9g: XL kont\u00e9ner\u00fcnket \u00fagy tervezt\u00fck, hogy k\u00f6nnyen sz\u00e9tszedhet\u0151 legyen, ha sz\u00e1ll\u00edtani kell, vagy ha nem akarja sz\u00e9tszedni, akkor targonc\u00e1val mozgathatja. Ez az alatta l\u00e9v\u0151 targoncany\u00edl\u00e1soknak k\u00f6sz\u00f6nhet\u0151. Nincs sz\u00fcks\u00e9g darukra, \u00edgy az XL kont\u00e9ner sokoldal\u00faan haszn\u00e1lhat\u00f3.<\/li>\n<\/ul>\n<p>Az XL kont\u00e9ner kombin\u00e1lhat\u00f3 is!<\/p>\n<p>Ha nagym\u00e9ret\u0171 kont\u00e9nereket k\u00edn\u00e1l elad\u00e1sra, akkor is meg kell adni nekik azt a rugalmass\u00e1got \u00e9s sokoldal\u00fas\u00e1got, amellyel m\u00e1s kont\u00e9nerek rendelkeznek. A polcrendszerek, a csatlakoz\u00f3 k\u00e9szletek \u00e9s a lop\u00e1sg\u00e1tl\u00f3 biztos\u00edt\u00e1sok teljes m\u00e9rt\u00e9kben kompatibilisek ezzel a term\u00e9kkel.<\/p>","protected":false},"excerpt":{"rendered":"<p>Container bar d\u00e9tachable \u00e0 monter soi-m\u00eame Dimensions ext\u00e9rieures (LxlxH) : 3882 x 2290 x 2240 mm Dimensions int\u00e9rieures (LxlxH) : 3802 x 2210 x 2100 mm Dimensions de la porte : (LxH) : 1750 x 2050 mm Disponible dans toutes les couleurs RAL Le couvercle du conteneur est s\u00e9curis\u00e9 par deux serrures \u00e0 cylindre des [&hellip;]<\/p>","protected":false},"featured_media":27771,"comment_status":"open","ping_status":"closed","template":"","meta":{"_monsterinsights_skip_tracking":false,"_monsterinsights_sitenote_active":false,"_monsterinsights_sitenote_note":"","_monsterinsights_sitenote_category":0},"product_cat":[15,106],"product_tag":[],"aioseo_notices":[],"_links":{"self":[{"href":"https:\/\/alex-elec.eu\/hu\/wp-json\/wp\/v2\/product\/27770"}],"collection":[{"href":"https:\/\/alex-elec.eu\/hu\/wp-json\/wp\/v2\/product"}],"about":[{"href":"https:\/\/alex-elec.eu\/hu\/wp-json\/wp\/v2\/types\/product"}],"replies":[{"embeddable":true,"href":"https:\/\/alex-elec.eu\/hu\/wp-json\/wp\/v2\/comments?post=27770"}],"wp:featuredmedia":[{"embeddable":true,"href":"https:\/\/alex-elec.eu\/hu\/wp-json\/wp\/v2\/media\/27771"}],"wp:attachment":[{"href":"https:\/\/alex-elec.eu\/hu\/wp-json\/wp\/v2\/media?parent=27770"}],"wp:term":[{"taxonomy":"product_cat","embeddable":true,"href":"https:\/\/alex-elec.eu\/hu\/wp-json\/wp\/v2\/product_cat?post=27770"},{"taxonomy":"product_tag","embeddable":true,"href":"https:\/\/alex-elec.eu\/hu\/wp-json\/wp\/v2\/product_tag?post=27770"}],"curies":[{"name":"wp","href":"https:\/\/api.w.org\/{rel}","templated":true}]}}