{"id":27725,"date":"2023-09-21T06:44:51","date_gmt":"2023-09-21T06:44:51","guid":{"rendered":"https:\/\/alex-elec.eu\/?post_type=product&#038;p=27725"},"modified":"2023-09-21T06:44:51","modified_gmt":"2023-09-21T06:44:51","slug":"bungalow-neuf-poste-de-garde-150-metres","status":"publish","type":"product","link":"https:\/\/alex-elec.eu\/hu\/product\/bungalow-neuf-poste-de-garde-150-metres\/","title":{"rendered":"\u00daj bungal\u00f3 Guardhouse 1.50 m\u00e9ter"},"content":{"rendered":"<p>Le\u00a0<strong>Bungalow Poste de Garde<\/strong>\u00a0est un petit module qui dispose de\u00a0<strong>quatre fa\u00e7ades toutes vitr\u00e9es<\/strong>, permettant une\u00a0<strong>vue \u00e0 360\u00b0<\/strong>\u00a0pour r\u00e9pondre au besoin de mise en place d\u2019une Poste de Garde.<\/p>\n<p>&nbsp;<\/p>\n<div>\n<div>Le\u00edr\u00e1s<\/div>\n<div>\n<div>\n<p>Bungalow Poste de Garde Neuf<\/p>\n<p>Notre Bungalow Poste de Garde est un module \u00e9quip\u00e9 pour r\u00e9pondre au besoin de mise en place d\u2019un poste de surveillance sur les chantiers ou dans les lieux s\u00e9curis\u00e9s. Ce module est destin\u00e9 aux entit\u00e9s qui souhaitent disposer d\u2019un module de Poste de Garde avec une vue \u00e0 360\u00b0,\u00a0<strong>dans un d\u00e9lai imbattable et pour un tarif tr\u00e8s comp\u00e9titif<\/strong>, en comparaison avec une solution de construction classique.<br \/>\nIl peut \u00eatre implant\u00e9 d\u00e9finitivement ou d\u00e9plac\u00e9 fr\u00e9quemment. Nous pouvons ajouter une fen\u00eatre guichet avec hygiaphone et passe-documents, ainsi que le passage de fourches dans le soubassement pour manipulation avec un chariot \u00e9l\u00e9vateur.<\/p>\n<p>Notre Bungalow Poste de Garde est un module avec des menuiseries\u00a0blanches : une porte semi-vitr\u00e9e barreaud\u00e9e et trois fen\u00eatres coulissantes barreaud\u00e9es. Il dispose d\u2019un interrupteur et d\u2019un plafonnier LED. Il dispose aussi du plancher renforc\u00e9 en bois-ciment.<\/p>\n<p>A sz\u00e1ll\u00edt\u00e1si id\u0151\u00a0<strong>A megrendel\u00e9st\u0151l sz\u00e1m\u00edtott legfeljebb 8 h\u00e9t<\/strong>\u00a0erre a modulra, mivel megrendel\u00e9sre k\u00e9sz\u00fcl.<\/p>\n<p>Ce module peut \u00eatre modifi\u00e9 et configur\u00e9 diff\u00e9remment, avec diff\u00e9rentes tailles, selon votre besoin.<\/p>\n<p>Ezt a modult a \"Standard\" sorozatunkban k\u00edn\u00e1ljuk. A Standard sorozat megfelel az els\u0151 kivitelez\u00e9si szint\u00fcnknek: standard szerkezet \u00e9s standard szigetel\u00e9s.<\/p>\n<p>Il est possible, si besoin, de r\u00e9aliser ce module dans nos s\u00e9ries \u00ab renforc\u00e9 \u00bb ou \u00ab Isoplus \u00bb. Dans ce cas, l\u2019isolation thermique et phonique sera plus performante et la structure sera renforc\u00e9e.<\/p>\n<p><strong>Bungal\u00f3inkat Franciaorsz\u00e1gban szerelik \u00f6ssze.<\/strong><\/p>\n<p>Descriptif Bungalow Poste de Garde<\/p>\n<p>Le bungalow Poste de Garde est constitu\u00e9 d&rsquo;une ossature en acier galvanis\u00e9 et laqu\u00e9 couleur gris clair RAL 9002.<\/p>\n<p>A tet\u0151profil RAL 9002 vil\u00e1gossz\u00fcrke, horganyzott ac\u00e9lb\u00f3l k\u00e9sz\u00fclt,\u00a0<strong>vastags\u00e1g 1,5 mm, magass\u00e1g 150 mm,<\/strong>\u00a04 daruval t\u00f6rt\u00e9n\u0151 mozgat\u00e1shoz 4 daruponttal.<\/p>\n<p>Az alapprofilok horganyzott ac\u00e9lb\u00f3l k\u00e9sz\u00fclnek, RAL 9002 vil\u00e1gossz\u00fcrke sz\u00ednben lakkozva,\u00a0<strong>vastags\u00e1g 1,5 mm - magass\u00e1g 80 mm.<\/strong><\/p>\n<p>A tet\u0151 merev poliuret\u00e1n habszivacs szendvicspanelekb\u0151l k\u00e9sz\u00fcl,\u00a0<strong>30 mm vastag,<\/strong>\u00a0Euroclasse Cs3d0. La couverture de toiture est en acier galvanis\u00e9 ondul\u00e9, avec \u00e9vacuation des eaux pluviales sur l&rsquo;arri\u00e8re.<\/p>\n<p>A falak merev poliuret\u00e1n habszivacs szendvicspanelekb\u0151l k\u00e9sz\u00fclnek,\u00a0<strong>40 mm vastag<\/strong>\u00a0(vil\u00e1gossz\u00fcrke RAL 9002), Euroclass Cs3d0.<\/p>\n<p>A padl\u00f3t a k\u00f6vetkez\u0151 anyagokb\u00f3l k\u00e9sz\u00edtik\u00a0<strong>bois-ciment,<\/strong>\u00a0<strong>16 mm vastag<\/strong>PVC bevonattal.<\/p>\n<p>M\u0171szaki specifik\u00e1ci\u00f3k<\/p>\n<p>M\u00c9RETEK<\/p>\n<ul>\n<li>K\u00fcls\u0151 magass\u00e1g: 239 cm<\/li>\n<li>Bels\u0151 magass\u00e1g: 220 cm<\/li>\n<li>Largeur : 150 cm<\/li>\n<li>Longueur: 150 cm<\/li>\n<\/ul>\n<p>KERET<\/p>\n<ul>\n<li>Anyag: horganyzott \u00e9s lakkozott ac\u00e9l<\/li>\n<li>Sz\u00edn: Vil\u00e1gossz\u00fcrke RAL 9002<\/li>\n<li>Vastags\u00e1g: 1,5 mm<\/li>\n<li>Alap: magass\u00e1g 80 mm<\/li>\n<li>Tet\u0151: magass\u00e1g 150 mm<\/li>\n<li>Kezel\u00e9s: 4 aljzat a tet\u0151n az emel\u0151horgok sz\u00e1m\u00e1ra<\/li>\n<\/ul>\n<p>SZERKEZETI<\/p>\n<ul>\n<li>Anyag: Feh\u00e9r RAL 9010 lakkozott alum\u00ednium<\/li>\n<li>Porte(s) : 1 porte semi-vitr\u00e9e dim. 94 x 220 cm (90 cm de passage) barreaud\u00e9e, simple vitrage clair<\/li>\n<li>Fen\u00eatre(s) : 3 fen\u00eatres coulissantes dim. 94 x 110 cm barreaud\u00e9es, simple vitrage clair<\/li>\n<\/ul>\n<p>FALAK \u00c9S TET\u0150<\/p>\n<ul>\n<li>Anyag: szendvicspanelek<\/li>\n<li>Szigetel\u00e9s: Merev poliuret\u00e1nhab<\/li>\n<li>Falvastags\u00e1g: 40 mm<\/li>\n<li>Tet\u0151 vastags\u00e1ga: 30 mm<\/li>\n<li>Tet\u0151: horganyzott ac\u00e9llemez g\u00f6r\u00f6g hull\u00e1mok<\/li>\n<li>Falsz\u00edn: Vil\u00e1gossz\u00fcrke RAL 9002<\/li>\n<\/ul>\n<p>PADL\u00d3<\/p>\n<ul>\n<li>Structure : panneaux de bois-ciment<\/li>\n<li>Vastags\u00e1g: 16 mm<\/li>\n<li>Burkolat : PVC<\/li>\n<\/ul>\n<p>ELEKTROMOSZOLG\u00c1LTAT\u00c1S<\/p>\n<ul>\n<li>\u00c9clairage : 1 interrupteurs + 1 plafonnier LED<\/li>\n<li>Panel: 1 elektromos panel, bele\u00e9rtve az inter-differenci\u00e1lis \u00e9s megszak\u00edt\u00f3kkal egy\u00fctt<\/li>\n<li>Csatlakoz\u00e1s: 1 k\u00fcls\u0151 csatlakoz\u00f3doboz<\/li>\n<\/ul>\n<p>Lehets\u00e9ges lehet\u0151s\u00e9gek:<\/p>\n<ul>\n<li>4 plaques de fixation au sol<\/li>\n<li>2 prises de courant + 1 convecteur 500 w (emplacement selon votre choix)<\/li>\n<li>Dupla \u00fcvegez\u00e9s<\/li>\n<li>Mennyezetmagass\u00e1g 2,40 m, ajt\u00f3magass\u00e1g 2,20 m<\/li>\n<li>Choix de couleurs gratuits pour l\u2019ossature : blanc RAL 9010, gris clair RAL 9002 ou gris clair RAL 9002<\/li>\n<li>A panelek, a keret vagy az asztalosmunk\u00e1k m\u00e1s sz\u00ednben is v\u00e1laszthat\u00f3k.<\/li>\n<li>Padl\u00f3 alatti szigetel\u00e9s 50 mm vastag \u00fcveggyapotb\u00f3l, horganyzott ac\u00e9l v\u00e9d\u0151lemezeken.<\/li>\n<li>Soubassement renforc\u00e9 avec passage de fourches (entraxe 90cm) pour d\u00e9placement avec chariot \u00e9l\u00e9vateur<\/li>\n<li>Aljzat cs\u00faszd\u00e1kon (2 db 16 cm-es ipe gerenda)<\/li>\n<li>4 es\u0151v\u00edz lefoly\u00f3cs\u0151<\/li>\n<li>2300 w-os UNICO R10 ford\u00edthat\u00f3 l\u00e9gkondicion\u00e1l\u00f3 berendez\u00e9s<\/li>\n<li>Ablakos l\u00e9gkondicion\u00e1l\u00f3 h\u0171t\u00e9s csak 12000 BTU<\/li>\n<li>Mobil l\u00e9gkondicion\u00e1l\u00f3 SHINY 12 Megford\u00edthat\u00f3 R290 3,5 KW + ablak k\u00e9szlet<\/li>\n<li>LED panel neon helyett<\/li>\n<li>Fen\u00eatre avec guichet et hygiaphone + tablette aluminium<\/li>\n<li>Alum\u00ednium vagy PVC red\u0151ny\u00f6k, k\u00fcl\u00f6nleges sz\u00ednekben rendelhet\u0151k<\/li>\n<li>18 mm vastag fenolos fapadl\u00f3 fa cement helyett, terhelhet\u0151s\u00e9g: 500 kg\/m\u00b2.<\/li>\n<li>Nagy teherb\u00edr\u00e1s\u00fa PVC padl\u00f3burkolat a hagyom\u00e1nyos, PVC-ut\u00e1nzat\u00fa parketta vagy csemp\u00e9zett padl\u00f3 helyett.<\/li>\n<li>Sima panelek, \u00e9lelmiszer panelek, k\u0151zetgyapot panelek vagy t\u0171z\u00e1ll\u00f3 panelek<\/li>\n<li>Ajt\u00f3- \u00e9s ablakr\u00e1csok elt\u00e1vol\u00edt\u00e1sa = ingyenes<\/li>\n<li>Tov\u00e1bbi aljzatok vagy RJ45 aljzatok<\/li>\n<\/ul>\n<\/div>\n<\/div>\n<\/div>","protected":false},"excerpt":{"rendered":"<p>Le\u00a0Bungalow Poste de Garde\u00a0est un petit module qui dispose de\u00a0quatre fa\u00e7ades toutes vitr\u00e9es, permettant une\u00a0vue \u00e0 360\u00b0\u00a0pour r\u00e9pondre au besoin de mise en place d\u2019une Poste de Garde. &nbsp; Description Bungalow Poste de Garde Neuf Notre Bungalow Poste de Garde est un module \u00e9quip\u00e9 pour r\u00e9pondre au besoin de mise en place d\u2019un poste de [&hellip;]<\/p>","protected":false},"featured_media":27726,"comment_status":"open","ping_status":"closed","template":"","meta":{"_monsterinsights_skip_tracking":false,"_monsterinsights_sitenote_active":false,"_monsterinsights_sitenote_note":"","_monsterinsights_sitenote_category":0},"product_cat":[15,99],"product_tag":[],"aioseo_notices":[],"_links":{"self":[{"href":"https:\/\/alex-elec.eu\/hu\/wp-json\/wp\/v2\/product\/27725"}],"collection":[{"href":"https:\/\/alex-elec.eu\/hu\/wp-json\/wp\/v2\/product"}],"about":[{"href":"https:\/\/alex-elec.eu\/hu\/wp-json\/wp\/v2\/types\/product"}],"replies":[{"embeddable":true,"href":"https:\/\/alex-elec.eu\/hu\/wp-json\/wp\/v2\/comments?post=27725"}],"wp:featuredmedia":[{"embeddable":true,"href":"https:\/\/alex-elec.eu\/hu\/wp-json\/wp\/v2\/media\/27726"}],"wp:attachment":[{"href":"https:\/\/alex-elec.eu\/hu\/wp-json\/wp\/v2\/media?parent=27725"}],"wp:term":[{"taxonomy":"product_cat","embeddable":true,"href":"https:\/\/alex-elec.eu\/hu\/wp-json\/wp\/v2\/product_cat?post=27725"},{"taxonomy":"product_tag","embeddable":true,"href":"https:\/\/alex-elec.eu\/hu\/wp-json\/wp\/v2\/product_tag?post=27725"}],"curies":[{"name":"wp","href":"https:\/\/api.w.org\/{rel}","templated":true}]}}