{"id":27710,"date":"2023-09-21T06:35:40","date_gmt":"2023-09-21T06:35:40","guid":{"rendered":"https:\/\/alex-elec.eu\/?post_type=product&#038;p=27710"},"modified":"2023-09-21T06:35:41","modified_gmt":"2023-09-21T06:35:41","slug":"bungalow-neuf-type-snack-6-metres","status":"publish","type":"product","link":"https:\/\/alex-elec.eu\/hu\/product\/bungalow-neuf-type-snack-6-metres\/","title":{"rendered":"\u00daj 6 m\u00e9teres snack bungal\u00f3"},"content":{"rendered":"<p>Le\u00a0<strong>Bungal\u00f3 Snack 6 m\u00e9ter<\/strong>\u00a0egy olyan modul, amelynek\u00a0<strong>teljes ajt\u00f3<\/strong>\u00a0\u00e9s egy\u00a0<strong>uzsonna ablak<\/strong>\u00a0egy\u00a0<strong>meger\u0151s\u00edtett fa-cement padl\u00f3burkolat<\/strong>Befejezetlen\u00fcl sz\u00e1ll\u00edtjuk, \u00edgy a tev\u00e9kenys\u00e9gedhez igaz\u00edthatod.<\/p>\n<p>&nbsp;<\/p>\n<div>\n<div>Le\u00edr\u00e1s<\/div>\n<div>\n<div>\n<p>Bungalow Snack 6 m\u00e9ter Meger\u0151s\u00edtett \u00daj<\/p>\n<p>A 6 m\u00e9teres Snack Bungalow egy falatoz\u00f3s tev\u00e9kenys\u00e9gekhez felszerelt modul. Ezt a modult azok sz\u00e1m\u00e1ra tervezt\u00fck, akik \u00e1lland\u00f3an telep\u00edthet\u0151 vagy gyakran \u00e1thelyezhet\u0151 snack b\u00e1r modult szeretn\u00e9nek. A 250 cm-es vill\u00e1kkal felszerelt targonc\u00e1val t\u00f6rt\u00e9n\u0151 kezel\u00e9shez ajt\u00f3kat, ablakokat \u00e9s vill\u00e1kat adhatunk az alaphoz. Fel tudjuk szerelni az \u00e9lelmiszeripari szabv\u00e1nyoknak val\u00f3 megfelel\u00e9shez is.<\/p>\n<p>A 6 m\u00e9teres Snack Bungalow egy modul, amely egy antracitsz\u00fcrke RAL 7016 sz\u00edn\u0171 kerettel, egy ajt\u00f3val \u00e9s egy ajt\u00f3val rendelkezik.\u00a0<strong>uzsonna ablak<\/strong>\u00a0\u00fcvegez\u00e9s n\u00e9lk\u00fcl\u00a0<strong>billen\u0151sz\u00e1rny<\/strong>\u00a0g\u00e1zdugatty\u00fa, valamint a\u00a0<strong>meger\u0151s\u00edtett fa-cement padl\u00f3burkolat<\/strong>\u00a0burkolat n\u00e9lk\u00fcl. Elektromos szerel\u00e9s n\u00e9lk\u00fcl sz\u00e1ll\u00edtjuk, \u00edgy \u00d6n az ig\u00e9nyeinek megfelel\u0151en konfigur\u00e1lhatja.<\/p>\n<p>A sz\u00e1ll\u00edt\u00e1si id\u0151<strong>\u00a0A megrendel\u00e9st\u0151l sz\u00e1m\u00edtott legfeljebb 8 h\u00e9t\u00a0<\/strong>erre a modulra, mivel megrendel\u00e9sre k\u00e9sz\u00fcl. Ez a modul az \u00d6n ig\u00e9nyeinek megfelel\u0151en m\u00f3dos\u00edthat\u00f3 \u00e9s konfigur\u00e1lhat\u00f3, a sz\u00e1ll\u00edt\u00e1si id\u0151 meghosszabb\u00edt\u00e1sa n\u00e9lk\u00fcl.<\/p>\n<p>Ez a modul a \"\u00a0<strong>Standard<\/strong>\u00a0\". A standard sorozat megfelel az els\u0151 kivitelez\u00e9si szint\u00fcnknek: standard szerkezet \u00e9s standard szigetel\u00e9s.<\/p>\n<p>Ha sz\u00fcks\u00e9ges, ez a modul el\u0151\u00e1ll\u00edthat\u00f3 a \"\u00a0<strong>Meger\u0151s\u00edtett<\/strong>\u00a0\"vagy\u00a0<strong>Isoplus<\/strong>\u00a0\". Ebben az esetben a h\u0151- \u00e9s hangszigetel\u00e9s hat\u00e9konyabb lesz, \u00e9s a szerkezet meger\u0151s\u00f6dik.<\/p>\n<p><strong>Bungal\u00f3inkat Franciaorsz\u00e1gban szerelik \u00f6ssze.<\/strong><\/p>\n<p>Le\u00edr\u00e1s Bungalow Snack 6 m\u00e9ter<\/p>\n<p>A 6 m\u00e9teres Snack bungal\u00f3 horganyzott ac\u00e9lv\u00e1zzal rendelkezik, amely antracitsz\u00fcrke RAL 7016 sz\u00ednben lakkozott.<\/p>\n<p>A tet\u0151profil horganyzott ac\u00e9lb\u00f3l k\u00e9sz\u00fclt, antracitsz\u00fcrke RAL 7016 fest\u00e9kkel,\u00a0<strong>vastags\u00e1g 1,5 mm, magass\u00e1g 150 mm<\/strong>4 daruval t\u00f6rt\u00e9n\u0151 mozgat\u00e1shoz 4 daruponttal.<\/p>\n<p>Az alapprofilok horganyzott ac\u00e9lb\u00f3l k\u00e9sz\u00fclnek, RAL 7016 antracitsz\u00fcrke sz\u00ednben lakkozva,<strong>\u00a0vastags\u00e1g 1,5 mm - magass\u00e1g 95 mm.<\/strong><\/p>\n<p>A tet\u0151 merev poliuret\u00e1n habszivacs szendvicspanelekb\u0151l k\u00e9sz\u00fcl,<strong>\u00a030 mm vastag,<\/strong>\u00a0Euroclass Cs3d0.<\/p>\n<p>A falak merev poliuret\u00e1n habszivacs szendvicspanelekb\u0151l k\u00e9sz\u00fclnek,\u00a0<strong>40 mm vastag<\/strong>\u00a0(vil\u00e1gossz\u00fcrke RAL 9002), Euroclass Cs3d0.<\/p>\n<p>A padl\u00f3t a k\u00f6vetkez\u0151 anyagokb\u00f3l k\u00e9sz\u00edtik\u00a0<strong>fa-cement, 16 mm vastag<\/strong>bevonat n\u00e9lk\u00fcli, a k\u00f6vetkez\u0151 tartom\u00e1nyban\u00a0<strong>400 kg\/m<\/strong>.<\/p>\n<p>Feh\u00e9r RAL 9010 lakkozott alum\u00ednium asztalosmunk\u00e1k<\/p>\n<p>A 6 m\u00e9teres Snack Bungalow 104 x 220 cm-es t\u00f6m\u00f6r ajt\u00f3val (90 cm-es \u00e1tj\u00e1r\u00f3) \u00e9s 204 x 120 cm-es, \u00fcvegez\u00e9s n\u00e9lk\u00fcli, g\u00e1zdugatty\u00fas billen\u0151 red\u0151nnyel \u00e9s bels\u0151 z\u00e1rral ell\u00e1tott, 204 x 120 cm-es, snack t\u00edpus\u00fa ablakkal rendelkezik.<\/p>\n<p>Nincs elektromos szerel\u00e9s<\/p>\n<p>A 6 m\u00e9teres Snack Bungalow-t elektromos szerel\u00e9s n\u00e9lk\u00fcl sz\u00e1ll\u00edtjuk, mivel \u00fcgyfeleinknek gyakran speci\u00e1lis ig\u00e9nyeik vannak, \u00e9s az elektromos szerel\u00e9st a berendez\u00e9sek telep\u00edt\u00e9sekor v\u00e9gzik el. Ig\u00e9ny eset\u00e9n elv\u00e9gezz\u00fck a szabv\u00e1nyos elektromos szerel\u00e9st: kapcsol\u00f3, LED neonl\u00e1mp\u00e1k, konnektorok, konvektor, elektromos panel \u00e9s csatlakoz\u00f3doboz.<\/p>\n<p>Sz\u00e1ll\u00edt\u00e1si id\u0151k<\/p>\n<p>*Ez az id\u0151tartamt\u00f3l f\u00fcgg\u0151en v\u00e1ltozhat, de mindig felt\u00fcntetj\u00fck az \u00e1raj\u00e1nlaton, amelyet \u00d6n kap az elk\u00f6telezett csapatunkt\u00f3l.<\/p>\n<p>A modul konfigur\u00e1ci\u00f3j\u00e1nak vagy m\u00e9reteinek m\u00f3dos\u00edt\u00e1sa, valamint az opci\u00f3k hozz\u00e1ad\u00e1sa\u00a0<strong>nem hosszabb\u00edtj\u00e1k meg a sz\u00e1ll\u00edt\u00e1si hat\u00e1rid\u0151ket<\/strong>.<\/p>\n<p>Sz\u00e1ll\u00edt\u00e1si felt\u00e9telek<\/p>\n<p><strong>A bungal\u00f3t teljesen \u00f6sszeszerelve \u00e9s felszerelve sz\u00e1ll\u00edtj\u00e1k,\u00a0<\/strong>k\u00e9szen \u00e1ll a felszerel\u00e9sre.<\/p>\n<p>Az \u00e1r gy\u00e1rilag \u00e9rtend\u0151: a sz\u00e1ll\u00edt\u00e1si k\u00f6lts\u00e9g plusz k\u00f6lts\u00e9g (k\u00e9rjen \u00e1raj\u00e1nlatot).<\/p>\n<p>K\u00e9t sz\u00e1ll\u00edt\u00e1si megold\u00e1st k\u00edn\u00e1lunk:<\/p>\n<ul>\n<li>Sz\u00e1ll\u00edt\u00e1s teheraut\u00f3daruval lehets\u00e9ges, a helysz\u00ednen t\u00f6rt\u00e9n\u0151 kirakod\u00e1ssal.<\/li>\n<li>Lapos plat\u00f3s teheraut\u00f3n, kirakod\u00e1s n\u00e9lk\u00fcl sz\u00e1ll\u00edthat\u00f3.<\/li>\n<\/ul>\n<p><strong>A sz\u00e1ll\u00edt\u00e1si helysz\u00ednnek f\u00e9lp\u00f3tkocsival megk\u00f6zel\u00edthet\u0151nek kell lennie.<\/strong>. A nehezen megk\u00f6zel\u00edthet\u0151 ter\u00fcletekhez er\u0151sebb daruval felszerelt egyenes teheraut\u00f3 seg\u00edts\u00e9g\u00e9vel is k\u00edn\u00e1lunk sz\u00e1ll\u00edt\u00e1si megold\u00e1st.<\/p>\n<p>Javasoljuk, hogy a bungal\u00f3kat beton- vagy m\u0171anyag szegecsekre szerelje fel az \u00e1ltalunk k\u00fcld\u00f6tt szegecsterv szerint. Opci\u00f3k\u00e9nt neh\u00e9z terhel\u00e9sekre alkalmas m\u0171anyag blokkokb\u00f3l \u00e1ll\u00f3 k\u00e9szletet k\u00edn\u00e1lunk. Ez a k\u00e9szlet t\u00f6bb, k\u00fcl\u00f6nb\u00f6z\u0151 m\u00e9ret\u0171 blokkot tartalmaz, \u00edgy \u00d6n be\u00e1ll\u00edthatja a v\u00edzszintet, \u00e9s t\u00f6k\u00e9letesen v\u00edzszintes blokkokra szerelheti modulj\u00e1t.<\/p>\n<p>M\u0171szaki specifik\u00e1ci\u00f3k<\/p>\n<p>M\u00c9RETEK<\/p>\n<ul>\n<li>K\u00fcls\u0151 magass\u00e1g: 241 cm<\/li>\n<li>Bels\u0151 magass\u00e1g: 220 cm<\/li>\n<li>Sz\u00e9less\u00e9g: 242 cm<\/li>\n<li>Hossz: 609 cm<\/li>\n<\/ul>\n<p>KERET<\/p>\n<ul>\n<li>Anyag: horganyzott \u00e9s lakkozott ac\u00e9l<\/li>\n<li>Sz\u00edn: Antracitsz\u00fcrke RAL 7016<\/li>\n<li>Vastags\u00e1g: 1,5 mm<\/li>\n<li>Alap: magass\u00e1g 95 mm, vastags\u00e1g 1,5 mm<\/li>\n<li>Tet\u0151: magass\u00e1g 150 mm<\/li>\n<li>Kezel\u00e9s: 4 aljzat a tet\u0151n az emel\u0151horgok sz\u00e1m\u00e1ra<\/li>\n<\/ul>\n<p>SZERKEZETI<\/p>\n<ul>\n<li>Anyag: Feh\u00e9r RAL 9010 lakkozott alum\u00ednium<\/li>\n<li>Ajt\u00f3(k): 1 t\u00f6m\u00f6r ajt\u00f3, m\u00e9rete 104 x 220 cm (90 cm \u00e1tj\u00e1r\u00f3), 3 ponton z\u00e1r\u00f3d\u00f3 z\u00e1rral.<\/li>\n<li>Ablak(ok): 1 \u00fcvegezetlen, 204 x 120 cm m\u00e9ret\u0171, g\u00e1zdugatty\u00fas, billen\u0151 red\u0151nnyel \u00e9s bels\u0151 z\u00e1rral ell\u00e1tott billen\u0151ablak.<\/li>\n<\/ul>\n<p>FALAK \u00c9S TET\u0150<\/p>\n<ul>\n<li>Anyag: szendvicspanelek<\/li>\n<li>Szigetel\u00e9s: Merev poliuret\u00e1nhab<\/li>\n<li>Falvastags\u00e1g: 40 mm<\/li>\n<li>Tet\u0151 vastags\u00e1ga: 30 mm<\/li>\n<li>Tet\u0151: horganyzott ac\u00e9llemez g\u00f6r\u00f6g hull\u00e1mok<\/li>\n<li>Falsz\u00edn: Vil\u00e1gossz\u00fcrke RAL 9002<\/li>\n<\/ul>\n<p>PADL\u00d3<\/p>\n<ul>\n<li>Szerkezet: bevonat n\u00e9lk\u00fcli fa-cement panelek<\/li>\n<li>Vastags\u00e1g: 16 mm<\/li>\n<li>Kapacit\u00e1s: 400 kg\/m\u00b2.<\/li>\n<\/ul>\n<p>Lehets\u00e9ges lehet\u0151s\u00e9gek<\/p>\n<ul>\n<li>2 tol\u00f3t\u00e1bla az uzsonnaablakon, egyr\u00e9teg\u0171 \u00fcvegez\u00e9ssel<\/li>\n<li>PVC padl\u00f3 + 2 IPE 16 cm-es gerenda + padl\u00f3\u00f6sszefoly\u00f3 csatlakoztatott szifonnal<\/li>\n<li>\u00c9lelmiszeripari felhaszn\u00e1l\u00e1sra alkalmas panelek dombornyomott f\u00e9mlemezzel<\/li>\n<li>\u00c9lelmiszeripari felhaszn\u00e1l\u00e1sra alkalmas panelek sima f\u00e9mlemezzel<\/li>\n<li>Mennyezetmagass\u00e1g 2,40 m, ajt\u00f3magass\u00e1g 2,20 m<\/li>\n<li>Standard elektromos szerel\u00e9s (elektromos panel + csatlakoz\u00f3doboz + kapcsol\u00f3 + 2 neonl\u00e1mpa + 2 aljzat + 1 1500 wattos csatlakoz\u00f3)<\/li>\n<li>A keret sz\u00edne szabadon v\u00e1laszthat\u00f3: feh\u00e9r RAL 9010, vil\u00e1gossz\u00fcrke RAL 9002 vagy antracitsz\u00fcrke RAL 7016.<\/li>\n<li>A panelek, a keret vagy az asztalosmunk\u00e1k m\u00e1s sz\u00ednben is v\u00e1laszthat\u00f3k.<\/li>\n<li>Padl\u00f3 alatti szigetel\u00e9s 50 mm vastag \u00fcveggyapotb\u00f3l, horganyzott ac\u00e9l v\u00e9d\u0151lemezeken.<\/li>\n<li>Meger\u0151s\u00edtett al\u00e9p\u00edtm\u00e9ny vill\u00e1s \u00e1tj\u00e1r\u00f3val (90 cm k\u00f6z\u00e9pen) a 250 cm-es vill\u00e1kkal felszerelt targonc\u00e1kkal t\u00f6rt\u00e9n\u0151 mozgat\u00e1shoz.<\/li>\n<li>Aljzat cs\u00faszd\u00e1kon (2 db 16 cm-es ipe gerenda)<\/li>\n<li>Be\u00e9p\u00edtett WC-helyis\u00e9g WC-vel + mosd\u00f3val + ajt\u00f3val + v\u00e1laszfalakkal (meleg v\u00edz a mosd\u00f3n\u00e1l fel\u00e1r ellen\u00e9ben lehets\u00e9ges).<\/li>\n<li>4 es\u0151v\u00edz lefoly\u00f3cs\u0151<\/li>\n<li>2300 w-os UNICO R10 ford\u00edthat\u00f3 l\u00e9gkondicion\u00e1l\u00f3 berendez\u00e9s<\/li>\n<li>Ablakos l\u00e9gkondicion\u00e1l\u00f3 h\u0171t\u00e9s csak 12000 BTU<\/li>\n<li>Mobil l\u00e9gkondicion\u00e1l\u00f3 SHINY 12 Megford\u00edthat\u00f3 R290 3,5 KW + ablak k\u00e9szlet<\/li>\n<li>LED csempe vagy neon LED<\/li>\n<\/ul>\n<\/div>\n<\/div>\n<\/div>","protected":false},"excerpt":{"rendered":"<p>Le\u00a0Bungalow Snack 6 m\u00e8tres\u00a0est un module qui dispose d\u2019une\u00a0porte pleine\u00a0et d\u2019une\u00a0fen\u00eatre snack\u00a0avec un\u00a0plancher renforc\u00e9 en bois-ciment, livr\u00e9 brut pour vous permettre de l\u2019adapter \u00e0 votre activit\u00e9. &nbsp; Description Bungalow Snack 6 m\u00e8tres Renforc\u00e9 Neuf Notre Bungalow Snack 6 m\u00e8tres est un module \u00e9quip\u00e9 pour les activit\u00e9s de snacking. Ce module est destin\u00e9 \u00e0 ceux qui [&hellip;]<\/p>","protected":false},"featured_media":27711,"comment_status":"open","ping_status":"closed","template":"","meta":{"_monsterinsights_skip_tracking":false,"_monsterinsights_sitenote_active":false,"_monsterinsights_sitenote_note":"","_monsterinsights_sitenote_category":0},"product_cat":[15,99],"product_tag":[],"aioseo_notices":[],"_links":{"self":[{"href":"https:\/\/alex-elec.eu\/hu\/wp-json\/wp\/v2\/product\/27710"}],"collection":[{"href":"https:\/\/alex-elec.eu\/hu\/wp-json\/wp\/v2\/product"}],"about":[{"href":"https:\/\/alex-elec.eu\/hu\/wp-json\/wp\/v2\/types\/product"}],"replies":[{"embeddable":true,"href":"https:\/\/alex-elec.eu\/hu\/wp-json\/wp\/v2\/comments?post=27710"}],"wp:featuredmedia":[{"embeddable":true,"href":"https:\/\/alex-elec.eu\/hu\/wp-json\/wp\/v2\/media\/27711"}],"wp:attachment":[{"href":"https:\/\/alex-elec.eu\/hu\/wp-json\/wp\/v2\/media?parent=27710"}],"wp:term":[{"taxonomy":"product_cat","embeddable":true,"href":"https:\/\/alex-elec.eu\/hu\/wp-json\/wp\/v2\/product_cat?post=27710"},{"taxonomy":"product_tag","embeddable":true,"href":"https:\/\/alex-elec.eu\/hu\/wp-json\/wp\/v2\/product_tag?post=27710"}],"curies":[{"name":"wp","href":"https:\/\/api.w.org\/{rel}","templated":true}]}}