{"id":27696,"date":"2023-09-21T06:29:47","date_gmt":"2023-09-21T06:29:47","guid":{"rendered":"https:\/\/alex-elec.eu\/?post_type=product&#038;p=27696"},"modified":"2023-09-21T06:29:48","modified_gmt":"2023-09-21T06:29:48","slug":"bungalow-de-stockage-2m-neuf-pour-produits-phytosanitaires","status":"publish","type":"product","link":"https:\/\/alex-elec.eu\/hu\/product\/bungalow-de-stockage-2m-neuf-pour-produits-phytosanitaires\/","title":{"rendered":"\u00daj 2M t\u00e1rol\u00f3 bungal\u00f3 n\u00f6v\u00e9ny-eg\u00e9szs\u00e9g\u00fcgyi term\u00e9kek sz\u00e1m\u00e1ra"},"content":{"rendered":"<p>K\u00edn\u00e1lunk egy 2M t\u00e1rol\u00f3 bungal\u00f3t, amely alkalmas a k\u00f6vetkez\u0151kre\u00a0<strong>t\u00e1rol\u00e1sa<\/strong>\u00a0<strong>n\u00f6v\u00e9nyv\u00e9d\u0151 szerek.<\/strong><\/p>\n<p>&nbsp;<\/p>\n<div>\n<div>Le\u00edr\u00e1s<\/div>\n<div>\n<div>\n<p>2M t\u00e1rol\u00f3 bungal\u00f3 n\u00f6v\u00e9ny-eg\u00e9szs\u00e9g\u00fcgyi term\u00e9kek sz\u00e1m\u00e1ra<\/p>\n<p>A n\u00f6v\u00e9nyv\u00e9d\u0151 szerek t\u00e1rol\u00e1s\u00e1ra szolg\u00e1l\u00f3 bungal\u00f3ink megfelelnek a k\u00f6vetkez\u0151 ig\u00e9nyeknek<strong>\u00a0vesz\u00e9lyes term\u00e9kek t\u00e1rol\u00e1sa<\/strong>. Ak\u00e1r a gazd\u00e1lkod\u00f3k, ak\u00e1r a v\u00e1llalkoz\u00e1sok sz\u00e1m\u00e1ra, gyorsan megszerezhet\u0151ek a\u00a0<strong>szigetelt t\u00e1rol\u00e1si megold\u00e1s a nagy kock\u00e1zat\u00fa foly\u00e9kony term\u00e9kek sz\u00e1m\u00e1ra<\/strong>.<\/p>\n<p>A n\u00f6v\u00e9nyv\u00e9d\u0151 szerek t\u00e1rol\u00e1s\u00e1ra szolg\u00e1l\u00f3 bungal\u00f3nk horganyzott ac\u00e9lpadl\u00f3val rendelkezik, amelynek tetej\u00e9n horganyzott ac\u00e9lr\u00e1csos csepegtet\u0151 t\u00e1lca tal\u00e1lhat\u00f3. Az alap meger\u0151s\u00edtett, villanyszerelv\u00e9nnyel ell\u00e1tott, hogy a modul 250 cm-es vill\u00e1kkal felszerelt targonc\u00e1val is kezelhet\u0151 legyen. A modul ajt\u00f3val, k\u00e9t szell\u0151z\u0151r\u00e1ccsal, LED neonvil\u00e1g\u00edt\u00e1ssal, f\u0171t\u00e9ssel \u00e9s konnektorral van felszerelve.<\/p>\n<p><strong>A sz\u00e1ll\u00edt\u00e1s a megrendel\u00e9st\u0151l sz\u00e1m\u00edtott legfeljebb 8 h\u00e9tig tart.<\/strong>\u00a0erre a modulra, b\u00e1rmilyen m\u00e9retet is v\u00e1laszt, mivel megrendel\u00e9sre k\u00e9sz\u00fcl.<\/p>\n<p>N\u00e9h\u00e1ny \u00fcgyf\u00e9l sz\u00e1m\u00e1ra ezt a modult m\u00e9r\u00e9sre k\u00e9sz\u00edtett\u00fck.<\/p>\n<p><strong>Bungal\u00f3inkat Franciaorsz\u00e1gban szerelik \u00f6ssze.<\/strong><\/p>\n<p>Le\u00edr\u00e1s \u00daj 2M-es t\u00e1rol\u00f3 bungal\u00f3 n\u00f6v\u00e9nyv\u00e9d\u0151 szerek sz\u00e1m\u00e1ra<\/p>\n<p>A n\u00f6v\u00e9ny-eg\u00e9szs\u00e9g\u00fcgyi bungal\u00f3 horganyzott ac\u00e9lv\u00e1zzal rendelkezik, RAL 9002 vil\u00e1gossz\u00fcrke sz\u00ednben lakkozva.<\/p>\n<p>A tet\u0151profil RAL 9002 vil\u00e1gossz\u00fcrke, horganyzott ac\u00e9lb\u00f3l k\u00e9sz\u00fclt,\u00a0<strong>vastags\u00e1g 1,5 mm - magass\u00e1g 150 mm<\/strong>4 daruval t\u00f6rt\u00e9n\u0151 mozgat\u00e1shoz 4 daruponttal.<\/p>\n<p>Az alapprofilok horganyzott ac\u00e9lb\u00f3l k\u00e9sz\u00fclnek, RAL 9002 vil\u00e1gossz\u00fcrke sz\u00ednben lakkozva,\u00a0<strong>vastags\u00e1g 2 mm - magass\u00e1g 160 mm<\/strong>a  c\u00edmen\u00a0<strong>a vill\u00e1k \u00e1thalad\u00e1sa<\/strong>\u00a0(90 cm k\u00f6z\u00e9ppontr\u00f3l k\u00f6z\u00e9ppontra) a 250 cm-es vill\u00e1kkal felszerelt targonc\u00e1val t\u00f6rt\u00e9n\u0151 mozgat\u00e1shoz.<\/p>\n<p>A tet\u0151 merev poliuret\u00e1n habszivacs szendvicspanelekb\u0151l k\u00e9sz\u00fcl,\u00a0<strong>30 mm vastag<\/strong>Euroclass Cs3d0. A tet\u0151fed\u00e9s hull\u00e1mos horganyzott ac\u00e9lb\u00f3l k\u00e9sz\u00fclt, oldals\u00f3 es\u0151v\u00edzelvezet\u0151kkel.<\/p>\n<p>A falak merev poliuret\u00e1n habszivacs szendvicspanelekb\u0151l k\u00e9sz\u00fclnek,\u00a0<strong>40 mm vastag<\/strong>\u00a0(vil\u00e1gossz\u00fcrke RAL 9002), Euroclass Cs3d0.<\/p>\n<p>A padl\u00f3 vastag horganyzott ac\u00e9lb\u00f3l k\u00e9sz\u00fclt.\u00a0<strong>1,2 mm - magass\u00e1g 120 mm<\/strong>csepegtet\u0151 t\u00e1lc\u00e1val, tetej\u00e9n horganyzott ac\u00e9lr\u00e1ccsal (35 x 76 mm-es h\u00e1l\u00f3). A feszt\u00e1vols\u00e1g\u00a0<strong>500 kg\/m<\/strong>\u00a0(ne haszn\u00e1ljon raklapos kocsit, ez egy opcion\u00e1lis extra).<\/p>\n<p>Ezt a modult csak \u00fcresen lehet felemelni.<\/p>\n<p>Feh\u00e9r RAL 9010 lakkozott alum\u00ednium asztalosmunk\u00e1k<\/p>\n<p>A n\u00f6v\u00e9ny-eg\u00e9szs\u00e9g\u00fcgyi bungal\u00f3 134 x 220 cm-es szigetelt t\u00f6m\u00f6r ajt\u00f3val (120 cm-es \u00e1tj\u00e1r\u00f3) \u00e9s 1 db 50 x 23 cm-es PVC szell\u0151z\u0151r\u00e1ccsal van felszerelve.<\/p>\n<p>A modul h\u00e1tlapj\u00e1n egy m\u00e1sodik, 50 x 23 cm-es PVC szell\u0151z\u0151r\u00e1cs tal\u00e1lhat\u00f3.<\/p>\n<p>220 V-os elektromos telep\u00edt\u00e9s<\/p>\n<p>A n\u00f6v\u00e9ny-eg\u00e9szs\u00e9g\u00fcgyi bungal\u00f3 fel van szerelve egy kapcsol\u00f3val, egy neon LED vagy egy mennyezeti LED l\u00e1mp\u00e1val a m\u00e9rett\u0151l f\u00fcgg\u0151en, egy 1000 wattos konvektorral, egy konnektorral, egy elektromos panellel, bele\u00e9rtve az eloszt\u00f3kat \u00e9s a megszak\u00edt\u00f3kat (maximum 6 KW) \u00e9s egy k\u00fcls\u0151 csatlakoz\u00f3dobozzal.<\/p>\n<p>M\u0171szaki specifik\u00e1ci\u00f3k<\/p>\n<p>M\u00c9RETEK<\/p>\n<ul>\n<li>K\u00fcls\u0151 magass\u00e1g: 247 cm<\/li>\n<li>Bels\u0151 magass\u00e1g: 202 cm<\/li>\n<li>Sz\u00e9less\u00e9g: 242 cm<\/li>\n<li>Hossz: 209 cm<\/li>\n<\/ul>\n<p>KERET<\/p>\n<ul>\n<li>Anyag: horganyzott \u00e9s lakkozott ac\u00e9l<\/li>\n<li>Sz\u00edn: Vil\u00e1gossz\u00fcrke RAL 9002<\/li>\n<li>Vastags\u00e1g: 1,5 mm<\/li>\n<li>Alap: magass\u00e1g 160 mm, vastags\u00e1g 2 mm<\/li>\n<li>Tet\u0151: magass\u00e1g 150 mm<\/li>\n<li>Kezel\u00e9s: 4 aljzat a tet\u0151n az emel\u0151horgok sz\u00e1m\u00e1ra, vill\u00e1kkal ell\u00e1tott al\u00e9p\u00edtm\u00e9ny a 250 cm-es vill\u00e1kkal felszerelt targonc\u00e1val t\u00f6rt\u00e9n\u0151 kezel\u00e9shez.<\/li>\n<\/ul>\n<p>SZERKEZETI<\/p>\n<ul>\n<li>Anyag: feh\u00e9rre lakkozott alum\u00ednium RAL 9010<\/li>\n<li>Ajt\u00f3(k): 1 szigetelt t\u00f6m\u00f6r ajt\u00f3, m\u00e9rete 134 x 220 cm (120 cm \u00e1tj\u00e1r\u00f3)<\/li>\n<li>Szell\u0151z\u00e9s(ek): 2 db 50 x 23 cm m\u00e9ret\u0171 PVC szell\u0151z\u0151r\u00e1cs, az egyik az ajt\u00f3n, a m\u00e1sik a h\u00e1tlapon.<\/li>\n<\/ul>\n<p>FALAK \u00c9S TET\u0150<\/p>\n<ul>\n<li>Anyag: szendvicspanelek<\/li>\n<li>Szigetel\u00e9s: Merev poliuret\u00e1nhab<\/li>\n<li>Falvastags\u00e1g: 40 mm<\/li>\n<li>Tet\u0151 vastags\u00e1ga: 30 mm<\/li>\n<li>Tet\u0151: horganyzott ac\u00e9llemez g\u00f6r\u00f6g hull\u00e1mok<\/li>\n<li>Falsz\u00edn: Vil\u00e1gossz\u00fcrke RAL 9002<\/li>\n<\/ul>\n<p>PADL\u00d3<\/p>\n<ul>\n<li>Szerkezet: horganyzott ac\u00e9l<\/li>\n<li>Vastags\u00e1g: 1,2 mm<\/li>\n<li>Felszerelts\u00e9g: csepegtet\u0151 t\u00e1lca<\/li>\n<li>Padl\u00f3: horganyzott ac\u00e9lr\u00e1cs (35\u00d776 mm-es h\u00e1l\u00f3 = nem alkalmas emel\u0151kocsival val\u00f3 haszn\u00e1latra \/ opcion\u00e1lisan szorosabb h\u00e1l\u00f3val, emel\u0151kocsival val\u00f3 haszn\u00e1latra).<\/li>\n<li>Magass\u00e1g: 120 mm<\/li>\n<li>Kapacit\u00e1s: 500 kg\/m\u00b2.<\/li>\n<\/ul>\n<p>ELEKTROMOSZOLG\u00c1LTAT\u00c1S<\/p>\n<ul>\n<li>Vil\u00e1g\u00edt\u00e1s: 1 kapcsol\u00f3 + 1 LED mennyezeti l\u00e1mpa<\/li>\n<li>F\u0171t\u00e9s: 1 x 1000 W konvektor<\/li>\n<li>Aljzat: 1 aljzat<\/li>\n<li>Panel: 1 panel, bele\u00e9rtve az inter-differenci\u00e1lis \u00e9s a megszak\u00edt\u00f3kkal egy\u00fctt.<\/li>\n<li>Csatlakoz\u00e1s: 1 k\u00fcls\u0151 csatlakoz\u00f3doboz<\/li>\n<\/ul>\n<p>Lehets\u00e9ges lehet\u0151s\u00e9gek<\/p>\n<ul>\n<li>90m3\/h l\u00e9gelsz\u00edv\u00f3 kapcsol\u00f3val<\/li>\n<li>Raklapos targonc\u00e1val val\u00f3 haszn\u00e1latra alkalmas h\u00e1l\u00f3s r\u00e1csh\u00e1l\u00f3<\/li>\n<li>Mennyezetmagass\u00e1g 2,40 m, ajt\u00f3magass\u00e1g 2,20 m<\/li>\n<\/ul>\n<\/div>\n<\/div>\n<\/div>","protected":false},"excerpt":{"rendered":"<p>Nous proposons un bungalow de stockage de 2M adapt\u00e9 pour le\u00a0stockage de\u00a0produits phytosanitaires. &nbsp; Description Bungalow de Stockage de 2M pour Produits Phytosanitaires Nos bungalows de stockage pour produits phytosanitaires permettent de r\u00e9pondre aux besoins de\u00a0stockage de produits dangereux. Que ce soit pour les agriculteurs ou les entreprises, ils permettent d\u2019obtenir rapidement\u00a0une solution de stockage [&hellip;]<\/p>","protected":false},"featured_media":27697,"comment_status":"open","ping_status":"closed","template":"","meta":{"_monsterinsights_skip_tracking":false,"_monsterinsights_sitenote_active":false,"_monsterinsights_sitenote_note":"","_monsterinsights_sitenote_category":0},"product_cat":[15,99],"product_tag":[],"aioseo_notices":[],"_links":{"self":[{"href":"https:\/\/alex-elec.eu\/hu\/wp-json\/wp\/v2\/product\/27696"}],"collection":[{"href":"https:\/\/alex-elec.eu\/hu\/wp-json\/wp\/v2\/product"}],"about":[{"href":"https:\/\/alex-elec.eu\/hu\/wp-json\/wp\/v2\/types\/product"}],"replies":[{"embeddable":true,"href":"https:\/\/alex-elec.eu\/hu\/wp-json\/wp\/v2\/comments?post=27696"}],"wp:featuredmedia":[{"embeddable":true,"href":"https:\/\/alex-elec.eu\/hu\/wp-json\/wp\/v2\/media\/27697"}],"wp:attachment":[{"href":"https:\/\/alex-elec.eu\/hu\/wp-json\/wp\/v2\/media?parent=27696"}],"wp:term":[{"taxonomy":"product_cat","embeddable":true,"href":"https:\/\/alex-elec.eu\/hu\/wp-json\/wp\/v2\/product_cat?post=27696"},{"taxonomy":"product_tag","embeddable":true,"href":"https:\/\/alex-elec.eu\/hu\/wp-json\/wp\/v2\/product_tag?post=27696"}],"curies":[{"name":"wp","href":"https:\/\/api.w.org\/{rel}","templated":true}]}}