{"id":27655,"date":"2023-09-21T06:09:08","date_gmt":"2023-09-21T06:09:08","guid":{"rendered":"https:\/\/alex-elec.eu\/?post_type=product&#038;p=27655"},"modified":"2023-09-21T06:09:08","modified_gmt":"2023-09-21T06:09:08","slug":"ensemble-de-deux-bungalows-serie-speciale","status":"publish","type":"product","link":"https:\/\/alex-elec.eu\/hu\/product\/ensemble-de-deux-bungalows-serie-speciale\/","title":{"rendered":"K\u00e9t bungal\u00f3b\u00f3l \u00e1ll\u00f3 k\u00e9szlet S\u00e9rie Sp\u00e9ciale"},"content":{"rendered":"<p>L'<strong>k\u00e9t darabos k\u00e9szlet<\/strong>\u00a0<strong>bungal\u00f3k a k\u00fcl\u00f6nleges sorozatban<\/strong>\u00a0t\u00f6k\u00e9letes kompromisszumot k\u00edn\u00e1l az \u00e1r \u00e9s a haszn\u00e1lati k\u00e9nyelem k\u00f6z\u00f6tt, \u00edgy a legt\u00f6bb alkalmaz\u00e1shoz alkalmas.<\/p>\n<div>\n<div>Le\u00edr\u00e1s<\/div>\n<div>\n<div>\n<p>Vadonat\u00faj k\u00e9t Bungalow S\u00e9rie Sp\u00e9ciale<\/p>\n<p>A \"Sp\u00e9ciale\" sorozat bungal\u00f3i a k\u00f6vetkez\u0151 modulokkal rendelkeznek\u00a0<strong>a leger\u0151sebb szerkezet a k\u00edn\u00e1latunkban<\/strong>valamint egy\u00a0<strong>jobb h\u0151- \u00e9s hangszigetel\u00e9s. Ez a meger\u0151s\u00edtett szerkezet megfelel annak a szerkezetnek, amelyn\u00e9l a<\/strong>\u00a0\u00f6sszeszerel\u0151 k\u00e9szleteket fejlesztett\u00fcnk ki.<\/p>\n<p>\u00cdgy tudunk \u00d6nnek aj\u00e1nlani\u00a0<strong>k\u00e9t bungal\u00f3b\u00f3l \u00e1ll\u00f3 szett k\u00fcl\u00f6nleges sorozat<\/strong>Ez a 27 m\u00b2-es helyis\u00e9g t\u00e1rgyal\u00f3teremk\u00e9nt, konferenciateremk\u00e9nt, nyitott t\u00e9rk\u00e9nt vagy egy\u00e9b helyis\u00e9gk\u00e9nt haszn\u00e1lhat\u00f3. Ez a szett alapfelszerelts\u00e9gk\u00e9nt 1 ajt\u00f3t \u00e9s 3 ablakot tartalmaz, de 2 ajt\u00f3val \u00e9s 2 ablakkal is konfigur\u00e1lhat\u00f3.<\/p>\n<p>Ez a modell a<strong>opci\u00f3: az alv\u00e1zba integr\u00e1lt vill\u00e1k<\/strong>hogy lehet\u0151v\u00e9 tegye\u00a0<strong>hossz\u00fa (250 cm-es) vill\u00e1kkal felszerelt targonc\u00e1val t\u00f6rt\u00e9n\u0151 kezel\u00e9s<\/strong>. Meger\u0151s\u00edtett szerkezet\u00e9vel \u00e9s k\u00f6zepes szigetel\u00e9si szintj\u00e9vel a k\u00fcl\u00f6nleges sorozat a bungal\u00f3b\u00e9rl\u0151k kedvelt v\u00e1laszt\u00e1sa.<\/p>\n<p>A maxim\u00e1lis sz\u00e1ll\u00edt\u00e1si sz\u00e9less\u00e9g miatt,\u00a0<strong>A bungal\u00f3kat teljesen \u00f6sszeszerelve \u00e9s felszerelve sz\u00e1ll\u00edtj\u00e1k,\u00a0<\/strong>de nem \u00f6sszeszerelve. A k\u00e9t modul \u00f6sszekapcsol\u00e1s\u00e1hoz sz\u00fcks\u00e9ges \u00f6sszes alkatr\u00e9szt tartalmaz\u00f3 szerel\u0151k\u00e9szletet sz\u00e1ll\u00edtunk: ac\u00e9lprofilok, rozsdamentes ac\u00e9l p\u00e1rk\u00e1ny a padl\u00f3hoz, v\u00edzszigetel\u0151 k\u00e9szlet, csavarok \u00e9s csavarok.<\/p>\n<p>Mi sz\u00e1ll\u00edtunk\u00a0<strong>egy \u00f6sszeszerel\u00e9si \u00fatmutat\u00f3t, hogy a szerel\u0151k\u00e9szletet saj\u00e1t maga telep\u00edthesse. Sz\u00fcks\u00e9g eset\u00e9n csapatainkat a helysz\u00ednre is k\u00fcldhetj\u00fck, hogy elv\u00e9gezz\u00e9k az \u00f6sszeszerel\u00e9st.\u00a0<\/strong>Ennek a szolg\u00e1ltat\u00e1snak a k\u00f6lts\u00e9ge a modulok telep\u00edt\u00e9si hely\u00e9t\u0151l f\u00fcgg\u0151en v\u00e1ltozik.<\/p>\n<p>A k\u00e9t \"Sp\u00e9ciale\" sorozat\u00fa bungal\u00f3b\u00f3l \u00e1ll\u00f3 k\u00e9szlet\u00fcnk 4 hetes sz\u00e1ll\u00edt\u00e1si id\u0151t ig\u00e9nyel, k\u00f6sz\u00f6nhet\u0151en annak, hogy \u00e1lland\u00f3 rakt\u00e1rk\u00e9szlettel rendelkez\u00fcnk a v\u00e1zb\u00f3l, a panelekb\u0151l, az asztalosmunk\u00e1kb\u00f3l \u00e9s az \u00f6sszeszerel\u0151 k\u00e9szletb\u0151l.<\/p>\n<p><strong>Bungal\u00f3inkat Franciaorsz\u00e1gban szerelik \u00f6ssze.<\/strong><\/p>\n<p>M\u0171szaki specifik\u00e1ci\u00f3k<\/p>\n<p>M\u00c9RETEK<\/p>\n<ul>\n<li>K\u00fcls\u0151 magass\u00e1g: 257 cm<\/li>\n<li>Bels\u0151 magass\u00e1g: 220 cm<\/li>\n<li>Hossz: 609 cm<\/li>\n<li>Sz\u00e9less\u00e9g: 484 cm<\/li>\n<\/ul>\n<p>KERET<\/p>\n<ul>\n<li>Le\u00edr\u00e1s : Horganyzott \u00e9s lakkozott ac\u00e9l<\/li>\n<li>Sz\u00edn: Antracitsz\u00fcrke RAL 7016<\/li>\n<li>Vastags\u00e1g: 2 mm<\/li>\n<li>Alap: magass\u00e1g 160 mm<\/li>\n<li>Tet\u0151: magass\u00e1g 250 mm<\/li>\n<li>Kezel\u00e9s: 4 aljzat a tet\u0151n az egyes modulok emel\u0151horgaihoz \u00e9s az al\u00e9p\u00edtm\u00e9nyben l\u00e9v\u0151 vill\u00e1k a targonc\u00e1val t\u00f6rt\u00e9n\u0151 kezel\u00e9shez.<\/li>\n<\/ul>\n<p>FALAK \u00c9S TET\u0150<\/p>\n<ul>\n<li>Anyag: szendvicspanelek<\/li>\n<li>Szigetel\u00e9s: Merev poliuret\u00e1nhab<\/li>\n<li>Falvastags\u00e1g: 50 mm<\/li>\n<li>Mennyezeti vastags\u00e1g: 40 mm<\/li>\n<li>Mennyezetburkolat: Horganyzott ac\u00e9llemez g\u00f6r\u00f6g hull\u00e1mokkal.<\/li>\n<li>Panel sz\u00edne: Vil\u00e1gossz\u00fcrke RAL 9002<\/li>\n<\/ul>\n<p>PADL\u00d3<\/p>\n<ul>\n<li>Szerkezet : V\u00edzleperget\u0151 forg\u00e1cslap panelek<\/li>\n<li>Vastags\u00e1g: 18 mm<\/li>\n<li>Burkolat : PVC<\/li>\n<\/ul>\n<p>SZERKEZETI<\/p>\n<ul>\n<li>Anyag: feh\u00e9rre lakkozott alum\u00ednium RAL 9010<\/li>\n<li>Ajt\u00f3(k): 1 f\u00e9lig \u00fcvegezett ajt\u00f3, m\u00e9rete 104 x 220 cm, dupla \u00fcvegez\u00e9s\u0171 r\u00e1csos ajt\u00f3<\/li>\n<li>Ablak(ok): 3 tol\u00f3ablak 104 x 110 cm m\u00e9ret\u0171, r\u00e1csos, dupla \u00fcvegez\u00e9ssel.<\/li>\n<\/ul>\n<p>ELEKTROMOSZOLG\u00c1LTAT\u00c1S<\/p>\n<ul>\n<li>Vil\u00e1g\u00edt\u00e1s: 1 kapcsol\u00f3 + 4 neon LED<\/li>\n<li>Aljzatok: 4 aljzat<\/li>\n<li>F\u0171t\u00e9s: 2 konvektoros f\u0171t\u0151test 1500 W<\/li>\n<li>Panelek: 2 panel, bele\u00e9rtve az inter-differenci\u00e1lis \u00e9s a megszak\u00edt\u00f3kkal egy\u00fctt.<\/li>\n<li>Csatlakoz\u00e1s: 2 k\u00fcls\u0151 csatlakoz\u00f3doboz<\/li>\n<\/ul>\n<p>Lehets\u00e9ges lehet\u0151s\u00e9gek<\/p>\n<ul>\n<li>A panelek, a keret vagy az asztalosmunk\u00e1k m\u00e1s sz\u00ednben is v\u00e1laszthat\u00f3k.<\/li>\n<li>Padl\u00f3 alatti szigetel\u00e9s 50 mm vastag \u00fcveggyapotb\u00f3l, horganyzott ac\u00e9l v\u00e9d\u0151lemezeken.<\/li>\n<li>Mennyezetmagass\u00e1g 2,40 m, ajt\u00f3magass\u00e1g 2,20 m<\/li>\n<li>Integr\u00e1lt WC-helyis\u00e9g WC-vel + mosd\u00f3val + ajt\u00f3val + v\u00e1laszfalakkal (meleg v\u00edz a mosd\u00f3n\u00e1l fel\u00e1r ellen\u00e9ben lehets\u00e9ges).<\/li>\n<li>Be\u00e9p\u00edtett zuhanyz\u00f3 (term\u00e9szetesen meleg v\u00edzzel) + ajt\u00f3 + v\u00e1laszfalak<\/li>\n<li>4 es\u0151v\u00edz lefoly\u00f3cs\u0151<\/li>\n<li>Alum\u00ednium asztalosmunk\u00e1k lakkozott antracitsz\u00fcrke RAL 7016<\/li>\n<li>2300 w-os UNICO R10 ford\u00edthat\u00f3 l\u00e9gkondicion\u00e1l\u00f3 berendez\u00e9s<\/li>\n<li>Ablakos l\u00e9gkondicion\u00e1l\u00f3 h\u0171t\u00e9s csak 12000 BTU<\/li>\n<li>Mobil l\u00e9gkondicion\u00e1l\u00f3 SHINY 12 Megford\u00edthat\u00f3 R290 3,5 KW + ablak k\u00e9szlet<\/li>\n<li>LED panelek neonf\u00e9nyek helyett<\/li>\n<li>Tov\u00e1bbi f\u00e9lig \u00fcvegezett ajt\u00f3, teljes ajt\u00f3 vagy teljesen \u00fcvegezett ajt\u00f3<\/li>\n<li>Kieg\u00e9sz\u00edt\u0151 ablak, \u00f6bl\u00f6s ablak, b\u00fcf\u00e9ablak vagy ablak kapuval \u00e9s higi\u00e9ni\u00e1s telefonnal<\/li>\n<li>Alum\u00ednium vagy PVC red\u0151ny\u00f6k, k\u00fcl\u00f6nleges sz\u00ednekben rendelhet\u0151k<\/li>\n<li>16 mm vastag fa-beton padl\u00f3, forg\u00e1cslap helyett (elengedhetetlen, ha a bungal\u00f3t nem emelik meg n\u00e9h\u00e1ny cm-rel blokkokkal vagy \u00e9kekkel, valamint nedves k\u00f6rnyezetben) terhelhet\u0151s\u00e9g: 400 kg\/m\u00b2.<\/li>\n<li>18 mm vastag fenolos fapadl\u00f3 forg\u00e1cslap helyett, terhelhet\u0151s\u00e9g: 500 kg\/m\u00b2.<\/li>\n<li>Nagy teherb\u00edr\u00e1s\u00fa PVC padl\u00f3burkolat a hagyom\u00e1nyos, PVC-ut\u00e1nzat\u00fa parketta vagy csemp\u00e9zett padl\u00f3 helyett.<\/li>\n<li>Sima panelek, \u00e9lelmiszer panelek, k\u0151zetgyapot panelek vagy t\u0171z\u00e1ll\u00f3 panelek<\/li>\n<li>Ajt\u00f3- \u00e9s ablakr\u00e1csok elt\u00e1vol\u00edt\u00e1sa = ingyenes<\/li>\n<li>Tov\u00e1bbi aljzatok vagy RJ45 aljzatok<\/li>\n<\/ul>\n<p>A konyhasarok hozz\u00e1ad\u00e1s\u00e1nak lehet\u0151s\u00e9gei<\/p>\n<ul>\n<li>Mosogat\u00f3egys\u00e9g 80x60cm 1 hideg t\u00e1lc\u00e1val<\/li>\n<li>Mosogat\u00f3egys\u00e9g 80x60cm 1 t\u00e1l melegv\u00edzzel<\/li>\n<li>Mosogat\u00f3szekr\u00e9ny + meleg v\u00edz + 2 f\u0151z\u0151lap + h\u0171t\u0151szekr\u00e9ny<\/li>\n<\/ul>\n<\/div>\n<\/div>\n<\/div>","protected":false},"excerpt":{"rendered":"<p>L&rsquo;ensemble de deux\u00a0bungalows de la s\u00e9rie sp\u00e9ciale\u00a0pr\u00e9sente un parfait compromis prix\/confort d\u2019utilisation, ce qui le rend adapt\u00e9 pour la plupart des utilisations. Description Ensemble Neuf de deux Bungalows S\u00e9rie Sp\u00e9ciale Les bungalows de la s\u00e9rie \u00ab Sp\u00e9ciale \u00bb sont des modules qui disposent de\u00a0la structure la plus renforc\u00e9e de notre gamme, ainsi que d\u2019une\u00a0isolation thermique [&hellip;]<\/p>","protected":false},"featured_media":27656,"comment_status":"open","ping_status":"closed","template":"","meta":{"_monsterinsights_skip_tracking":false,"_monsterinsights_sitenote_active":false,"_monsterinsights_sitenote_note":"","_monsterinsights_sitenote_category":0},"product_cat":[15,100],"product_tag":[],"aioseo_notices":[],"_links":{"self":[{"href":"https:\/\/alex-elec.eu\/hu\/wp-json\/wp\/v2\/product\/27655"}],"collection":[{"href":"https:\/\/alex-elec.eu\/hu\/wp-json\/wp\/v2\/product"}],"about":[{"href":"https:\/\/alex-elec.eu\/hu\/wp-json\/wp\/v2\/types\/product"}],"replies":[{"embeddable":true,"href":"https:\/\/alex-elec.eu\/hu\/wp-json\/wp\/v2\/comments?post=27655"}],"wp:featuredmedia":[{"embeddable":true,"href":"https:\/\/alex-elec.eu\/hu\/wp-json\/wp\/v2\/media\/27656"}],"wp:attachment":[{"href":"https:\/\/alex-elec.eu\/hu\/wp-json\/wp\/v2\/media?parent=27655"}],"wp:term":[{"taxonomy":"product_cat","embeddable":true,"href":"https:\/\/alex-elec.eu\/hu\/wp-json\/wp\/v2\/product_cat?post=27655"},{"taxonomy":"product_tag","embeddable":true,"href":"https:\/\/alex-elec.eu\/hu\/wp-json\/wp\/v2\/product_tag?post=27655"}],"curies":[{"name":"wp","href":"https:\/\/api.w.org\/{rel}","templated":true}]}}