{"id":27589,"date":"2023-09-20T17:14:45","date_gmt":"2023-09-20T17:14:45","guid":{"rendered":"https:\/\/alex-elec.eu\/?post_type=product&#038;p=27589"},"modified":"2023-09-20T17:15:23","modified_gmt":"2023-09-20T17:15:23","slug":"ensemble-de-4-bungalows-salle-de-classe-ou-bureaux","status":"publish","type":"product","link":"https:\/\/alex-elec.eu\/hu\/product\/ensemble-de-4-bungalows-salle-de-classe-ou-bureaux\/","title":{"rendered":"4 BUNGAL\u00d3 - TANTEREM VAGY IRODA"},"content":{"rendered":"<p>Cet ensemble de 4 Bungalows de 6 m\u00e8tres est id\u00e9al comme solution pour cr\u00e9er une salle de classe ou des bureaux. Il offre un aspect visuel ext\u00e9rieur moderne et attractif et\u00a0<strong>r\u00e9pond aux exigences de la norme RE2020 pour toute construction n\u00e9cessitant un permis de construire.<\/strong><\/p>\n<p><strong>\u2714 Protection incendie (R)EI30 de s\u00e9rie | \u2714 Isolation thermique (EN 10211) | \u2714 Norme RE2020<\/strong><\/p>\n<p>&nbsp;<\/p>\n<p>&nbsp;<\/p>\n<p>Le\u00edr\u00e1s<\/p>\n<p>Cet ensemble de 4 Bungalows de 6 m\u00e8tres\u00a0\u00ab\u00a0Plus Line\u00a0\u00bb\u00a0dispose d&rsquo;\u00e9quipements de haute qualit\u00e9.<\/p>\n<p>Il est parfait pour la cr\u00e9ation de\u00a0<strong>bureaux, d&rsquo;une salle de classe\u00a0<\/strong>ou d&rsquo;une<strong>\u00a0solution d\u2018espace<\/strong>\u00a0\u00e0 long terme.<\/p>\n<p>Des pi\u00e8ces o\u00f9 il fait bon vivre<\/p>\n<ul>\n<li>Id\u00e9al comme solution d\u2018espace \u00e0 long terme ou temporairement pour les cr\u00e8ches, les \u00e9coles, les bureaux, les magasins ou les h\u00e9bergements<\/li>\n<li>Aspect moderne (par exemple, nouveau design ext\u00e9rieur en gris anthracite)<\/li>\n<li>Meilleure acoustique gr\u00e2ce au plafond suspendu et aux \u00e9clairages LED encastr\u00e9s en s\u00e9rie<\/li>\n<li>Haute isolation thermique en accord avec des r\u00e9glementations d\u2018usage et de normes (par exemple MoPEC2018)<\/li>\n<li>Diverses variantes d\u2018\u00e9quipements (par exemple store \u00e0 lamelles, volet roulant en aluminium, cloison int\u00e9rieure, escalier int\u00e9rieur, vitrage total ou partiel, etc.)<\/li>\n<li><strong>Protection incendie (R)EI30 de s\u00e9rie<\/strong><\/li>\n<\/ul>\n<p>Un Design s\u00e9duisant<\/p>\n<ul>\n<li>Adaptations individuelles gr\u00e2ce au syst\u00e8me modulaire<\/li>\n<li>Porte ext\u00e9rieure sans pont thermique (Coefficient U : 0,87)<\/li>\n<li>Diverses portes de haute qualit\u00e9 (par exemple porte en alu avec vitrage complet)<\/li>\n<li>Fen\u00eatres avec profils en PVC avec 5 compartiments avec clips alu de couleur (option)<\/li>\n<li>Vitrage complet avec profil en aluminium sans pont thermique<\/li>\n<li>Vitrage isolant (Coefficient Ug : 0,7)<\/li>\n<li>Protections solaires de qualit\u00e9 et en option (stores \u00e0 lamelles ext\u00e9rieurs, volets roulants en aluminium)<\/li>\n<\/ul>\n<p>M\u0171szaki specifik\u00e1ci\u00f3k<\/p>\n<ul>\n<li><strong>Mode de construction :<\/strong>\u00a0Mont\u00e9<\/li>\n<li><strong>Hauteur ext\u00e9rieure du bungalow :<\/strong>\u00a03100 mm<\/li>\n<li><strong>Cadre du toit :<\/strong>\u00a0Construction du toit avec \u00e9coulement des eaux int\u00e9gr\u00e9 DN75, isol\u00e9e<\/li>\n<\/ul>\n<p>Peintures<\/p>\n<ul>\n<li><strong>Couleur cadre de bungalow :<\/strong>\u00a0RAL 7016 gris anthracite<\/li>\n<li><strong>Couleur des panneaux :<\/strong>\u00a0RAL 7016 gris anthracite<\/li>\n<li><strong>Coloris clips alu (profil en plastique) :<\/strong>\u00a0RAL 7016 gris anthracite<\/li>\n<li><strong>Coloris lamelles volet roulant :<\/strong>\u00a0RAL 9006 aluminium blanc<\/li>\n<\/ul>\n<p>D\u00e9cor int\u00e9rieur<\/p>\n<ul>\n<li>T\u00f4le laqu\u00e9e, d\u00e9cor blanc<\/li>\n<\/ul>\n<p>Szigetel\u00e9s<\/p>\n<ul>\n<li><strong>Isolation des parois :<\/strong>\u00a0Mousse PIR 110 mm<\/li>\n<li><strong>Isolation du plafond :<\/strong>\u00a080 mm mousse polyur\u00e9thane, 120 mm laine de verre<\/li>\n<li><strong>Isolation du plancher :<\/strong>\u00a0110 mm mousse PIR, 50 mm laine de verre<\/li>\n<\/ul>\n<p>Parois de doublage<\/p>\n<ul>\n<li><strong>Isolation contre-cloison :<\/strong>\u00a0Laine de verre 80 mm<\/li>\n<li><strong>D\u00e9cor int\u00e9rieur :<\/strong>\u00a0Plaque de placo-pl\u00e2tre recouverte de t\u00f4le, blanche<\/li>\n<\/ul>\n<p>\u00c9lectricit\u00e9<\/p>\n<ul>\n<li><strong>Branchement \u00e9lectrique :<\/strong>\u00a0Y compris cavit\u00e9s CEE<\/li>\n<li><strong>\u00c9lectricit\u00e9 :<\/strong>\u00a0FR Norme (400V\/32A\/5 fils)<\/li>\n<li><strong>Tableau de distribution de 2 rang\u00e9e(s) :<\/strong>\u00a04<\/li>\n<li><strong>Prises \u00e9lectriques doubles :<\/strong>\u00a012<\/li>\n<li><strong>Branchement direct :<\/strong>\u00a04<\/li>\n<li><strong>Interrupteur va-et-vient :<\/strong>\u00a02<\/li>\n<\/ul>\n<p>Informations sur le sol<\/p>\n<ul>\n<li><strong>\u00c9cartement des passages de fourches :<\/strong>\u00a0Sans passages de fourches<\/li>\n<li><strong>Plancher :<\/strong>\u00a0Plancher en contreplaqu\u00e9<\/li>\n<li><strong>Rev\u00eatement de sol :<\/strong>\u00a0ETERNAL, 2 mm, R10<\/li>\n<\/ul>\n<p>Vitrages du Bungalow<\/p>\n<p><strong>4 Fen\u00eatres doubles sans montant interm\u00e9diaire :<\/strong><\/p>\n<ul>\n<li>Dimensions ext\u00e9rieures de la fen\u00eatre: 1745X1200 mm<\/li>\n<li>Ouverture de fen\u00eatre: 1559X1014 mm<\/li>\n<li>Hauteur du parapet 1030 au-dessus du plancher (FOK)<\/li>\n<li>Lamelles en aluminium inject\u00e9es de mousse<\/li>\n<li>Ouvrant droit oscillo-battant, ouvrant gauche battant<\/li>\n<li>Triple vitrage ESG isol\u00e9 rempli au gaz, Ug=0,7 W\/m2K<\/li>\n<\/ul>\n<p><strong>2 Portes ext\u00e9rieures \u00ab\u00a0Thermo 65\u00a0\u00bb sans pont thermique avec groom :<\/strong><\/p>\n<ul>\n<li>Largeur libre de passage : 1000 mm<\/li>\n<li>Hauteur libre de passage : 2005 mm<\/li>\n<li>S&rsquo;ouvrant vers l&rsquo;ext\u00e9rieur<\/li>\n<li>Serrure antipanique : b\u00e9quille \u00e0 l&rsquo;ext\u00e9rieur, barre \u00e0 l&rsquo;int\u00e9rieur<\/li>\n<\/ul>\n<p>Equipements de chauffage<\/p>\n<ul>\n<li><strong>Convecteur \u00e9lectrique 2 kW :<\/strong>\u00a04<\/li>\n<\/ul>\n<p>Plafond suspendu \u00e0 dalles<\/p>\n<ul>\n<li><strong>Dalle en m\u00e9tal 600X600 mm perfor\u00e9e avec feutre acoustique :<\/strong>\u00a092<\/li>\n<\/ul>\n<p>\u00c9clairages<\/p>\n<ul>\n<li><strong>Panneau LED 600X600 mm (40 W\/4000 lm, blanc neutre) encastr\u00e9 dans le plafond :<\/strong>\u00a012<\/li>\n<\/ul>","protected":false},"excerpt":{"rendered":"<p>Cet ensemble de 4 Bungalows de 6 m\u00e8tres est id\u00e9al comme solution pour cr\u00e9er une salle de classe ou des bureaux. Il offre un aspect visuel ext\u00e9rieur moderne et attractif et\u00a0r\u00e9pond aux exigences de la norme RE2020 pour toute construction n\u00e9cessitant un permis de construire. \u2714 Protection incendie (R)EI30 de s\u00e9rie | \u2714 Isolation thermique [&hellip;]<\/p>","protected":false},"featured_media":27590,"comment_status":"open","ping_status":"closed","template":"","meta":{"_monsterinsights_skip_tracking":false,"_monsterinsights_sitenote_active":false,"_monsterinsights_sitenote_note":"","_monsterinsights_sitenote_category":0},"product_cat":[15,100],"product_tag":[],"aioseo_notices":[],"_links":{"self":[{"href":"https:\/\/alex-elec.eu\/hu\/wp-json\/wp\/v2\/product\/27589"}],"collection":[{"href":"https:\/\/alex-elec.eu\/hu\/wp-json\/wp\/v2\/product"}],"about":[{"href":"https:\/\/alex-elec.eu\/hu\/wp-json\/wp\/v2\/types\/product"}],"replies":[{"embeddable":true,"href":"https:\/\/alex-elec.eu\/hu\/wp-json\/wp\/v2\/comments?post=27589"}],"wp:featuredmedia":[{"embeddable":true,"href":"https:\/\/alex-elec.eu\/hu\/wp-json\/wp\/v2\/media\/27590"}],"wp:attachment":[{"href":"https:\/\/alex-elec.eu\/hu\/wp-json\/wp\/v2\/media?parent=27589"}],"wp:term":[{"taxonomy":"product_cat","embeddable":true,"href":"https:\/\/alex-elec.eu\/hu\/wp-json\/wp\/v2\/product_cat?post=27589"},{"taxonomy":"product_tag","embeddable":true,"href":"https:\/\/alex-elec.eu\/hu\/wp-json\/wp\/v2\/product_tag?post=27589"}],"curies":[{"name":"wp","href":"https:\/\/api.w.org\/{rel}","templated":true}]}}