{"id":27567,"date":"2023-09-20T13:04:59","date_gmt":"2023-09-20T13:04:59","guid":{"rendered":"https:\/\/alex-elec.eu\/?post_type=product&#038;p=27567"},"modified":"2026-02-07T04:29:14","modified_gmt":"2026-02-07T04:29:14","slug":"bureau-de-jardin-prefabrique-container-garden-office-v1-132m2","status":"publish","type":"product","link":"https:\/\/alex-elec.eu\/hu\/product\/bureau-de-jardin-prefabrique-container-garden-office-v1-132m2\/","title":{"rendered":"El\u0151re gy\u00e1rtott kont\u00e9ner Kerti iroda V1 \/ 13,2M2"},"content":{"rendered":"<p><strong>Ez az \u00fajrahasznos\u00edtott kont\u00e9nerben kialak\u00edtott, szigetelt, el\u0151regy\u00e1rtott iroda teljes bels\u0151 fel\u00fclete 13,2 m2.<\/strong><\/p>\n<p><strong>Ezt az irodai kont\u00e9nert haszn\u00e1latra k\u00e9szen sz\u00e1ll\u00edtjuk.<\/strong>\u00a0Val\u00f3j\u00e1ban, amint kirakodja a kiv\u00e1lasztott helyen, csatlakoztatja, \u00e9s elkezdi haszn\u00e1lni, ahogyan szeretn\u00e9. Az Office Garden V1 term\u00e9szetesen irod\u00e1nak is t\u00f6k\u00e9letes, de st\u00fadi\u00f3v\u00e1, vend\u00e9gszob\u00e1v\u00e1 vagy szabad szob\u00e1v\u00e1 is \u00e1talak\u00edthat\u00f3.<\/p>\n<p>Ez az eg\u00e9sz \u00e9vben haszn\u00e1lhat\u00f3 irodai kont\u00e9ner alapfelszerelts\u00e9gk\u00e9nt a k\u00f6vetkez\u0151kkel van felszerelve:<\/p>\n<ul>\n<li>fa burkolat<\/li>\n<li>t\u00f6m\u00f6r t\u00f6lgy parketta<\/li>\n<li>kiv\u00e1l\u00f3 min\u0151s\u00e9g\u0171 dupla \u00fcvegez\u00e9s\u0171 ablakok \u00e9s ajt\u00f3k<\/li>\n<li>elektromos csatlakoz\u00f3k<\/li>\n<li>LED f\u00e9ny<\/li>\n<li>bels\u0151 faburkolat<\/li>\n<\/ul>\n<p>Az \u00d6n ig\u00e9nyeihez igazodva sz\u00e1mos testreszab\u00e1si lehet\u0151s\u00e9g \u00e1ll rendelkez\u00e9sre, bele\u00e9rtve az ablakok elhelyez\u00e9s\u00e9t, a burkolat faanyag\u00e1t \u00e9s sz\u00edn\u00e9t. Tov\u00e1bbi inform\u00e1ci\u00f3k\u00e9rt forduljon hozz\u00e1nk bizalommal.<\/p>\n<p>Az \u00fajrahasznos\u00edtott kont\u00e9nerben kialak\u00edtott el\u0151regy\u00e1rtott iroda olyan megold\u00e1s, amely egyszerre tart\u00f3s \u00e9s alkalmazkodik a v\u00e1ltoz\u00e1sokhoz: b\u00e1rhov\u00e1 sz\u00e1ll\u00edttathatja, \u00e9s b\u00e1rmikor \u00e1talak\u00edthatja a k\u00edv\u00e1nt felhaszn\u00e1l\u00e1si m\u00f3dra. T\u00f6k\u00e9letes alternat\u00edv\u00e1ja a t\u00fal hossz\u00fa ideig tart\u00f3 ideiglenes b\u00e9rl\u00e9snek \u00e9s az olyan ingatlanv\u00e1s\u00e1rl\u00e1snak, amelyet k\u00e9s\u0151bb megb\u00e1nhat!<\/p>\n<p>&nbsp;<\/p>\n<p>Le\u00edr\u00e1s<\/p>\n<table>\n<tbody>\n<tr>\n<td><strong>K\u00fcls\u0151 hossz:<\/strong><\/td>\n<td>6,03 m<\/td>\n<td><strong>K\u00fcls\u0151 m\u00e9lys\u00e9g:<\/strong><\/td>\n<td>2,48 m<\/td>\n<\/tr>\n<tr>\n<td><strong>Bels\u0151 magass\u00e1g:<\/strong><\/td>\n<td>2,59 m<\/td>\n<td><strong>Bels\u0151 fel\u00fclet:<\/strong><\/td>\n<td>13,2 m2<\/td>\n<\/tr>\n<tr>\n<td><strong>K\u00fcls\u0151 fel\u00fclet:<\/strong><\/td>\n<td>14,6 m2<\/td>\n<td><strong>K\u00f6tet:<\/strong><\/td>\n<td>32.12 m3<\/td>\n<\/tr>\n<tr>\n<td><strong>S\u00faly:<\/strong><\/td>\n<td>3,1 tonna<\/td>\n<td><strong>Sz\u00e1ll\u00edt\u00e1s:<\/strong><\/td>\n<td>\u00d6sszeszerel\u00e9s<\/td>\n<\/tr>\n<\/tbody>\n<\/table>","protected":false},"excerpt":{"rendered":"<p>Ce bureau pr\u00e9fabriqu\u00e9 isol\u00e9 am\u00e9nag\u00e9 dans un container recycl\u00e9 totalise 13.2 m2 de surface int\u00e9rieur. Ce bureau container est livr\u00e9 pr\u00eat \u00e0 l\u2019emploi.\u00a0En effet, imm\u00e9diatement apr\u00e8s son d\u00e9chargement sur le lieu choisi, vous le branchez et pouvez commencer \u00e0 vous en servir comme vous le souhaitez. Le bureau de jardin Office Garden V1 est parfait [&hellip;]<\/p>","protected":false},"featured_media":27568,"comment_status":"open","ping_status":"closed","template":"","meta":{"_monsterinsights_skip_tracking":false,"_monsterinsights_sitenote_active":false,"_monsterinsights_sitenote_note":"","_monsterinsights_sitenote_category":0},"product_cat":[15,104],"product_tag":[],"aioseo_notices":[],"_links":{"self":[{"href":"https:\/\/alex-elec.eu\/hu\/wp-json\/wp\/v2\/product\/27567"}],"collection":[{"href":"https:\/\/alex-elec.eu\/hu\/wp-json\/wp\/v2\/product"}],"about":[{"href":"https:\/\/alex-elec.eu\/hu\/wp-json\/wp\/v2\/types\/product"}],"replies":[{"embeddable":true,"href":"https:\/\/alex-elec.eu\/hu\/wp-json\/wp\/v2\/comments?post=27567"}],"wp:featuredmedia":[{"embeddable":true,"href":"https:\/\/alex-elec.eu\/hu\/wp-json\/wp\/v2\/media\/27568"}],"wp:attachment":[{"href":"https:\/\/alex-elec.eu\/hu\/wp-json\/wp\/v2\/media?parent=27567"}],"wp:term":[{"taxonomy":"product_cat","embeddable":true,"href":"https:\/\/alex-elec.eu\/hu\/wp-json\/wp\/v2\/product_cat?post=27567"},{"taxonomy":"product_tag","embeddable":true,"href":"https:\/\/alex-elec.eu\/hu\/wp-json\/wp\/v2\/product_tag?post=27567"}],"curies":[{"name":"wp","href":"https:\/\/api.w.org\/{rel}","templated":true}]}}