{"id":27555,"date":"2023-09-20T12:59:46","date_gmt":"2023-09-20T12:59:46","guid":{"rendered":"https:\/\/alex-elec.eu\/?post_type=product&#038;p=27555"},"modified":"2023-09-20T12:59:46","modified_gmt":"2023-09-20T12:59:46","slug":"extension-de-maison-container-hansa-popup-132m2","status":"publish","type":"product","link":"https:\/\/alex-elec.eu\/hu\/product\/extension-de-maison-container-hansa-popup-132m2\/","title":{"rendered":"H\u00e1z b\u0151v\u00edt\u00e9s Kont\u00e9ner Hansa PopUp \/ 13,2M2"},"content":{"rendered":"<p><strong>A Hansa PopUp kont\u00e9nerh\u00e1z b\u0151v\u00edt\u00e9s: \u00f6kol\u00f3giai, fenntarthat\u00f3 \u00e9s rugalmas megold\u00e1s. A haszn\u00e1lt tengeri kont\u00e9nereket t\u00f6bb\u00e9 nem dobjuk ki, \u00e9s nem mell\u00e9kterm\u00e9kk\u00e9nt \u00fajrahasznos\u00edtjuk. Nemes, kifinomult \u00e9s term\u00e9szetes anyagok felhaszn\u00e1l\u00e1s\u00e1val teljesen fel\u00faj\u00edtjuk \u0151ket.  Az eredm\u00e9ny olyan kont\u00e9nerh\u00e1zak, amelyek nemcsak eleg\u00e1nsak \u00e9s modul\u00e1risak, hanem rendk\u00edv\u00fcl tart\u00f3sak is.<\/strong><\/p>\n<p>A Hansa PopUp a v\u00e9gs\u0151 h\u00e1zb\u0151v\u00edt\u00e9s vagy kerti st\u00fadi\u00f3. Egy \"igazi\" h\u00e1z minden tulajdons\u00e1g\u00e1val rendelkezik, de sokf\u00e9lek\u00e9ppen haszn\u00e1lhat\u00f3!  T\u00f6k\u00e9letesen szigetelt, ez\u00e9rt irodak\u00e9nt, st\u00fadi\u00f3k\u00e9nt, vend\u00e9gszobak\u00e9nt, sport- vagy j\u00f3gateremk\u00e9nt ugyanolyan k\u00e9nyelemmel haszn\u00e1lhat\u00f3, mint a f\u0151 otthon\u00e1ban.<\/p>\n<p>Ablakai mind dupla \u00fcvegez\u00e9s\u0171ek \u00e9s kiv\u00e1l\u00f3 min\u0151s\u00e9g\u0171ek.<\/p>\n<p>A szigetel\u00e9st poliuret\u00e1n panelek, min\u0151s\u00e9gi faburkolatok \u00e9s bels\u0151 burkolatok biztos\u00edtj\u00e1k. A fa sz\u00edne \u00e9s a ny\u00edl\u00e1sok elhelyezked\u00e9se az \u00d6n ig\u00e9nyeihez igaz\u00edthat\u00f3.<\/p>\n<p>A Hansa PopUp \u00e1talak\u00edtott kont\u00e9ner v\u00e9gre \u00d6nnel tarthat. A multimod\u00e1lis sz\u00e1ll\u00edt\u00f3 kont\u00e9nerk\u00e9nt meg\u00f6r\u00f6k\u00f6lt szabv\u00e1nyos m\u00e9retei lehet\u0151v\u00e9 teszik a sz\u00e1ll\u00edt\u00e1st.<\/p>\n<p>\u00cdgy ha a Hansa PopUp kont\u00e9ner a j\u00f6v\u0151ben hasznosabb lesz \u00d6nnek m\u00e1shol, akkor \u00e1thelyezheti. Ez\u00e1ltal a tov\u00e1bb\u00e9rt\u00e9kes\u00edt\u00e9s is sokkal k\u00f6nnyebb\u00e9 v\u00e1lik.<\/p>\n<p>&nbsp;<\/p>\n<p>Le\u00edr\u00e1s<\/p>\n<table>\n<tbody>\n<tr>\n<td><strong>K\u00fcls\u0151 hossz:<\/strong><\/td>\n<td>6,03 m<\/td>\n<td><strong>K\u00fcls\u0151 m\u00e9lys\u00e9g:<\/strong><\/td>\n<td>2,48 m<\/td>\n<\/tr>\n<tr>\n<td><strong>Bels\u0151 magass\u00e1g:<\/strong><\/td>\n<td>2,59 m<\/td>\n<td><strong>Bels\u0151 fel\u00fclet:<\/strong><\/td>\n<td>13,2 m2<\/td>\n<\/tr>\n<tr>\n<td><strong>K\u00fcls\u0151 fel\u00fclet:<\/strong><\/td>\n<td>14,6 m2<\/td>\n<td><strong>K\u00f6tet:<\/strong><\/td>\n<td>32.12 m3<\/td>\n<\/tr>\n<tr>\n<td><strong>S\u00faly:<\/strong><\/td>\n<td>4,1 tonna<\/td>\n<td><strong>Sz\u00e1ll\u00edt\u00e1s:<\/strong><\/td>\n<td>\u00d6sszeszerel\u00e9s<\/td>\n<\/tr>\n<\/tbody>\n<\/table>","protected":false},"excerpt":{"rendered":"<p>L\u2019extension de maison container Hansa PopUp: une solution \u00e9cologique, durable et souple. Les containers maritimes us\u00e9s ne sont plus jet\u00e9s ou refondus en sous produits, nous les r\u00e9novons compl\u00e8tement avec des mat\u00e9riaux nobles, raffin\u00e9s et naturels.\u00a0 Ils constituent alors des maisons containers non seulement tr\u00e8s \u00e9l\u00e9gantes et modulaires mais aussi tr\u00e8s tr\u00e8s durables. Le Hansa [&hellip;]<\/p>","protected":false},"featured_media":27556,"comment_status":"open","ping_status":"closed","template":"","meta":{"_monsterinsights_skip_tracking":false,"_monsterinsights_sitenote_active":false,"_monsterinsights_sitenote_note":"","_monsterinsights_sitenote_category":0},"product_cat":[15,104],"product_tag":[],"aioseo_notices":[],"_links":{"self":[{"href":"https:\/\/alex-elec.eu\/hu\/wp-json\/wp\/v2\/product\/27555"}],"collection":[{"href":"https:\/\/alex-elec.eu\/hu\/wp-json\/wp\/v2\/product"}],"about":[{"href":"https:\/\/alex-elec.eu\/hu\/wp-json\/wp\/v2\/types\/product"}],"replies":[{"embeddable":true,"href":"https:\/\/alex-elec.eu\/hu\/wp-json\/wp\/v2\/comments?post=27555"}],"wp:featuredmedia":[{"embeddable":true,"href":"https:\/\/alex-elec.eu\/hu\/wp-json\/wp\/v2\/media\/27556"}],"wp:attachment":[{"href":"https:\/\/alex-elec.eu\/hu\/wp-json\/wp\/v2\/media?parent=27555"}],"wp:term":[{"taxonomy":"product_cat","embeddable":true,"href":"https:\/\/alex-elec.eu\/hu\/wp-json\/wp\/v2\/product_cat?post=27555"},{"taxonomy":"product_tag","embeddable":true,"href":"https:\/\/alex-elec.eu\/hu\/wp-json\/wp\/v2\/product_tag?post=27555"}],"curies":[{"name":"wp","href":"https:\/\/api.w.org\/{rel}","templated":true}]}}