{"id":27541,"date":"2023-09-20T12:55:44","date_gmt":"2023-09-20T12:55:44","guid":{"rendered":"https:\/\/alex-elec.eu\/?post_type=product&#038;p=27541"},"modified":"2023-09-20T12:55:45","modified_gmt":"2023-09-20T12:55:45","slug":"tiny-house-interieur-container-eco-recycle-bliss-132m2","status":"publish","type":"product","link":"https:\/\/alex-elec.eu\/hu\/product\/tiny-house-interieur-container-eco-recycle-bliss-132m2\/","title":{"rendered":"Apr\u00f3 h\u00e1z \u00fajrahasznos\u00edtott \u00f6ko kont\u00e9nerben Bliss \/ 13.2M2"},"content":{"rendered":"<p><strong>Az \u00fajrahasznos\u00edtott kont\u00e9nerben l\u00e9v\u0151 apr\u00f3 h\u00e1z minden szempontb\u00f3l modern, k\u00f6rnyezetbar\u00e1t megold\u00e1s.<\/strong>\u00a0M\u00edg t\u00fal sok tengeri kont\u00e9nert kidobnak vagy mell\u00e9kterm\u00e9kk\u00e9nt \u00fajrahasznos\u00edtanak, mi hossz\u00fa t\u00e1von \u00faj \u00e9letet adunk nekik.<\/p>\n<p>A haj\u00f3z\u00e1si kont\u00e9nerekben haszn\u00e1lt szerkezeti anyagok kiv\u00e1l\u00f3 min\u0151s\u00e9g\u0171ek \u00e9s szil\u00e1rds\u00e1g\u00faak. \u00dagy tervezt\u00e9k \u0151ket, hogy ellen\u00e1lljanak a nedvess\u00e9gnek, az \u00fct\u00e9seknek \u00e9s a nyom\u00e1snak. Sz\u00e9p, tart\u00f3s anyagokkal \u00e9s felszerel\u00e9sekkel fel\u00faj\u00edtva Tiny house-okk\u00e1 v\u00e1lnak, amelyek k\u00e9nyelmes bels\u0151 terekkel, magas szint\u0171 szigetel\u00e9ssel rendelkeznek, \u00e9s ez\u00e9rt nagyon k\u00f6rnyezetbar\u00e1tok.<\/p>\n<ul>\n<li>poliuret\u00e1n panel szigetel\u00e9s padl\u00f3khoz, falakhoz \u00e9s tet\u0151kh\u00f6z<\/li>\n<li>min\u0151s\u00e9gi k\u00fcls\u0151 faburkolatok \u00e9s bels\u0151 burkolatok<\/li>\n<li>t\u00f6m\u00f6r t\u00f6lgyfa padl\u00f3<\/li>\n<li>cs\u00facsmin\u0151s\u00e9g\u0171 dupla \u00fcvegez\u00e9s\u0171 ablakok<\/li>\n<li>f\u00fcrd\u0151szoba min\u0151s\u00e9gi elemekkel (WC, zuhanyz\u00f3, mosd\u00f3)<\/li>\n<\/ul>\n<p>Ezek a kulcsrak\u00e9sz egyszintes kont\u00e9nerh\u00e1zak mobilak, ak\u00e1rcsak az els\u0151 \u00e9p\u00edt\u00e9s\u00fckkor. Az \u00d6n kulcsrak\u00e9sz kont\u00e9nerh\u00e1za teljesen felszerelt: \u00d6nnek csak be kell kapcsolnia, hogy \u00e9lvezhesse k\u00e9nyelm\u00e9t \u00e9s hat\u00e1rtalan lehet\u0151s\u00e9geit. \u00cdgy elker\u00fclheti a b\u0151v\u00edt\u00e9ssel vagy fel\u00faj\u00edt\u00e1ssal j\u00e1r\u00f3 id\u0151ig\u00e9nyes \u00e9s id\u0151ig\u00e9nyes k\u00f6t\u00f6tts\u00e9geket, amelyek hossz\u00fa id\u0151t vehetnek ig\u00e9nybe \u00e9s meglepet\u00e9sekkel j\u00e1rhatnak. Ahelyett, hogy koordin\u00e1ln\u00e1 vagy v\u00e1llaln\u00e1 a munk\u00e1latokat \u00e9s az adminisztrat\u00edv elj\u00e1r\u00e1sokat, mi az \u00d6n ig\u00e9nyeinek megfelel\u0151en helyezz\u00fck el az \u00e1talak\u00edtott apr\u00f3 h\u00e1zat, \u00e9s \u00d6n \u00e9l benne!<\/p>\n<div>\n<p><strong>A kont\u00e9nerh\u00e1zaink magas h\u0151teljes\u00edtm\u00e9nye azt jelenti, hogy eg\u00e9sz \u00e9vben lakhat\u00f3k, m\u00e9g a nagyon hideg h\u00f3napokban is.<\/strong><\/p>\n<p>Az apr\u00f3 h\u00e1z kont\u00e9ner\u00e9t az \u00d6n ig\u00e9nyei szerint mozgathatja, \u00edgy sokkal k\u00f6nnyebb\u00e9 v\u00e1lik a megfelel\u0151 d\u00f6nt\u00e9sek meghozatala, amikor lak\u00f3helyet v\u00e1ltoztat. Val\u00f3j\u00e1ban a hat\u00e1rid\u0151 el\u0151tti elad\u00e1s, a minim\u00e1lis helyig\u00e9ny \u00e9s az adminisztrat\u00edv formas\u00e1gok megold\u00e1s\u00e1nak k\u00e9nyszerei t\u00f6bb\u00e9 nem d\u00f6ntik el \u00d6n helyett a v\u00e1laszt\u00e1sait: azt teheti, amit igaz\u00e1n szeretne. Az \u00e1talak\u00edtott kont\u00e9nert k\u00f6nnyed\u00e9n tov\u00e1bb\u00e9rt\u00e9kes\u00edtheti, mivel nincs telephelyhez k\u00f6tve, elk\u00f6lt\u00f6ztetheti, hogy k\u00f6vesse \u00d6nt, vagy menedzselheti a k\u00e9t lak\u00f3hely k\u00f6z\u00f6tti \u00e1tmeneti id\u0151szakot.<\/p>\n<p>&nbsp;<\/p>\n<p>escription<\/p>\n<table>\n<tbody>\n<tr>\n<td><strong>K\u00fcls\u0151 hossz:<\/strong><\/td>\n<td>6,03 m<\/td>\n<td><strong>K\u00fcls\u0151 m\u00e9lys\u00e9g:<\/strong><\/td>\n<td>2,48 m<\/td>\n<\/tr>\n<tr>\n<td><strong>Bels\u0151 magass\u00e1g:<\/strong><\/td>\n<td>2,59 m<\/td>\n<td><strong>Bels\u0151 fel\u00fclet:<\/strong><\/td>\n<td>13,2 m2<\/td>\n<\/tr>\n<tr>\n<td><strong>K\u00fcls\u0151 fel\u00fclet:<\/strong><\/td>\n<td>14,6 m2<\/td>\n<td><strong>K\u00f6tet:<\/strong><\/td>\n<td>32.12 m3<\/td>\n<\/tr>\n<tr>\n<td><strong>S\u00faly:<\/strong><\/td>\n<td>3,5 tonna<\/td>\n<td><strong>Sz\u00e1ll\u00edt\u00e1s:<\/strong><\/td>\n<td>\u00d6sszeszerel\u00e9s<\/td>\n<\/tr>\n<\/tbody>\n<\/table>\n<\/div>","protected":false},"excerpt":{"rendered":"<p>La Tiny house \u00e0 l\u2019int\u00e9rieur d\u2019un container recycl\u00e9 est une solution \u00e9cologique \u00e0 tout point de vue et moderne.\u00a0Tandis que de trop nombreux containers maritimes sont jet\u00e9s ou refondus en sous produits, nous leurs redonnons vie tr\u00e8s durablement. En effet les mat\u00e9riaux de structure des containers maritimes sont d\u2019excellente qualit\u00e9 et solidit\u00e9. Il sont con\u00e7us [&hellip;]<\/p>","protected":false},"featured_media":27545,"comment_status":"open","ping_status":"closed","template":"","meta":{"_monsterinsights_skip_tracking":false,"_monsterinsights_sitenote_active":false,"_monsterinsights_sitenote_note":"","_monsterinsights_sitenote_category":0},"product_cat":[15,104],"product_tag":[],"aioseo_notices":[],"_links":{"self":[{"href":"https:\/\/alex-elec.eu\/hu\/wp-json\/wp\/v2\/product\/27541"}],"collection":[{"href":"https:\/\/alex-elec.eu\/hu\/wp-json\/wp\/v2\/product"}],"about":[{"href":"https:\/\/alex-elec.eu\/hu\/wp-json\/wp\/v2\/types\/product"}],"replies":[{"embeddable":true,"href":"https:\/\/alex-elec.eu\/hu\/wp-json\/wp\/v2\/comments?post=27541"}],"wp:featuredmedia":[{"embeddable":true,"href":"https:\/\/alex-elec.eu\/hu\/wp-json\/wp\/v2\/media\/27545"}],"wp:attachment":[{"href":"https:\/\/alex-elec.eu\/hu\/wp-json\/wp\/v2\/media?parent=27541"}],"wp:term":[{"taxonomy":"product_cat","embeddable":true,"href":"https:\/\/alex-elec.eu\/hu\/wp-json\/wp\/v2\/product_cat?post=27541"},{"taxonomy":"product_tag","embeddable":true,"href":"https:\/\/alex-elec.eu\/hu\/wp-json\/wp\/v2\/product_tag?post=27541"}],"curies":[{"name":"wp","href":"https:\/\/api.w.org\/{rel}","templated":true}]}}