{"id":27524,"date":"2023-09-20T12:50:37","date_gmt":"2023-09-20T12:50:37","guid":{"rendered":"https:\/\/alex-elec.eu\/?post_type=product&#038;p=27524"},"modified":"2023-09-20T12:50:37","modified_gmt":"2023-09-20T12:50:37","slug":"conteneur-dexpedition-sauna-cabin-v6","status":"publish","type":"product","link":"https:\/\/alex-elec.eu\/hu\/product\/conteneur-dexpedition-sauna-cabin-v6\/","title":{"rendered":"Haj\u00f3kont\u00e9ner szauna kabin V6"},"content":{"rendered":"<p>A V6 szaunakabin sz\u00e1ll\u00edt\u00f3kont\u00e9nert teljesen szigetelve \u00e9s kulcsrak\u00e9szen sz\u00e1ll\u00edtjuk. \u00d6nnek csak a csatlakoz\u00e1sokat kell el\u0151k\u00e9sz\u00edtenie, \u00e9s a sz\u00e1ll\u00edt\u00e1st \u00e9s csatlakoztat\u00e1st k\u00f6vet\u0151en azonnal megkezdheti az els\u0151 szaun\u00e1z\u00e1st. A szauna egy t\u00f6lgyfa parkett\u00e1val burkolt el\u0151szob\u00e1b\u00f3l, egy szaunakabinb\u00f3l \u00e9s egy zuhanykabinb\u00f3l \u00e1ll. A szauna \u00e9s a zuhanykabin teakfa padl\u00f3val rendelkezik. A kont\u00e9ner k\u00edv\u00fcl-bel\u00fcl f\u00e1val van kib\u00e9lelve. LED-es aljzatokkal \u00e9s vil\u00e1g\u00edt\u00e1ssal, valamint kiv\u00e1l\u00f3 min\u0151s\u00e9g\u0171, dupla \u00fcvegez\u00e9s\u0171 ajt\u00f3kkal \u00e9s ablakokkal rendelkezik. A zuhanyfej \u00e9s a szerelv\u00e9nyek az Ador\u00e1t\u00f3l sz\u00e1rmaznak, \u00e9s van melegv\u00edz-bojler. A szaunafelszerel\u00e9s \u00e9gerf\u00e1b\u00f3l k\u00e9sz\u00fclt, a HUUM k\u00e1lyha pedig m\u00e1r elnyerte a formatervez\u00e9si d\u00edjat. A szauna h\u00e1rom-n\u00e9gy feln\u0151tt befogad\u00e1s\u00e1ra alkalmas.<\/p>\n<p>&nbsp;<\/p>\n<p>Konyha (+\u20ac2,700.00)<\/p>\n<p>&nbsp;<\/p>\n<p>M\u0171szaki r\u00e9szletek:<\/p>\n<table>\n<tbody>\n<tr>\n<td>El\u0151t\u00e9r:<\/td>\n<td>14.6m\u00b2<\/td>\n<td>Magass\u00e1g:<\/td>\n<td>2,59 milli\u00f3<\/td>\n<\/tr>\n<tr>\n<td>Bels\u0151 t\u00e9r:<\/td>\n<td>13.2m\u00b2<\/td>\n<td>K\u00f6tet:<\/td>\n<td>32.12m\u00b3<\/td>\n<\/tr>\n<tr>\n<td>Hossz\u00fas\u00e1g:<\/td>\n<td>6,03 milli\u00f3<\/td>\n<td>S\u00faly:<\/td>\n<td>3,5 tonna<\/td>\n<\/tr>\n<tr>\n<td>M\u00e9lys\u00e9g:<\/td>\n<td>2,48 milli\u00f3<\/td>\n<td>Sz\u00e1ll\u00edt\u00e1s:<\/td>\n<td>Teljesen \u00f6sszeszerelve<\/td>\n<\/tr>\n<\/tbody>\n<\/table>\n<p>Tov\u00e1bbi inform\u00e1ci\u00f3k<\/p>\n<p>\u00c9vente t\u00f6bb ezer tonna ac\u00e9l v\u00e9sz k\u00e1rba vil\u00e1gszerte az eldobhat\u00f3 haj\u00f3z\u00e1si kont\u00e9nerekben. Mi megtal\u00e1ltuk a m\u00f3dj\u00e1t, hogy \u00fajrahasznos\u00edtsuk \u0151ket, \u00e9s gy\u00f6ny\u00f6r\u0171 kerti f\u00e9szereket alak\u00edtsunk ki bel\u0151l\u00fck. Ez\u00e1ltal a kont\u00e9ner teljesen \u00faj funkci\u00f3t kap az \u00e9letben, \u00e9s elker\u00fclhet\u0151 a hullad\u00e9kszennyez\u00e9s. Az ablakokhoz \u00e9s ajt\u00f3khoz v\u00e1gott \u00f6sszes ac\u00e9lt \u00fajrahasznos\u00edtjuk. Minden egyes kont\u00e9ner \u00e9lete a haj\u00f3z\u00e1sban telt el, \u00e9s hossz\u00fa utat tett meg. Ahogy az emberi arcokon is megjelennek a nevet\u0151r\u00e1ncok, \u00fagy a kont\u00e9nereken is vannak karcol\u00e1sok \u00e9s furcsas\u00e1gok az \u00fat sor\u00e1n. Minden kont\u00e9ner egyedi, \u00e9s ezek a t\u00f6k\u00e9letlens\u00e9gek l\u00e1that\u00f3ak maradnak a kabinon, de semmit sem vesznek el a sz\u00e9ps\u00e9g\u00e9b\u0151l.<\/p>\n<p>&nbsp;<\/p>\n<table>\n<tbody>\n<tr>\n<td>K\u00fcls\u0151 burkolat:<\/td>\n<\/tr>\n<tr>\n<td><\/td>\n<td>20 x 95 mm-es szib\u00e9riai v\u00f6r\u00f6sfeny\u0151b\u0151l k\u00e9sz\u00fclt k\u00fcls\u0151 burkolat<\/td>\n<\/tr>\n<tr>\n<td>A szib\u00e9riai v\u00f6r\u00f6sfeny\u0151 faanyaga er\u0151sen gyant\u00e1s \u00e9s rendk\u00edv\u00fcl ellen\u00e1ll\u00f3. A vil\u00e1g egyik legtart\u00f3sabb \u00e9s legtart\u00f3sabb puhaf\u00e1ja. A szib\u00e9riai v\u00f6r\u00f6sfeny\u0151 el\u0151nye a leny\u0171g\u00f6z\u0151 m\u00e9retstabilit\u00e1s, az alacsony k\u00f6lts\u00e9gek, az alacsony karbantart\u00e1si ig\u00e9ny \u00e9s a magas gy\u00e1rt\u00e1si szabv\u00e1nyok.<\/td>\n<\/tr>\n<tr>\n<td>Ablak:<\/td>\n<\/tr>\n<tr>\n<td>Ajt\u00f3k \u00e9s ablakok fekete PVC kerettel. 6 + 6 mm-es, argonnal t\u00f6lt\u00f6tt, kett\u0151s edzett \u00fcveg. A keretek sz\u00edne az ablakgy\u00e1rt\u00f3 aj\u00e1nlatai keret\u00e9ben v\u00e1ltoztathat\u00f3.<\/td>\n<\/tr>\n<tr>\n<td>Szigetel\u00e9s:<\/td>\n<\/tr>\n<tr>\n<td>Szigetel\u00e9sk\u00e9nt z\u00e1rt cell\u00e1s poliuret\u00e1nhabot haszn\u00e1ltak. A poliuret\u00e1nhab minden l\u00e9gteret lez\u00e1r. \u00cdgy a V6 haj\u00f3z\u00e1si kont\u00e9ner szaun\u00e1ja ny\u00e1ron h\u0171v\u00f6s marad, t\u00e9len pedig meleg, an\u00e9lk\u00fcl, hogy megterheln\u00e9 a p\u00e9nz\u00fcgyeit. A tet\u0151 bel\u00fclr\u0151l 150 mm vastag r\u00e9teggel, a falak bel\u00fclr\u0151l 50 mm vastag r\u00e9teggel, a padl\u00f3 pedig 100 mm vastag r\u00e9teggel van szigetelve.<\/td>\n<\/tr>\n<tr>\n<td>Bels\u0151 d\u00edsz\u00edt\u00e9s:<\/td>\n<\/tr>\n<tr>\n<td><\/td>\n<td>A bels\u0151 falakat \u00e9s a mennyezetet skandin\u00e1v lucfeny\u0151 bor\u00edtja. A lucfeny\u0151f\u00e1t OSMO faviasszal v\u00e9dik, ami v\u00edz- \u00e9s szennyez\u0151d\u00e9s\u00e1ll\u00f3 fel\u00fcletet biztos\u00edt.<\/td>\n<\/tr>\n<tr>\n<td>F\u00f6ld:<\/td>\n<\/tr>\n<tr>\n<td>A kont\u00e9ner padl\u00f3j\u00e1t elt\u00e1vol\u00edtott\u00e1k \u00e9s \u00faj h\u0151szigetelt padl\u00f3ra cser\u00e9lt\u00e9k. A t\u00f6lgyfa padl\u00f3t padl\u00f3burkolatk\u00e9nt haszn\u00e1lt\u00e1k. Ez az \u00d6n sz\u00e1m\u00e1ra k\u00e9nyelmet, st\u00edlust \u00e9s tart\u00f3ss\u00e1got jelent, amely gener\u00e1ci\u00f3kon \u00e1t tart.<\/td>\n<\/tr>\n<tr>\n<td>Vil\u00e1g\u00edt\u00e1s \u00e9s konnektorok felszerel\u00e9se :<\/td>\n<\/tr>\n<tr>\n<td>\n<ul>\n<li>LED mennyezeti l\u00e1mp\u00e1k az eg\u00e9sz Tiny-House-ban<\/li>\n<li>K\u00fclt\u00e9ri l\u00e1mpa<\/li>\n<li>H\u00e1rom k\u00fcls\u0151 aljzat<\/li>\n<li>Hat bels\u0151 aljzat<\/li>\n<\/ul>\n<\/td>\n<\/tr>\n<tr>\n<td>Zuhanyz\u00f3:<\/td>\n<\/tr>\n<tr>\n<td><\/td>\n<td>50L bojler, Adora zuhanycsap. A zuhanycsap sz\u00edne v\u00e1laszthat\u00f3 - arany, kr\u00f3m vagy fekete.<\/td>\n<\/tr>\n<tr>\n<td><\/td>\n<td>A szauna \u00e9gerf\u00e1val van felszerelve. A HUUM szaunak\u00e1lyha d\u00edjnyertes formatervez\u00e9s\u0171.<\/td>\n<\/tr>\n<\/tbody>\n<\/table>","protected":false},"excerpt":{"rendered":"<p>Le conteneur maritime cabine sauna V6 est livr\u00e9 enti\u00e8rement isol\u00e9 et cl\u00e9 en main. Vous ne pr\u00e9parez que les connexions et pouvez commencer imm\u00e9diatement avec la premi\u00e8re s\u00e9ance de sauna apr\u00e8s la livraison et la connexion. Le sauna se compose d\u2019une antichambre, am\u00e9nag\u00e9e avec parquet en ch\u00eane, d\u2019une cabine de sauna et d\u2019une cabine de [&hellip;]<\/p>","protected":false},"featured_media":27525,"comment_status":"open","ping_status":"closed","template":"","meta":{"_monsterinsights_skip_tracking":false,"_monsterinsights_sitenote_active":false,"_monsterinsights_sitenote_note":"","_monsterinsights_sitenote_category":0},"product_cat":[15,104],"product_tag":[],"aioseo_notices":[],"_links":{"self":[{"href":"https:\/\/alex-elec.eu\/hu\/wp-json\/wp\/v2\/product\/27524"}],"collection":[{"href":"https:\/\/alex-elec.eu\/hu\/wp-json\/wp\/v2\/product"}],"about":[{"href":"https:\/\/alex-elec.eu\/hu\/wp-json\/wp\/v2\/types\/product"}],"replies":[{"embeddable":true,"href":"https:\/\/alex-elec.eu\/hu\/wp-json\/wp\/v2\/comments?post=27524"}],"wp:featuredmedia":[{"embeddable":true,"href":"https:\/\/alex-elec.eu\/hu\/wp-json\/wp\/v2\/media\/27525"}],"wp:attachment":[{"href":"https:\/\/alex-elec.eu\/hu\/wp-json\/wp\/v2\/media?parent=27524"}],"wp:term":[{"taxonomy":"product_cat","embeddable":true,"href":"https:\/\/alex-elec.eu\/hu\/wp-json\/wp\/v2\/product_cat?post=27524"},{"taxonomy":"product_tag","embeddable":true,"href":"https:\/\/alex-elec.eu\/hu\/wp-json\/wp\/v2\/product_tag?post=27524"}],"curies":[{"name":"wp","href":"https:\/\/api.w.org\/{rel}","templated":true}]}}