{"id":27464,"date":"2023-09-20T05:29:58","date_gmt":"2023-09-20T05:29:58","guid":{"rendered":"https:\/\/alex-elec.eu\/?post_type=product&#038;p=27464"},"modified":"2023-09-20T05:29:59","modified_gmt":"2023-09-20T05:29:59","slug":"container-10-pieds-frigorifique-reefer-neuf","status":"publish","type":"product","link":"https:\/\/alex-elec.eu\/hu\/product\/container-10-pieds-frigorifique-reefer-neuf\/","title":{"rendered":"Reefer 10ft h\u0171t\u00f6tt kont\u00e9ner \u00daj"},"content":{"rendered":"<p>Le\u00a0<strong>\u00faj 10 l\u00e1bas h\u0171t\u0151kont\u00e9ner<\/strong>\u00a0m\u00e1s n\u00e9ven\u00a0<strong>3m-es h\u0171t\u0151kont\u00e9ner<\/strong>\u00a0sz\u00e1mos \u00e9lelmiszer \u00e9s nem \u00e9lelmiszer jelleg\u0171 term\u00e9k t\u00e1rol\u00e1s\u00e1ra alkalmas, ellen\u0151rz\u00f6tt l\u00e9gk\u00f6rben. Mivel ez a kont\u00e9ner meglehet\u0151sen ritka a haszn\u00e1lt piacon, ez\u00e9rt egy 20 l\u00e1b hossz\u00fa h\u0171t\u0151kont\u00e9nerb\u0151l k\u00e9sz\u00fclt egyedi gy\u00e1rt\u00e1s\u00fa.<\/p>\n<p>Ezek az \u00e1talak\u00edt\u00e1sok m\u0171helyl\u00e1togat\u00e1st ig\u00e9nyelnek, \u00e9s indokolj\u00e1k a magasabb \u00e1rat, mint egy hagyom\u00e1nyos 20' vagy 40' kont\u00e9ner. Nagym\u00e9rt\u00e9kben ellen\u00e1ll az \u00fct\u00e9seknek \u00e9s az id\u0151j\u00e1r\u00e1s viszontags\u00e1gainak, v\u00edz- \u00e9s l\u00e9gmentes, \u00e9s megfelel a Franciaorsz\u00e1gon k\u00edv\u00fcli sz\u00e1ll\u00edt\u00e1shoz sz\u00fcks\u00e9ges valamennyi felt\u00e9telnek (CSC-szabv\u00e1nyok, j\u00f3v\u00e1hagy\u00e1s stb.).<\/p>\n<p>&nbsp;<\/p>\n<p>&nbsp;<\/p>\n<p>M\u0171szaki adatok.<\/p>\n<p><strong>Bels\u0151 m\u00e9retek<\/strong><\/p>\n<p>-Hossz\u00fas\u00e1g: 2,389 mm<\/p>\n<p>-Sz\u00e9less\u00e9g: 2 294 mm<\/p>\n<p>-Magass\u00e1g: 2,273 mm<\/p>\n<p>-Bels\u0151 magass\u00e1g (terhelhet\u0151s\u00e9gi hat\u00e1rig): 2,173 mm<\/p>\n<p>&nbsp;<\/p>\n<p><strong>K\u00fcls\u0151 m\u00e9retek<\/strong><\/p>\n<p>-Hossz: 2,991 mm<\/p>\n<p>-Sz\u00e9less\u00e9g: 2,438 mm<\/p>\n<p>-Magass\u00e1g: 2 591 mm<\/p>\n<p>&nbsp;<\/p>\n<p><strong>Ajt\u00f3 m\u00e9retei<\/strong><\/p>\n<p>-Sz\u00e9less\u00e9g: 2,292 mm<\/p>\n<p>-Magass\u00e1g: 2,264 mm<\/p>\n<p>&nbsp;<\/p>\n<p><strong>H\u0151m\u00e9rs\u00e9klet :\u00a0\u00a0<\/strong>-25 \u00e9s 25\u00b0C k\u00f6z\u00f6tt<\/p>\n<p>&nbsp;<\/p>\n<p><strong>H\u0171t\u0151k\u00f6zeg<\/strong><\/p>\n<p>-R134 A<\/p>\n<p>-R404<\/p>\n<p>-R442 k\u00e9r\u00e9sre<\/p>\n<p>&nbsp;<\/p>\n<p><strong>Szerkezet :\u00a0<\/strong>CORTEN \u00e9s nemesac\u00e9l<\/p>\n<p><strong>Padl\u00f3<\/strong><\/p>\n<p>T-ALAK\u00da ALUM\u00cdNIUM S\u00cdN<\/p>\n<p>Kezel\u00e9s Daikin, Thermoking vagy Carrier vez\u00e9rl\u0151panelen kereszt\u00fcl<\/p>\n<p>Dupla sz\u00e1rnyas ny\u00edl\u00e1s az egyik oldalon<\/p>\n<p>270\u00b0-os ajt\u00f3nyit\u00e1s<\/p>\n<p>&nbsp;<\/p>\n<p><strong>Tov\u00e1bbi inform\u00e1ci\u00f3k<\/strong><\/p>\n<p>-Maxim\u00e1lis terhel\u00e9s: 12,400 kg<\/p>\n<p>-Lerakott t\u00f6meg: 2,600 kg<\/p>\n<p>-Maxim\u00e1lis s\u00faly: 15,000 kg<\/p>\n<p>-Hasznos\u00edthat\u00f3 bels\u0151 t\u00e9rfogat (a maxim\u00e1lis szell\u0151z\u0151sorig): 11,91 m3<\/p>\n<p>-Teljes bels\u0151 t\u00e9rfogat: 12,45 m3<\/p>\n<p>&nbsp;<\/p>\n<p>El\u0151ny\u00f6k :<\/p>\n<p>&nbsp;<\/p>\n<p>-25 \u00e9s +25\u00b0 k\u00f6z\u00f6tti h\u0151m\u00e9rs\u00e9klet-szab\u00e1lyoz\u00e1s termoszt\u00e1ttal<\/p>\n<p>+\/- 0,1\u00b0c pontoss\u00e1g\u00fa<\/p>\n<p>-Egyszer\u0171 haszn\u00e1lat<\/p>\n<p>-Kisz\u00e1ll\u00edtva \u00e9s haszn\u00e1latra k\u00e9szen<\/p>\n<p>-Vez\u00e9relt h\u0171t\u0151egys\u00e9g<\/p>\n<p>-70 mm vastag szigetel\u00e9s<\/p>\n<p>-Megfelel\u0151s\u00e9g ISO 12R1 t\u00edpus - ISO 12RT csoport<\/p>\n<p>-Alkalmas HACCP (vesz\u00e9lyelemz\u00e9s kritikus ellen\u0151rz\u00e9si pontok) tervekhez.<\/p>","protected":false},"excerpt":{"rendered":"<p>Le\u00a0container 10 pieds reefer neuf\u00a0, appel\u00e9 aussi\u00a0conteneur 3m frigorifique\u00a0permet de stocker une multitude de produits alimentaires ou non-alimentaires dans une atmosph\u00e8re contr\u00f4l\u00e9e. Ce container \u00e9tant assez rare sur le march\u00e9 de l\u2019occasion, il est alors fabriqu\u00e9 sur mesure \u00e0 partir d\u2019un container 20 pieds reefer. Ces transformations n\u00e9cessitent un passage en atelier et justifient le [&hellip;]<\/p>","protected":false},"featured_media":27465,"comment_status":"open","ping_status":"closed","template":"","meta":{"_monsterinsights_skip_tracking":false,"_monsterinsights_sitenote_active":false,"_monsterinsights_sitenote_note":"","_monsterinsights_sitenote_category":0},"product_cat":[15,105],"product_tag":[],"aioseo_notices":[],"_links":{"self":[{"href":"https:\/\/alex-elec.eu\/hu\/wp-json\/wp\/v2\/product\/27464"}],"collection":[{"href":"https:\/\/alex-elec.eu\/hu\/wp-json\/wp\/v2\/product"}],"about":[{"href":"https:\/\/alex-elec.eu\/hu\/wp-json\/wp\/v2\/types\/product"}],"replies":[{"embeddable":true,"href":"https:\/\/alex-elec.eu\/hu\/wp-json\/wp\/v2\/comments?post=27464"}],"wp:featuredmedia":[{"embeddable":true,"href":"https:\/\/alex-elec.eu\/hu\/wp-json\/wp\/v2\/media\/27465"}],"wp:attachment":[{"href":"https:\/\/alex-elec.eu\/hu\/wp-json\/wp\/v2\/media?parent=27464"}],"wp:term":[{"taxonomy":"product_cat","embeddable":true,"href":"https:\/\/alex-elec.eu\/hu\/wp-json\/wp\/v2\/product_cat?post=27464"},{"taxonomy":"product_tag","embeddable":true,"href":"https:\/\/alex-elec.eu\/hu\/wp-json\/wp\/v2\/product_tag?post=27464"}],"curies":[{"name":"wp","href":"https:\/\/api.w.org\/{rel}","templated":true}]}}