{"id":27459,"date":"2023-09-20T05:26:40","date_gmt":"2023-09-20T05:26:40","guid":{"rendered":"https:\/\/alex-elec.eu\/?post_type=product&#038;p=27459"},"modified":"2023-09-20T05:26:40","modified_gmt":"2023-09-20T05:26:40","slug":"container-20-pieds-frigorifique-reefer-occasion-classe-a","status":"publish","type":"product","link":"https:\/\/alex-elec.eu\/hu\/product\/container-20-pieds-frigorifique-reefer-occasion-classe-a\/","title":{"rendered":"Haszn\u00e1lt 20ft Reefer h\u0171t\u0151kont\u00e9ner (A oszt\u00e1ly)"},"content":{"rendered":"<p>Le\u00a0<strong>h\u0171t\u0151kont\u00e9ner<\/strong>\u00a0vagy\u00a0<strong>haszn\u00e1lt 20 l\u00e1bas h\u0171t\u0151kont\u00e9ner<\/strong>\u00a0a h\u0151m\u00e9rs\u00e9klet- \u00e9s p\u00e1ratartalom-szab\u00e1lyoz\u00e1st ig\u00e9nyl\u0151 friss term\u00e9kek \u00e1lland\u00f3 vagy alkalmi t\u00e1rol\u00e1s\u00e1ra szolg\u00e1l\u00f3 standard megold\u00e1s, amely \u00e1talak\u00edthat\u00f3 \u00e9s felszerelhet\u0151.<\/p>\n<p>Ez a rendk\u00edv\u00fcl mobil, szabv\u00e1nyos m\u00e9ret\u0171 h\u0171t\u0151kamra ide\u00e1lis megold\u00e1s az \u00e9lelmiszer-kereskedelem, az ipar \u00e9s a rendezv\u00e9nyek sz\u00e1m\u00e1ra.<\/p>\n<p>&nbsp;<\/p>\n<p>&nbsp;<\/p>\n<p>M\u0171szaki adatok.<\/p>\n<p><strong>Bels\u0151 m\u00e9retek<\/strong><\/p>\n<p>-Hossz: 5,456 mm<\/p>\n<p>-Sz\u00e9less\u00e9g: 2 294 mm<\/p>\n<p>-Magass\u00e1g: 2,273 mm<\/p>\n<p>-Bels\u0151 magass\u00e1g (terhelhet\u0151s\u00e9gi hat\u00e1rig): 2,173 mm<\/p>\n<p>&nbsp;<\/p>\n<p><strong>K\u00fcls\u0151 m\u00e9retek<\/strong><\/p>\n<p>-Hossz: 6,058 mm<\/p>\n<p>-Sz\u00e9less\u00e9g: 2,438 mm<\/p>\n<p>-Magass\u00e1g: 2 591 mm<\/p>\n<p>&nbsp;<\/p>\n<p><strong>Ajt\u00f3 m\u00e9retei<\/strong><\/p>\n<p>-Sz\u00e9less\u00e9g: 2,292 mm<\/p>\n<p>-Magass\u00e1g: 2,264 mm<\/p>\n<p>&nbsp;<\/p>\n<p><strong>H\u0151m\u00e9rs\u00e9klet :\u00a0\u00a0<\/strong>-25 \u00e9s 25\u00b0C k\u00f6z\u00f6tt<\/p>\n<p>&nbsp;<\/p>\n<p><strong>H\u0171t\u0151k\u00f6zeg<\/strong><\/p>\n<p>-R134 A<\/p>\n<p>-R404<\/p>\n<p>-R442 k\u00e9r\u00e9sre<\/p>\n<p>&nbsp;<\/p>\n<p><strong>Szerkezet :\u00a0<\/strong>CORTEN \u00e9s nemesac\u00e9l<\/p>\n<p><strong>Padl\u00f3<\/strong><\/p>\n<p>T-ALAK\u00da ALUM\u00cdNIUM S\u00cdN<\/p>\n<p>Kezel\u00e9s Daikin, Thermoking vagy Carrier vez\u00e9rl\u0151panelen kereszt\u00fcl<\/p>\n<p>Legfeljebb 10 eur\u00f3s raklap t\u00e1rol\u00e1sa<\/p>\n<p>Dupla sz\u00e1rnyas ny\u00edl\u00e1s az egyik oldalon<\/p>\n<p>270\u00b0-os ajt\u00f3nyit\u00e1s<\/p>\n<p>&nbsp;<\/p>\n<p><strong>Tov\u00e1bbi inform\u00e1ci\u00f3k<\/strong><\/p>\n<p>-Maxim\u00e1lis terhel\u00e9s: 30,480 kg<\/p>\n<p>-Lehetetlen t\u00f6meg: 2,900 kg<\/p>\n<p>-Maxim\u00e1lis s\u00faly: 27,580 kg<\/p>\n<p>-Hasznos\u00edthat\u00f3 bels\u0151 t\u00e9rfogat (a maxim\u00e1lis szell\u0151z\u0151vonalig): 27,20 m3<\/p>\n<p>-Teljes bels\u0151 t\u00e9rfogat: 28,6 m3<\/p>\n<p>&nbsp;<\/p>\n<p>Haszn\u00e1lt 20ft Reefer h\u0171t\u0151kont\u00e9ner (A oszt\u00e1ly)<\/p>","protected":false},"excerpt":{"rendered":"<p>Le\u00a0conteneur frigorifique\u00a0ou\u00a0conteneur Reefer 20 pieds occasion\u00a0est la solution standard pour le stockage permanent ou ponctuel de produits frais n\u00e9cessitants un contr\u00f4le de la temp\u00e9rature et de l&rsquo;hygrom\u00e9trie, il est \u00e9galement transformable et am\u00e9nageable. Tr\u00e8s mobile, cette chambre froide de taille standard est la solution id\u00e9ale pour les m\u00e9tiers de bouche, l&rsquo;industrie et l&rsquo;\u00e9v\u00e9nementiel. &nbsp; &nbsp; [&hellip;]<\/p>","protected":false},"featured_media":27460,"comment_status":"open","ping_status":"closed","template":"","meta":{"_monsterinsights_skip_tracking":false,"_monsterinsights_sitenote_active":false,"_monsterinsights_sitenote_note":"","_monsterinsights_sitenote_category":0},"product_cat":[15,105],"product_tag":[],"aioseo_notices":[],"_links":{"self":[{"href":"https:\/\/alex-elec.eu\/hu\/wp-json\/wp\/v2\/product\/27459"}],"collection":[{"href":"https:\/\/alex-elec.eu\/hu\/wp-json\/wp\/v2\/product"}],"about":[{"href":"https:\/\/alex-elec.eu\/hu\/wp-json\/wp\/v2\/types\/product"}],"replies":[{"embeddable":true,"href":"https:\/\/alex-elec.eu\/hu\/wp-json\/wp\/v2\/comments?post=27459"}],"wp:featuredmedia":[{"embeddable":true,"href":"https:\/\/alex-elec.eu\/hu\/wp-json\/wp\/v2\/media\/27460"}],"wp:attachment":[{"href":"https:\/\/alex-elec.eu\/hu\/wp-json\/wp\/v2\/media?parent=27459"}],"wp:term":[{"taxonomy":"product_cat","embeddable":true,"href":"https:\/\/alex-elec.eu\/hu\/wp-json\/wp\/v2\/product_cat?post=27459"},{"taxonomy":"product_tag","embeddable":true,"href":"https:\/\/alex-elec.eu\/hu\/wp-json\/wp\/v2\/product_tag?post=27459"}],"curies":[{"name":"wp","href":"https:\/\/api.w.org\/{rel}","templated":true}]}}