{"id":27441,"date":"2023-09-20T05:15:57","date_gmt":"2023-09-20T05:15:57","guid":{"rendered":"https:\/\/alex-elec.eu\/?post_type=product&#038;p=27441"},"modified":"2023-09-20T05:15:57","modified_gmt":"2023-09-20T05:15:57","slug":"container-40-pieds-frigorifique-reefer-neuf","status":"publish","type":"product","link":"https:\/\/alex-elec.eu\/hu\/product\/container-40-pieds-frigorifique-reefer-neuf\/","title":{"rendered":"Reefer 40ft h\u0171t\u00f6tt kont\u00e9ner \u00daj"},"content":{"rendered":"<p>Le\u00a0<strong>\u00faj 40 l\u00e1bas h\u0171t\u0151kont\u00e9ner<\/strong>\u00a0m\u00e1s n\u00e9ven\u00a0<strong>12m-es h\u0171t\u0151kont\u00e9ner<\/strong>, sz\u00e9les k\u00f6rben haszn\u00e1lj\u00e1k a friss term\u00e9kek t\u00e1rol\u00e1s\u00e1ra. A 40\u2032-es h\u0171t\u0151kont\u00e9ner 380V-os aljzattal m\u0171k\u00f6dik. Fel van szerelve +25\u00b0C \u00e9s -25\u00b0C k\u00f6z\u00f6tti h\u0151m\u00e9rs\u00e9klet-tartom\u00e1nyban m\u0171k\u00f6d\u0151 g\u00e9pekkel.<\/p>\n<p>Minden h\u0171t\u0151kont\u00e9ner\u00fcnket CSC V\u00e9ritas tan\u00fas\u00edtv\u00e1nnyal \u00e9s \u00e9rv\u00e9nyes PTI-teszttel (h\u0171t\u0151egys\u00e9g-teszt) sz\u00e1ll\u00edtjuk.<\/p>\n<p>Carrier, Thermoking, Daikin \u00e9s Starcool motorokkal dolgozunk.<\/p>\n<p>&nbsp;<\/p>\n<p>&nbsp;<\/p>\n<p>M\u0171szaki adatok.<\/p>\n<p><strong>Bels\u0151 m\u00e9retek<\/strong><\/p>\n<p>-Hossz: 11,583 mm<\/p>\n<p>-Sz\u00e9less\u00e9g: 2 294 mm<\/p>\n<p>-Magass\u00e1g: 2,569 mm<\/p>\n<p>-Bels\u0151 magass\u00e1g (terhelhet\u0151s\u00e9gi hat\u00e1rig): 2,469 mm<\/p>\n<p>&nbsp;<\/p>\n<p><strong>K\u00fcls\u0151 m\u00e9retek<\/strong><\/p>\n<p>-Hossz: 12,192 mm<\/p>\n<p>-Sz\u00e9less\u00e9g: 2,438 mm<\/p>\n<p>-Magass\u00e1g: 2,896 mm<\/p>\n<p>&nbsp;<\/p>\n<p><strong>Ajt\u00f3 m\u00e9retei<\/strong><\/p>\n<p>-Sz\u00e9less\u00e9g: 2,292 mm<\/p>\n<p>-Magass\u00e1g: 2,562 mm<\/p>\n<p>&nbsp;<\/p>\n<p><strong>H\u0151m\u00e9rs\u00e9klet :\u00a0\u00a0<\/strong>-25 \u00e9s 25\u00b0C k\u00f6z\u00f6tt<\/p>\n<p>&nbsp;<\/p>\n<p><strong>H\u0171t\u0151k\u00f6zeg<\/strong><\/p>\n<p>-R134 A<\/p>\n<p>-R404<\/p>\n<p>-R442 k\u00e9r\u00e9sre<\/p>\n<p>&nbsp;<\/p>\n<p><strong>Szerkezet :\u00a0<\/strong>CORTEN \u00e9s nemesac\u00e9l<\/p>\n<p><strong>Padl\u00f3<\/strong><\/p>\n<p>T-ALAK\u00da ALUM\u00cdNIUM S\u00cdN<\/p>\n<p>Kezel\u00e9s Daikin, Thermoking vagy Carrier vez\u00e9rl\u0151panelen kereszt\u00fcl<\/p>\n<p>Legfeljebb 23 Euro raklap t\u00e1rol\u00e1sa<\/p>\n<p>Dupla sz\u00e1rnyas ny\u00edl\u00e1s az egyik oldalon<\/p>\n<p>270\u00b0-os ajt\u00f3nyit\u00e1s<\/p>\n<p>&nbsp;<\/p>\n<p><strong>Tov\u00e1bbi inform\u00e1ci\u00f3k<\/strong><\/p>\n<p>-Maxim\u00e1lis terhel\u00e9s: 29,350 kg<\/p>\n<p>-Lehetetlen t\u00f6meg: 4,650 kg<\/p>\n<p>-Maxim\u00e1lis s\u00faly: 34,000 kg<\/p>\n<p>-Hasznos\u00edthat\u00f3 bels\u0151 t\u00e9rfogat (a maxim\u00e1lis szell\u0151z\u0151sorig): 65,60 m3<\/p>\n<p>&nbsp;<\/p>\n<p>El\u0151ny\u00f6k :<\/p>\n<p>&nbsp;<\/p>\n<p>-25 \u00e9s +25\u00b0 k\u00f6z\u00f6tti h\u0151m\u00e9rs\u00e9klet-szab\u00e1lyoz\u00e1s termoszt\u00e1ttal<\/p>\n<p>+\/- 0,1\u00b0c pontoss\u00e1g\u00fa<\/p>\n<p>-Egyszer\u0171 haszn\u00e1lat<\/p>\n<p>-Kisz\u00e1ll\u00edtva \u00e9s haszn\u00e1latra k\u00e9szen<\/p>\n<p>-Vez\u00e9relt h\u0171t\u0151egys\u00e9g<\/p>\n<p>-25 \u00e9s +25\u00b0 k\u00f6z\u00f6tti h\u0151m\u00e9rs\u00e9klet-szab\u00e1lyoz\u00e1s termoszt\u00e1ttal<\/p>\n<p>-70 mm vastag szigetel\u00e9s<\/p>\n<p>-Megfelel\u0151s\u00e9g ISO 45R1 t\u00edpus - ISO 45RT csoport<\/p>\n<p>-Alkalmas HACCP (vesz\u00e9lyelemz\u00e9s kritikus ellen\u0151rz\u00e9si pontok) tervekhez.<\/p>","protected":false},"excerpt":{"rendered":"<p>Le\u00a0container 40 pieds reefer neuf\u00a0ou appel\u00e9 \u00e9galement\u00a0conteneur 12m frigorifique reefer, est tr\u00e8s utilis\u00e9 pour l\u2019activit\u00e9 de stockage de produits frais. Le conteneur 40\u2032 r\u00e9frig\u00e9r\u00e9 fonctionne avec une prise en 380V. Il vient \u00e9quip\u00e9 de machinerie fonctionnant avec une plage de temp\u00e9rature allant de +25\u00b0C \u00e0 -25\u00b0C. Tous nos containers frigorifique Reefer sont livr\u00e9s avec un [&hellip;]<\/p>","protected":false},"featured_media":27442,"comment_status":"open","ping_status":"closed","template":"","meta":{"_monsterinsights_skip_tracking":false,"_monsterinsights_sitenote_active":false,"_monsterinsights_sitenote_note":"","_monsterinsights_sitenote_category":0},"product_cat":[15,105],"product_tag":[],"aioseo_notices":[],"_links":{"self":[{"href":"https:\/\/alex-elec.eu\/hu\/wp-json\/wp\/v2\/product\/27441"}],"collection":[{"href":"https:\/\/alex-elec.eu\/hu\/wp-json\/wp\/v2\/product"}],"about":[{"href":"https:\/\/alex-elec.eu\/hu\/wp-json\/wp\/v2\/types\/product"}],"replies":[{"embeddable":true,"href":"https:\/\/alex-elec.eu\/hu\/wp-json\/wp\/v2\/comments?post=27441"}],"wp:featuredmedia":[{"embeddable":true,"href":"https:\/\/alex-elec.eu\/hu\/wp-json\/wp\/v2\/media\/27442"}],"wp:attachment":[{"href":"https:\/\/alex-elec.eu\/hu\/wp-json\/wp\/v2\/media?parent=27441"}],"wp:term":[{"taxonomy":"product_cat","embeddable":true,"href":"https:\/\/alex-elec.eu\/hu\/wp-json\/wp\/v2\/product_cat?post=27441"},{"taxonomy":"product_tag","embeddable":true,"href":"https:\/\/alex-elec.eu\/hu\/wp-json\/wp\/v2\/product_tag?post=27441"}],"curies":[{"name":"wp","href":"https:\/\/api.w.org\/{rel}","templated":true}]}}