{"id":27438,"date":"2023-09-20T05:12:33","date_gmt":"2023-09-20T05:12:33","guid":{"rendered":"https:\/\/alex-elec.eu\/?post_type=product&#038;p=27438"},"modified":"2023-09-20T05:12:33","modified_gmt":"2023-09-20T05:12:33","slug":"container-10-pieds-isotherme-occasion-classe-a","status":"publish","type":"product","link":"https:\/\/alex-elec.eu\/hu\/product\/container-10-pieds-isotherme-occasion-classe-a\/","title":{"rendered":"Haszn\u00e1lt 10 l\u00e1b hossz\u00fa szigetelt kont\u00e9ner (A oszt\u00e1ly)"},"content":{"rendered":"<p>Le\u00a0<strong>haszn\u00e1lt 10 l\u00e1b hossz\u00fa izotermikus kont\u00e9ner<\/strong>\u00a0m\u00e1s n\u00e9ven\u00a0<strong>10 l\u00e1b hossz\u00fa izotermikus h\u0171t\u0151kont\u00e9ner<\/strong>Sz\u00e9les k\u00f6rben haszn\u00e1lj\u00e1k friss term\u00e9kek t\u00e1rol\u00e1s\u00e1ra. Kis helyig\u00e9ny\u00e9vel a 10 l\u00e1b hossz\u00fa izotermikus kont\u00e9ner biztosan elf\u00e9r! Motor n\u00e9lk\u00fcl tartja a h\u0151m\u00e9rs\u00e9kletet a tart\u00e1ly belsej\u00e9ben.<\/p>\n<p>&nbsp;<\/p>\n<p>&nbsp;<\/p>\n<p>M\u0171szaki adatok.<\/p>\n<p><strong>Bels\u0151 m\u00e9retek<\/strong><\/p>\n<p>-Hossz\u00fas\u00e1g: 2,389 mm<\/p>\n<p>-Sz\u00e9less\u00e9g: 2 294 mm<\/p>\n<p>-Magass\u00e1g: 2,273 mm<\/p>\n<p>-Bels\u0151 magass\u00e1g (terhelhet\u0151s\u00e9gi hat\u00e1rig): 2,173 mm<\/p>\n<p>&nbsp;<\/p>\n<p><strong>K\u00fcls\u0151 m\u00e9retek<\/strong><\/p>\n<p>-Hossz: 2,991 mm<\/p>\n<p>-Sz\u00e9less\u00e9g: 2,438 mm<\/p>\n<p>-Magass\u00e1g: 2 591 mm<\/p>\n<p>&nbsp;<\/p>\n<p><strong>Ajt\u00f3 m\u00e9retei<\/strong><\/p>\n<p>-Sz\u00e9less\u00e9g: 2,292 mm<\/p>\n<p>-Magass\u00e1g: 2,264 mm<\/p>\n<p><strong>Szerkezet :\u00a0<\/strong>CORTEN \u00e9s nemesac\u00e9l<\/p>\n<p><strong>Padl\u00f3<\/strong><\/p>\n<p>LAPOS ALUM\u00cdNIUM PADL\u00d3<\/p>\n<p>270\u00b0-os ajt\u00f3nyit\u00e1s<\/p>\n<p><strong>Tov\u00e1bbi inform\u00e1ci\u00f3k<\/strong><\/p>\n<p>- Bels\u0151 fel\u00fclet: 5,48 m2<\/p>\n<p>- EURO raklapok sz\u00e1ma: 4<\/p>\n<p>-Maxim\u00e1lis terhel\u00e9s: 15,000 kg<\/p>\n<p>-Lerakott t\u00f6meg: 2,600 kg<\/p>\n<p>-Maxim\u00e1lis s\u00faly: 12,400 kg<\/p>\n<p>-Teljes bels\u0151 t\u00e9rfogat: 12,45 m3<\/p>\n<p>-Hasznos\u00edthat\u00f3 bels\u0151 t\u00e9rfogat (a maxim\u00e1lis szell\u0151z\u0151sorig): 11,91 m3<\/p>\n<p>&nbsp;<\/p>\n<p>El\u0151ny\u00f6k :<\/p>\n<p>&nbsp;<\/p>\n<p>- Kisz\u00e1ll\u00edtva \u00e9s haszn\u00e1latra k\u00e9szen<\/p>\n<p>- Szab\u00e1lyozott h\u0171t\u0151egys\u00e9g<\/p>\n<p>- 70 mm vastag szigetel\u00e9s<\/p>\n<p>- K\u00f6nnyen haszn\u00e1lhat\u00f3<\/p>","protected":false},"excerpt":{"rendered":"<p>Le\u00a0conteneur 10 pieds isotherme occasion\u00a0ou appel\u00e9 \u00e9galement\u00a0container 10 pieds isotherme frigorifique, est tr\u00e8s utilis\u00e9 pour l\u2019activit\u00e9 de stockage de produit frais. Avec son faible encombrement, le conteneur 10 pieds isotherme trouve sa place ! Permet de conserver la temp\u00e9rature \u00e0 l\u2019int\u00e9rieur du container sans moteur. &nbsp; &nbsp; Caract\u00e9ristiques techniques. Dimensions int\u00e9rieures -Longueur : 2 389 [&hellip;]<\/p>","protected":false},"featured_media":27439,"comment_status":"open","ping_status":"closed","template":"","meta":{"_monsterinsights_skip_tracking":false,"_monsterinsights_sitenote_active":false,"_monsterinsights_sitenote_note":"","_monsterinsights_sitenote_category":0},"product_cat":[15,105],"product_tag":[],"aioseo_notices":[],"_links":{"self":[{"href":"https:\/\/alex-elec.eu\/hu\/wp-json\/wp\/v2\/product\/27438"}],"collection":[{"href":"https:\/\/alex-elec.eu\/hu\/wp-json\/wp\/v2\/product"}],"about":[{"href":"https:\/\/alex-elec.eu\/hu\/wp-json\/wp\/v2\/types\/product"}],"replies":[{"embeddable":true,"href":"https:\/\/alex-elec.eu\/hu\/wp-json\/wp\/v2\/comments?post=27438"}],"wp:featuredmedia":[{"embeddable":true,"href":"https:\/\/alex-elec.eu\/hu\/wp-json\/wp\/v2\/media\/27439"}],"wp:attachment":[{"href":"https:\/\/alex-elec.eu\/hu\/wp-json\/wp\/v2\/media?parent=27438"}],"wp:term":[{"taxonomy":"product_cat","embeddable":true,"href":"https:\/\/alex-elec.eu\/hu\/wp-json\/wp\/v2\/product_cat?post=27438"},{"taxonomy":"product_tag","embeddable":true,"href":"https:\/\/alex-elec.eu\/hu\/wp-json\/wp\/v2\/product_tag?post=27438"}],"curies":[{"name":"wp","href":"https:\/\/api.w.org\/{rel}","templated":true}]}}