{"id":28094,"date":"2023-09-21T19:05:18","date_gmt":"2023-09-21T19:05:18","guid":{"rendered":"https:\/\/alex-elec.eu\/?page_id=28094"},"modified":"2023-09-22T01:27:31","modified_gmt":"2023-09-22T01:27:31","slug":"mentions-legales","status":"publish","type":"page","link":"https:\/\/alex-elec.eu\/hu\/mentions-legales\/","title":{"rendered":"Jogi inform\u00e1ci\u00f3k"},"content":{"rendered":"<div data-elementor-type=\"wp-page\" data-elementor-id=\"28094\" class=\"elementor elementor-28094\">\n\t\t\t\t\t\t\t<div class=\"elementor-element elementor-element-c949107 e-flex e-con-boxed e-con e-parent\" data-id=\"c949107\" data-element_type=\"container\" data-settings=\"{&quot;content_width&quot;:&quot;boxed&quot;}\" data-core-v316-plus=\"true\">\n\t\t\t\t\t<div class=\"e-con-inner\">\n\t\t\t\t<div class=\"elementor-element elementor-element-6222193 elementor-widget elementor-widget-text-editor\" data-id=\"6222193\" data-element_type=\"widget\" data-settings=\"{&quot;ekit_we_effect_on&quot;:&quot;none&quot;}\" data-widget_type=\"text-editor.default\">\n\t\t\t\t<div class=\"elementor-widget-container\">\n\t\t\t<style>\/*! elementor - v3.16.0 - 09-10-2023 *\/\n.elementor-widget-text-editor.elementor-drop-cap-view-stacked .elementor-drop-cap{background-color:#69727d;color:#fff}.elementor-widget-text-editor.elementor-drop-cap-view-framed .elementor-drop-cap{color:#69727d;border:3px solid;background-color:transparent}.elementor-widget-text-editor:not(.elementor-drop-cap-view-default) .elementor-drop-cap{margin-top:8px}.elementor-widget-text-editor:not(.elementor-drop-cap-view-default) .elementor-drop-cap-letter{width:1em;height:1em}.elementor-widget-text-editor .elementor-drop-cap{float:left;text-align:center;line-height:1;font-size:50px}.elementor-widget-text-editor .elementor-drop-cap-letter{display:inline-block}<\/style>\t\t\t\t<h2 class=\"ekit-heading--title elementskit-section-title\">ALEX ELEC - CH CONTENEUR bemutat\u00e1sa<\/h2>\n<div class=\"ekit-heading__description\">\n<p>ALEXELEC - CH CONTENEUR, 1 000,00 EUR alapt\u0151k\u00e9j\u0171 egyszer\u0171s\u00edtett r\u00e9szv\u00e9nyt\u00e1rsas\u00e1g, sz\u00e9khelye: 6 RUE DE L'EGLISE, 88510 ELOYES, bejegyezve az epinal-i kereskedelmi \u00e9s c\u00e9gjegyz\u00e9kbe 903 493 591 sz\u00e1m alatt, k\u00e9pviseli Alexandre CLAUDOT, aki eln\u00f6kk\u00e9nt elj\u00e1rva \u00e9s a sz\u00fcks\u00e9ges hat\u00e1sk\u00f6rrel rendelkezve.<\/p>\n<table id=\"rensjur\" class=\"Table identity mt-16\">\n<tbody>\n<tr>\n<td class=\"arrow\">A v\u00e1llalat alap\u00edt\u00e1s\u00e1nak d\u00e1tuma<\/td>\n<td class=\"flex space-between flex-wrap\">\n<div class=\"TableTexteGauche\"><span class=\"TableTextGenerique\">01-07-2021<\/span><span class=\"TableTextDetail\">2 \u00e9vvel ezel\u0151tt<\/span><\/div>\n<p><\/p>\n<\/td>\n<\/tr>\n<tr class=\"Paywall\">\n<td class=\"arrow\" colspan=\"2\">\n<div id=\"catjur-histo-around\" class=\"FicheDonnees__around imrFirst\">\n<div id=\"catjur-histo\" class=\"FicheDonnees\">\n<div id=\"catjur-histo-voir\" class=\"abonne-compteplus donneesHistoriques voirPlus\">\n<p class=\"Lien with-picto\"><span style=\"color: var( --e-global-color-text ); font-family: var( --e-global-typography-text-font-family ), Sans-serif; font-weight: var( --e-global-typography-text-font-weight );\">Jogi forma<\/span><br><\/p>\n<\/div>\n<div id=\"catjur-histo-description\" class=\"FicheDonnees__donneeGenerique ml-6\">SASU Egyszer\u0171s\u00edtett r\u00e9szv\u00e9nyt\u00e1rsas\u00e1g egyetlen r\u00e9szv\u00e9nyessel<\/div>\n<\/div>\n<div id=\"catjur-histo-content\" class=\"FicheDonnees__historique noOpacity nocompteplus\">\n<div id=\"catjur-histo-content-src-rcs\" class=\"histo-part\">\n<div class=\"FicheDonnees__item\">\n<div class=\"FicheDonnees__date\">\n<p>2021-09-28-t\u00f3l<\/p>\n<p><span style=\"color: var( --e-global-color-text ); font-family: var( --e-global-typography-text-font-family ), Sans-serif; font-weight: var( --e-global-typography-text-font-weight );\">SASU Egyszer\u0171s\u00edtett r\u00e9szv\u00e9nyt\u00e1rsas\u00e1g egyetlen r\u00e9szv\u00e9nyessel<\/span><\/p>\n<\/div>\n<\/div>\n<div class=\"compteplus historiqueDonneesAffiliationDesktop newoffers\">\n<div class=\"AutopromoPlus__promo inTable newoffers\">\n<p><span class=\"AutopromoPlus__icon\"><i class=\"material-icons-outlined\">rocket_launch<\/i><\/span><\/p>\n<p class=\"AutopromoPlus__text\">\n<\/p><\/div>\n<\/div>\n<\/div>\n<\/div>\n<\/div>\n<\/td>\n<\/tr>\n<tr>\n<td class=\"arrow\">Kereskedelmi nevek<\/td>\n<td class=\"break-word\">ALEX ELEC - CH KONT\u00c9NER<\/td>\n<\/tr>\n<tr id=\"rensjurtel\" class=\"\">\n<td class=\"p-0 arrow\" colspan=\"2\">\n<table class=\"Table simple no-bg\">\n<tbody>\n<tr>\n<td class=\"no-padding arrow\">Telefon<\/td>\n<td class=\"Paywall\">\n<div id=\"identiteatel-rensjur\" class=\"Lien\" data-siret=\"90349359100023\" data-annunrlead=\"\" data-src=\"rensjur\" data-compteplus=\"nocompteplus\">\n<div class=\"flex wd-100\"><span class=\"inline-block show-mobile-inline-mq-736px\">Sz\u00e1m megtekint\u00e9se<\/span><\/div>\n<\/div>\n<\/td>\n<\/tr>\n<\/tbody>\n<\/table>\n<\/td>\n<\/tr>\n<tr>\n<td class=\"arrow\">Postac\u00edm<\/td>\n<td><a class=\"Lien secondaire\" href=\"https:\/\/www.societe.com\/entreprises\/6_rue%20de%20l%20eglise\/88510_ELOYES.html\">6 RUE DE L'EGLISE 88510 ELOYES<\/a><\/td>\n<\/tr>\n<tr class=\"bg-soPrimaryColor2-25\">\n<td colspan=\"2\"><span class=\"soBaseColor-700 ft-medium\">Azonos\u00edt\u00f3 sz\u00e1mok<\/span><\/td>\n<\/tr>\n<tr>\n<td class=\"arrow\">SIREN sz\u00e1m<\/td>\n<td class=\"no-padding arrow\">\n<div class=\"copyNumber\">\n<div id=\"siren_number\" class=\"copyNumber__number\" data-nosnippet=\"\"><span class=\"copyNumber__copy\">903493591<\/span><\/div>\n<p><\/p>\n<\/div>\n<\/td>\n<\/tr>\n<tr>\n<td class=\"arrow\">SIRET sz\u00e1m (<a class=\"soBaseColor-600 txt-hover-underline\" href=\"https:\/\/www.societe.com\/etablissements\/alex-elec-ch-conteneur-903493591.html\">k\u00f6zpont<\/a>)<\/td>\n<td class=\"no-padding arrow\">\n<div class=\"copyNumber\">\n<div id=\"siret_number\" class=\"copyNumber__number\" data-nosnippet=\"\"><br><\/div>\n<p><span id=\"siret_action\" class=\"copyNumber__action\">e SIRET sz\u00e1m<\/span><label class=\"labelIsInvisible\" for=\"siret_copy\"><\/label><input id=\"siret_copy\" class=\"copyNumber__copyHidden\" type=\"text\" value=\"90349359100023\"><\/p>\n<\/div>\n<\/td>\n<\/tr>\n<tr>\n<td class=\"arrow\">K\u00f6z\u00f6ss\u00e9gen bel\u00fcli H\u00c9A-sz\u00e1m<\/td>\n<td class=\"no-padding arrow\">\n<div class=\"copyNumber\">\n<div id=\"tva_number\" class=\"copyNumber__number\" data-nosnippet=\"\"><span class=\"copyNumber__copy\">FR85903493591<\/span><\/div>\n<p><\/p><\/div><\/td><\/tr><tr><td class=\"arrow\">RCS sz\u00e1m<\/td>\n<td class=\"numdisplay\">Epinal B 903 493 591<\/td>\n<\/tr>\n<\/tbody>\n<\/table>\n<\/div>\t\t\t\t\t\t<\/div>\n\t\t\t\t<\/div>\n\t\t\t\t\t<\/div>\n\t\t\t\t<\/div>\n\t\t\t\t\t\t\t<\/div>","protected":false},"excerpt":{"rendered":"<p>Pr\u00e9sentation de la soci\u00e9t\u00e9 ALEX ELEC &#8211; CH CONTENEUR ALEXELEC &#8211; CH CONTENEUR, soci\u00e9t\u00e9 par actions simplifi\u00e9e, au capital social de 1 000,00 \u20ac, dont le si\u00e8ge social est situ\u00e9 au 6 RUE DE L&rsquo;EGLISE, 88510 ELOYES, immatricul\u00e9e au Registre du Commerce et des Soci\u00e9t\u00e9s de Epinal sous le num\u00e9ro 903 493 591 repr\u00e9sent\u00e9e par [&hellip;]<\/p>","protected":false},"author":1,"featured_media":0,"parent":0,"menu_order":0,"comment_status":"closed","ping_status":"closed","template":"","meta":{"_monsterinsights_skip_tracking":false,"_monsterinsights_sitenote_active":false,"_monsterinsights_sitenote_note":"","_monsterinsights_sitenote_category":0,"footnotes":""},"aioseo_notices":[],"_links":{"self":[{"href":"https:\/\/alex-elec.eu\/hu\/wp-json\/wp\/v2\/pages\/28094"}],"collection":[{"href":"https:\/\/alex-elec.eu\/hu\/wp-json\/wp\/v2\/pages"}],"about":[{"href":"https:\/\/alex-elec.eu\/hu\/wp-json\/wp\/v2\/types\/page"}],"author":[{"embeddable":true,"href":"https:\/\/alex-elec.eu\/hu\/wp-json\/wp\/v2\/users\/1"}],"replies":[{"embeddable":true,"href":"https:\/\/alex-elec.eu\/hu\/wp-json\/wp\/v2\/comments?post=28094"}],"version-history":[{"count":4,"href":"https:\/\/alex-elec.eu\/hu\/wp-json\/wp\/v2\/pages\/28094\/revisions"}],"predecessor-version":[{"id":28311,"href":"https:\/\/alex-elec.eu\/hu\/wp-json\/wp\/v2\/pages\/28094\/revisions\/28311"}],"wp:attachment":[{"href":"https:\/\/alex-elec.eu\/hu\/wp-json\/wp\/v2\/media?parent=28094"}],"curies":[{"name":"wp","href":"https:\/\/api.w.org\/{rel}","templated":true}]}}