{"id":20288,"date":"2021-09-27T05:46:43","date_gmt":"2021-09-27T05:46:43","guid":{"rendered":"https:\/\/demo.xpeedstudio.com\/bajaar\/shoe-shop\/?page_id=20288"},"modified":"2023-09-22T01:31:49","modified_gmt":"2023-09-22T01:31:49","slug":"faq","status":"publish","type":"page","link":"https:\/\/alex-elec.eu\/hu\/faq\/","title":{"rendered":"GYIK"},"content":{"rendered":"<div data-elementor-type=\"wp-page\" data-elementor-id=\"20288\" class=\"elementor elementor-20288\">\n\t\t\t\t\t\t\t<div class=\"elementor-element elementor-element-21e136a e-flex e-con-boxed e-con e-parent\" data-id=\"21e136a\" data-element_type=\"container\" data-settings=\"{&quot;content_width&quot;:&quot;boxed&quot;}\" data-core-v316-plus=\"true\">\n\t\t\t\t\t<div class=\"e-con-inner\">\n\t\t\t\t<div class=\"elementor-element elementor-element-f3de959 elementor-widget elementor-widget-text-editor\" data-id=\"f3de959\" data-element_type=\"widget\" data-settings=\"{&quot;ekit_we_effect_on&quot;:&quot;none&quot;}\" data-widget_type=\"text-editor.default\">\n\t\t\t\t<div class=\"elementor-widget-container\">\n\t\t\t<style>\/*! elementor - v3.16.0 - 09-10-2023 *\/\n.elementor-widget-text-editor.elementor-drop-cap-view-stacked .elementor-drop-cap{background-color:#69727d;color:#fff}.elementor-widget-text-editor.elementor-drop-cap-view-framed .elementor-drop-cap{color:#69727d;border:3px solid;background-color:transparent}.elementor-widget-text-editor:not(.elementor-drop-cap-view-default) .elementor-drop-cap{margin-top:8px}.elementor-widget-text-editor:not(.elementor-drop-cap-view-default) .elementor-drop-cap-letter{width:1em;height:1em}.elementor-widget-text-editor .elementor-drop-cap{float:left;text-align:center;line-height:1;font-size:50px}.elementor-widget-text-editor .elementor-drop-cap-letter{display:inline-block}<\/style>\t\t\t\t<div id=\"comp-larb6fno1\" class=\"BaOVQ8 tz5f0K comp-larb6fno1 wixui-rich-text\" data-testid=\"richTextElement\">\n<h1 class=\"font_4 wixui-rich-text__text\"><span class=\"color_15 wixui-rich-text__text\"><span class=\"wixui-rich-text__text\">GYAKRAN ISM\u00c9TELT K\u00c9RD\u00c9SEK<\/span><\/span><\/h1>\n<\/div>\n<div id=\"comp-larb6fno2\" class=\"BaOVQ8 tz5f0K comp-larb6fno2 wixui-rich-text\" data-testid=\"richTextElement\">\n<p class=\"font_8 wixui-rich-text__text\"><span class=\"color_15 wixui-rich-text__text\">A v\u00e1laszok az \u00d6n k\u00e9rd\u00e9seire<\/span><\/p>\n<\/div>\n<div id=\"comp-larb6fno3\" class=\"KcpHeO tz5f0K comp-larb6fno3 wixui-rich-text\" data-testid=\"richTextElement\">\n<h2 class=\"font_6 wixui-rich-text__text\"><a class=\"wixui-rich-text__text\" href=\"https:\/\/www.container-z.com\/#\" target=\"_blank\" rel=\"noreferrer noopener\">Er\u0151s a kont\u00e9ner?<\/a><\/h2>\n<\/div>\n<div id=\"comp-larb6fnp\" class=\"KcpHeO tz5f0K comp-larb6fnp wixui-rich-text\" data-testid=\"richTextElement\">\n<p class=\"font_9 wixui-rich-text__text\">A kont\u00e9nert \u00fagy tervezt\u00e9k, hogy t\u00f6bb mint t\u00edz \u00e9vig tartson ki a tengeri utak sor\u00e1n. Mag\u00e1t\u00f3l \u00e9rtet\u0151dik, hogy egy kont\u00e9ner tart\u00f3ss\u00e1ga j\u00f3l bizony\u00edtott, k\u00fcl\u00f6n\u00f6sen az\u00e9rt, mert a megv\u00e1s\u00e1rolhat\u00f3, b\u00e9relhet\u0151 \u00e9s felszerelhet\u0151 kont\u00e9nereinket ellen\u0151rzik \u00e9s sz\u00fcks\u00e9g eset\u00e9n jav\u00edtj\u00e1k, vagy ak\u00e1r fel is \u00faj\u00edtj\u00e1k a projekt f\u00fcggv\u00e9ny\u00e9ben.<\/p>\n<\/div>\n<div id=\"comp-larb6fnp1\" class=\"KcpHeO tz5f0K comp-larb6fnp1 wixui-rich-text\" data-testid=\"richTextElement\">\n<h2 class=\"font_6 wixui-rich-text__text\"><span class=\"wixui-rich-text__text\"><span class=\"color_15 wixui-rich-text__text\"><a class=\"wixui-rich-text__text\" href=\"https:\/\/www.container-z.com\/#\" target=\"_blank\" rel=\"noreferrer noopener\">Hogyan tudok kont\u00e9nert sz\u00e1ll\u00edttatni?<\/a><\/span><\/span><\/h2>\n<\/div>\n<div id=\"comp-larb6fnp2\" class=\"KcpHeO tz5f0K comp-larb6fnp2 wixui-rich-text\" data-testid=\"richTextElement\">\n<p class=\"font_9 wixui-rich-text__text\"><span class=\"wixui-rich-text__text\"><span class=\"color_15 wixui-rich-text__text\">&nbsp;Az Alex-elec az \u00d6n tart\u00f3zkod\u00e1si hely\u00e9hez igaz\u00edtott sz\u00e1ll\u00edt\u00e1si szolg\u00e1ltat\u00e1st k\u00edn\u00e1l, a ter\u00fclet el\u00e9rhet\u0151s\u00e9g\u00e9t\u0151l f\u00fcgg\u0151en. A sz\u00e1ll\u00edt\u00e1si szolg\u00e1ltat\u00e1ssal kapcsolatos tov\u00e1bbi r\u00e9szletek\u00e9rt l\u00e1togasson el a sz\u00e1ll\u00edt\u00e1si szolg\u00e1ltat\u00e1s oldalunkra.<\/span><\/span><\/p>\n<\/div>\n<div id=\"comp-larb6fnp3\" class=\"KcpHeO tz5f0K comp-larb6fnp3 wixui-rich-text\" data-testid=\"richTextElement\">\n<h2 class=\"font_6 wixui-rich-text__text\"><span class=\"wixui-rich-text__text\"><span class=\"color_15 wixui-rich-text__text\"><a class=\"wixui-rich-text__text\" href=\"https:\/\/www.container-z.com\/#\" target=\"_blank\" rel=\"noreferrer noopener\">Melyek a k\u00fcl\u00f6nb\u00f6z\u0151 kont\u00e9nert\u00edpusok?<\/a><\/span><\/span><\/h2>\n<\/div>\n<div id=\"comp-larb6fnq\" class=\"KcpHeO tz5f0K comp-larb6fnq wixui-rich-text\" data-testid=\"richTextElement\">\n<p class=\"font_9 wixui-rich-text__text\"><span class=\"wixui-rich-text__text\"><span class=\"color_15 wixui-rich-text__text\">A tengeri kont\u00e9nereknek sokf\u00e9le t\u00edpusa l\u00e9tezik. A szabv\u00e1nyos kont\u00e9nerek mellett sokf\u00e9le, bizonyos \u00e1rut\u00edpusokhoz vagy folyamatokhoz igaz\u00edtott kont\u00e9ner l\u00e9tezik. Ezen az oldalon megismerheti az \u00f6sszes, elad\u00e1sra \u00e9s egyedi felszerel\u00e9sek t\u00e1mogat\u00e1s\u00e1ra rendelkez\u00e9sre \u00e1ll\u00f3 kont\u00e9nert.<\/span><\/span><\/p>\n<\/div>\n<div id=\"comp-laveclui\" class=\"KcpHeO tz5f0K comp-laveclui wixui-rich-text\" data-testid=\"richTextElement\">\n<h2 class=\"font_6 wixui-rich-text__text\"><span class=\"wixui-rich-text__text\"><span class=\"color_15 wixui-rich-text__text\"><a class=\"wixui-rich-text__text\" href=\"https:\/\/www.container-z.com\/#\" target=\"_blank\" rel=\"noreferrer noopener\">Fixek az \u00e1rai, vagy v\u00e1ltoznak?<\/a><\/span><\/span><\/h2>\n<\/div>\n<div id=\"comp-lavedeln\" class=\"KcpHeO tz5f0K comp-lavedeln wixui-rich-text\" data-testid=\"richTextElement\">\n<p class=\"font_9 wixui-rich-text__text\">\u00c1raink a kont\u00e9ner \u00e1llapot\u00e1t\u00f3l \u00e9s a sz\u00fcks\u00e9ges felszerel\u00e9sekt\u0151l, valamint a piaci trendekt\u0151l \u00e9s a rendelkez\u00e9sre bocs\u00e1t\u00e1s hely\u00e9t\u0151l f\u00fcgg\u0151en v\u00e1ltoznak. A kont\u00e9ner \u00e1ra sz\u00e1mos k\u00fcls\u0151 t\u00e9nyez\u0151t\u0151l f\u00fcgg, p\u00e9ld\u00e1ul a tengeri sz\u00e1ll\u00edt\u00e1st\u00f3l. Ne habozzon&nbsp;<span class=\"wixui-rich-text__text\"><a class=\"wixui-rich-text__text\" href=\"https:\/\/www.containersbrilock.com\/contact-8\" target=\"_self\">kapcsolatfelv\u00e9tel<\/a><\/span>&nbsp;hogy szem\u00e9lyre szabott, az \u00d6n k\u00f6lts\u00e9gvet\u00e9s\u00e9re szabott \u00e1raj\u00e1nlatot k\u00e9sz\u00edthess\u00fcnk.<\/p>\n<\/div>\n<div id=\"comp-lavedvbh\" class=\"KcpHeO tz5f0K comp-lavedvbh wixui-rich-text\" data-testid=\"richTextElement\">\n<h2 class=\"font_6 wixui-rich-text__text\"><span class=\"wixui-rich-text__text\"><span class=\"color_15 wixui-rich-text__text\">Biztos\u00edtja a kont\u00e9nerek \u00e9rt\u00e9kes\u00edt\u00e9s ut\u00e1ni szervizel\u00e9s\u00e9t?<\/span><\/span><\/h2>\n<\/div>\n<div id=\"comp-lavee0wp\" class=\"KcpHeO tz5f0K comp-lavee0wp wixui-rich-text\" data-testid=\"richTextElement\">\n<p class=\"font_9 wixui-rich-text__text\">Az \u00e1ltalunk sz\u00e1ll\u00edtott kont\u00e9nerekhez \u00e9rt\u00e9kes\u00edt\u00e9s ut\u00e1ni szolg\u00e1ltat\u00e1st ny\u00fajtunk. Az \u00d6n telephely\u00e9re is el tudunk utazni, hogy b\u00e1rmilyen t\u00edpus\u00fa jav\u00edt\u00e1st elv\u00e9gezz\u00fcnk a kont\u00e9ner\u00e9n.<\/p>\n<\/div>\n<div id=\"comp-lavehc2g\" class=\"KcpHeO tz5f0K comp-lavehc2g wixui-rich-text\" data-testid=\"richTextElement\">\n<h2 class=\"font_6 wixui-rich-text__text\"><span class=\"wixui-rich-text__text\"><span class=\"color_15 wixui-rich-text__text\">Seg\u00edt az \u00fcgyfeleinek optimaliz\u00e1lni a projektjeiket?<\/span><\/span><\/h2>\n<\/div>\n<div id=\"comp-lavehks5\" class=\"KcpHeO tz5f0K comp-lavehks5 wixui-rich-text\" data-testid=\"richTextElement\">\n<p class=\"font_9 wixui-rich-text__text\">A projektek nyomon k\u00f6vet\u00e9se elengedhetetlen a siker\u00fckh\u00f6z. Minden csapatunk az \u00d6n rendelkez\u00e9s\u00e9re \u00e1ll, hogy figyelemmel k\u00eds\u00e9rje \u00e9s tan\u00e1csokkal l\u00e1ssa el \u00d6nt a projekt fejleszt\u00e9se \u00e9s megval\u00f3s\u00edt\u00e1sa sor\u00e1n.<\/p>\n<\/div>\n<div id=\"comp-lavel5pv\" class=\"KcpHeO tz5f0K comp-lavel5pv wixui-rich-text\" data-testid=\"richTextElement\">\n<h2 class=\"font_6 wixui-rich-text__text\"><span class=\"wixui-rich-text__text\"><span class=\"color_15 wixui-rich-text__text\">Mi az el\u0151nye egy kont\u00e9nernek egy \u00e1lland\u00f3 \u00e9p\u00fclettel szemben?<\/span><\/span><\/h2>\n<\/div>\n<div id=\"comp-lavelpy7\" class=\"KcpHeO tz5f0K comp-lavelpy7 wixui-rich-text\" data-testid=\"richTextElement\">\n<p class=\"font_9 wixui-rich-text__text\">A kont\u00e9nerek sz\u00e1mos el\u0151nnyel rendelkeznek: er\u0151sek, modul\u00e1risak \u00e9s mobilak, \u00e9s telep\u00edt\u00e9s\u00fckh\u00f6z nem felt\u00e9tlen\u00fcl sz\u00fcks\u00e9ges \u00e9p\u00edt\u00e9si enged\u00e9ly. R\u00e1ad\u00e1sul rendszeres karbantart\u00e1s mellett sokkal hosszabb \u00e9lettartam\u00faak lehetnek, mint a kiz\u00e1r\u00f3lag tengeri sz\u00e1ll\u00edt\u00e1sra haszn\u00e1ltak.<\/p>\n<\/div>\n<div id=\"comp-lavelwb7\" class=\"KcpHeO tz5f0K comp-lavelwb7 wixui-rich-text\" data-testid=\"richTextElement\">\n<h2 class=\"font_6 wixui-rich-text__text\"><span class=\"wixui-rich-text__text\"><span class=\"color_15 wixui-rich-text__text\">Testre szabhat\u00f3-e a kont\u00e9ner ruh\u00e1zata?<\/span><\/span><\/h2>\n<\/div>\n<div id=\"comp-lavem1ut\" class=\"KcpHeO tz5f0K comp-lavem1ut wixui-rich-text\" data-testid=\"richTextElement\">\n<p class=\"font_9 wixui-rich-text__text\">A kont\u00e9ner\u00e9t az \u00d6n \u00e1ltal k\u00edv\u00e1nt sz\u00ednekre festhetj\u00fck, a sz\u00ednek sz\u00e9les sk\u00e1l\u00e1j\u00e1val. Az \u00d6n log\u00f3j\u00e1t vagy jel\u00f6l\u00e9seit (matric\u00e1k, sablonok, dibond stb.) is felhelyezhetj\u00fck. L\u00e1togasson el a fest\u00e9si szolg\u00e1ltat\u00e1sunknak szentelt oldalunkra, ahol t\u00f6bbet megtudhat szolg\u00e1ltat\u00e1sainkr\u00f3l.<\/p>\n<\/div>\n<div id=\"comp-lavemg7j\" class=\"KcpHeO tz5f0K comp-lavemg7j wixui-rich-text\" data-testid=\"richTextElement\">\n<h2 class=\"font_6 wixui-rich-text__text\"><span class=\"wixui-rich-text__text\"><span class=\"color_15 wixui-rich-text__text\">Hogyan tartsam karban a kont\u00e9nert?<\/span><\/span><\/h2>\n<\/div>\n<div id=\"comp-lavemn3l\" class=\"KcpHeO tz5f0K comp-lavemn3l wixui-rich-text\" data-testid=\"richTextElement\">\n<p class=\"font_9 wixui-rich-text__text\">Sz\u00e1mos m\u00f3dja van a tart\u00e1ly karbantart\u00e1s\u00e1nak \u00e9s \u00e9lettartam\u00e1nak meghosszabb\u00edt\u00e1s\u00e1nak. Csapataink seg\u00edthetnek \u00d6nnek kont\u00e9ner\u00e9nek karbantart\u00e1s\u00e1ban, p\u00e9ld\u00e1ul k\u00fcl\u00f6nb\u00f6z\u0151 jav\u00edt\u00e1si vagy korr\u00f3zi\u00f3g\u00e1tl\u00f3 fest\u00e9si munk\u00e1latok elv\u00e9gz\u00e9s\u00e9vel, \u00edgy biztos\u00edthatja, hogy ingatlana hossz\u00fa \u00e9veken \u00e1t megmaradjon.<\/p>\n<\/div>\n<div id=\"comp-lax3p6bh\" class=\"KcpHeO tz5f0K comp-lax3p6bh wixui-rich-text\" data-testid=\"richTextElement\">\n<h2 class=\"font_6 wixui-rich-text__text\"><span class=\"wixui-rich-text__text\"><span class=\"color_15 wixui-rich-text__text\">Mennyi a kont\u00e9nerek \u00e1tlagos \u00e9lettartama?<\/span><\/span><\/h2>\n<\/div>\n<div id=\"comp-lax3pim1\" class=\"KcpHeO tz5f0K comp-lax3pim1 wixui-rich-text\" data-testid=\"richTextElement\">\n<p class=\"font_9 wixui-rich-text__text\">A tengeri kont\u00e9nerek \u00e9lettartam\u00e1ra nincs pontos szab\u00e1ly. Elvileg 12-15 \u00e9vig tart, ha a m\u00e9lytengeri sz\u00e1ll\u00edt\u00e1s sz\u00e9ls\u0151s\u00e9ges k\u00f6r\u00fclm\u00e9nyei k\u00f6z\u00f6tt t\u00f6bb rendszeres utat tesz meg. Ha viszont nem tengeri egys\u00e9gg\u00e9 alak\u00edtjuk \u00e1t, akkor az \u00e9lettartama j\u00f3val meghaladhatja a 15 \u00e9vet, felt\u00e9ve, hogy rendszeresen karbantartjuk. Nemr\u00e9giben egy 1979-es kont\u00e9ner karbantart\u00e1s\u00e1t kellett elv\u00e9gezn\u00fcnk, amelyet statikus t\u00e1rol\u00f3egys\u00e9gk\u00e9nt haszn\u00e1ltak, \u00e9s t\u00f6k\u00e9letes \u00e1llapotban volt!<\/p>\n<p class=\"font_9 wixui-rich-text__text\">Elv\u00e9gz\u00fcnk&nbsp;<a class=\"wixui-rich-text__text\" href=\"https:\/\/www.container-z.com\/fr\/prestations-et-accessoires\/chaudronnerie\" target=\"_blank\" rel=\"noreferrer noopener\">a kont\u00e9nerek karbantart\u00e1sa \u00e9s jav\u00edt\u00e1sa<\/a>&nbsp;a helysz\u00ednen vagy m\u0171helyeinkben, a kaz\u00e1nk\u00e9sz\u00edt\u0151 csapatainknak k\u00f6sz\u00f6nhet\u0151en. A tart\u00e1lyok \u00e9lettartam\u00e1t az id\u0151j\u00e1r\u00e1s viszontags\u00e1gaival szemben is meg tudjuk hosszabb\u00edtani a k\u00f6vetkez\u0151kkel&nbsp;<a class=\"wixui-rich-text__text\" href=\"https:\/\/www.container-z.com\/fr\/prestations-et-accessoires\/peinture\" target=\"_blank\" rel=\"noreferrer noopener\">fest\u00e9si szolg\u00e1ltat\u00e1sunk<\/a>&nbsp;aki megfelel\u0151 kezel\u00e9st biztos\u00edt \u00d6nnek.<\/p>\n<\/div>\n<div id=\"comp-lax3pxd9\" class=\"KcpHeO tz5f0K comp-lax3pxd9 wixui-rich-text\" data-testid=\"richTextElement\">\n<h2 class=\"font_6 wixui-rich-text__text\"><span class=\"wixui-rich-text__text\"><span class=\"color_15 wixui-rich-text__text\">Lehets\u00e9ges a kont\u00e9ner biztos\u00edt\u00e1sa?<\/span><\/span><\/h2>\n<\/div>\n<div id=\"comp-lax3q6gd\" class=\"KcpHeO tz5f0K comp-lax3q6gd wixui-rich-text\" data-testid=\"richTextElement\">\n<p class=\"font_9 wixui-rich-text__text\">T\u00f6bbf\u00e9le megold\u00e1st k\u00edn\u00e1lunk \u00e1ruj\u00e1nak biztos\u00edt\u00e1s\u00e1ra, amikor kont\u00e9nerben t\u00e1rolja azokat. A klasszikus biztons\u00e1gi plomb\u00e1kt\u00f3l kezdve a fejlettebb biztons\u00e1gi elj\u00e1r\u00e1sokig k\u00f6nnyed\u00e9n biztos\u00edthatja kont\u00e9nere optim\u00e1lis biztons\u00e1g\u00e1t.<\/p>\n<p class=\"font_9 wixui-rich-text__text\">N\u00e9zze meg a&nbsp;<a class=\"wixui-rich-text__text\" href=\"https:\/\/www.container-z.com\/fr\/prestations-et-accessoires\/securisation\" target=\"_blank\" rel=\"noreferrer noopener\">speci\u00e1lis oldal<\/a>&nbsp;a t\u00e9m\u00e1ban, hogy megismerje a rendelkez\u00e9sre \u00e1ll\u00f3 k\u00fcl\u00f6nb\u00f6z\u0151 eszk\u00f6z\u00f6ket.<\/p>\n<\/div>\n<div id=\"comp-lax3qk74\" class=\"KcpHeO tz5f0K comp-lax3qk74 wixui-rich-text\" data-testid=\"richTextElement\">\n<h2 class=\"font_6 wixui-rich-text__text\"><span class=\"wixui-rich-text__text\"><span class=\"color_15 wixui-rich-text__text\">A h\u0171t\u0151kont\u00e9ner zajos?<\/span><\/span><\/h2>\n<\/div>\n<div id=\"comp-lax3qs39\" class=\"KcpHeO tz5f0K comp-lax3qs39 wixui-rich-text\" data-testid=\"richTextElement\">\n<p class=\"font_9 wixui-rich-text__text\">A h\u0171t\u0151kont\u00e9nerek k\u00fcls\u0151 motorjaik miatt viszonylag zajosak. Vannak azonban olyan motorok, amelyek csendesebbek lehetnek.<\/p>\n<p class=\"font_9 wixui-rich-text__text\">Ne habozzon kapcsolatba l\u00e9pni vel\u00fcnk, hogy megbesz\u00e9lj\u00fck a megold\u00e1sokat, amelyeket k\u00edn\u00e1lhatunk \u00d6nnek a k\u00f6vetkez\u0151kkel kapcsolatban&nbsp;<a class=\"wixui-rich-text__text\" href=\"https:\/\/www.container-z.com\/fr\/vente-et-location\/containers-frigorifiques\" target=\"_blank\" rel=\"noreferrer noopener\">a h\u0171t\u0151haj\u00f3ink kont\u00e9nerek<\/a>.<\/p>\n<\/div>\n<div id=\"comp-lax3r57k\" class=\"KcpHeO tz5f0K comp-lax3r57k wixui-rich-text\" data-testid=\"richTextElement\">\n<h2 class=\"font_6 wixui-rich-text__text\"><span class=\"wixui-rich-text__text\"><span class=\"color_15 wixui-rich-text__text\">A h\u0171t\u0151kont\u00e9nerben haszn\u00e1lt g\u00e1z megfelel az el\u0151\u00edr\u00e1soknak?<\/span><\/span><\/h2>\n<\/div>\n<div id=\"comp-lax3rmxp\" class=\"KcpHeO tz5f0K comp-lax3rmxp wixui-rich-text\" data-testid=\"richTextElement\">\n<p class=\"font_9 wixui-rich-text__text\">A h\u0171t\u0151szekr\u00e9nyeinkben haszn\u00e1lt \u00f6sszes g\u00e1z megfelel a hat\u00e1lyos szabv\u00e1nyoknak.<\/p>\n<\/div>\n<div id=\"comp-lax3yca4\" class=\"KcpHeO tz5f0K comp-lax3yca4 wixui-rich-text\" data-testid=\"richTextElement\">\n<h2 class=\"font_6 wixui-rich-text__text\"><span class=\"wixui-rich-text__text\"><span class=\"color_15 wixui-rich-text__text\">Megfelelnek-e az \u00d6n kont\u00e9nerei a hat\u00e1lyos szabv\u00e1nyoknak?<\/span><\/span><\/h2>\n<\/div>\n<div id=\"comp-lax3yivw\" class=\"KcpHeO tz5f0K comp-lax3yivw wixui-rich-text\" data-testid=\"richTextElement\">\n<p class=\"font_9 wixui-rich-text__text\">Minden kont\u00e9ner\u00fcnk&nbsp;<a class=\"wixui-rich-text__text\" href=\"https:\/\/www.container-z.com\/fr\/informations-et-conseils\/les-normes\" target=\"_blank\" rel=\"noreferrer noopener\">jelenlegi szabv\u00e1nyok<\/a>&nbsp;valamint az \u00f6sszes \u00e1talak\u00edt\u00e1s \u00e9s m\u00f3dos\u00edt\u00e1s, amit a projektj\u00e9n v\u00e9gz\u00fcnk.<\/p>\n<p class=\"font_9 wixui-rich-text__text\">Ezekr\u0151l a szabv\u00e1nyokr\u00f3l t\u00f6bbet megtudhat az erre a c\u00e9lra l\u00e9trehozott oldalunkon, amelyet rendszeresen friss\u00edt\u00fcnk a t\u00e9m\u00e1ban.<\/p>\n<\/div>\n<div id=\"comp-lax3yrtb\" class=\"KcpHeO tz5f0K comp-lax3yrtb wixui-rich-text\" data-testid=\"richTextElement\">\n<h2 class=\"font_6 wixui-rich-text__text\"><span class=\"wixui-rich-text__text\"><span class=\"color_15 wixui-rich-text__text\">Franciaorsz\u00e1gban k\u00e9sz\u00fclnek a tart\u00e1lyok?<\/span><\/span><\/h2>\n<\/div>\n<div id=\"comp-lax3z1j6\" class=\"KcpHeO tz5f0K comp-lax3z1j6 wixui-rich-text\" data-testid=\"richTextElement\">\n<p class=\"font_9 wixui-rich-text__text\">Ma m\u00e1r szinte az \u00f6sszes tengeri kont\u00e9nert K\u00edn\u00e1ban gy\u00e1rtj\u00e1k.<\/p>\n<p class=\"font_9 wixui-rich-text__text\">A kont\u00e9nerek fel\u00faj\u00edt\u00e1s\u00e1t \u00e9s jav\u00edt\u00e1s\u00e1t viszont a k\u00f6vetkez\u0151 ter\u00fcleteken v\u00e9gzik el&nbsp;<a class=\"wixui-rich-text__text\" href=\"https:\/\/www.container-z.com\/fr\/qui-sommes-nous\/nos-moyens\" target=\"_blank\" rel=\"noreferrer noopener\">m\u0171helyeink<\/a>&nbsp;Franciaorsz\u00e1gban csak k\u00e9pzett \u00e9s tan\u00fas\u00edtott szem\u00e9lyzet \u00e1ltal.<\/p>\n<\/div>\n<div id=\"comp-lax3za3q\" class=\"KcpHeO tz5f0K comp-lax3za3q wixui-rich-text\" data-testid=\"richTextElement\">\n<h2 class=\"font_6 wixui-rich-text__text\"><span class=\"wixui-rich-text__text\"><span class=\"color_15 wixui-rich-text__text\">Mag\u00e1nszem\u00e9ly vagyok, ig\u00e9nybe vehetem a szolg\u00e1ltat\u00e1sait?<\/span><\/span><\/h2>\n<\/div>\n<div id=\"comp-lax3zmr8\" class=\"KcpHeO tz5f0K comp-lax3zmr8 wixui-rich-text\" data-testid=\"richTextElement\">\n<p class=\"font_9 wixui-rich-text__text\">Ha \u00d6n mag\u00e1nszem\u00e9ly, akkor is tudunk alkalmazkodni az \u00d6n projektj\u00e9hez. Szolg\u00e1ltat\u00e1saink mindenki sz\u00e1m\u00e1ra nyitottak, ez\u00e9rt ne habozzon kapcsolatba l\u00e9pni vel\u00fcnk.&nbsp;<span class=\"wixui-rich-text__text\"><a class=\"wixui-rich-text__text\" href=\"https:\/\/www.containersbrilock.com\/contact-8\" target=\"_self\">k\u00e9rj\u00fck, l\u00e9pjen kapcsolatba vel\u00fcnk.<\/a><\/span><\/p>\n<\/div>\n<div id=\"comp-lax44pv5\" class=\"KcpHeO tz5f0K comp-lax44pv5 wixui-rich-text\" data-testid=\"richTextElement\">\n<h2 class=\"font_6 wixui-rich-text__text\"><span class=\"wixui-rich-text__text\"><span class=\"color_15 wixui-rich-text__text\">Hogyan sz\u00e1ll\u00edthatok tengeri kont\u00e9nert?<\/span><\/span><\/h2>\n<\/div>\n<div id=\"comp-lax44vxt\" class=\"KcpHeO tz5f0K comp-lax44vxt wixui-rich-text\" data-testid=\"richTextElement\">\n<p class=\"font_9 wixui-rich-text__text\">K\u00f6zel 500 milli\u00f3&nbsp;<a class=\"wixui-rich-text__text\" href=\"https:\/\/www.container-z.com\/fr\/vente-et-location\/containers-standards\" target=\"_blank\" rel=\"noreferrer noopener\">kont\u00e9nerek<\/a>&nbsp;rakom\u00e1nyt kezelnek \u00e9vente a kik\u00f6t\u0151kben, ahol ak\u00e1r 30 tonn\u00e1s rakom\u00e1nyokat is \u00fajra \u00e9s \u00fajra fel kell emelni \u00e9s le kell rakni. A kont\u00e9nerek tengeri sz\u00e1ll\u00edt\u00e1sa ez\u00e9rt j\u00f3l kidolgozott rendszert \u00e9s szil\u00e1rd horgonyokat ig\u00e9nyel! Ez\u00e9rt a kont\u00e9nersz\u00e1ll\u00edt\u00e1sra bizonyos biztons\u00e1gi szab\u00e1lyok vonatkoznak.<\/p>\n<p class=\"font_9 wixui-rich-text__text\">A g\u00e9pek a kezel\u00e9shez f\u0151k\u00e9nt a k\u00f6vetkez\u0151ket haszn\u00e1lj\u00e1k&nbsp;<a class=\"wixui-rich-text__text\" href=\"https:\/\/www.container-z.com\/fr\/accessoires\/calage-et-arrimage\" target=\"_blank\" rel=\"noreferrer noopener\">a tart\u00e1ly ISO-sarkait<\/a>Ritk\u00e1bban az als\u00f3 oldals\u00f3 \u00e1tj\u00e1r\u00f3kat \u00fcres kont\u00e9nerek targonc\u00e1kkal t\u00f6rt\u00e9n\u0151 kezel\u00e9s\u00e9re tervezt\u00e9k.<\/p>\n<\/div>\n<div id=\"comp-lax454uq\" class=\"KcpHeO tz5f0K comp-lax454uq wixui-rich-text\" data-testid=\"richTextElement\">\n<h2 class=\"font_6 wixui-rich-text__text\"><span class=\"wixui-rich-text__text\"><span class=\"color_15 wixui-rich-text__text\">Elszigetel\u0151 sarok egy kont\u00e9neren<\/span><\/span><\/h2>\n<\/div>\n<div id=\"comp-lax459lk\" class=\"KcpHeO tz5f0K comp-lax459lk wixui-rich-text\" data-testid=\"richTextElement\">\n<p class=\"font_9 wixui-rich-text__text\">Az ISO-sarkok a kont\u00e9ner minden egyes sark\u00e1n tal\u00e1lhat\u00f3k. Ezek 3 oldalon ny\u00edl\u00e1ssal ell\u00e1tott ac\u00e9ldarabok. Val\u00f3j\u00e1ban n\u0151st\u00e9ny alkatr\u00e9szek. A h\u00edmivar\u00fa r\u00e9szek, az \u00fagynevezett csavarz\u00e1rak belsej\u00e9be illeszkednek \u00e9s a hely\u00fckre r\u00f6gz\u00fclnek. Miut\u00e1n \u00f6sszeillesztett\u00e9k, ez a k\u00e9t r\u00e9sz haszn\u00e1lhat\u00f3 a kont\u00e9nerek egym\u00e1shoz, daruhoz, haj\u00f3hoz, teheraut\u00f3hoz stb. val\u00f3 r\u00f6gz\u00edt\u00e9s\u00e9re.<\/p>\n<p class=\"font_9 wixui-rich-text__text\">L\u00e9teznek darukra szerelt automatikus csavarz\u00e1rak \u00e9s k\u00e9zi csavarz\u00e1rak is, amelyek p\u00e9ld\u00e1ul teheraut\u00f3kon tal\u00e1lhat\u00f3k, vagy k\u00e9t kont\u00e9ner \u00f6sszekapcsol\u00e1s\u00e1ra szolg\u00e1lnak.<\/p>\n<\/div>\n<div id=\"comp-lax45n0l\" class=\"KcpHeO tz5f0K comp-lax45n0l wixui-rich-text\" data-testid=\"richTextElement\">\n<h2 class=\"font_6 wixui-rich-text__text\"><span class=\"wixui-rich-text__text\"><span class=\"color_15 wixui-rich-text__text\">Sz\u00e1ll\u00edthat-e egy kont\u00e9ner radioakt\u00edv elemeket (p\u00e9ld\u00e1ul nukle\u00e1ris hullad\u00e9kot)?<\/span><\/span><\/h2>\n<\/div>\n<div id=\"comp-lax45rwy\" class=\"KcpHeO tz5f0K comp-lax45rwy wixui-rich-text\" data-testid=\"richTextElement\">\n<p class=\"font_9 wixui-rich-text__text\">Igen, de csak akkor, ha a tart\u00e1ly IP2 vagy A t\u00edpus\u00fa. Ezek a kont\u00e9nerek speci\u00e1lisan az ilyen t\u00edpus\u00fa anyagok t\u00e1rol\u00e1s\u00e1ra vannak felszerelve. Ez\u00e9rt nem lehet radioakt\u00edv anyagokat szabv\u00e1nyos kont\u00e9nerben t\u00e1rolni.<\/p>\n<\/div>\t\t\t\t\t\t<\/div>\n\t\t\t\t<\/div>\n\t\t\t\t\t<\/div>\n\t\t\t\t<\/div>\n\t\t\t\t\t\t\t<\/div>","protected":false},"excerpt":{"rendered":"<p>QUESTIONS FR\u00c9QUENTES Les r\u00e9ponses \u00e0 vos questions Est-ce qu&rsquo;un container c&rsquo;est r\u00e9sistant? Un conteneur est adapt\u00e9 pour durer plus d\u2019une dizaine d\u2019ann\u00e9es en service lors de trajets maritimes. Il va sans dire que la r\u00e9sistance d\u2019un container n\u2019est plus \u00e0 prouver, d\u2019autant que nos containers disponibles \u00e0 l\u2019achat et \u00e0 la location et pour les [&hellip;]<\/p>","protected":false},"author":1,"featured_media":0,"parent":0,"menu_order":0,"comment_status":"closed","ping_status":"closed","template":"elementor_header_footer","meta":{"_monsterinsights_skip_tracking":false,"_monsterinsights_sitenote_active":false,"_monsterinsights_sitenote_note":"","_monsterinsights_sitenote_category":0,"footnotes":""},"aioseo_notices":[],"_links":{"self":[{"href":"https:\/\/alex-elec.eu\/hu\/wp-json\/wp\/v2\/pages\/20288"}],"collection":[{"href":"https:\/\/alex-elec.eu\/hu\/wp-json\/wp\/v2\/pages"}],"about":[{"href":"https:\/\/alex-elec.eu\/hu\/wp-json\/wp\/v2\/types\/page"}],"author":[{"embeddable":true,"href":"https:\/\/alex-elec.eu\/hu\/wp-json\/wp\/v2\/users\/1"}],"replies":[{"embeddable":true,"href":"https:\/\/alex-elec.eu\/hu\/wp-json\/wp\/v2\/comments?post=20288"}],"version-history":[{"count":7,"href":"https:\/\/alex-elec.eu\/hu\/wp-json\/wp\/v2\/pages\/20288\/revisions"}],"predecessor-version":[{"id":28321,"href":"https:\/\/alex-elec.eu\/hu\/wp-json\/wp\/v2\/pages\/20288\/revisions\/28321"}],"wp:attachment":[{"href":"https:\/\/alex-elec.eu\/hu\/wp-json\/wp\/v2\/media?parent=20288"}],"curies":[{"name":"wp","href":"https:\/\/api.w.org\/{rel}","templated":true}]}}