{"id":28066,"date":"2023-09-21T18:31:59","date_gmt":"2023-09-21T18:31:59","guid":{"rendered":"https:\/\/alex-elec.eu\/?post_type=product&#038;p=28066"},"modified":"2023-09-21T18:31:59","modified_gmt":"2023-09-21T18:31:59","slug":"container-maritime-40-pieds-1er-voyage-bleu-ral-5013","status":"publish","type":"product","link":"https:\/\/alex-elec.eu\/de_de_formal\/product\/container-maritime-40-pieds-1er-voyage-bleu-ral-5013\/","title":{"rendered":"Seecontainer 40 Fu\u00df 1. Reise Blau (RAL 5013)"},"content":{"rendered":"<p>Mit einer Lagerkapazit\u00e4t von fast 2.500 Kubikfu\u00df bieten unsere 40 Fu\u00df x 8 Fu\u00df ISO-Seecontainer eine kosteng\u00fcnstige und sichere Lagerung von gro\u00dfen \/ sperrigen Lasten.<\/p>\n<p>Es handelt sich um neue Container (sobald sie verschifft sind), die in China nach strengen ISO-Normen hergestellt werden.<\/p>\n<p>MERKMALE DES NEUEN 40-FUSS-SEECONTAINERS (BLAU RAL 5013)<\/p>\n<ul>\n<li>Neuer 40-Fu\u00df-Container (sobald er verschifft wurde)<\/li>\n<li>CSC furniert (Bruttogewicht) max: 30 Tonnen<\/li>\n<li>Konstruktion komplett aus Cor-Ten-Stahl<\/li>\n<li>Doppelte \u00e4u\u00dfere Fl\u00fcgelt\u00fcren am Ende<\/li>\n<li>4 Winde<\/li>\n<li>Zwei Verriegelungsstangen an jeder T\u00fcr<\/li>\n<li>Werkseitig montierter Sicherheitskasten<\/li>\n<li>2 x Gabelstaplertaschen auf jeder Seite<\/li>\n<li>Boden aus 28 mm Marine-Sperrholz auf Stahlquertr\u00e4gern<\/li>\n<\/ul>\n<p>Dieser Container kann online gekauft und in das gesamte Vereinigte K\u00f6nigreich geliefert werden.<\/p>\n<p>Wenn Sie Fragen haben, wenden Sie sich bitte an unser freundliches Team f\u00fcr den Verkauf von Containern.<\/p>","protected":false},"excerpt":{"rendered":"<p>Avec une capacit\u00e9 de stockage de pr\u00e8s de 2 500 pieds cubes, nos conteneurs maritimes ISO de 40 pieds x 8 pieds offrent un stockage \u00e9conomique et s\u00e9curis\u00e9 pour les charges volumineuses \/ volumineuses. Ce sont de nouveaux conteneurs (une fois exp\u00e9di\u00e9s) fabriqu\u00e9s en Chine selon des normes ISO rigoureuses. CARACT\u00c9RISTIQUES DU NOUVEAU CONTENEUR MARITIME [&hellip;]<\/p>","protected":false},"featured_media":28068,"comment_status":"open","ping_status":"closed","template":"","meta":{"_monsterinsights_skip_tracking":false,"_monsterinsights_sitenote_active":false,"_monsterinsights_sitenote_note":"","_monsterinsights_sitenote_category":0},"product_cat":[15,101],"product_tag":[],"aioseo_notices":[],"_links":{"self":[{"href":"https:\/\/alex-elec.eu\/de_de_formal\/wp-json\/wp\/v2\/product\/28066"}],"collection":[{"href":"https:\/\/alex-elec.eu\/de_de_formal\/wp-json\/wp\/v2\/product"}],"about":[{"href":"https:\/\/alex-elec.eu\/de_de_formal\/wp-json\/wp\/v2\/types\/product"}],"replies":[{"embeddable":true,"href":"https:\/\/alex-elec.eu\/de_de_formal\/wp-json\/wp\/v2\/comments?post=28066"}],"wp:featuredmedia":[{"embeddable":true,"href":"https:\/\/alex-elec.eu\/de_de_formal\/wp-json\/wp\/v2\/media\/28068"}],"wp:attachment":[{"href":"https:\/\/alex-elec.eu\/de_de_formal\/wp-json\/wp\/v2\/media?parent=28066"}],"wp:term":[{"taxonomy":"product_cat","embeddable":true,"href":"https:\/\/alex-elec.eu\/de_de_formal\/wp-json\/wp\/v2\/product_cat?post=28066"},{"taxonomy":"product_tag","embeddable":true,"href":"https:\/\/alex-elec.eu\/de_de_formal\/wp-json\/wp\/v2\/product_tag?post=28066"}],"curies":[{"name":"wp","href":"https:\/\/api.w.org\/{rel}","templated":true}]}}