{"id":28046,"date":"2023-09-21T18:23:25","date_gmt":"2023-09-21T18:23:25","guid":{"rendered":"https:\/\/alex-elec.eu\/?post_type=product&#038;p=28046"},"modified":"2023-09-21T18:23:25","modified_gmt":"2023-09-21T18:23:25","slug":"40ft-open-top-high-cube-rebuild-%e2%89%88-122-m","status":"publish","type":"product","link":"https:\/\/alex-elec.eu\/de_de_formal\/product\/40ft-open-top-high-cube-rebuild-%e2%89%88-122-m\/","title":{"rendered":"40ft Open Top High Cube Rebuild \u2248 12,2 m"},"content":{"rendered":"<p>Container<br \/>\nder Rekonstruktion von W\u00fcrfel von\u00a0<strong>40 Fu\u00df hoch gebraucht<\/strong>\u00a0Unser 40 Fu\u00df hoher Cube Reconstruction Container hat bereits ein Leben hinter sich. Er begann als Hardtop-Container, hat aber inzwischen eine andere Karriere eingeschlagen. Wir haben das Dach entfernt, damit Sie ihn von oben beladen k\u00f6nnen. Spannen Sie die mitgelieferte Plane \u00fcber die Oberseite des Cham\u00e4leon-Beh\u00e4lters, um Ihre Waren sicher und trocken zu halten. Es gibt viel zu tun, denn dieser 40 Fu\u00df hohe W\u00fcrfelcontainer ist einen Fu\u00df h\u00f6her als unsere regul\u00e4ren 40-Fu\u00df-Container. Er hat noch 18 Monate lang ein Lloyds-Zertifikat und danach ist er perfekt als Lagercontainer geeignet. Dieser Container ist bereit f\u00fcr seine neue Existenz: Sind Sie bereit f\u00fcr diesen Container? Kaufen Sie ihn direkt in unserem Online-Shop.<\/p>\n<p>&nbsp;<\/p>\n<p>Spezifikationen<\/p>\n<ul>\n<li>ISO-zertifiziert<\/li>\n<li>CSC-zertifiziert<\/li>\n<li>Wind- und wasserdicht<\/li>\n<li>Frachtw\u00fcrdig<\/li>\n<li>Parkett<\/li>\n<\/ul>\n<p>Gr\u00f6\u00dfe<\/p>\n<table>\n<tbody>\n<tr>\n<th><\/th>\n<th>\u00c4u\u00dfere Gr\u00f6\u00dfe<\/th>\n<th>Innere Gr\u00f6\u00dfe<\/th>\n<\/tr>\n<tr>\n<th>L\u00e4nge<\/th>\n<td>12192 mm<\/td>\n<td>12040 mm<\/td>\n<\/tr>\n<tr>\n<th>Breite<\/th>\n<td>2438 mm<\/td>\n<td>2170 mm<\/td>\n<\/tr>\n<tr>\n<th>H\u00f6he<\/th>\n<td>2890 mm<\/td>\n<td>2530 mm<\/td>\n<\/tr>\n<tr>\n<th>Tara<\/th>\n<th>Max. Nutzlast<\/th>\n<th>Gewicht max.<\/th>\n<\/tr>\n<tr>\n<td>3980 kg<\/td>\n<td>26500 kg<\/td>\n<td>30480 kg<\/td>\n<\/tr>\n<\/tbody>\n<\/table>","protected":false},"excerpt":{"rendered":"<p>Conteneur de reconstruction de cube de\u00a040 pieds de haut usag\u00e9\u00a0Notre conteneur de reconstruction de cube de 40 pieds de haut a d\u00e9j\u00e0 eu une vie derri\u00e8re lui. Il a commenc\u00e9 comme conteneur \u00e0 toit rigide, mais a chang\u00e9 de carri\u00e8re. Nous avons enlev\u00e9 le toit afin que vous puissiez le charger d\u2019en haut. Tendez la [&hellip;]<\/p>","protected":false},"featured_media":28047,"comment_status":"open","ping_status":"closed","template":"","meta":{"_monsterinsights_skip_tracking":false,"_monsterinsights_sitenote_active":false,"_monsterinsights_sitenote_note":"","_monsterinsights_sitenote_category":0},"product_cat":[15,101],"product_tag":[],"aioseo_notices":[],"_links":{"self":[{"href":"https:\/\/alex-elec.eu\/de_de_formal\/wp-json\/wp\/v2\/product\/28046"}],"collection":[{"href":"https:\/\/alex-elec.eu\/de_de_formal\/wp-json\/wp\/v2\/product"}],"about":[{"href":"https:\/\/alex-elec.eu\/de_de_formal\/wp-json\/wp\/v2\/types\/product"}],"replies":[{"embeddable":true,"href":"https:\/\/alex-elec.eu\/de_de_formal\/wp-json\/wp\/v2\/comments?post=28046"}],"wp:featuredmedia":[{"embeddable":true,"href":"https:\/\/alex-elec.eu\/de_de_formal\/wp-json\/wp\/v2\/media\/28047"}],"wp:attachment":[{"href":"https:\/\/alex-elec.eu\/de_de_formal\/wp-json\/wp\/v2\/media?parent=28046"}],"wp:term":[{"taxonomy":"product_cat","embeddable":true,"href":"https:\/\/alex-elec.eu\/de_de_formal\/wp-json\/wp\/v2\/product_cat?post=28046"},{"taxonomy":"product_tag","embeddable":true,"href":"https:\/\/alex-elec.eu\/de_de_formal\/wp-json\/wp\/v2\/product_tag?post=28046"}],"curies":[{"name":"wp","href":"https:\/\/api.w.org\/{rel}","templated":true}]}}