{"id":27893,"date":"2023-09-21T12:24:50","date_gmt":"2023-09-21T12:24:50","guid":{"rendered":"https:\/\/alex-elec.eu\/?post_type=product&#038;p=27893"},"modified":"2023-09-21T12:24:50","modified_gmt":"2023-09-21T12:24:50","slug":"container-flat-40-neuf","status":"publish","type":"product","link":"https:\/\/alex-elec.eu\/de_de_formal\/product\/container-flat-40-neuf\/","title":{"rendered":"Container Flat 40 Neu"},"content":{"rendered":"<p><strong>Die 40-Fu\u00df-Flat-Container<\/strong>\u00a0gibt es mit festen oder umklappbaren Stirnw\u00e4nden. Sie werden zum Verladen von schweren Ladungen verwendet.<\/p>\n<p>Die Container werden vor der Lieferung gr\u00fcndlich \u00fcberpr\u00fcft und dass sie ein g\u00fcltiges CSC-Datum haben, was Qualit\u00e4t und Sicherheit nach internationalen Standards garantiert;<\/p>\n<p>Container k\u00f6nnen in die ganze Welt verschickt werden.<\/p>\n<p>&nbsp;<\/p>\n<p>&nbsp;<\/p>\n<p>Technische Daten.<\/p>\n<p>Innenma\u00dfe:<\/p>\n<p>- L\u00e4nge: 11.650 mm<br \/>\n- Breite: 2.350 mm<br \/>\n- H\u00f6he: 1.960 mm<\/p>\n<p>Au\u00dfenma\u00dfe:<\/p>\n<p>- L\u00e4nge: 12 192 mm<br \/>\n- Breite: 2.438 mm<br \/>\n- H\u00f6he: 2.591 mm<\/p>\n<p>Zus\u00e4tzliche Informationen:<\/p>\n<p>-Ladekapazit\u00e4t: 44.650 kg<\/p>\n<p>&nbsp;<\/p>\n<p>Vorteile :<\/p>\n<p>- Widmet sich Materialien au\u00dferhalb der Standardgr\u00f6\u00dfe<\/p>\n<p>- Schwere Lasten bis zu 50 Tonnen<br \/>\n- Gemacht f\u00fcr Import-Export<br \/>\n- Multimodale L\u00f6sung<br \/>\n- Einfacher und unbegrenzter Transport<br \/>\n&nbsp;<\/p>\n<p>Expertenmeinung :<\/p>\n<p>Der Seecontainer 40 Flat wird zum Verladen von sperrigen G\u00fctern wie Fahrzeugen, Holzst\u00e4mmen, Landmaschinen, Schwermaschinen, Bergbaumaschinen, Lagertanks, Rohrleitungsringen, Kabeltrommeln, Stahlrollen usw. verwendet.<\/p>\n<p>Da er die Standardbreite und -h\u00f6he \u00fcberschreitet und nicht wetterempfindlich ist, ist der Flat-Container genau das Richtige f\u00fcr Sie!<\/p>\n<p>Den Flat-Container gibt es in drei Formen:<\/p>\n<p>Der 40-Fu\u00df-Container Flat platform: Einfache Plattformen mit einer Gabeldurchfahrt, um den Container zu handhaben.<\/p>\n<p>Der 40-Fu\u00df-Container Flat Fix Hands: Plattformen mit 4 Pfosten oder zwei festen W\u00e4nden mit Iso-Ecken.<\/p>\n<p>Der 40-Fu\u00df-Container Flat Rack Collapsible: Plattformen mit 2 abnehmbaren und versenkbaren W\u00e4nden. Dies ist eine ideale L\u00f6sung, um eine gro\u00dfe Anzahl von Flat-Containern auf kleinem Raum zu lagern.<\/p>\n<p>Er ist besonders widerstandsf\u00e4hig, da seine gesamte Struktur aus Cortenstahl besteht. Er hat keine W\u00e4nde, au\u00dfer an den Seiten bei einigen Produkten. Der Boden besteht aus Tr\u00e4nenblech oder verst\u00e4rktem Holz.<\/p>\n<p>Es ist eine multimodale L\u00f6sung, Stra\u00dfe, Schiene, Lastkahn und Seeweg. Es kann auf verschiedenen Wegen transportiert und geliefert werden.<\/p>","protected":false},"excerpt":{"rendered":"<p>Les Containers flat 40 pieds\u00a0existent avec des parois d&rsquo;extr\u00e9mit\u00e9 fixes ou rabattables. Ils sont utilis\u00e9s pour empoter des cargaisons lourdes. Les conteneurs sont minutieusement contr\u00f4l\u00e9s avant la livraison et qu&rsquo;ils ont un CSC-date valide, ce qui garantit la qualit\u00e9 et la s\u00e9curit\u00e9 des normes internationales; Les conteneurs peuvent \u00eatre exp\u00e9di\u00e9s dans le monde entier. &nbsp; [&hellip;]<\/p>","protected":false},"featured_media":27894,"comment_status":"open","ping_status":"closed","template":"","meta":{"_monsterinsights_skip_tracking":false,"_monsterinsights_sitenote_active":false,"_monsterinsights_sitenote_note":"","_monsterinsights_sitenote_category":0},"product_cat":[15,102],"product_tag":[],"aioseo_notices":[],"_links":{"self":[{"href":"https:\/\/alex-elec.eu\/de_de_formal\/wp-json\/wp\/v2\/product\/27893"}],"collection":[{"href":"https:\/\/alex-elec.eu\/de_de_formal\/wp-json\/wp\/v2\/product"}],"about":[{"href":"https:\/\/alex-elec.eu\/de_de_formal\/wp-json\/wp\/v2\/types\/product"}],"replies":[{"embeddable":true,"href":"https:\/\/alex-elec.eu\/de_de_formal\/wp-json\/wp\/v2\/comments?post=27893"}],"wp:featuredmedia":[{"embeddable":true,"href":"https:\/\/alex-elec.eu\/de_de_formal\/wp-json\/wp\/v2\/media\/27894"}],"wp:attachment":[{"href":"https:\/\/alex-elec.eu\/de_de_formal\/wp-json\/wp\/v2\/media?parent=27893"}],"wp:term":[{"taxonomy":"product_cat","embeddable":true,"href":"https:\/\/alex-elec.eu\/de_de_formal\/wp-json\/wp\/v2\/product_cat?post=27893"},{"taxonomy":"product_tag","embeddable":true,"href":"https:\/\/alex-elec.eu\/de_de_formal\/wp-json\/wp\/v2\/product_tag?post=27893"}],"curies":[{"name":"wp","href":"https:\/\/api.w.org\/{rel}","templated":true}]}}