{"id":27883,"date":"2023-09-21T10:51:28","date_gmt":"2023-09-21T10:51:28","guid":{"rendered":"https:\/\/alex-elec.eu\/?post_type=product&#038;p=27883"},"modified":"2023-09-21T10:51:28","modified_gmt":"2023-09-21T10:51:28","slug":"container-20-pieds-gris-1er-voyage-neuf","status":"publish","type":"product","link":"https:\/\/alex-elec.eu\/de_de_formal\/product\/container-20-pieds-gris-1er-voyage-neuf\/","title":{"rendered":"Container 20 Fu\u00df Grau 1. Reise (Neu)"},"content":{"rendered":"<p>Dieses Modell ist in der Version HIGH CUBE erh\u00e4ltlich, wodurch die H\u00f6he um 30 cm erh\u00f6ht werden kann.<\/p>\n<p>6m Container gebraucht oder neu<br \/>\n20-Fu\u00df-Seecontainer der letzten Reise und gebrauchte 20'-Dry-Container mit g\u00fcltigem CSC-Schild. Alle unsere gebrauchten Seecontainer sind mit ISO-Ecken und Gabelstaplern f\u00fcr das Handling ausgestattet. Die gebrauchten 20' Dry Seecontainer sind komplett \u00fcberholt, wasser- und luftdicht.<\/p>\n<p>Der 6-m-Container ist auch als 1. Reise (neuer Container) erh\u00e4ltlich. Sie werden h\u00e4ufig f\u00fcr die Lagerung, aber auch f\u00fcr die Selbstlagerung, den Containerausbau und den Seetransport verwendet. Der 20-Fu\u00df-Container f\u00fcr die erste Reise ist mit seiner Struktur aus Cortenstahl und seiner Vorh\u00e4ngeschlossabdeckung sehr robust. Er garantiert Ihnen die Sicherheit der gelagerten Produkte. Seitenw\u00e4nde und Vorderseite aus Stahlblech mit seitlicher Bel\u00fcftung, Doppelt\u00fcr mit Schlie\u00dfstangen. Sie sind wasser- und luftdicht, Holzboden auf Stahlquertr\u00e4gern.<\/p>\n<p>&nbsp;<\/p>\n<p>Technisches Merkmal<\/p>\n<ul>\n<li>Schutz: einbruchsicher durch Standardglocke<\/li>\n<li>Struktur: CORTEN-Stahl<\/li>\n<li>Boden: 28 mm Marineholz \/ Bambuslaminat mit rutschfester Beschichtung (DRY)<\/li>\n<li>T\u00fcr\u00f6ffnung: Doppelfl\u00fcgel mit 270\u00b0 auf der Au\u00dfenfl\u00e4che<\/li>\n<li>Gabeldurchgang: 950mm<\/li>\n<li>\u00a0Zulassung: CSC (Internationales \u00dcbereinkommen \u00fcber die Sicherheit von Containern)<\/li>\n<li>Konformit\u00e4t: ISO 1161 und 9001<\/li>\n<\/ul>\n<p>Abmessungen<\/p>\n<p>&nbsp;<\/p>\n<p>\u00c4u\u00dfere Abmessungen<br \/>\nL\u00e4nge: 6058 mm<br \/>\nBreite: 2438 mm<br \/>\nH\u00f6he: 2591 mm<\/p>\n<p>Innere Abmessungen<br \/>\nL\u00e4nge: 5895 mm<br \/>\nBreite: 2350 mm<br \/>\nH\u00f6he: 2392 mm<\/p>\n<p>Ma\u00dfe der T\u00fcren<br \/>\nBreite: 2340 mm<br \/>\nH\u00f6he: 2280 mm<\/p>\n<p>&nbsp;<\/p>\n<p>Struktur: Vollst\u00e4ndig geschwei\u00dfter Corten<\/p>\n<p>Boden: Sperrholz MARINE 28 mm<\/p>\n<p>Durchgang der Gabel: 2.050 mm<\/p>\n<p>T\u00fcr\u00f6ffnung: 270\u00b0<\/p>\n<p>Gewicht: 2.250 kg<\/p>\n<p>Max. Belastung: 28 230 kg<\/p>\n<p>Max. Gewicht: 30.480 kg<\/p>","protected":false},"excerpt":{"rendered":"<p>Ce mod\u00e8le existe en version HIGH CUBE, permettant ainsi de gagner 30 cm sur la hauteur. Conteneur 6m occasion ou neuf Containers 20 pieds maritimes dernier voyage et conteneur d\u2019occasion 20\u2019 dry avec plaque CSC valide. Tous nos conteneurs maritimes occasions sont \u00e9quip\u00e9s de coins ISO et passages de fourches pour la manutention. Les conteneurs [&hellip;]<\/p>","protected":false},"featured_media":27884,"comment_status":"open","ping_status":"closed","template":"","meta":{"_monsterinsights_skip_tracking":false,"_monsterinsights_sitenote_active":false,"_monsterinsights_sitenote_note":"","_monsterinsights_sitenote_category":0},"product_cat":[15,102],"product_tag":[],"aioseo_notices":[],"_links":{"self":[{"href":"https:\/\/alex-elec.eu\/de_de_formal\/wp-json\/wp\/v2\/product\/27883"}],"collection":[{"href":"https:\/\/alex-elec.eu\/de_de_formal\/wp-json\/wp\/v2\/product"}],"about":[{"href":"https:\/\/alex-elec.eu\/de_de_formal\/wp-json\/wp\/v2\/types\/product"}],"replies":[{"embeddable":true,"href":"https:\/\/alex-elec.eu\/de_de_formal\/wp-json\/wp\/v2\/comments?post=27883"}],"wp:featuredmedia":[{"embeddable":true,"href":"https:\/\/alex-elec.eu\/de_de_formal\/wp-json\/wp\/v2\/media\/27884"}],"wp:attachment":[{"href":"https:\/\/alex-elec.eu\/de_de_formal\/wp-json\/wp\/v2\/media?parent=27883"}],"wp:term":[{"taxonomy":"product_cat","embeddable":true,"href":"https:\/\/alex-elec.eu\/de_de_formal\/wp-json\/wp\/v2\/product_cat?post=27883"},{"taxonomy":"product_tag","embeddable":true,"href":"https:\/\/alex-elec.eu\/de_de_formal\/wp-json\/wp\/v2\/product_tag?post=27883"}],"curies":[{"name":"wp","href":"https:\/\/api.w.org\/{rel}","templated":true}]}}