{"id":27876,"date":"2023-09-21T10:39:44","date_gmt":"2023-09-21T10:39:44","guid":{"rendered":"https:\/\/alex-elec.eu\/?post_type=product&#038;p=27876"},"modified":"2023-09-21T10:39:44","modified_gmt":"2023-09-21T10:39:44","slug":"container-de-stockage-de-10-pieds-avec-ouverture-porte-garage-sectionnelle","status":"publish","type":"product","link":"https:\/\/alex-elec.eu\/de_de_formal\/product\/container-de-stockage-de-10-pieds-avec-ouverture-porte-garage-sectionnelle\/","title":{"rendered":"10-Fu\u00df-Lagercontainer Mit \u00d6ffnung \"Sektionales Garagentor\"."},"content":{"rendered":"<p>Ce conteneur de stockage est parfait pour stocker et\/ou transporter des marchandises<\/p>\n<p>Ce conteneur de stockage en acier peut \u00eatre empil\u00e9 et charg\u00e9 sur des camions ou des navires. Il est con\u00e7u pour offrir une s\u00e9curit\u00e9 et une protection maximales des marchandises pendant le transport. Ce type de conteneur de stockage peut \u00eatre utilis\u00e9 pour le stockage \u00e0 court terme et \u00e9galement \u00e0 long terme.<\/p>\n<p>Schneebest\u00e4ndig am Boden Sk 2,5 kN\/m\u00b2<\/p>\n<ul>\n<li><strong>Handhabung :<\/strong>\u00a0per Kran oder Lastenaufzug<\/li>\n<li><strong>Art des Fu\u00dfbodens :<\/strong>\u00a021 mm dickes, lackiertes Sperrholz<\/li>\n<li><strong>Zentrierte Gabeldurchg\u00e4nge :<\/strong>\u00a0950 mm sur longueur<\/li>\n<li><strong>Gewicht :<\/strong>\u00a0792 Kg<\/li>\n<li><strong>Au\u00dfenma\u00dfe :<\/strong>\u00a02991 x 2438 x 2591 mm<\/li>\n<\/ul>\n<p>Informationen \u00fcber das Sektionalgaragentor<\/p>\n<p>Kathodische Tauchlackierung (Grauton) mit einer durchschnittlichen Dicke von 20\u03bcm (min. 15\u03bcm).<\/p>\n<p>Hochwertige sekund\u00e4re Pulverlackierung auf Polyesterbasis (Fassadenqualit\u00e4t) mit einer durchschnittlichen Dicke von 70 \u03bcm (min. 60\u03bcm).<\/p>\n<p>Hohe Korrosions- und UV-Best\u00e4ndigkeit.<\/p>\n<ul>\n<li><strong>Farbe des Sektionalgaragentors :<\/strong>\u00a0RAL 9010 reinwei\u00df<\/li>\n<li><strong>Bestellung :<\/strong>\u00a0Manuelle Steuerung<\/li>\n<\/ul>\n<p>Zus\u00e4tzliche Informationen<\/p>\n<ul>\n<li><strong>Beh\u00e4lterfarben :<\/strong>\u00a0RAL 9010 reinwei\u00df<\/li>\n<li><strong>Rahmenkonstruktion :<\/strong>\u00a0geschwei\u00dfte Stahlprofile 2 - 3 mm<\/li>\n<li><strong>Maximale Nutzlast :<\/strong>\u00a010000 kg<\/li>\n<li><strong>Ladevolumen :<\/strong>\u00a015,76 m\u00b3<\/li>\n<\/ul>\n<p>Beim \u00dcbereinanderstapeln von Containern auf drei Ebenen m\u00fcssen die Anweisungen und die H\u00f6chstlasten beachtet werden.<\/p>","protected":false},"excerpt":{"rendered":"<p>Ce conteneur de stockage est parfait pour stocker et\/ou transporter des marchandises Ce conteneur de stockage en acier peut \u00eatre empil\u00e9 et charg\u00e9 sur des camions ou des navires. Il est con\u00e7u pour offrir une s\u00e9curit\u00e9 et une protection maximales des marchandises pendant le transport. Ce type de conteneur de stockage peut \u00eatre utilis\u00e9 pour [&hellip;]<\/p>","protected":false},"featured_media":27877,"comment_status":"open","ping_status":"closed","template":"","meta":{"_monsterinsights_skip_tracking":false,"_monsterinsights_sitenote_active":false,"_monsterinsights_sitenote_note":"","_monsterinsights_sitenote_category":0},"product_cat":[15,102],"product_tag":[],"aioseo_notices":[],"_links":{"self":[{"href":"https:\/\/alex-elec.eu\/de_de_formal\/wp-json\/wp\/v2\/product\/27876"}],"collection":[{"href":"https:\/\/alex-elec.eu\/de_de_formal\/wp-json\/wp\/v2\/product"}],"about":[{"href":"https:\/\/alex-elec.eu\/de_de_formal\/wp-json\/wp\/v2\/types\/product"}],"replies":[{"embeddable":true,"href":"https:\/\/alex-elec.eu\/de_de_formal\/wp-json\/wp\/v2\/comments?post=27876"}],"wp:featuredmedia":[{"embeddable":true,"href":"https:\/\/alex-elec.eu\/de_de_formal\/wp-json\/wp\/v2\/media\/27877"}],"wp:attachment":[{"href":"https:\/\/alex-elec.eu\/de_de_formal\/wp-json\/wp\/v2\/media?parent=27876"}],"wp:term":[{"taxonomy":"product_cat","embeddable":true,"href":"https:\/\/alex-elec.eu\/de_de_formal\/wp-json\/wp\/v2\/product_cat?post=27876"},{"taxonomy":"product_tag","embeddable":true,"href":"https:\/\/alex-elec.eu\/de_de_formal\/wp-json\/wp\/v2\/product_tag?post=27876"}],"curies":[{"name":"wp","href":"https:\/\/api.w.org\/{rel}","templated":true}]}}