{"id":27859,"date":"2023-09-21T08:46:07","date_gmt":"2023-09-21T08:46:07","guid":{"rendered":"https:\/\/alex-elec.eu\/?post_type=product&#038;p=27859"},"modified":"2023-09-21T08:46:07","modified_gmt":"2023-09-21T08:46:07","slug":"conteneur-tunnel-de-20-pi-x-8-pi-porte-a-double-extremite-1er-voyage","status":"publish","type":"product","link":"https:\/\/alex-elec.eu\/de_de_formal\/product\/conteneur-tunnel-de-20-pi-x-8-pi-porte-a-double-extremite-1er-voyage\/","title":{"rendered":"20 Pi x 8 Pi Tunnelcontainer (Doppelt\u00fcr) 1. Reise"},"content":{"rendered":"<p>PRODUKTDETAILS<\/p>\n<p>Unsere 20-Fu\u00df-Tunnelcontainer sind ideal f\u00fcr die Lagerung von Kleinartikeln und Palettenware. Leichter Zugang \u00fcber die doppelendigen T\u00fcren zum Be- und Entladen von Hand oder mit dem Gabelstapler.<\/p>\n<p>Manchmal werden diese Tunnelcontainer von Selbstlagerfirmen gekauft, die den Container in zwei 10-Fu\u00df-Magazine aufteilen.<\/p>\n<p>Es handelt sich um fast neue Seecontainer, die nur eine einzige Reise von China aus gemacht haben, wo sie hergestellt wurden.<\/p>\n<p>MERKMALE DES 20-FUSS-EXPEDITIONSCONTAINERS MIT DOPPELTER ENDT\u00dcR<\/p>\n<ul>\n<li>\n<ul>\n<li>NEU - Eine einzige Reise<\/li>\n<li>CSC furniert (Bruttogewicht) max: 30 Tonnen<\/li>\n<li>Die gesamte Konstruktion Cor-Ten Steel<\/li>\n<li>Doppelte Au\u00dfent\u00fcren mit Scharnieren an beiden Enden<\/li>\n<li>Zwei Verriegelungsstangen an jeder T\u00fcr<\/li>\n<li>Werkseitig montierter Tresor an jedem Ende<\/li>\n<li>2 x Gabelstaplertaschen auf jeder Seite<\/li>\n<li>Boden aus 28 mm Marine-Sperrholz auf Stahlquertr\u00e4gern<\/li>\n<li>8 Entl\u00fcftungs\u00f6ffnungen<\/li>\n<\/ul>\n<\/li>\n<\/ul>\n<p>Tunnelcontainer k\u00f6nnen online oder durch Kontaktaufnahme mit unserem Container-Verkaufsteam gekauft werden.<\/p>\n<p>&nbsp;<\/p>\n<p>PRODUKTSPEZIFIKATIONEN<\/p>\n<table>\n<tbody>\n<tr>\n<th>Externe L\u00e4nge (m)<\/th>\n<td>6.06<\/td>\n<\/tr>\n<tr>\n<th>\u00c4u\u00dfere Breite (m)<\/th>\n<td>2.44<\/td>\n<\/tr>\n<tr>\n<th>H\u00f6he au\u00dfen (m)<\/th>\n<td>2.59<\/td>\n<\/tr>\n<tr>\n<th>Interne L\u00e4nge (m)<\/th>\n<td>5.84<\/td>\n<\/tr>\n<tr>\n<th>Innere Breite (m)<\/th>\n<td>2.35<\/td>\n<\/tr>\n<tr>\n<th>Innere H\u00f6he (m)<\/th>\n<td>2.39<\/td>\n<\/tr>\n<tr>\n<th>Breite der T\u00fcr (m)<\/th>\n<td>2.34<\/td>\n<\/tr>\n<tr>\n<th>H\u00f6he der T\u00fcr (m)<\/th>\n<td>2.28<\/td>\n<\/tr>\n<tr>\n<th>Gewicht (kg)<\/th>\n<td>2450<\/td>\n<\/tr>\n<tr>\n<th>Art des Bodens<\/th>\n<td>28 mm Marinefalte<\/td>\n<\/tr>\n<\/tbody>\n<\/table>","protected":false},"excerpt":{"rendered":"<p>D\u00c9TAILS DU PRODUIT Nos conteneurs tunnels de 20 pieds sont id\u00e9aux pour le stockage de petits articles et de marchandises palettis\u00e9es. Acc\u00e8s facile via les portes \u00e0 double extr\u00e9mit\u00e9 pour le chargement et le d\u00e9chargement \u00e0 la main ou par chariot \u00e9l\u00e9vateur. Parfois, ces conteneurs tunnels sont achet\u00e9s par\u00a0des entreprises d\u2019entreposage libre-service\u00a0qui divisent le conteneur [&hellip;]<\/p>","protected":false},"featured_media":27863,"comment_status":"open","ping_status":"closed","template":"","meta":{"_monsterinsights_skip_tracking":false,"_monsterinsights_sitenote_active":false,"_monsterinsights_sitenote_note":"","_monsterinsights_sitenote_category":0},"product_cat":[15,102],"product_tag":[],"aioseo_notices":[],"_links":{"self":[{"href":"https:\/\/alex-elec.eu\/de_de_formal\/wp-json\/wp\/v2\/product\/27859"}],"collection":[{"href":"https:\/\/alex-elec.eu\/de_de_formal\/wp-json\/wp\/v2\/product"}],"about":[{"href":"https:\/\/alex-elec.eu\/de_de_formal\/wp-json\/wp\/v2\/types\/product"}],"replies":[{"embeddable":true,"href":"https:\/\/alex-elec.eu\/de_de_formal\/wp-json\/wp\/v2\/comments?post=27859"}],"wp:featuredmedia":[{"embeddable":true,"href":"https:\/\/alex-elec.eu\/de_de_formal\/wp-json\/wp\/v2\/media\/27863"}],"wp:attachment":[{"href":"https:\/\/alex-elec.eu\/de_de_formal\/wp-json\/wp\/v2\/media?parent=27859"}],"wp:term":[{"taxonomy":"product_cat","embeddable":true,"href":"https:\/\/alex-elec.eu\/de_de_formal\/wp-json\/wp\/v2\/product_cat?post=27859"},{"taxonomy":"product_tag","embeddable":true,"href":"https:\/\/alex-elec.eu\/de_de_formal\/wp-json\/wp\/v2\/product_tag?post=27859"}],"curies":[{"name":"wp","href":"https:\/\/api.w.org\/{rel}","templated":true}]}}