{"id":27840,"date":"2023-09-21T08:36:21","date_gmt":"2023-09-21T08:36:21","guid":{"rendered":"https:\/\/alex-elec.eu\/?post_type=product&#038;p=27840"},"modified":"2023-09-21T08:36:21","modified_gmt":"2023-09-21T08:36:21","slug":"conteneur-vitre-de-20-pieds-en-neuf","status":"publish","type":"product","link":"https:\/\/alex-elec.eu\/de_de_formal\/product\/conteneur-vitre-de-20-pieds-en-neuf\/","title":{"rendered":"20 Fu\u00df Glascontainer in Neu"},"content":{"rendered":"<ul>\n<li>20pds Seecontainer erste Reise<\/li>\n<li>Konstruktion: Geschwei\u00dfter Stahl mit ISO-Ecken<\/li>\n<li>Trennw\u00e4nde: durch Glas ersetzt<\/li>\n<li>Das Dach: 2,00 mm Profildicke<\/li>\n<li>Boden aus 28 mm dickem Sperrholz<\/li>\n<li>Ausgestattet mit verzinkten Verschlussstangen<\/li>\n<li>Leicht mit einem Kran oder Gabelstapler zu bewegen<\/li>\n<li>Elektrizit\u00e4t nach belgischen Standards\n<ul>\n<li>CEE-Stecker<\/li>\n<li>Sicherungskasten<\/li>\n<li>2 Steckdosen<\/li>\n<li>Lichtleiste mit 6 LED-Spots<\/li>\n<\/ul>\n<\/li>\n<\/ul>\n<table>\n<tbody>\n<tr>\n<td>Au\u00dfenma\u00dfe (LxBxH)<\/td>\n<td>6058 x 2438 x 2591 mm<\/td>\n<\/tr>\n<tr>\n<td>Innenma\u00dfe (LxBxH)<\/td>\n<td>5898 x 2350 x 2390 mm<\/td>\n<\/tr>\n<tr>\n<td>T\u00fcr\u00f6ffnung (BxH)<\/td>\n<td>2340 x 2280 mm<\/td>\n<\/tr>\n<tr>\n<td>Gewicht<\/td>\n<td>vanaf 2500 kg<\/td>\n<\/tr>\n<tr>\n<td>Volumen<\/td>\n<td>33,13 m3<\/td>\n<\/tr>\n<\/tbody>\n<\/table>","protected":false},"excerpt":{"rendered":"<p>Conteneur maritime de 20pds premier voyage Construction: acier soud\u00e9 avec des coins ISO Les cloisons: remplac\u00e9 par des vitrages Le toit: 2,00mm d\u2019\u00e9paisseur profil\u00e9e Plancher en bois contreplaqu\u00e9 d\u2019une \u00e9paisseur de 28 mm Equip\u00e9 avec des barres de fermeture galvanis\u00e9s Facile \u00e0 d\u00e9placer avec une grue ou chariot \u00e9l\u00e9vateur Electricit\u00e9 aux normes Belge Prise CEE [&hellip;]<\/p>","protected":false},"featured_media":27842,"comment_status":"open","ping_status":"closed","template":"","meta":{"_monsterinsights_skip_tracking":false,"_monsterinsights_sitenote_active":false,"_monsterinsights_sitenote_note":"","_monsterinsights_sitenote_category":0},"product_cat":[15,102],"product_tag":[],"aioseo_notices":[],"_links":{"self":[{"href":"https:\/\/alex-elec.eu\/de_de_formal\/wp-json\/wp\/v2\/product\/27840"}],"collection":[{"href":"https:\/\/alex-elec.eu\/de_de_formal\/wp-json\/wp\/v2\/product"}],"about":[{"href":"https:\/\/alex-elec.eu\/de_de_formal\/wp-json\/wp\/v2\/types\/product"}],"replies":[{"embeddable":true,"href":"https:\/\/alex-elec.eu\/de_de_formal\/wp-json\/wp\/v2\/comments?post=27840"}],"wp:featuredmedia":[{"embeddable":true,"href":"https:\/\/alex-elec.eu\/de_de_formal\/wp-json\/wp\/v2\/media\/27842"}],"wp:attachment":[{"href":"https:\/\/alex-elec.eu\/de_de_formal\/wp-json\/wp\/v2\/media?parent=27840"}],"wp:term":[{"taxonomy":"product_cat","embeddable":true,"href":"https:\/\/alex-elec.eu\/de_de_formal\/wp-json\/wp\/v2\/product_cat?post=27840"},{"taxonomy":"product_tag","embeddable":true,"href":"https:\/\/alex-elec.eu\/de_de_formal\/wp-json\/wp\/v2\/product_tag?post=27840"}],"curies":[{"name":"wp","href":"https:\/\/api.w.org\/{rel}","templated":true}]}}