{"id":27807,"date":"2023-09-21T08:09:48","date_gmt":"2023-09-21T08:09:48","guid":{"rendered":"https:\/\/alex-elec.eu\/?post_type=product&#038;p=27807"},"modified":"2023-09-21T08:09:48","modified_gmt":"2023-09-21T08:09:48","slug":"bloc-sanitaire-pmr-neuf-avec-wc-pmr-et-lavabo-pmr","status":"publish","type":"product","link":"https:\/\/alex-elec.eu\/de_de_formal\/product\/bloc-sanitaire-pmr-neuf-avec-wc-pmr-et-lavabo-pmr\/","title":{"rendered":"Neuer Sanit\u00e4rblock PMR mit PMR-WC und PMR-Waschbecken"},"content":{"rendered":"<p>Die\u00a0<strong>PMR-Sanit\u00e4rblock\u00a0<\/strong>ist ein behindertengerechtes Modul, das ein PMR-Waschbecken mit Spiegel und eine PMR-Toilette enth\u00e4lt. Es ist mit einem verst\u00e4rkten Boden aus Holz-Zement ausgestattet.<\/p>\n<p>&nbsp;<\/p>\n<div>\n<div>Beschreibung<\/div>\n<div>\n<div>\n<p>Sanit\u00e4rblock PMR Standard Neu<\/p>\n<p>Unsere PMR-Sanit\u00e4rbl\u00f6cke erm\u00f6glichen es, den Bedarf an PMR-Sanit\u00e4ranlagen auf Baustellen, in Lagerh\u00e4usern, in Restaurants, auf Campingpl\u00e4tzen oder in \u00f6ffentlichen Bereichen zu decken. Sie eignen sich f\u00fcr alle Arten von Einrichtungen, die auf ihrem Gel\u00e4nde schnell geeignete Sanit\u00e4ranlagen f\u00fcr Personen mit eingeschr\u00e4nkter Mobilit\u00e4t einrichten m\u00fcssen: K\u00f6rperschaften, Unternehmen, Vereine.<\/p>\n<p>Der modulare Sanit\u00e4rblock PMR erm\u00f6glicht es, innerhalb k\u00fcrzester Zeit \u00fcber PMR-Sanit\u00e4ranlagen zu verf\u00fcgen, und das zu einem Preis, der im Vergleich zu einer herk\u00f6mmlichen Baul\u00f6sung sehr wettbewerbsf\u00e4hig ist.<\/p>\n<p>Unser PMR-Sanit\u00e4rblock besteht aus einem\u00a0<strong>PMR-Waschbecken und ein PMR-WC<\/strong>mit einem Oberlicht, das sich \u00f6ffnen l\u00e4sst. Er ist mit einem verst\u00e4rkten Boden aus Holzzement ausgestattet.<\/p>\n<p>Die Lieferzeit betr\u00e4gt bei diesem Modul maximal 8 Wochen ab Bestelldatum, da es auf Bestellung gefertigt wird.<\/p>\n<p><strong>Dieses Modul kann modifiziert werden und es gibt es auch in einer Konfiguration mit zwei WCs :\u00a0<\/strong>Sanit\u00e4rblock PMR 2 WC, sowie in einer Konfiguration mit WC und Dusche: Sanit\u00e4rblock PMR WC DUSCHE.<\/p>\n<p>Unsere Standardserie entspricht unserer ersten Ausbaustufe: Standardstruktur und Standardisolierung.<\/p>\n<p>Bei Bedarf ist es m\u00f6glich, dieses Modul in unseren Serien \"\u00a0<strong>Verst\u00e4rkt<\/strong>\u00a0\" oder \"\u00a0<strong>Isoplus<\/strong>\" . In diesem Fall ist die W\u00e4rme- und Schalld\u00e4mmung besser, aber die Lieferzeit ist l\u00e4nger.<\/p>\n<p><strong>Unsere Sanit\u00e4ranlagen werden in Frankreich zusammengebaut.<\/strong><\/p>\n<p>Beschreibung Bloc Sanitaire neuf PMR<\/p>\n<p>Der PMR-Sanit\u00e4rblock besteht aus einem Rahmen aus verzinktem Stahl, der in der Farbe Hellgrau RAL 9002 lackiert ist.<\/p>\n<p>Das Dachprofil besteht aus verzinktem Stahl, der in RAL 9002 hellgrau lackiert ist,\u00a0<strong>Dicke 1,5 mm - H\u00f6he 154 mm,<\/strong>\u00a0mit 4 Anschlagpunkten f\u00fcr die Versetzung mit dem Kran.<\/p>\n<p>Die Profile des Unterbaus bestehen aus verzinktem Stahl, der in der Farbe Lichtgrau RAL 9002 lackiert ist,\u00a0<strong>Dicke 1,5 mm - H\u00f6he 80 mm<\/strong>.<\/p>\n<p>Das Dach besteht aus Sandwichpaneelen mit Polyurethan-Hartschaum,\u00a0<strong>Dicke 30 mm<\/strong>Euroklasse Cs3d0. Die Dacheindeckung besteht aus gewelltem, verzinktem Stahl mit seitlichen Regenwasserabl\u00e4ufen.<\/p>\n<p>Die W\u00e4nde bestehen aus Sandwichpaneelen mit Polyurethan-Hartschaum,\u00a0<strong>Dicke 40 mm<\/strong>\u00a0(Farbe hellgrau RAL 9002), Euroklasse Cs3d0.<\/p>\n<p>Der Boden ist aus\u00a0<strong>Holz-Zement, Dicke 16 mm<\/strong>Der Boden ist mit einer PVC-Beschichtung versehen, die 5 cm hoch in die Wand ragt.<\/p>\n<p>Als Optionen k\u00f6nnen Sie eine PMR-Rampe und\/oder ein PMR-Podest hinzuf\u00fcgen, die aus ge\u00e4ndertem Aluminium bestehen.<\/p>\n<p>Tischlerei aus wei\u00df lackiertem Aluminium RAL 9010<\/p>\n<p>Der Sanit\u00e4rbereich f\u00fcr Behinderte ist mit einer Vollt\u00fcr mit den Ma\u00dfen 104 x 220 cm (90 cm Durchgang) ausgestattet, die mit einem Schloss mit Sperrfunktion (ohne Schl\u00fcssel), einem klinischen Griff aus Aluminium und einem Handlauf versehen ist.<\/p>\n<p>Er verf\u00fcgt au\u00dferdem \u00fcber ein Oberlicht mit den Ma\u00dfen 104 x 58 cm mit St\u00e4ben und geformter Einfachverglasung.<\/p>\n<p>Anschlie\u00dfbare Sanit\u00e4rausstattung<\/p>\n<p>Der Sanit\u00e4rbereich f\u00fcr Behinderte verf\u00fcgt \u00fcber ein Keramik-WC mit behindertengerechter Ausstattung sowie ein Keramik-Waschbecken der Gr\u00f6\u00dfe 60 x 51 cm mit Wasserhahn und klinischem Hebel.<\/p>\n<p>Der Wasserzulauf befindet sich in der Wand (A) und die Abfl\u00fcsse sind zu einem einzigen Ausgang in der Wand (E) verbunden.<\/p>\n<p>Elektrische Installation in 220 V<\/p>\n<p>Die Sanit\u00e4ranlage f\u00fcr Behinderte ist mit einem Lichtschalter, einer LED-Deckenleuchte, einem 1000-Watt-Konvektor, einem Notstromblock \u00fcber der T\u00fcr, einer Schalttafel mit Zwischenkreisen und Trennschaltern (maximal 6 KW) und einem externen Anschlusskasten ausgestattet.<\/p>\n<p>Technische Daten<\/p>\n<p>DIMENSIONEN<\/p>\n<ul>\n<li>H\u00f6he au\u00dfen: 239 cm<\/li>\n<li>H\u00f6he innen: 220 cm<\/li>\n<li>Breite: 230 cm<\/li>\n<li>Tiefe: 242 cm<\/li>\n<\/ul>\n<p>SCHATTENBLICK<\/p>\n<ul>\n<li>Material: Verzinkter und lackierter Stahl<\/li>\n<li>Farbe: Hellgrau RAL 9002<\/li>\n<li>Dicke: 1,5 mm<\/li>\n<li>Unterbau: H\u00f6he 80 mm<\/li>\n<li>Dach: H\u00f6he 154 mm<\/li>\n<li>Handhabung: 4 Steckdosen auf dem Dach f\u00fcr Hebehaken<\/li>\n<\/ul>\n<p>MENUISERIEN<\/p>\n<ul>\n<li>Material: Wei\u00df lackiertes Aluminium RAL 9010<\/li>\n<li>T\u00fcr(en): 1 volle T\u00fcr, Abm. 104 x 220 cm (90 cm Durchgangsbreite) mit Schloss mit Sperrverriegelung (ohne Schl\u00fcssel), klinischem Griff aus Aluminium und Handlauf<\/li>\n<li>Fenster: 1 Oberlicht Abm. 104 x 58 cm mit St\u00e4ben, geformte Einfachverglasung<\/li>\n<\/ul>\n<p>W\u00c4NDE TRENNW\u00c4NDE UND DACH<\/p>\n<ul>\n<li>Material: Sandwich-Paneele<\/li>\n<li>Isolierung: Polyurethan-Hartschaum<\/li>\n<li>Dicke von W\u00e4nden und Trennw\u00e4nden: 40 mm<\/li>\n<li>Dicke des Daches: 30 mm<\/li>\n<li>Abdeckung Dach: Verzinktes Stahlblech Griechische Wellen<\/li>\n<li>Farbe W\u00e4nde: Hellgrau RAL 9002<\/li>\n<\/ul>\n<p>FUSSBODEN<\/p>\n<ul>\n<li>Struktur: Holzzementplatten<\/li>\n<li>Dicke: 16 mm<\/li>\n<li>Verkleidung: PVC mit 5cm Wandaufstieg<\/li>\n<\/ul>\n<p>SANIT\u00c4RINSTALLATION<\/p>\n<ul>\n<li>1 Keramikwaschbecken Abm. 60 x 51 cm mit Kaltwasserhahn und klinischem Hebel<\/li>\n<li>1 englisches WC aus Keramik mit behindertengerechter Ausstattung<\/li>\n<li>Wassereinlass in der Wand (A) und angeschlossene Abfl\u00fcsse in einem einzigen Auslass in der Wand (E)<\/li>\n<\/ul>\n<p>STROM<\/p>\n<ul>\n<li>Beleuchtung: 1 Schalter + 1 LED-Deckenleuchte 7.5 w<\/li>\n<li>Heizung: 1 Konvektor 1000 W<\/li>\n<li>Sicherheit: 1 Notblock \u00fcber der T\u00fcr<\/li>\n<li>Tabelle: 1 Tabelle inklusive Interdifferential und Trennschalter<\/li>\n<li>Anschluss: 1 \u00e4u\u00dfere Anschlussdose<\/li>\n<\/ul>\n<p>M\u00f6gliche Optionen<\/p>\n<ul>\n<li>Rampe aus ge\u00e4ndertem Aluminium 150 cm<\/li>\n<li>Einstiegspodest aus ge\u00e4ndertem Aluminium 242 cm<\/li>\n<li>Warmes Wasser am Waschbecken<\/li>\n<li>Doppelte Verglasung<\/li>\n<li>Unterbau auf Skids (2 Ipe-Tr\u00e4ger 16 cm)<\/li>\n<li>Verst\u00e4rkter Unterbau (H\u00f6he 160mm) mit Gabeldurchlass (Achsabstand 90cm) zum Bewegen mit Gabelstaplern mit 250cm-Gabeln<\/li>\n<li>4 Regenfallrohre<\/li>\n<li>PVC-Bodenbelag Intensivbegehbar anstelle von Standard, PVC-Parkett-Imitat oder Fliesenboden<\/li>\n<li>Glatte Paneele, Lebensmittelpaneele, Brandschutzpaneele oder Steinwollepaneele<\/li>\n<li>Steckdosen<\/li>\n<li>90m3\/h Luftabsaugung mit Schalter<\/li>\n<\/ul>\n<\/div>\n<\/div>\n<\/div>","protected":false},"excerpt":{"rendered":"<p>Le\u00a0bloc sanitaire PMR\u00a0est un module adapt\u00e9 pour les personnes \u00e0 mobilit\u00e9 r\u00e9duite qui comprend un lavabo PMR avec miroir et un WC PMR. Il est \u00e9quip\u00e9 du plancher renforc\u00e9 en bois-ciment. &nbsp; Description Bloc Sanitaire PMR Standard Neuf Nos blocs sanitaires PMR permettent de r\u00e9pondre aux besoins de mise en place de sanitaires PMR sur [&hellip;]<\/p>","protected":false},"featured_media":27808,"comment_status":"open","ping_status":"closed","template":"","meta":{"_monsterinsights_skip_tracking":false,"_monsterinsights_sitenote_active":false,"_monsterinsights_sitenote_note":"","_monsterinsights_sitenote_category":0},"product_cat":[15,103],"product_tag":[],"aioseo_notices":[],"_links":{"self":[{"href":"https:\/\/alex-elec.eu\/de_de_formal\/wp-json\/wp\/v2\/product\/27807"}],"collection":[{"href":"https:\/\/alex-elec.eu\/de_de_formal\/wp-json\/wp\/v2\/product"}],"about":[{"href":"https:\/\/alex-elec.eu\/de_de_formal\/wp-json\/wp\/v2\/types\/product"}],"replies":[{"embeddable":true,"href":"https:\/\/alex-elec.eu\/de_de_formal\/wp-json\/wp\/v2\/comments?post=27807"}],"wp:featuredmedia":[{"embeddable":true,"href":"https:\/\/alex-elec.eu\/de_de_formal\/wp-json\/wp\/v2\/media\/27808"}],"wp:attachment":[{"href":"https:\/\/alex-elec.eu\/de_de_formal\/wp-json\/wp\/v2\/media?parent=27807"}],"wp:term":[{"taxonomy":"product_cat","embeddable":true,"href":"https:\/\/alex-elec.eu\/de_de_formal\/wp-json\/wp\/v2\/product_cat?post=27807"},{"taxonomy":"product_tag","embeddable":true,"href":"https:\/\/alex-elec.eu\/de_de_formal\/wp-json\/wp\/v2\/product_tag?post=27807"}],"curies":[{"name":"wp","href":"https:\/\/api.w.org\/{rel}","templated":true}]}}