{"id":27776,"date":"2023-09-21T07:46:55","date_gmt":"2023-09-21T07:46:55","guid":{"rendered":"https:\/\/alex-elec.eu\/?post_type=product&#038;p=27776"},"modified":"2023-09-21T07:46:55","modified_gmt":"2023-09-21T07:46:55","slug":"container-bar-pliable-4-x-2-metres-vert-ral-6005","status":"publish","type":"product","link":"https:\/\/alex-elec.eu\/de_de_formal\/product\/container-bar-pliable-4-x-2-metres-vert-ral-6005\/","title":{"rendered":"Faltbarer Barcontainer 4 \u00d7 2 Meter Gr\u00fcn RAL 6005"},"content":{"rendered":"<p>Zerlegbare und selbstgebaute Containerbar<br \/>\nAu\u00dfenma\u00dfe (LxBxH): 3880 x 2142 x 2088 mm<br \/>\nInnenma\u00dfe (LxBxH): 3802 x 2062 x 1950 mm<br \/>\nAbmessungen der T\u00fcr: (BxH): 1750 x 1850 mm<br \/>\nErh\u00e4ltlich in allen RAL-Farben<br \/>\nDas Dach des Containers ist auf beiden Seiten mit zwei Zylinderschl\u00f6ssern gesichert.<br \/>\nVollst\u00e4ndig selbsttragende Konstruktion, einschlie\u00dflich des Bodens<\/p>\n<p>&nbsp;<\/p>\n<p>Eine Containerbar kann als Servicepunkt f\u00fcr verschiedene Zwecke genutzt werden.<\/p>\n<p>Der Bar-Container ist ein neues Produkt mit innovativem Design, das Ihrem Zuhause oder B\u00fcro ein elegantes Aussehen verleiht, das Sie nach Ihrem Geschmack und Ihren Bed\u00fcrfnissen gestalten und anpassen k\u00f6nnen. Dieses vorgefertigte Modul ist nicht nur f\u00fcr den einmaligen Gebrauch gedacht, sondern kann auch als Bar, Caf\u00e9, Restaurant und vieles mehr genutzt werden. Mit dem Bar-Container haben Sie das Privileg, Ihren Raum oder Ihr Unternehmen an jeden beliebigen Ort zu bringen. Der gro\u00dfe Vorteil dieses Containers ist, dass Sie keine dauerhaften Einrichtungen oder R\u00e4umlichkeiten nutzen m\u00fcssen. Dieses vorgefertigte Modul ist leicht zu transportieren und vor allem profitieren Sie von vielen Vorteilen und mehr.<\/p>\n<p><em>\"Wir garantieren, dass die Container Bar daf\u00fcr sorgen wird, dass sich Ihre G\u00e4ste wohl und entspannt f\u00fchlen.\"<\/em><\/p>\n<p>Vorteile der Container Bar<\/p>\n<p>Container Bar bietet Ihnen Vorteile wie einen idealen Ort, um Zeit zu verbringen, oder einen Ort, um Ihr Gesch\u00e4ft auszubauen. Wenn Verwandte zu Ihnen kommen, k\u00f6nnen Sie das faltbare Modul nutzen, um ihre Aufmerksamkeit zu erregen und eine komfortablere und innovativere Umgebung zu schaffen. Weitere Vorteile dieses Produkts sind :<\/p>\n<ul>\n<li>\n<ul>\n<li>Seine Haltbarkeit: Das Faltmodul hat einen der g\u00fcnstigsten Preise auf dem gesamten Markt, ohne dabei Abstriche bei der Qualit\u00e4t machen zu m\u00fcssen. Das macht den Container ideal f\u00fcr eine Vielzahl von Verwendungszwecken. Unsere Module werden aus hochwertigstem Stahl gefertigt, was sie dank ihrer Paneele sehr langlebig macht.<\/li>\n<li>Anpassungsf\u00e4higkeit. Das zusammengebaute Modul ist universell einsetzbar und es ist kein Kran erforderlich.<br \/>\nGro\u00dfe Vielseitigkeit bei der Wahl des vorgefertigten Moduls.<\/li>\n<\/ul>\n<\/li>\n<\/ul>\n<p>Wenn Sie ein vorgefertigtes Modul kaufen, bietet Ihnen unser Unternehmen eine Auswahl an Barcontainern in verschiedenen Gr\u00f6\u00dfen und RAL-Farben an.<\/p>\n<p>Der Bar-Container erm\u00f6glicht es Ihnen, ihn frei als Bar oder nach Ihrer Vorstellung zu nutzen. Als Unternehmen stehen wir Ihnen von Montag bis Freitag zur Verf\u00fcgung, um Ihre Fragen dazu zu beantworten, wie Sie den Container nutzen und das Beste aus ihm herausholen k\u00f6nnen.<\/p>\n<p>Kombinieren Sie die Beh\u00e4lter!<\/p>\n<p>Unsere Container k\u00f6nnen nicht nur einzeln, sondern auch zusammen verwendet werden! Mithilfe eines speziellen Verbindungssets k\u00f6nnen Sie mehrere Container miteinander kombinieren. Die M\u00f6glichkeiten f\u00fcr L\u00e4ngs- und Querverbindungen sind endlos.<\/p>","protected":false},"excerpt":{"rendered":"<p>Container bar d\u00e9montable et auto-construit Dimensions ext\u00e9rieures (LxlxH) : 3880 x 2142 x 2088 mm Dimensions int\u00e9rieures (LxlxH) : 3802 x 2062 x 1950 mm Dimensions de la porte : (LxH) : 1750 x 1850 mm Disponible dans toutes les couleurs RAL Le toit du conteneur est s\u00e9curis\u00e9 par deux serrures \u00e0 cylindre des deux [&hellip;]<\/p>","protected":false},"featured_media":27777,"comment_status":"open","ping_status":"closed","template":"","meta":{"_monsterinsights_skip_tracking":false,"_monsterinsights_sitenote_active":false,"_monsterinsights_sitenote_note":"","_monsterinsights_sitenote_category":0},"product_cat":[15,106],"product_tag":[],"aioseo_notices":[],"_links":{"self":[{"href":"https:\/\/alex-elec.eu\/de_de_formal\/wp-json\/wp\/v2\/product\/27776"}],"collection":[{"href":"https:\/\/alex-elec.eu\/de_de_formal\/wp-json\/wp\/v2\/product"}],"about":[{"href":"https:\/\/alex-elec.eu\/de_de_formal\/wp-json\/wp\/v2\/types\/product"}],"replies":[{"embeddable":true,"href":"https:\/\/alex-elec.eu\/de_de_formal\/wp-json\/wp\/v2\/comments?post=27776"}],"wp:featuredmedia":[{"embeddable":true,"href":"https:\/\/alex-elec.eu\/de_de_formal\/wp-json\/wp\/v2\/media\/27777"}],"wp:attachment":[{"href":"https:\/\/alex-elec.eu\/de_de_formal\/wp-json\/wp\/v2\/media?parent=27776"}],"wp:term":[{"taxonomy":"product_cat","embeddable":true,"href":"https:\/\/alex-elec.eu\/de_de_formal\/wp-json\/wp\/v2\/product_cat?post=27776"},{"taxonomy":"product_tag","embeddable":true,"href":"https:\/\/alex-elec.eu\/de_de_formal\/wp-json\/wp\/v2\/product_tag?post=27776"}],"curies":[{"name":"wp","href":"https:\/\/api.w.org\/{rel}","templated":true}]}}