{"id":27768,"date":"2023-09-21T07:43:16","date_gmt":"2023-09-21T07:43:16","guid":{"rendered":"https:\/\/alex-elec.eu\/?post_type=product&#038;p=27768"},"modified":"2023-09-21T07:43:16","modified_gmt":"2023-09-21T07:43:16","slug":"container-bar-pliable-xl-4-x-2-metres-ral-9016","status":"publish","type":"product","link":"https:\/\/alex-elec.eu\/de_de_formal\/product\/container-bar-pliable-xl-4-x-2-metres-ral-9016\/","title":{"rendered":"Faltbarer Barcontainer XL 4 x 2 Meter RAL 9016"},"content":{"rendered":"<p>Zerlegbare und selbstgebaute Containerbar.<br \/>\nAu\u00dfenma\u00dfe (LxBxH): 3882 x 2290 x 2240 mm<br \/>\nInnenma\u00dfe (LxBxH): 3802 x 2210 x 2100 mm<br \/>\nMa\u00dfe der T\u00fcr: (BxH): 1750 x 2050 mm<br \/>\nErh\u00e4ltlich in allen RAL-Farben.<br \/>\nDas Dach des Containers ist auf beiden Seiten mit zwei Zylinderschl\u00f6ssern gesichert.<br \/>\nVollst\u00e4ndig selbsttragende Konstruktion, einschlie\u00dflich des Bodens.<\/p>\n<p>&nbsp;<\/p>\n<p>Containerbar zum Verkauf, die f\u00fcr gr\u00f6\u00dfere Ambitionen konzipiert ist!<\/p>\n<p>Wir haben Container in allen Formen und Gr\u00f6\u00dfen zum Verkauf, darunter auch extrabreite Container! Dieser XL-Container hat alle Merkmale seines Bruders (ein 4\u00d72 Meter gro\u00dfer Barcontainer), verf\u00fcgt aber \u00fcber zus\u00e4tzlichen Platz in der L\u00e4nge und Breite f\u00fcr die Bequemlichkeit des Kunden. Ein einfacher, aber solider Barcontainer! Er besitzt alle Eigenschaften der anderen Container und noch viel mehr.<\/p>\n<p><em>\"Gibt es eine bessere M\u00f6glichkeit, einen unterhaltsamen Abend zu verbringen, als in der eigenen Bar?\"<\/em><\/p>\n<p>Eigenschaften des 4\u00d72 Meter gro\u00dfen abnehmbaren XL-Containers :<\/p>\n<p>Der Bar-Container ist 4 m lang und 2,3 m hoch. Er verf\u00fcgt \u00fcber ein faltbares Vorzelt und Doppelt\u00fcren, wahlweise an der langen oder kurzen Seite. Die Abmessungen sind \u00e4hnlich wie beim abnehmbaren 16-Fu\u00df-Container, aber die Breite und L\u00e4nge sind jeweils einen halben Meter l\u00e4nger.<\/p>\n<p>Das Vordach dieses Containers ist sehr stabil und enth\u00e4lt ein hydraulisches System. Dank dieses Systems kann die Plane sicher angehoben und geschlossen werden, so dass der Barcontainer mit allen Werkzeugen im Inneren sicher zur\u00fcckgelassen werden kann.<\/p>\n<p>Au\u00dferdem k\u00f6nnen sperrige Gegenst\u00e4nde wie Bierf\u00e4sser, Gefrierschr\u00e4nke, Tische und \u00c4hnliches in den Doppelt\u00fcren des Containers untergebracht werden. Dies ist die ideale M\u00f6glichkeit, um Besuchern oder Freunden Getr\u00e4nke oder Snacks anzubieten.<\/p>\n<p>Vorteile eines faltbaren Barcontainers<\/p>\n<p>Ein Bar-Container bietet Ihnen Vorteile wie einen idealen Ort, um sich zu unterhalten oder Ihr Gesch\u00e4ft auszubauen. Wenn Familienmitglieder zu Ihnen nach Hause kommen, k\u00f6nnen Sie den XL-Container nutzen, um ihre Aufmerksamkeit zu erregen und eine komfortablere und innovativere Umgebung zu schaffen.Weitere Vorteile dieses Produkts sind :<\/p>\n<ul>\n<li>Nachhaltigkeit: Wir haben Container zu den besten Preisen auf dem Markt zu verkaufen, ohne Kompromisse bei der Qualit\u00e4t einzugehen. Das macht den Container ideal f\u00fcr eine Vielzahl von Verwendungszwecken. Unsere Module werden aus dem besten Stahl hergestellt, der sehr haltbar ist.<\/li>\n<li>Seine Anpassungsf\u00e4higkeit: Unser XL-Container ist so konzipiert, dass er leicht zerlegt werden kann, wenn du ihn transportieren musst, oder wenn du ihn nicht zerlegen willst, kannst du ihn mit einem Gabelstapler bewegen. Dies liegt an den Gabelstaplerl\u00f6chern an der Unterseite. Es ist nicht notwendig, Kr\u00e4ne zu verwenden, daher ist der XL-Container vielseitig einsetzbar.<\/li>\n<\/ul>\n<p>Der XL-Container kann auch kombiniert werden!<\/p>\n<p>Wenn Sie gro\u00dfe Container zu verkaufen haben, m\u00fcssen Sie ihnen auch die Flexibilit\u00e4t und Vielseitigkeit geben, \u00fcber die andere Container verf\u00fcgen. Regalsets, Verbindungssets und Diebstahlschutzversicherungen sind mit diesem Produkt voll kompatibel.<\/p>","protected":false},"excerpt":{"rendered":"<p>Container bar d\u00e9montable et auto-construit. Dimensions ext\u00e9rieures (LxlxH) : 3882 x 2290 x 2240 mm Dimensions int\u00e9rieures (LxlxH) : 3802 x 2210 x 2100 mm Dimensions de la porte : (LxH) : 1750 x 2050 mm Disponible dans toutes les couleurs RAL. Le toit du conteneur est s\u00e9curis\u00e9 par deux serrures \u00e0 cylindre des deux [&hellip;]<\/p>","protected":false},"featured_media":27769,"comment_status":"open","ping_status":"closed","template":"","meta":{"_monsterinsights_skip_tracking":false,"_monsterinsights_sitenote_active":false,"_monsterinsights_sitenote_note":"","_monsterinsights_sitenote_category":0},"product_cat":[15,106],"product_tag":[],"aioseo_notices":[],"_links":{"self":[{"href":"https:\/\/alex-elec.eu\/de_de_formal\/wp-json\/wp\/v2\/product\/27768"}],"collection":[{"href":"https:\/\/alex-elec.eu\/de_de_formal\/wp-json\/wp\/v2\/product"}],"about":[{"href":"https:\/\/alex-elec.eu\/de_de_formal\/wp-json\/wp\/v2\/types\/product"}],"replies":[{"embeddable":true,"href":"https:\/\/alex-elec.eu\/de_de_formal\/wp-json\/wp\/v2\/comments?post=27768"}],"wp:featuredmedia":[{"embeddable":true,"href":"https:\/\/alex-elec.eu\/de_de_formal\/wp-json\/wp\/v2\/media\/27769"}],"wp:attachment":[{"href":"https:\/\/alex-elec.eu\/de_de_formal\/wp-json\/wp\/v2\/media?parent=27768"}],"wp:term":[{"taxonomy":"product_cat","embeddable":true,"href":"https:\/\/alex-elec.eu\/de_de_formal\/wp-json\/wp\/v2\/product_cat?post=27768"},{"taxonomy":"product_tag","embeddable":true,"href":"https:\/\/alex-elec.eu\/de_de_formal\/wp-json\/wp\/v2\/product_tag?post=27768"}],"curies":[{"name":"wp","href":"https:\/\/api.w.org\/{rel}","templated":true}]}}