{"id":27750,"date":"2023-09-21T06:57:19","date_gmt":"2023-09-21T06:57:19","guid":{"rendered":"https:\/\/alex-elec.eu\/?post_type=product&#038;p=27750"},"modified":"2023-09-21T06:57:19","modified_gmt":"2023-09-21T06:57:19","slug":"container-bar-pliable-6x2-metres-noir-ral-9005","status":"publish","type":"product","link":"https:\/\/alex-elec.eu\/de_de_formal\/product\/container-bar-pliable-6x2-metres-noir-ral-9005\/","title":{"rendered":"Faltbarer Barcontainer 6\u00d72 Meter schwarz RAL 9005"},"content":{"rendered":"<p>Zerlegbare Containerbar zum Selbstzusammenbau.<br \/>\nAu\u00dfenma\u00dfe (LxBxH): 5907 x 2142 x 2088 mm<br \/>\nInnenma\u00dfe (LxBxH): 5752 x 2062 x 1950 mm<br \/>\nAbmessungen der T\u00fcr: (BxH): 1750 x 1850 mm<br \/>\nErh\u00e4ltlich in allen RAL-Farben<br \/>\nDer Deckel des Beh\u00e4lters ist auf beiden Seiten mit zwei Zylinderschl\u00f6ssern gesichert.<br \/>\nVollst\u00e4ndig selbsttragende Konstruktion, einschlie\u00dflich des Bodens.<br \/>\nUnser einzigartiges modulares Design wird standardm\u00e4\u00dfig mit zwei 3-Meter-Paneelen f\u00fcr Stangenm\u00fclltonnen und zwei Paneelen f\u00fcr Doppelt\u00fcren geliefert.<br \/>\nDas abgebildete Bild enth\u00e4lt eine zus\u00e4tzliche personalisierte Platte von 2 Metern. Wenn Sie einen ma\u00dfgeschneiderten Barcontainer w\u00fcnschen, fragen Sie unsere Spezialisten!<\/p>\n<p>&nbsp;<\/p>\n<p>Verbessern Sie Ihre Terrasse, indem Sie 6\u00d72 Meter gro\u00dfe Containerbars kaufen!<\/p>\n<p>Der faltbare Bar-Container 6\u00d72 Meter ist ideal, um sch\u00f6ne Stunden mit der Familie, mit Freunden oder im B\u00fcro zu verbringen. Er wird den Ort, an dem er steht, sch\u00f6ner machen als zuvor - und das alles nur, weil es sich um zwei verschiedene Container zusammen handelt! Dadurch entsteht ein Raum, den man z. B. an der Bar genie\u00dfen kann. Es gibt Raum, um sich mit den Menschen zu treffen und Zeit mit ihnen zu verbringen, die Sie wollen, und gute Erinnerungen zwischen Ihnen zu schaffen.<\/p>\n<p><em>\"eine Containerbar zu kaufen ist ideal f\u00fcr jeden Ort\".<\/em><\/p>\n<p>Vorteile des Erwerbs einer Container Bar<\/p>\n<p>Dieser Au\u00dfenbar-Container ist in drei verschiedenen Ausf\u00fchrungen erh\u00e4ltlich: eine Au\u00dfenbar mit einem Vordach, zwei Vord\u00e4chern oder drei Vord\u00e4chern. Diese Vord\u00e4cher k\u00f6nnen beliebig angebracht werden, z. B. zwei Vord\u00e4cher nebeneinander oder drei Vord\u00e4cher auf einer Seite des Containers.<\/p>\n<p>Wesentliche Merkmale unserer Container :<\/p>\n<p>Wenn z. B. Ihre Verwandten zu Ihnen nach Hause kommen, k\u00f6nnen Sie mit diesem Au\u00dfencontainer ihre Aufmerksamkeit erregen und eine komfortablere und innovativere Umgebung entwickeln. Weitere Vorteile dieses Produkts sind :<\/p>\n<ul>\n<li>Seine Haltbarkeit: Dieser abnehmbare Bar-Container wird zum g\u00fcnstigsten Preis auf dem gesamten Markt angeboten, ohne die Qualit\u00e4t zu mindern. Dies macht Ihren Container ideal f\u00fcr alle Arten von Verwendungen. Unsere Module werden aus den besten St\u00e4hlen Spaniens hergestellt, was sie f\u00fcr ihre Paneele sehr widerstandsf\u00e4hig macht.<\/li>\n<li>Seine Anpassungsf\u00e4higkeit: Unser 6\u00d72 Meter gro\u00dfer Bar-Container wurde so konzipiert, dass er, wenn er transportiert werden muss, leicht zerlegt, gelagert und in einem LKW transportiert werden kann. Wenn du ihn nicht zerlegen m\u00f6chtest, kannst du ihn mithilfe eines Gabelstaplers durch die Schlitze an der Unterseite bewegen. Es ist kein Kran erforderlich, was das Fertigmodul vielseitig einsetzbar macht.<\/li>\n<\/ul>\n<p>Warum sollte man einen faltbaren Beh\u00e4lter f\u00fcr die Bar kaufen?<\/p>\n<p>Bei barcontainer.be bevorzugen wir zwei Ziele, die die Grundlage unseres Unternehmens bilden:<\/p>\n<ul>\n<li>Kundenzufriedenheit: Wir sind stets bestrebt, unseren Kunden den bestm\u00f6glichen Service zu bieten, und tun alles, was in unserer Macht steht, um dies zu erreichen. Wir stehen immer zur Verf\u00fcgung, um Ihre Fragen und Kommentare zu beantworten und Ihnen eine professionelle Beratung zu bieten.<\/li>\n<li>H\u00f6chste Qualit\u00e4t: Wir bieten hohe Qualit\u00e4tsstandards mit einer Mindestgarantie von einem Jahr. Indem wir diese hohen Standards auf unsere faltbaren Stangencontainer anwenden, machen wir sie einfach zusammenzubauen und gleichzeitig durch ihre Stahlpaneele superstark und robust.<\/li>\n<\/ul>","protected":false},"excerpt":{"rendered":"<p>Container bar d\u00e9montable pour assembler soi-m\u00eame. Dimensions ext\u00e9rieures (LxlxH) : 5907 x 2142 x 2088 mm Dimensions int\u00e9rieures (LxlxH) : 5752 x 2062 x 1950 mm Dimensions de la porte : (LxH) : 1750 x 1850 mm Disponible dans toutes les couleurs RAL Le couvercle du conteneur est s\u00e9curis\u00e9 par deux serrures \u00e0 cylindre des [&hellip;]<\/p>","protected":false},"featured_media":27751,"comment_status":"open","ping_status":"closed","template":"","meta":{"_monsterinsights_skip_tracking":false,"_monsterinsights_sitenote_active":false,"_monsterinsights_sitenote_note":"","_monsterinsights_sitenote_category":0},"product_cat":[15,106],"product_tag":[],"aioseo_notices":[],"_links":{"self":[{"href":"https:\/\/alex-elec.eu\/de_de_formal\/wp-json\/wp\/v2\/product\/27750"}],"collection":[{"href":"https:\/\/alex-elec.eu\/de_de_formal\/wp-json\/wp\/v2\/product"}],"about":[{"href":"https:\/\/alex-elec.eu\/de_de_formal\/wp-json\/wp\/v2\/types\/product"}],"replies":[{"embeddable":true,"href":"https:\/\/alex-elec.eu\/de_de_formal\/wp-json\/wp\/v2\/comments?post=27750"}],"wp:featuredmedia":[{"embeddable":true,"href":"https:\/\/alex-elec.eu\/de_de_formal\/wp-json\/wp\/v2\/media\/27751"}],"wp:attachment":[{"href":"https:\/\/alex-elec.eu\/de_de_formal\/wp-json\/wp\/v2\/media?parent=27750"}],"wp:term":[{"taxonomy":"product_cat","embeddable":true,"href":"https:\/\/alex-elec.eu\/de_de_formal\/wp-json\/wp\/v2\/product_cat?post=27750"},{"taxonomy":"product_tag","embeddable":true,"href":"https:\/\/alex-elec.eu\/de_de_formal\/wp-json\/wp\/v2\/product_tag?post=27750"}],"curies":[{"name":"wp","href":"https:\/\/api.w.org\/{rel}","templated":true}]}}