{"id":27725,"date":"2023-09-21T06:44:51","date_gmt":"2023-09-21T06:44:51","guid":{"rendered":"https:\/\/alex-elec.eu\/?post_type=product&#038;p=27725"},"modified":"2023-09-21T06:44:51","modified_gmt":"2023-09-21T06:44:51","slug":"bungalow-neuf-poste-de-garde-150-metres","status":"publish","type":"product","link":"https:\/\/alex-elec.eu\/de_de_formal\/product\/bungalow-neuf-poste-de-garde-150-metres\/","title":{"rendered":"Bungalow neu Wachposten 1,50 Meter"},"content":{"rendered":"<p>Die\u00a0<strong>Bungalow Poste de Garde<\/strong>\u00a0est un petit module qui dispose de\u00a0<strong>quatre fa\u00e7ades toutes vitr\u00e9es<\/strong>, permettant une\u00a0<strong>vue \u00e0 360\u00b0<\/strong>\u00a0pour r\u00e9pondre au besoin de mise en place d\u2019une Poste de Garde.<\/p>\n<p>&nbsp;<\/p>\n<div>\n<div>Beschreibung<\/div>\n<div>\n<div>\n<p>Bungalow Poste de Garde Neuf<\/p>\n<p>Notre Bungalow Poste de Garde est un module \u00e9quip\u00e9 pour r\u00e9pondre au besoin de mise en place d\u2019un poste de surveillance sur les chantiers ou dans les lieux s\u00e9curis\u00e9s. Ce module est destin\u00e9 aux entit\u00e9s qui souhaitent disposer d\u2019un module de Poste de Garde avec une vue \u00e0 360\u00b0,\u00a0<strong>dans un d\u00e9lai imbattable et pour un tarif tr\u00e8s comp\u00e9titif<\/strong>, en comparaison avec une solution de construction classique.<br \/>\nIl peut \u00eatre implant\u00e9 d\u00e9finitivement ou d\u00e9plac\u00e9 fr\u00e9quemment. Nous pouvons ajouter une fen\u00eatre guichet avec hygiaphone et passe-documents, ainsi que le passage de fourches dans le soubassement pour manipulation avec un chariot \u00e9l\u00e9vateur.<\/p>\n<p>Notre Bungalow Poste de Garde est un module avec des menuiseries\u00a0blanches : une porte semi-vitr\u00e9e barreaud\u00e9e et trois fen\u00eatres coulissantes barreaud\u00e9es. Il dispose d\u2019un interrupteur et d\u2019un plafonnier LED. Il dispose aussi du plancher renforc\u00e9 en bois-ciment.<\/p>\n<p>Le d\u00e9lai de livraison est de\u00a0<strong>8 semaines maximum \u00e0 date de commande<\/strong>\u00a0f\u00fcr dieses Modul, da es auf Bestellung gefertigt wird.<\/p>\n<p>Ce module peut \u00eatre modifi\u00e9 et configur\u00e9 diff\u00e9remment, avec diff\u00e9rentes tailles, selon votre besoin.<\/p>\n<p>Dieses Modul wird in unserer \"Standard\"-Serie angeboten. Die Standardserie entspricht unserer ersten Ausbaustufe: Standardstruktur und Standardisolierung.<\/p>\n<p>Il est possible, si besoin, de r\u00e9aliser ce module dans nos s\u00e9ries \u00ab renforc\u00e9 \u00bb ou \u00ab Isoplus \u00bb. Dans ce cas, l\u2019isolation thermique et phonique sera plus performante et la structure sera renforc\u00e9e.<\/p>\n<p><strong>Unsere Bungalows werden in Frankreich zusammengebaut.<\/strong><\/p>\n<p>Descriptif Bungalow Poste de Garde<\/p>\n<p>Le bungalow Poste de Garde est constitu\u00e9 d&rsquo;une ossature en acier galvanis\u00e9 et laqu\u00e9 couleur gris clair RAL 9002.<\/p>\n<p>Das Dachprofil besteht aus verzinktem Stahl, der in RAL 9002 hellgrau lackiert ist,\u00a0<strong>Dicke 1,5 mm, H\u00f6he 150 mm,<\/strong>\u00a0mit 4 Anschlagpunkten f\u00fcr die Versetzung mit dem Kran.<\/p>\n<p>Die Profile des Unterbaus bestehen aus verzinktem Stahl, der in der Farbe Lichtgrau RAL 9002 lackiert ist,\u00a0<strong>Dicke 1,5 mm - H\u00f6he 80 mm.<\/strong><\/p>\n<p>Das Dach besteht aus Sandwichpaneelen mit Polyurethan-Hartschaum,\u00a0<strong>30 mm dick,<\/strong>\u00a0Euroclasse Cs3d0. La couverture de toiture est en acier galvanis\u00e9 ondul\u00e9, avec \u00e9vacuation des eaux pluviales sur l&rsquo;arri\u00e8re.<\/p>\n<p>Die W\u00e4nde bestehen aus Sandwichpaneelen mit Polyurethan-Hartschaum,\u00a0<strong>Dicke 40 mm<\/strong>\u00a0(Farbe hellgrau RAL 9002), Euroklasse Cs3d0.<\/p>\n<p>Der Boden ist aus\u00a0<strong>bois-ciment,<\/strong>\u00a0<strong>Dicke 16 mm<\/strong>Die Oberfl\u00e4che ist mit einer PVC-Beschichtung versehen.<\/p>\n<p>Technische Daten<\/p>\n<p>DIMENSIONEN<\/p>\n<ul>\n<li>H\u00f6he au\u00dfen: 239 cm<\/li>\n<li>H\u00f6he innen: 220 cm<\/li>\n<li>Largeur : 150 cm<\/li>\n<li>Longueur: 150 cm<\/li>\n<\/ul>\n<p>SCHATTENBLICK<\/p>\n<ul>\n<li>Material: Verzinkter und lackierter Stahl<\/li>\n<li>Farbe: Hellgrau RAL 9002<\/li>\n<li>Dicke: 1,5 mm<\/li>\n<li>Unterbau: H\u00f6he 80 mm<\/li>\n<li>Dach: H\u00f6he 150 mm<\/li>\n<li>Handhabung: 4 Steckdosen auf dem Dach f\u00fcr Hebehaken<\/li>\n<\/ul>\n<p>MENUISERIEN<\/p>\n<ul>\n<li>Mati\u00e8re : Aluminium laqu\u00e9 Blanc RAL 9010<\/li>\n<li>Porte(s) : 1 porte semi-vitr\u00e9e dim. 94 x 220 cm (90 cm de passage) barreaud\u00e9e, simple vitrage clair<\/li>\n<li>Fen\u00eatre(s) : 3 fen\u00eatres coulissantes dim. 94 x 110 cm barreaud\u00e9es, simple vitrage clair<\/li>\n<\/ul>\n<p>W\u00c4NDE UND DACH<\/p>\n<ul>\n<li>Material: Sandwich-Paneele<\/li>\n<li>Isolierung: Polyurethan-Hartschaum<\/li>\n<li>Wandst\u00e4rke: 40 mm<\/li>\n<li>Dicke des Daches: 30 mm<\/li>\n<li>Abdeckung Dach: Verzinktes Stahlblech Griechische Wellen<\/li>\n<li>Farbe W\u00e4nde: Hellgrau RAL 9002<\/li>\n<\/ul>\n<p>FUSSBODEN<\/p>\n<ul>\n<li>Structure : panneaux de bois-ciment<\/li>\n<li>Dicke: 16 mm<\/li>\n<li>Verkleidung: PVC<\/li>\n<\/ul>\n<p>STROM<\/p>\n<ul>\n<li>\u00c9clairage : 1 interrupteurs + 1 plafonnier LED<\/li>\n<li>Tabelle: 1 Schalttafel inklusive Interdifferential und Trennschalter<\/li>\n<li>Anschluss: 1 \u00e4u\u00dfere Anschlussdose<\/li>\n<\/ul>\n<p>M\u00f6gliche Optionen:<\/p>\n<ul>\n<li>4 plaques de fixation au sol<\/li>\n<li>2 prises de courant + 1 convecteur 500 w (emplacement selon votre choix)<\/li>\n<li>Doppelte Verglasung<\/li>\n<li>Deckenh\u00f6he von 2,40 m, die T\u00fcr bleibt 2,20 m hoch<\/li>\n<li>Choix de couleurs gratuits pour l\u2019ossature : blanc RAL 9010, gris clair RAL 9002 ou gris clair RAL 9002<\/li>\n<li>Andere Farben sind als Option f\u00fcr die Paneele, das Ger\u00fcst oder die Tischlerei m\u00f6glich.<\/li>\n<li>Unterbodend\u00e4mmung aus 50mm dicker Glaswolle auf verzinkten Stahlschutzblechen<\/li>\n<li>Soubassement renforc\u00e9 avec passage de fourches (entraxe 90cm) pour d\u00e9placement avec chariot \u00e9l\u00e9vateur<\/li>\n<li>Unterbau auf Skids (2 Ipe-Tr\u00e4ger 16 cm)<\/li>\n<li>4 Regenfallrohre<\/li>\n<li>Umkehrbare Klimaanlage 2300 w UNICO R10<\/li>\n<li>Window-Klimaanlage nur kalt 12000 BTU<\/li>\n<li>Mobile Klimaanlage SHINY 12 Reversible R290 3.5 KW + Fensterkit<\/li>\n<li>LED-Display anstelle von Neonlicht<\/li>\n<li>Fen\u00eatre avec guichet et hygiaphone + tablette aluminium<\/li>\n<li>Rolll\u00e4den aus Aluminium oder PVC, Sonderfarben m\u00f6glich<\/li>\n<li>Bodenbelag aus 18 mm starkem Phenolholz anstelle von Holzzement, Tragf\u00e4higkeit: 500 kg\/m\u00b2.<\/li>\n<li>PVC-Bodenbelag Intensivbegehbar anstelle von Standard, PVC-Parkett-Imitat oder Fliesenboden<\/li>\n<li>Glatte Paneele, Lebensmittelpaneele, Steinwollepaneele oder Brandschutzpaneele<\/li>\n<li>Entfernen von Gittern f\u00fcr T\u00fcren und Fenster = kostenlos<\/li>\n<li>Zus\u00e4tzliche Steckdosen oder RJ45-Steckdosen<\/li>\n<\/ul>\n<\/div>\n<\/div>\n<\/div>","protected":false},"excerpt":{"rendered":"<p>Le\u00a0Bungalow Poste de Garde\u00a0est un petit module qui dispose de\u00a0quatre fa\u00e7ades toutes vitr\u00e9es, permettant une\u00a0vue \u00e0 360\u00b0\u00a0pour r\u00e9pondre au besoin de mise en place d\u2019une Poste de Garde. &nbsp; Description Bungalow Poste de Garde Neuf Notre Bungalow Poste de Garde est un module \u00e9quip\u00e9 pour r\u00e9pondre au besoin de mise en place d\u2019un poste de [&hellip;]<\/p>","protected":false},"featured_media":27726,"comment_status":"open","ping_status":"closed","template":"","meta":{"_monsterinsights_skip_tracking":false,"_monsterinsights_sitenote_active":false,"_monsterinsights_sitenote_note":"","_monsterinsights_sitenote_category":0},"product_cat":[15,99],"product_tag":[],"aioseo_notices":[],"_links":{"self":[{"href":"https:\/\/alex-elec.eu\/de_de_formal\/wp-json\/wp\/v2\/product\/27725"}],"collection":[{"href":"https:\/\/alex-elec.eu\/de_de_formal\/wp-json\/wp\/v2\/product"}],"about":[{"href":"https:\/\/alex-elec.eu\/de_de_formal\/wp-json\/wp\/v2\/types\/product"}],"replies":[{"embeddable":true,"href":"https:\/\/alex-elec.eu\/de_de_formal\/wp-json\/wp\/v2\/comments?post=27725"}],"wp:featuredmedia":[{"embeddable":true,"href":"https:\/\/alex-elec.eu\/de_de_formal\/wp-json\/wp\/v2\/media\/27726"}],"wp:attachment":[{"href":"https:\/\/alex-elec.eu\/de_de_formal\/wp-json\/wp\/v2\/media?parent=27725"}],"wp:term":[{"taxonomy":"product_cat","embeddable":true,"href":"https:\/\/alex-elec.eu\/de_de_formal\/wp-json\/wp\/v2\/product_cat?post=27725"},{"taxonomy":"product_tag","embeddable":true,"href":"https:\/\/alex-elec.eu\/de_de_formal\/wp-json\/wp\/v2\/product_tag?post=27725"}],"curies":[{"name":"wp","href":"https:\/\/api.w.org\/{rel}","templated":true}]}}