{"id":27670,"date":"2023-09-21T06:16:58","date_gmt":"2023-09-21T06:16:58","guid":{"rendered":"https:\/\/alex-elec.eu\/?post_type=product&#038;p=27670"},"modified":"2023-09-21T06:16:58","modified_gmt":"2023-09-21T06:16:58","slug":"bungalow-de-chantier-modele-standard-de-3-a-6-metres-au-choix","status":"publish","type":"product","link":"https:\/\/alex-elec.eu\/de_de_formal\/product\/bungalow-de-chantier-modele-standard-de-3-a-6-metres-au-choix\/","title":{"rendered":"Baustellenbungalow Modell Standard - Von 3 bis 6 Meter nach Wahl"},"content":{"rendered":"<p>Wenn ihre prim\u00e4re Berufung die\u00a0<strong>Personalkomfort<\/strong>\u00a0(B\u00fcros, Speises\u00e4le, Umkleider\u00e4ume, ...), die\u00a0<strong>Baubungalows<\/strong>\u00a0sind auch f\u00fcr viele andere Zwecke in der Industrie oder im Dienstleistungssektor geeignet (Werkstatt, Lager, ...). Diese Baustellenmodule erm\u00f6glichen eine\u00a0<strong>isolierte, helle und komfortable Struktur<\/strong><\/p>\n<div>Beschreibung<\/div>\n<div>\n<div>\n<p>Standard-Baustellenbungalow: Schneller Aufbau und g\u00fcnstiger Preis pro m\u00b2.<\/p>\n<p>Viele Unternehmen, Vereine, K\u00f6rperschaften oder auch Privatpersonen wenden sich heute dieser L\u00f6sung zu. Sie erm\u00f6glicht es, ein isoliertes Geb\u00e4ude zu erhalten\u00a0<strong>in unvergleichlich kurzer Zeit und zu einem unschlagbaren Preis<\/strong>\u00a0(im Vergleich zu einer herk\u00f6mmlichen Baul\u00f6sung).<\/p>\n<p>Er ist perfekt f\u00fcr den t\u00e4glichen Gebrauch, insbesondere auf Baustellen, denn<strong>\u00a0es erm\u00f6glicht einen Speisesaal, eine Garderobe oder einen Besprechungsraum.<\/strong><\/p>\n<p>Aufgrund seines geringen Gewichts ist er sehr wendig. Dank seiner robusten Stahlkonstruktion k\u00f6nnen Sie ihn leicht und gefahrlos bewegen.<\/p>\n<p><strong>100% anpassbar<\/strong>k\u00f6nnen Sie die Konfiguration Ihrer\u00a0<strong>Baubungalow<\/strong>\u00a0wie z. B. die Lage von T\u00fcren und Fenstern zu w\u00e4hlen.<\/p>\n<p>Abmessungen eines Standard-Baustellenbungalows :<\/p>\n<ul>\n<li>H\u00f6he au\u00dfen: 241 cm<\/li>\n<li>H\u00f6he innen: 220 cm<\/li>\n<li>M\u00f6gliche L\u00e4ngen: 309, 409, 509 oder 609 cm<\/li>\n<li>Breite: 242 cm<\/li>\n<\/ul>\n<p>Das Ger\u00fcst :<\/p>\n<ul>\n<li>Material: Verzinkter und lackierter Stahl<\/li>\n<li>Farbe: Hellgrau RAL 9002<\/li>\n<li>Dicke: 1,5 mm<\/li>\n<li>Unterbau: H\u00f6he 95 mm \/ St\u00e4rke 1,5 mm \/ Farbe: hellgrau RAL 9002<\/li>\n<li>Dach: H\u00f6he: 150 mm \/ Dicke: 1,5 mm \/ Farbe: hellgrau RAL 9002<\/li>\n<li>Handhabung: 4 Steckdosen auf dem Dach f\u00fcr Hebehaken<\/li>\n<\/ul>\n<p>W\u00e4nde und Dach :<\/p>\n<ul>\n<li>Material: Sandwich-Paneele<\/li>\n<li>Isolierung: Polyurethan-Hartschaum<\/li>\n<li>Euroklasse: Cs3d0<\/li>\n<li>Wandst\u00e4rke: 40 mm<\/li>\n<li>Farbe W\u00e4nde: Lichtgrau RAL 9002<\/li>\n<li>Dicke des Daches: 30 mm<\/li>\n<li>Dachbedeckung: Verzinktes Stahlblech mit griechischen Wellen<\/li>\n<li>Regenwasserabfluss: an den Seiten.<\/li>\n<li>Farbe: Hellgrau RAL 9002<\/li>\n<\/ul>\n<p>Boden:<\/p>\n<ul>\n<li>Struktur: Wasserabweisende Spanplatten<\/li>\n<li>Dicke: 18 mm<\/li>\n<li>Verkleidung: PVC<\/li>\n<\/ul>\n<p>Tischlereien :<\/p>\n<ul>\n<li>Material: Wei\u00df lackiertes Aluminium RAL 9010<\/li>\n<li>T\u00fcr(en) : 1 halbverglaste T\u00fcr, Abm. 104 x 220 cm und 90 cm Durchgangsbreite, vergittert, Einfachverglasung, klar<\/li>\n<li>Fenster: 1 Schiebefenster Abm. 104 x 110 cm, vergittert, klare Einfachverglasung<\/li>\n<\/ul>\n<p>Die elektrische Installation :<\/p>\n<ul>\n<li>Leistung: 220v<\/li>\n<li>Beleuchtung: 1 oder 2 LED-Neonr\u00f6hren je nach Gr\u00f6\u00dfe<\/li>\n<li>1 Schalter<\/li>\n<li>Steckdosen: 2 Steckdosen<\/li>\n<li>Heizung: 1 Konvektor 1500 W<\/li>\n<li>Schalttafel: 1 Schalttafel inklusive Interdifferential und Trennschalter (maximal 6 KW)<\/li>\n<li>Anschluss: 1 \u00e4u\u00dfere Anschlussdose<\/li>\n<\/ul>\n<\/div>\n<\/div>","protected":false},"excerpt":{"rendered":"<p>Si\u00a0leur vocation premi\u00e8re est le\u00a0confort du personnel\u00a0(bureaux, r\u00e9fectoires, vestiaires, &#8230;), les\u00a0bungalows de chantier\u00a0sont\u00a0aussi adapt\u00e9s \u00e0 de nombreuses autres utilisations dans l&rsquo;industrie ou les services (atelier, stockage, &#8230;). Ces modules de chantier permettent de b\u00e9n\u00e9ficier d&rsquo;une\u00a0structure isol\u00e9e, lumineuse et confortable. Description Bungalow de chantier standard :\u00a0rapidit\u00e9 de mise en place et prix au m\u00b2 tr\u00e8s avantageux. [&hellip;]<\/p>","protected":false},"featured_media":27671,"comment_status":"open","ping_status":"closed","template":"","meta":{"_monsterinsights_skip_tracking":false,"_monsterinsights_sitenote_active":false,"_monsterinsights_sitenote_note":"","_monsterinsights_sitenote_category":0},"product_cat":[15,100],"product_tag":[],"aioseo_notices":[],"_links":{"self":[{"href":"https:\/\/alex-elec.eu\/de_de_formal\/wp-json\/wp\/v2\/product\/27670"}],"collection":[{"href":"https:\/\/alex-elec.eu\/de_de_formal\/wp-json\/wp\/v2\/product"}],"about":[{"href":"https:\/\/alex-elec.eu\/de_de_formal\/wp-json\/wp\/v2\/types\/product"}],"replies":[{"embeddable":true,"href":"https:\/\/alex-elec.eu\/de_de_formal\/wp-json\/wp\/v2\/comments?post=27670"}],"wp:featuredmedia":[{"embeddable":true,"href":"https:\/\/alex-elec.eu\/de_de_formal\/wp-json\/wp\/v2\/media\/27671"}],"wp:attachment":[{"href":"https:\/\/alex-elec.eu\/de_de_formal\/wp-json\/wp\/v2\/media?parent=27670"}],"wp:term":[{"taxonomy":"product_cat","embeddable":true,"href":"https:\/\/alex-elec.eu\/de_de_formal\/wp-json\/wp\/v2\/product_cat?post=27670"},{"taxonomy":"product_tag","embeddable":true,"href":"https:\/\/alex-elec.eu\/de_de_formal\/wp-json\/wp\/v2\/product_tag?post=27670"}],"curies":[{"name":"wp","href":"https:\/\/api.w.org\/{rel}","templated":true}]}}