{"id":27660,"date":"2023-09-21T06:12:42","date_gmt":"2023-09-21T06:12:42","guid":{"rendered":"https:\/\/alex-elec.eu\/?post_type=product&#038;p=27660"},"modified":"2023-09-21T06:12:42","modified_gmt":"2023-09-21T06:12:42","slug":"bungalow-neuf-serie-speciale-6-metres","status":"publish","type":"product","link":"https:\/\/alex-elec.eu\/de_de_formal\/product\/bungalow-neuf-serie-speciale-6-metres\/","title":{"rendered":"Bungalow Neu Sonderserie 6 Meter"},"content":{"rendered":"<p>Die Bungalows der Sonderserie weisen auf\u00a0<strong>ein perfekter Kompromiss aus Preis und Nutzungskomfort<\/strong>Das macht sie f\u00fcr die meisten Zwecke geeignet.<\/p>\n<div>\n<div>Beschreibung<\/div>\n<div>\n<div>\n<p>Bungalow Sonderserie Neu<\/p>\n<p>Auch wenn ihr Hauptzweck der Komfort des Baustellenpersonals ist (B\u00fcros, Speises\u00e4le, Umkleider\u00e4ume, ...), sind die\u00a0<strong>Baubungalows<\/strong>\u00a0eignen sich auch f\u00fcr viele andere Zwecke in der Industrie oder im Dienstleistungssektor (Werkstatt, Lager, B\u00fcros, Maschinenunterst\u00e4nde...). Sie erm\u00f6glichen eine<strong>\u00a0isolierte Struktur<\/strong>,\u00a0<strong>hell und gem\u00fctlich<\/strong>\u00a0die viele Bed\u00fcrfnisse erf\u00fcllt.<\/p>\n<p>Der Vorteil des Bungalows liegt in zwei Hauptelementen: schneller Aufbau und sehr g\u00fcnstiger Preis pro m\u00b2.<br \/>\nViele Unternehmen, Vereine, Kommunen und sogar Privatpersonen wenden sich heute dieser L\u00f6sung zu, da sie ein isoliertes Geb\u00e4ude in einer unvergleichlich kurzen Zeit und zu einem im Vergleich zu einer herk\u00f6mmlichen Baul\u00f6sung unschlagbaren Preis erhalten.<\/p>\n<p>Die Bungalows der Serie \"Spezial\" sind Module, die \u00fcber Folgendes verf\u00fcgen\u00a0<strong>die st\u00e4rkste Struktur in unserem Sortiment<\/strong>sowie eine\u00a0<strong>verbesserte W\u00e4rme- und Schallisolierung<\/strong>.<\/p>\n<p>Diese Vorlage verf\u00fcgt standardm\u00e4\u00dfig \u00fcber die Option\u00a0<strong>in den Unterboden integrierte Gabelbr\u00fccke<\/strong>Sie k\u00f6nnen auch mit einem\u00a0<strong>Gabelstapler mit langen Gabeln (250 cm)<\/strong>. Durch die am st\u00e4rksten verst\u00e4rkte Struktur und das mittlere Isolationsniveau ist die Sonderserie die bevorzugte Serie von Bungalowvermietern.<\/p>\n<p>Unser Bungalow Serie \"Spezial\" ben\u00f6tigt einen\u00a0<strong>Lieferzeit von 3 Wochen<\/strong>\u00a0dank der Tatsache, dass wir \u00fcber einen st\u00e4ndigen Vorrat an Rahmen, Paneelen und Tischlerarbeiten verf\u00fcgen.<\/p>\n<p><strong>Unsere Bungalows werden in Frankreich zusammengebaut.<\/strong><\/p>\n<p>Technische Daten<\/p>\n<p>DIMENSIONEN<\/p>\n<ul>\n<li>H\u00f6he au\u00dfen: 257 cm<\/li>\n<li>H\u00f6he innen: 220 cm<\/li>\n<li>L\u00e4nge: 609 cm<\/li>\n<li>Breite: 242 cm<\/li>\n<\/ul>\n<p>SCHATTENBLICK<\/p>\n<ul>\n<li>Beschreibung: Verzinkter und lackierter Stahl<\/li>\n<li>Farbe: Anthrazitgrau RAL 7016<\/li>\n<li>Dicke: 2 mm<\/li>\n<li>Unterbau: H\u00f6he 160 mm<\/li>\n<li>Dach: H\u00f6he 250 mm<\/li>\n<li>Handhabung: 4 Steckdosen auf dem Dach f\u00fcr Hebehaken und Durchf\u00fchrung von Gabeln durch den Unterbau<\/li>\n<\/ul>\n<p>W\u00c4NDE UND DACH<\/p>\n<ul>\n<li>Material: Sandwich-Paneele<\/li>\n<li>Isolierung: Polyurethan-Hartschaum<\/li>\n<li>Wandst\u00e4rke: 50 mm<\/li>\n<li>Dicke Decke: 40 mm<\/li>\n<li>Abdeckung Decke: Verzinktes Stahlblech mit griechischen Wellen<\/li>\n<li>-Farbe Paneele: Hellgrau RAL 9002<\/li>\n<\/ul>\n<p>FUSSBODEN<\/p>\n<ul>\n<li>Struktur: Wasserabweisende Spanplatten<\/li>\n<li>Dicke: 18 mm<\/li>\n<li>Verkleidung: PVC<\/li>\n<\/ul>\n<p>MENUISERIEN<\/p>\n<ul>\n<li>Material: Wei\u00df lackiertes Aluminium RAL 9010<\/li>\n<li>T\u00fcr(en) : 1 halbverglaste T\u00fcr, Abm. 104 x 220 cm, Stange, Doppelverglasung<\/li>\n<li>Fenster: 1 Schiebefenster Abm. 104 x 110 cm, vergittert, Doppelverglasung<\/li>\n<\/ul>\n<p>STROM<\/p>\n<ul>\n<li>Beleuchtung: 2 LED-Neonr\u00f6hren<\/li>\n<li>Steckdosen: 2 Steckdosen<\/li>\n<li>Heizung: 1 Konvektor 1500 W<\/li>\n<li>Tabelle: 1 Tabelle inklusive Interdifferential und Trennschalter<\/li>\n<li>Anschluss: 1 \u00e4u\u00dfere Anschlussdose<\/li>\n<\/ul>\n<p>M\u00f6gliche Optionen<\/p>\n<ul>\n<li>Andere Farben sind als Option f\u00fcr die Paneele, das Ger\u00fcst oder die Tischlerei m\u00f6glich.<\/li>\n<li>Unterbodenisolierung aus 50mm dicker Glaswolle auf verzinkten Stahlschutzblechen<\/li>\n<li>Deckenh\u00f6he von 2,40 m, die T\u00fcr bleibt 2,20 m hoch<\/li>\n<li>Integrierte WC-Ecke mit WC + Handwaschbecken + T\u00fcr + Trennw\u00e4nde (warmes Wasser am Waschbecken gegen Aufpreis m\u00f6glich)<\/li>\n<li>Integrierte Duschecke (nat\u00fcrlich mit Warmwasser) + T\u00fcr + Trennw\u00e4nde<\/li>\n<li>4 Regenfallrohre<\/li>\n<li>Tischlerei aus lackiertem Aluminium in Anthrazitgrau RAL 7016<\/li>\n<li>Umkehrbare Klimaanlage 2300 w UNICO R10<\/li>\n<li>Window-Klimaanlage nur kalt 12000 BTU<\/li>\n<li>Mobile Klimaanlage SHINY 12 Reversible R290 3.5 KW + Fensterkit<\/li>\n<li>LED-Fliesen anstelle von Neonr\u00f6hren<\/li>\n<li>Zus\u00e4tzliche halbverglaste T\u00fcr, volle T\u00fcr oder Ganzglast\u00fcr<\/li>\n<li>Zus\u00e4tzliches Fenster, Erker, Snackfenster oder Fenster mit Schalter und Hygienemaschine<\/li>\n<li>Rolll\u00e4den aus Aluminium oder PVC, Sonderfarben m\u00f6glich<\/li>\n<li>16 mm dicker Holz-Beton-Fu\u00dfboden anstelle von Spanplatten (unerl\u00e4sslich, wenn der Bungalow nicht mit Hilfe von Kl\u00f6tzen oder Keilen um einige cm erh\u00f6ht wird, sowie in feuchten Umgebungen) Tragf\u00e4higkeit: 400 kg\/m\u00b2.<\/li>\n<li>Bodenbelag aus Phenolharz, 18 mm stark, anstelle von Spanplatte, Tragf\u00e4higkeit: 500 kg\/m\u00b2.<\/li>\n<li>PVC-Bodenbelag Intensivbegehbar anstelle von Standard, PVC-Parkett-Imitat oder Fliesenboden<\/li>\n<li>Glatte Paneele, Lebensmittelpaneele, Steinwollepaneele oder Brandschutzpaneele<\/li>\n<li>Entfernen von Gittern f\u00fcr T\u00fcren und Fenster = kostenlos<\/li>\n<li>Zus\u00e4tzliche Steckdosen oder RJ45-Steckdosen<\/li>\n<\/ul>\n<p>M\u00f6glichkeiten, eine Kochnische hinzuzuf\u00fcgen<\/p>\n<ul>\n<li>Unterbausp\u00fcle 80x60cm 1 Becken kalt<\/li>\n<li>Unterbausp\u00fcle 80x60cm 1 Becken mit Warmwasser<\/li>\n<li>Sp\u00fcle auf M\u00f6bel + Warmwasser + 2 Kochplatten + K\u00fchlschrank<\/li>\n<\/ul>\n<\/div>\n<\/div>\n<\/div>","protected":false},"excerpt":{"rendered":"<p>Les bungalows de la S\u00e9rie Sp\u00e9ciale pr\u00e9sentent\u00a0un parfait compromis prix\/confort d\u2019utilisation, ce qui les rend adapt\u00e9s pour la plupart des utilisations. Description Bungalow S\u00e9rie Sp\u00e9ciale Neuf Si leur vocation premi\u00e8re est le confort du personnel de chantier (bureaux, r\u00e9fectoires, vestiaires, &#8230;), les\u00a0bungalows de chantier\u00a0sont aussi adapt\u00e9s \u00e0 de nombreuses autres utilisations dans l&rsquo;industrie ou les [&hellip;]<\/p>","protected":false},"featured_media":27664,"comment_status":"open","ping_status":"closed","template":"","meta":{"_monsterinsights_skip_tracking":false,"_monsterinsights_sitenote_active":false,"_monsterinsights_sitenote_note":"","_monsterinsights_sitenote_category":0},"product_cat":[15,100],"product_tag":[],"aioseo_notices":[],"_links":{"self":[{"href":"https:\/\/alex-elec.eu\/de_de_formal\/wp-json\/wp\/v2\/product\/27660"}],"collection":[{"href":"https:\/\/alex-elec.eu\/de_de_formal\/wp-json\/wp\/v2\/product"}],"about":[{"href":"https:\/\/alex-elec.eu\/de_de_formal\/wp-json\/wp\/v2\/types\/product"}],"replies":[{"embeddable":true,"href":"https:\/\/alex-elec.eu\/de_de_formal\/wp-json\/wp\/v2\/comments?post=27660"}],"wp:featuredmedia":[{"embeddable":true,"href":"https:\/\/alex-elec.eu\/de_de_formal\/wp-json\/wp\/v2\/media\/27664"}],"wp:attachment":[{"href":"https:\/\/alex-elec.eu\/de_de_formal\/wp-json\/wp\/v2\/media?parent=27660"}],"wp:term":[{"taxonomy":"product_cat","embeddable":true,"href":"https:\/\/alex-elec.eu\/de_de_formal\/wp-json\/wp\/v2\/product_cat?post=27660"},{"taxonomy":"product_tag","embeddable":true,"href":"https:\/\/alex-elec.eu\/de_de_formal\/wp-json\/wp\/v2\/product_tag?post=27660"}],"curies":[{"name":"wp","href":"https:\/\/api.w.org\/{rel}","templated":true}]}}