{"id":27655,"date":"2023-09-21T06:09:08","date_gmt":"2023-09-21T06:09:08","guid":{"rendered":"https:\/\/alex-elec.eu\/?post_type=product&#038;p=27655"},"modified":"2023-09-21T06:09:08","modified_gmt":"2023-09-21T06:09:08","slug":"ensemble-de-deux-bungalows-serie-speciale","status":"publish","type":"product","link":"https:\/\/alex-elec.eu\/de_de_formal\/product\/ensemble-de-deux-bungalows-serie-speciale\/","title":{"rendered":"Set aus zwei Bungalows Sonderserie"},"content":{"rendered":"<p>L&rsquo;<strong>ensemble de deux<\/strong>\u00a0<strong>bungalows de la s\u00e9rie sp\u00e9ciale<\/strong>\u00a0pr\u00e9sente un parfait compromis prix\/confort d\u2019utilisation, ce qui le rend adapt\u00e9 pour la plupart des utilisations.<\/p>\n<div>\n<div>Beschreibung<\/div>\n<div>\n<div>\n<p>Ensemble Neuf de deux Bungalows S\u00e9rie Sp\u00e9ciale<\/p>\n<p>Die Bungalows der Serie \"Spezial\" sind Module, die \u00fcber Folgendes verf\u00fcgen\u00a0<strong>die st\u00e4rkste Struktur in unserem Sortiment<\/strong>sowie eine\u00a0<strong>isolation thermique et phonique am\u00e9lior\u00e9e. Cette structure renforc\u00e9e correspond \u00e0 la structure pour laquelle<\/strong>\u00a0nous avons d\u00e9velopp\u00e9 des Kits d\u2019assemblage.<\/p>\n<p>Ainsi, nous pouvons vous proposer un\u00a0<strong>ensemble de deux bungalows s\u00e9rie sp\u00e9ciale<\/strong>, d\u2019environ 27 m\u00b2, afin de r\u00e9pondre \u00e0 vos besoins de salle de r\u00e9union, de conf\u00e9rence, Open Space ou autres. Cet ensemble comprend de mani\u00e8re standard 1 porte et 3 fen\u00eatres, mais peut aussi \u00eatre configur\u00e9 avec 2 portes et 2 fen\u00eatres.<\/p>\n<p>Ce mod\u00e8le dispose d\u2019office de l\u2019<strong>option passage de fourches int\u00e9gr\u00e9 au soubassement<\/strong>, afin de permettre une\u00a0<strong>manipulation avec un chariot \u00e9l\u00e9vateur \u00e9quip\u00e9 de fourches longues (250cm)<\/strong>. Durch die am st\u00e4rksten verst\u00e4rkte Struktur und das mittlere Isolationsniveau ist die Sonderserie die bevorzugte Serie von Bungalowvermietern.<\/p>\n<p>Pour des raisons de largeur maximale concernant le transport,\u00a0<strong>les bungalows sont transport\u00e9s mont\u00e9s et \u00e9quip\u00e9s,\u00a0<\/strong>mais non assembl\u00e9s.\u00a0Nous fournissons avec un kit d\u2019assemblage comprenant tous les \u00e9l\u00e9ments n\u00e9cessaires pour joindre les deux modules :\u00a0profils d\u2019acier, seuil inox pour le plancher, kit d\u2019\u00e9tanch\u00e9it\u00e9, boulons et visserie.<\/p>\n<p>Nous fournissons avec\u00a0<strong>un guide d\u2019assemblage, afin de vous permettre d\u2019effectuer vous-m\u00eame l\u2019installation du kit d\u2019assemblage. Si besoin, nous pouvons aussi envoyer nos \u00e9quipes sur place afin d\u2019effectuer l\u2019assemblage.\u00a0<\/strong>Le tarif de cette prestation varie en fonction du lieu d\u2019installation des modules.<\/p>\n<p>Notre ensemble de deux bungalows s\u00e9rie \u00ab Sp\u00e9ciale \u00bb n\u00e9cessite un d\u00e9lai de livraison de 4 semaines gr\u00e2ce au fait que nous disposons d\u2019un stock permanent pour l\u2019ossature, les panneaux, les menuiseries et le kit d\u2019assemblage.<\/p>\n<p><strong>Unsere Bungalows werden in Frankreich zusammengebaut.<\/strong><\/p>\n<p>Technische Daten<\/p>\n<p>DIMENSIONEN<\/p>\n<ul>\n<li>H\u00f6he au\u00dfen: 257 cm<\/li>\n<li>H\u00f6he innen: 220 cm<\/li>\n<li>L\u00e4nge: 609 cm<\/li>\n<li>Largeur : 484 cm<\/li>\n<\/ul>\n<p>SCHATTENBLICK<\/p>\n<ul>\n<li>Beschreibung: Verzinkter und lackierter Stahl<\/li>\n<li>Farbe: Anthrazitgrau RAL 7016<\/li>\n<li>Dicke: 2 mm<\/li>\n<li>Unterbau: H\u00f6he 160 mm<\/li>\n<li>Dach: H\u00f6he 250 mm<\/li>\n<li>Manutention : 4 prises sur la toiture pour crochets de levage sur chaque module et passage de fourches dans le soubassement pour manipulation avec un chariot \u00e9l\u00e9vateur<\/li>\n<\/ul>\n<p>W\u00c4NDE UND DACH<\/p>\n<ul>\n<li>Material: Sandwich-Paneele<\/li>\n<li>Isolierung: Polyurethan-Hartschaum<\/li>\n<li>Wandst\u00e4rke: 50 mm<\/li>\n<li>Dicke Decke: 40 mm<\/li>\n<li>Abdeckung Decke: Verzinktes Stahlblech mit griechischen Wellen<\/li>\n<li>Farbe Paneele: Hellgrau RAL 9002<\/li>\n<\/ul>\n<p>FUSSBODEN<\/p>\n<ul>\n<li>Struktur: Wasserabweisende Spanplatten<\/li>\n<li>Dicke: 18 mm<\/li>\n<li>Verkleidung: PVC<\/li>\n<\/ul>\n<p>MENUISERIEN<\/p>\n<ul>\n<li>Material: Wei\u00df lackiertes Aluminium RAL 9010<\/li>\n<li>T\u00fcr(en) : 1 halbverglaste T\u00fcr, Abm. 104 x 220 cm, Stange, Doppelverglasung<\/li>\n<li>Fen\u00eatre(s) : 3 fen\u00eatres coulissantes dim. 104 x 110 cm barreaud\u00e9es, double vitrage<\/li>\n<\/ul>\n<p>STROM<\/p>\n<ul>\n<li>\u00c9clairage : 1 interrupteur + 4 n\u00e9ons LED<\/li>\n<li>Prises : 4 prises de courant<\/li>\n<li>Chauffage : 2 convecteur 1500 W<\/li>\n<li>Tableau : 2 tableaux incluant inter-diff\u00e9rentiel et disjoncteurs<\/li>\n<li>Raccordement : 2 bo\u00eetes ext\u00e9rieures de raccordement<\/li>\n<\/ul>\n<p>M\u00f6gliche Optionen<\/p>\n<ul>\n<li>Andere Farben sind als Option f\u00fcr die Paneele, das Ger\u00fcst oder die Tischlerei m\u00f6glich.<\/li>\n<li>Unterbodenisolierung aus 50mm dicker Glaswolle auf verzinkten Stahlschutzblechen<\/li>\n<li>Deckenh\u00f6he von 2,40 m, die T\u00fcr bleibt 2,20 m hoch<\/li>\n<li>Integrierte WC-Ecke mit WC + Handwaschbecken + T\u00fcr + Trennw\u00e4nde (warmes Wasser am Waschbecken gegen Aufpreis m\u00f6glich)<\/li>\n<li>Integrierte Duschecke (nat\u00fcrlich mit Warmwasser) + T\u00fcr + Trennw\u00e4nde<\/li>\n<li>4 Regenfallrohre<\/li>\n<li>Tischlerei aus lackiertem Aluminium in Anthrazitgrau RAL 7016<\/li>\n<li>Umkehrbare Klimaanlage 2300 w UNICO R10<\/li>\n<li>Window-Klimaanlage nur kalt 12000 BTU<\/li>\n<li>Mobile Klimaanlage SHINY 12 Reversible R290 3.5 KW + Fensterkit<\/li>\n<li>LED-Fliesen anstelle von Neonr\u00f6hren<\/li>\n<li>Zus\u00e4tzliche halbverglaste T\u00fcr, volle T\u00fcr oder Ganzglast\u00fcr<\/li>\n<li>Zus\u00e4tzliches Fenster, Erker, Snackfenster oder Fenster mit Schalter und Hygienemaschine<\/li>\n<li>Rolll\u00e4den aus Aluminium oder PVC, Sonderfarben m\u00f6glich<\/li>\n<li>16 mm dicker Holz-Beton-Fu\u00dfboden anstelle von Spanplatten (unerl\u00e4sslich, wenn der Bungalow nicht mit Hilfe von Kl\u00f6tzen oder Keilen um einige cm erh\u00f6ht wird, sowie in feuchten Umgebungen) Tragf\u00e4higkeit: 400 kg\/m\u00b2.<\/li>\n<li>Bodenbelag aus Phenolharz, 18 mm stark, anstelle von Spanplatte, Tragf\u00e4higkeit: 500 kg\/m\u00b2.<\/li>\n<li>PVC-Bodenbelag Intensivbegehbar anstelle von Standard, PVC-Parkett-Imitat oder Fliesenboden<\/li>\n<li>Glatte Paneele, Lebensmittelpaneele, Steinwollepaneele oder Brandschutzpaneele<\/li>\n<li>Entfernen von Gittern f\u00fcr T\u00fcren und Fenster = kostenlos<\/li>\n<li>Zus\u00e4tzliche Steckdosen oder RJ45-Steckdosen<\/li>\n<\/ul>\n<p>M\u00f6glichkeiten, eine Kochnische hinzuzuf\u00fcgen<\/p>\n<ul>\n<li>Unterbausp\u00fcle 80x60cm 1 Becken kalt<\/li>\n<li>Unterbausp\u00fcle 80x60cm 1 Becken mit Warmwasser<\/li>\n<li>Sp\u00fcle auf M\u00f6bel + Warmwasser + 2 Kochplatten + K\u00fchlschrank<\/li>\n<\/ul>\n<\/div>\n<\/div>\n<\/div>","protected":false},"excerpt":{"rendered":"<p>L&rsquo;ensemble de deux\u00a0bungalows de la s\u00e9rie sp\u00e9ciale\u00a0pr\u00e9sente un parfait compromis prix\/confort d\u2019utilisation, ce qui le rend adapt\u00e9 pour la plupart des utilisations. Description Ensemble Neuf de deux Bungalows S\u00e9rie Sp\u00e9ciale Les bungalows de la s\u00e9rie \u00ab Sp\u00e9ciale \u00bb sont des modules qui disposent de\u00a0la structure la plus renforc\u00e9e de notre gamme, ainsi que d\u2019une\u00a0isolation thermique [&hellip;]<\/p>","protected":false},"featured_media":27656,"comment_status":"open","ping_status":"closed","template":"","meta":{"_monsterinsights_skip_tracking":false,"_monsterinsights_sitenote_active":false,"_monsterinsights_sitenote_note":"","_monsterinsights_sitenote_category":0},"product_cat":[15,100],"product_tag":[],"aioseo_notices":[],"_links":{"self":[{"href":"https:\/\/alex-elec.eu\/de_de_formal\/wp-json\/wp\/v2\/product\/27655"}],"collection":[{"href":"https:\/\/alex-elec.eu\/de_de_formal\/wp-json\/wp\/v2\/product"}],"about":[{"href":"https:\/\/alex-elec.eu\/de_de_formal\/wp-json\/wp\/v2\/types\/product"}],"replies":[{"embeddable":true,"href":"https:\/\/alex-elec.eu\/de_de_formal\/wp-json\/wp\/v2\/comments?post=27655"}],"wp:featuredmedia":[{"embeddable":true,"href":"https:\/\/alex-elec.eu\/de_de_formal\/wp-json\/wp\/v2\/media\/27656"}],"wp:attachment":[{"href":"https:\/\/alex-elec.eu\/de_de_formal\/wp-json\/wp\/v2\/media?parent=27655"}],"wp:term":[{"taxonomy":"product_cat","embeddable":true,"href":"https:\/\/alex-elec.eu\/de_de_formal\/wp-json\/wp\/v2\/product_cat?post=27655"},{"taxonomy":"product_tag","embeddable":true,"href":"https:\/\/alex-elec.eu\/de_de_formal\/wp-json\/wp\/v2\/product_tag?post=27655"}],"curies":[{"name":"wp","href":"https:\/\/api.w.org\/{rel}","templated":true}]}}