{"id":27645,"date":"2023-09-21T06:03:36","date_gmt":"2023-09-21T06:03:36","guid":{"rendered":"https:\/\/alex-elec.eu\/?post_type=product&#038;p=27645"},"modified":"2023-09-21T06:03:36","modified_gmt":"2023-09-21T06:03:36","slug":"bungalow-neuf-bulle-de-vente-v1-serie-renforcee-6-metres","status":"publish","type":"product","link":"https:\/\/alex-elec.eu\/de_de_formal\/product\/bungalow-neuf-bulle-de-vente-v1-serie-renforcee-6-metres\/","title":{"rendered":"Bungalow Neu Verkaufs Bulletin V1 Verst\u00e4rkte Serie 6 Meter"},"content":{"rendered":"<p>Notre bungalow\u00a0<strong>Bulle de Vente 6 m\u00e8tres V1 est un module avec une fa\u00e7ade toute vitr\u00e9e<\/strong>In den letzten Jahren hat sich der Bedarf an Verkaufsb\u00fcros f\u00fcr verschiedene Aktivit\u00e4ten erh\u00f6ht, z. B. f\u00fcr Bautr\u00e4ger, Autoverk\u00e4ufer, Marmorh\u00e4ndler, Selbstst\u00e4ndige, die von zu Hause aus arbeiten, Freiberufler usw.<\/p>\n<p>&nbsp;<\/p>\n<div>\n<div>Beschreibung<\/div>\n<div>\n<div>\n<p>Bungalow Neuf Bulle de Vente V1 6 m\u00e8tres<\/p>\n<p>Le bungalow Bulle de Vente vous permet de disposer d\u2019un bureau ou d\u2019un point de vente confortable et esth\u00e9tique\u00a0<strong>zu einem unschlagbaren Preis und innerhalb eines unvergleichlichen Zeitraums<\/strong>\u00a0im Vergleich zu einer herk\u00f6mmlichen Baul\u00f6sung. Wir haben vier Verkaufsblasen mit unterschiedlichen Gr\u00f6\u00dfen und verschiedenen Stufen von Optionen standardisiert.<\/p>\n<p><strong>Notre bulle de vente 6 m\u00e8tres V1 est propos\u00e9e de base dans notre s\u00e9rie \u00ab Renforc\u00e9e \u00bb.<\/strong><\/p>\n<p>Les bungalows de la s\u00e9rie \u00ab Renforc\u00e9e \u00bb sont des modules qui disposent d\u2019une structure renforc\u00e9e, ainsi que d\u2019une isolation thermique et phonique am\u00e9lior\u00e9e (isolant \u00e9pais et double vitrage). Ils pr\u00e9sentent un meilleur confort d\u2019utilisation vis-\u00e0-vis de la s\u00e9rie standard, donc sont plus adapt\u00e9s pour une utilisation \u00e0 destination par exemple de bureaux.<\/p>\n<p>Wenn Sie das gleiche Modul mit der st\u00e4rksten Struktur, die es in unserem Sortiment gibt, oder mit der besten W\u00e4rme- und Schalld\u00e4mmung w\u00fcnschen, k\u00f6nnen Sie in unserer Reihe \"Isoplus\" ein Angebot f\u00fcr diesen Bungalow anfordern.<\/p>\n<p>Unser Bungalow \"Bulle de Vente V1\" ben\u00f6tigt\u00a0<strong>un d\u00e9lai de fabrication et de livraison de 8 semaines.<\/strong>\u00a0Pour un d\u00e9lai plus rapide avec une configuration similaire, il faudra vous orienter sur notre bungalow s\u00e9rie \u00ab Bulle de vente 6 m\u00e8tres V2 \u00bb (disponible uniquement en 6 m\u00e8tres).<\/p>\n<p><strong>Unsere Bungalows werden in Frankreich zusammengebaut.<\/strong><\/p>\n<p>Technische Daten<\/p>\n<p>DIMENSIONEN<\/p>\n<ul>\n<li>H\u00f6he au\u00dfen: 252 cm<\/li>\n<li>H\u00f6he innen: 220 cm<\/li>\n<li>L\u00e4nge: 609 cm<\/li>\n<li>Breite: 242 cm<\/li>\n<\/ul>\n<p>SCHATTENBLICK<\/p>\n<ul>\n<li>Material: Verzinkter und lackierter Stahl<\/li>\n<li>Farbe: Anthrazitgrau RAL 7016<\/li>\n<li>Dicke: 2 mm<\/li>\n<li>Unterbau: H\u00f6he 160 mm<\/li>\n<li>Dach: H\u00f6he 200 mm<\/li>\n<li>Handhabung: 4 Steckdosen auf dem Dach f\u00fcr Hebehaken und Durchf\u00fchrung von Gabeln durch den Unterbau zur Handhabung mit einem Gabelstapler<\/li>\n<\/ul>\n<p>W\u00c4NDE UND DACH<\/p>\n<ul>\n<li>Material: Sandwich-Paneele<\/li>\n<li>Isolierung: Polyurethan-Hartschaum<\/li>\n<li>Wandst\u00e4rke: 50 mm<\/li>\n<li>Dicke des Daches: 40 mm<\/li>\n<li>Dacheindeckung: Verzinktes Stahlblech mit griechischen Wellen<\/li>\n<li>Farbe W\u00e4nde: Hellgrau RAL 9002<\/li>\n<\/ul>\n<p>FUSSBODEN<\/p>\n<ul>\n<li>Struktur: Wasserabweisende Spanplatten<\/li>\n<li>Dicke: 18 mm<\/li>\n<li>Verkleidung: PVC in Parkettoptik mit schwarzen Sockelleisten<\/li>\n<\/ul>\n<p>MENUISERIEN<\/p>\n<ul>\n<li>Material: Wei\u00df lackiertes Aluminium RAL 9010<\/li>\n<li>Porte(s) : 1 porte entr\u00e9e dim. 104 x 220 cm (90 cm de passage) toute vitr\u00e9e, vitrage\u00a0de s\u00e9curit\u00e9 feuillet\u00e9 clair \u00e9paisseur 4+4 mm<\/li>\n<li>Fen\u00eatre(s) : 2 baies vitr\u00e9es fixes dim. 204 x 220 cm vitrage de s\u00e9curit\u00e9 feuillet\u00e9 clair \u00e9paisseur 4+4 mm<\/li>\n<\/ul>\n<p>STROM<\/p>\n<ul>\n<li>Beleuchtung: 2 LED-Neonr\u00f6hren<\/li>\n<li>Steckdosen: 2 Steckdosen<\/li>\n<li>Heizung: 1 Konvektor 1500 W<\/li>\n<li>Tabelle: 1 Tabelle inklusive Interdifferential und Trennschalter<\/li>\n<li>Anschluss: 1 \u00e4u\u00dfere Anschlussdose<\/li>\n<\/ul>\n<p>M\u00f6gliche Optionen<\/p>\n<ul>\n<li>Kostenlose Farbauswahl f\u00fcr die Unterkonstruktion: Wei\u00df RAL 9010, Lichtgrau RAL 9002 oder Anthrazitgrau RAL 7016<\/li>\n<li>Andere Farben sind als Option f\u00fcr die Paneele, das Ger\u00fcst oder die Tischlerei m\u00f6glich.<\/li>\n<li>Unterbodend\u00e4mmung aus 50mm dicker Glaswolle auf verzinkten Stahlschutzblechen<\/li>\n<li>Deckenh\u00f6he von 2,40 m, die T\u00fcr bleibt 2,20 m hoch<\/li>\n<li>Unterbau auf Skids (2 Ipe-Tr\u00e4ger 16 cm)<\/li>\n<li>Integrierte WC-Ecke mit WC + Handwaschbecken + T\u00fcr + Trennw\u00e4nde (warmes Wasser am Waschbecken gegen Aufpreis m\u00f6glich)<\/li>\n<li>Integrierte Duschecke (nat\u00fcrlich mit Warmwasser) + T\u00fcr + Trennw\u00e4nde<\/li>\n<li>4 Regenfallrohre<\/li>\n<li>Tischlerei aus lackiertem Aluminium in Anthrazitgrau RAL 7016<\/li>\n<li>Umkehrbare Klimaanlage 2300 w UNICO R10<\/li>\n<li>Window-Klimaanlage nur kalt 12000 BTU<\/li>\n<li>Mobile Klimaanlage SHINY 12 Reversible R290 3.5 KW + Fensterkit<\/li>\n<li>LED-Fliesen anstelle von Neonr\u00f6hren<\/li>\n<li>Zus\u00e4tzliche halbverglaste T\u00fcr, volle T\u00fcr oder Ganzglast\u00fcr<\/li>\n<li>Zus\u00e4tzliches Fenster, Erker, Snackfenster oder Fenster mit Schalter und Hygienemaschine<\/li>\n<li>Rolll\u00e4den aus Aluminium oder PVC, Sonderfarben m\u00f6glich<\/li>\n<li>Plancher en bois-ciment \u00e9paisseur 16 mm \u00e0 la place de l&rsquo;agglom\u00e9r\u00e9 (indispensable si le bungalow n&rsquo;est pas sur\u00e9lev\u00e9 de quelques cm par des plots ou des cales, ainsi que pour les milieux humides) d&rsquo;une port\u00e9e de 400 kg\/m\u00b2<\/li>\n<li>Bodenbelag aus Phenolharz, 18 mm stark, anstelle von Spanplatte, Tragf\u00e4higkeit: 500 kg\/m\u00b2.<\/li>\n<li>PVC-Bodenbelag mit intensiver Begehbarkeit anstelle von PVC-Parkettimitat oder Fliesenboden<\/li>\n<li>Glatte Paneele, Lebensmittelpaneele, Steinwollepaneele oder Brandschutzpaneele<\/li>\n<li>Zus\u00e4tzliche Steckdosen oder RJ45-Steckdosen<\/li>\n<\/ul>\n<p>Possibilit\u00e9s\u00a0pour\u00a0ajouter une cuisinette<\/p>\n<ul>\n<li>Unterbausp\u00fcle 80x60cm 1 Becken kalt<\/li>\n<li>Unterbausp\u00fcle 80x60cm 1 Becken mit Warmwasser<\/li>\n<li>Sp\u00fcle auf M\u00f6bel + Warmwasser + 2 Kochplatten + K\u00fchlschrank<\/li>\n<\/ul>\n<\/div>\n<\/div>\n<\/div>","protected":false},"excerpt":{"rendered":"<p>Notre bungalow\u00a0Bulle de Vente 6 m\u00e8tres V1 est un module avec une fa\u00e7ade toute vitr\u00e9e, afin de r\u00e9pondre aux besoins de bureaux de vente pour diff\u00e9rentes activit\u00e9s : promoteurs immobiliers, vendeurs de v\u00e9hicules, marbreries, ind\u00e9pendants qui travaillent \u00e0 domicile, professions lib\u00e9rales, etc. &nbsp; Description Bungalow Neuf Bulle de Vente V1 6 m\u00e8tres Le bungalow Bulle [&hellip;]<\/p>","protected":false},"featured_media":27646,"comment_status":"open","ping_status":"closed","template":"","meta":{"_monsterinsights_skip_tracking":false,"_monsterinsights_sitenote_active":false,"_monsterinsights_sitenote_note":"","_monsterinsights_sitenote_category":0},"product_cat":[15,100],"product_tag":[],"aioseo_notices":[],"_links":{"self":[{"href":"https:\/\/alex-elec.eu\/de_de_formal\/wp-json\/wp\/v2\/product\/27645"}],"collection":[{"href":"https:\/\/alex-elec.eu\/de_de_formal\/wp-json\/wp\/v2\/product"}],"about":[{"href":"https:\/\/alex-elec.eu\/de_de_formal\/wp-json\/wp\/v2\/types\/product"}],"replies":[{"embeddable":true,"href":"https:\/\/alex-elec.eu\/de_de_formal\/wp-json\/wp\/v2\/comments?post=27645"}],"wp:featuredmedia":[{"embeddable":true,"href":"https:\/\/alex-elec.eu\/de_de_formal\/wp-json\/wp\/v2\/media\/27646"}],"wp:attachment":[{"href":"https:\/\/alex-elec.eu\/de_de_formal\/wp-json\/wp\/v2\/media?parent=27645"}],"wp:term":[{"taxonomy":"product_cat","embeddable":true,"href":"https:\/\/alex-elec.eu\/de_de_formal\/wp-json\/wp\/v2\/product_cat?post=27645"},{"taxonomy":"product_tag","embeddable":true,"href":"https:\/\/alex-elec.eu\/de_de_formal\/wp-json\/wp\/v2\/product_tag?post=27645"}],"curies":[{"name":"wp","href":"https:\/\/api.w.org\/{rel}","templated":true}]}}