{"id":27640,"date":"2023-09-21T06:01:25","date_gmt":"2023-09-21T06:01:25","guid":{"rendered":"https:\/\/alex-elec.eu\/?post_type=product&#038;p=27640"},"modified":"2023-09-21T06:01:25","modified_gmt":"2023-09-21T06:01:25","slug":"bungalow-neuf-bulle-de-vente-v2-serie-renforcee-4-metres","status":"publish","type":"product","link":"https:\/\/alex-elec.eu\/de_de_formal\/product\/bungalow-neuf-bulle-de-vente-v2-serie-renforcee-4-metres\/","title":{"rendered":"Bungalow Neu Verkaufs Bulletin V2 Verst\u00e4rkte Serie 4 Meter"},"content":{"rendered":"<p>Unser Bungalow Bulle de Vente 4 Meter V2 ist ein Modul mit\u00a0<strong>zwei Fassaden, die alle verglast sind<\/strong>In den letzten Jahren hat sich der Bedarf an Verkaufsb\u00fcros f\u00fcr verschiedene Aktivit\u00e4ten erh\u00f6ht, z. B. f\u00fcr Bautr\u00e4ger, Autoverk\u00e4ufer, Marmorh\u00e4ndler, Selbstst\u00e4ndige, die von zu Hause aus arbeiten, Freiberufler usw.<\/p>\n<p>&nbsp;<\/p>\n<div>\n<div>Beschreibung<\/div>\n<div>\n<div>\n<p>Bungalow Neu Bulle de Vente V2 4 Meter<\/p>\n<p>Der Bungalow Bulle de Vente bietet Ihnen ein komfortables und \u00e4sthetisches B\u00fcro oder Verkaufsb\u00fcro.\u00a0<strong>zu einem unschlagbaren Preis und innerhalb eines unvergleichlichen Zeitraums<\/strong>\u00a0im Vergleich zu einer herk\u00f6mmlichen Baul\u00f6sung. Wir haben vier Verkaufsblasen mit unterschiedlichen Gr\u00f6\u00dfen und verschiedenen Stufen von Optionen standardisiert.<\/p>\n<p><strong>Unsere 4-Meter-Verkaufsblase V2 wird als Grundausstattung in unserer Serie \"Verst\u00e4rkt\" angeboten.<\/strong><\/p>\n<p>Die Bungalows der Serie \"Verst\u00e4rkt\" sind Module, die \u00fcber eine verst\u00e4rkte Struktur sowie \u00fcber<strong>eine verbesserte W\u00e4rme- und Schallisolierung<\/strong>\u00a0(dicke Isolierung und Doppelverglasung). Sie haben einen h\u00f6heren Nutzungskomfort als die Standardserie und eignen sich daher besser f\u00fcr die Nutzung z. B. in B\u00fcros.<\/p>\n<p>Die Verkaufsblase V2 verf\u00fcgt gegen\u00fcber der V1 \u00fcber mehrere zus\u00e4tzliche Optionen: Schreinerarbeiten aus lackiertem Aluminium in Anthrazitgrau RAL 7016, eine vollverglaste Eingangst\u00fcr und eine Isolierung unter dem Fu\u00dfboden.<\/p>\n<p>Wenn Sie das gleiche Modul mit der st\u00e4rksten Struktur, die es in unserem Sortiment gibt, oder mit der besten W\u00e4rme- und Schalld\u00e4mmung w\u00fcnschen, k\u00f6nnen Sie in unserer Reihe \"Isoplus\" ein Angebot f\u00fcr diesen Bungalow anfordern.<\/p>\n<p>Unser Bungalow \"Bulle de Vente V2\" ben\u00f6tigt eine Herstellungs- und Lieferzeit von 8 Wochen. F\u00fcr eine schnellere Lieferzeit mit einer \u00e4hnlichen Konfiguration sollten Sie sich an unserer Bungalowserie \"Bulle de vente 6 m\u00e8tres V2\" orientieren (nur in 6 Metern erh\u00e4ltlich).<\/p>\n<p><strong>Unsere Bungalows werden in Frankreich zusammengebaut.<\/strong><\/p>\n<p>Technische Daten<\/p>\n<p>DIMENSIONEN<\/p>\n<ul>\n<li>H\u00f6he au\u00dfen: 252 cm<\/li>\n<li>H\u00f6he innen: 220 cm<\/li>\n<li>L\u00e4nge: 409 cm<\/li>\n<li>Breite: 242 cm<\/li>\n<\/ul>\n<p>SCHATTENBLICK<\/p>\n<ul>\n<li>Material: Verzinkter und lackierter Stahl<\/li>\n<li>Farbe: Anthrazitgrau RAL 7016<\/li>\n<li>Dicke: 2 mm<\/li>\n<li>Dach: H\u00f6he 200 mm<\/li>\n<li>Unterbau: H\u00f6he 160 mm<\/li>\n<\/ul>\n<p>W\u00c4NDE UND DACH<\/p>\n<ul>\n<li>Material: Sandwich-Paneele<\/li>\n<li>Isolierung: Polyurethan-Hartschaum<\/li>\n<li>Wandst\u00e4rke: 50 mm<\/li>\n<li>Dicke des Daches: 40 mm<\/li>\n<li>Dacheindeckung: Verzinktes Stahlblech mit griechischen Wellen<\/li>\n<li>Farbe W\u00e4nde: Hellgrau RAL 9002<\/li>\n<\/ul>\n<p>FUSSBODEN<\/p>\n<ul>\n<li>Struktur: Wasserabweisende Spanplatten<\/li>\n<li>Dicke: 18 mm<\/li>\n<li>Verkleidung: PVC in Parkettoptik mit schwarzen Sockelleisten<\/li>\n<li>Isolierung: Unterbodenisolierung aus Glaswolle St. 50 mm auf Schutzblechen<\/li>\n<\/ul>\n<p>MENUISERIEN<\/p>\n<ul>\n<li>Material: Aluminium, lackiert in Anthrazitgrau RAL 7016<\/li>\n<li>T\u00fcr(en) : 1 Eingangst\u00fcr, Abm. 104 x 220 cm (90 cm Durchgangsbreite), ganz verglast, Verbundsicherheitsglas klar, St. 4+4 mm.<\/li>\n<li>Fenster: 1 festes Fenster, Dim. 204 x 220 cm, Verbundsicherheitsglas klar, St. 4+4 mm und 1 festes Fenster, Dim. 184 x 220 cm, Verbundsicherheitsglas klar, St. 4 + 4 mm.<\/li>\n<\/ul>\n<p>STROM<\/p>\n<ul>\n<li>Beleuchtung: 1 LED-Neonr\u00f6hre<\/li>\n<li>Steckdosen: 2 Steckdosen<\/li>\n<li>Heizung: 1 Konvektor 1500 W<\/li>\n<li>Tabelle: 1 Tabelle inklusive Interdifferential und Trennschalter<\/li>\n<li>Anschluss: 1 \u00e4u\u00dfere Anschlussdose<\/li>\n<\/ul>\n<p>M\u00f6gliche Optionen<\/p>\n<ul>\n<li>Kostenlose Farbauswahl f\u00fcr die Unterkonstruktion: Wei\u00df RAL 9010, Lichtgrau RAL 9002 oder Anthrazitgrau RAL 7016<\/li>\n<li>Andere Farben sind als Option f\u00fcr die Paneele, das Ger\u00fcst oder die Tischlerei m\u00f6glich.<\/li>\n<li>Deckenh\u00f6he von 2,40 m, die T\u00fcr bleibt 2,20 m hoch<\/li>\n<li>Unterbau auf Skids (2 Ipe-Tr\u00e4ger 16 cm)<\/li>\n<li>Integrierte WC-Ecke mit WC + Handwaschbecken + T\u00fcr + Trennw\u00e4nde (warmes Wasser am Waschbecken gegen Aufpreis m\u00f6glich)<\/li>\n<li>Integrierte Duschecke (nat\u00fcrlich mit Warmwasser) + T\u00fcr + Trennw\u00e4nde<\/li>\n<li>4 Regenfallrohre<\/li>\n<li>Umkehrbare Klimaanlage 2300 w UNICO R10<\/li>\n<li>Window-Klimaanlage nur kalt 12000 BTU<\/li>\n<li>Mobile Klimaanlage SHINY 12 Reversible R290 3.5 KW + Fensterkit<\/li>\n<li>LED-Display anstelle von Neonlicht<\/li>\n<li>Zus\u00e4tzliche halbverglaste T\u00fcr, volle T\u00fcr oder Ganzglast\u00fcr<\/li>\n<li>Halbverglaste T\u00fcr, volle T\u00fcr oder zus\u00e4tzliche Ganzglast\u00fcr<\/li>\n<li>Fenster, Erker, Snackfenster oder Fenster mit Schalter und zus\u00e4tzlicher Hygienem\u00f6glichkeit<\/li>\n<li>Rolll\u00e4den aus Aluminium oder PVC, Sonderfarben m\u00f6glich<\/li>\n<li>Fu\u00dfboden aus 16 mm dickem Holzzement anstelle von Spanplatten (unerl\u00e4sslich, wenn der Bungalow nicht mit Hilfe von Kl\u00f6tzen oder Keilen um einige cm erh\u00f6ht wird, sowie in feuchten Umgebungen) mit einer Tragf\u00e4higkeit von 400 kg\/m\u00b2.<\/li>\n<li>Boden aus Phenolholz St. 18 mm anstelle von Spanplatte, mit einer Tragf\u00e4higkeit von 500 kg\/m\u00b2.<\/li>\n<li>PVC-Bodenbelag mit intensiver Begehbarkeit anstelle eines PVC-Parkett-Imitats oder eines Fliesenbodens<\/li>\n<li>Glatte Paneele, Lebensmittelpaneele, Steinwollepaneele oder Brandschutzpaneele<\/li>\n<li>Zus\u00e4tzliche Steckdosen oder RJ45-Steckdosen<\/li>\n<\/ul>\n<p>M\u00f6glichkeiten, eine Kochnische hinzuzuf\u00fcgen<\/p>\n<ul>\n<li>Unterbausp\u00fcle 80x60cm 1 Becken kalt<\/li>\n<li>Unterbausp\u00fcle 80x60cm 1 Becken mit Warmwasser<\/li>\n<li>Sp\u00fcle auf M\u00f6bel + Warmwasser + 2 Kochplatten + K\u00fchlschrank<\/li>\n<\/ul>\n<\/div>\n<\/div>\n<\/div>","protected":false},"excerpt":{"rendered":"<p>Notre bungalow Bulle de Vente 4 m\u00e8tres V2 est un module avec\u00a0deux fa\u00e7ades toutes vitr\u00e9es, afin de r\u00e9pondre aux besoins de bureaux de vente pour diff\u00e9rentes activit\u00e9s : promoteurs immobiliers, vendeurs de v\u00e9hicules, marbreries, ind\u00e9pendants qui travaillent \u00e0 domicile, professions lib\u00e9rales, etc. &nbsp; Description Bungalow Neuf Bulle de Vente V2 4 m\u00e8tres Le bungalow Bulle [&hellip;]<\/p>","protected":false},"featured_media":27641,"comment_status":"open","ping_status":"closed","template":"","meta":{"_monsterinsights_skip_tracking":false,"_monsterinsights_sitenote_active":false,"_monsterinsights_sitenote_note":"","_monsterinsights_sitenote_category":0},"product_cat":[15,100],"product_tag":[],"aioseo_notices":[],"_links":{"self":[{"href":"https:\/\/alex-elec.eu\/de_de_formal\/wp-json\/wp\/v2\/product\/27640"}],"collection":[{"href":"https:\/\/alex-elec.eu\/de_de_formal\/wp-json\/wp\/v2\/product"}],"about":[{"href":"https:\/\/alex-elec.eu\/de_de_formal\/wp-json\/wp\/v2\/types\/product"}],"replies":[{"embeddable":true,"href":"https:\/\/alex-elec.eu\/de_de_formal\/wp-json\/wp\/v2\/comments?post=27640"}],"wp:featuredmedia":[{"embeddable":true,"href":"https:\/\/alex-elec.eu\/de_de_formal\/wp-json\/wp\/v2\/media\/27641"}],"wp:attachment":[{"href":"https:\/\/alex-elec.eu\/de_de_formal\/wp-json\/wp\/v2\/media?parent=27640"}],"wp:term":[{"taxonomy":"product_cat","embeddable":true,"href":"https:\/\/alex-elec.eu\/de_de_formal\/wp-json\/wp\/v2\/product_cat?post=27640"},{"taxonomy":"product_tag","embeddable":true,"href":"https:\/\/alex-elec.eu\/de_de_formal\/wp-json\/wp\/v2\/product_tag?post=27640"}],"curies":[{"name":"wp","href":"https:\/\/api.w.org\/{rel}","templated":true}]}}