{"id":27572,"date":"2023-09-20T13:07:55","date_gmt":"2023-09-20T13:07:55","guid":{"rendered":"https:\/\/alex-elec.eu\/?post_type=product&#038;p=27572"},"modified":"2023-09-20T13:07:55","modified_gmt":"2023-09-20T13:07:55","slug":"bureau-container-prefabrique-v5-132m2","status":"publish","type":"product","link":"https:\/\/alex-elec.eu\/de_de_formal\/product\/bureau-container-prefabrique-v5-132m2\/","title":{"rendered":"B\u00fcro Fertigcontainer V5 \/ 13,2M2"},"content":{"rendered":"<p><strong>Dieser vorgefertigte Schreibtisch stammt aus dem Recycling eines Seecontainers und hat eine Innenfl\u00e4che von insgesamt 13,2 m2.<\/strong><\/p>\n<p><strong>Der vorgefertigte B\u00fcrocontainer V5 wird gebrauchsfertig geliefert.<\/strong>\u00a0Sobald er am gew\u00e4hlten Ort entladen wurde, schlie\u00dfen Sie ihn an und k\u00f6nnen ihn in Betrieb nehmen.<\/p>\n<p>Dieser ganzj\u00e4hrig bewohnbare B\u00fcrocontainer ist standardm\u00e4\u00dfig mit hochwertigen Komponenten ausgestattet, die f\u00fcr Komfort und Langlebigkeit sorgen:<\/p>\n<ul>\n<li>Holzverkleidung<\/li>\n<li>Parkett aus massiver Eiche<\/li>\n<li>hochwertige doppelt verglaste T\u00fcren und Fenster<\/li>\n<li>Steckdosen<\/li>\n<li>LED-Leuchte<\/li>\n<li>Holzvert\u00e4felung innen<\/li>\n<\/ul>\n<p>Deshalb wird es im Gegensatz zu \"billigen\" Fertigb\u00fcros gut altern und kann leicht umgesiedelt werden. Sie m\u00fcssen sich nicht mehr zwischen einer zu lange dauernden Zwischenmiete und einem schlecht durchdachten, \u00fcbereilten Immobilienkauf entscheiden.<\/p>\n<p>Die Farbe des B\u00fcrocontainers V5 kann individuell angepasst werden, sodass er sich harmonisch in seine Umgebung einf\u00fcgt. Sie k\u00f6nnen es auch in ein Besprechungszimmer, einen Showroom, ein G\u00e4stezimmer oder ein Gartenstudio umwandeln, je nach Bedarf oder Lust und Laune.<\/p>\n<p>&nbsp;<\/p>\n<p>Beschreibung<\/p>\n<table>\n<tbody>\n<tr>\n<td><strong>\u00c4u\u00dfere L\u00e4nge:<\/strong><\/td>\n<td>6,03 m<\/td>\n<td><strong>\u00c4u\u00dfere Tiefe:<\/strong><\/td>\n<td>2,48 m<\/td>\n<\/tr>\n<tr>\n<td><strong>Innere H\u00f6he:<\/strong><\/td>\n<td>2,59 m<\/td>\n<td><strong>Innenfl\u00e4che:<\/strong><\/td>\n<td>13,2 m2<\/td>\n<\/tr>\n<tr>\n<td><strong>Au\u00dfenfl\u00e4che:<\/strong><\/td>\n<td>14,6 m2<\/td>\n<td><strong>Volumen:<\/strong><\/td>\n<td>32.12 m3<\/td>\n<\/tr>\n<tr>\n<td><strong>Gewicht:<\/strong><\/td>\n<td>3,1 Tonnen<\/td>\n<td><strong>Lieferung:<\/strong><\/td>\n<td>Zusammengestellt<\/td>\n<\/tr>\n<\/tbody>\n<\/table>","protected":false},"excerpt":{"rendered":"<p>Ce bureau pr\u00e9fabriqu\u00e9 provient du recyclage d\u2019un container maritime et totalise 13.2 m2 de surface int\u00e9rieur. Le bureau container pr\u00e9fabriqu\u00e9 V5 est livr\u00e9 pr\u00eat \u00e0 l\u2019emploi.\u00a0D\u00e8s son d\u00e9chargement sur le lieu choisi, vous le branchez et pouvez le mettre en fonction. Ce mod\u00e8le de bureau container habitable toute l\u2019ann\u00e9e est \u00e9quip\u00e9 de s\u00e9rie de composants [&hellip;]<\/p>","protected":false},"featured_media":27573,"comment_status":"open","ping_status":"closed","template":"","meta":{"_monsterinsights_skip_tracking":false,"_monsterinsights_sitenote_active":false,"_monsterinsights_sitenote_note":"","_monsterinsights_sitenote_category":0},"product_cat":[15,104],"product_tag":[],"aioseo_notices":[],"_links":{"self":[{"href":"https:\/\/alex-elec.eu\/de_de_formal\/wp-json\/wp\/v2\/product\/27572"}],"collection":[{"href":"https:\/\/alex-elec.eu\/de_de_formal\/wp-json\/wp\/v2\/product"}],"about":[{"href":"https:\/\/alex-elec.eu\/de_de_formal\/wp-json\/wp\/v2\/types\/product"}],"replies":[{"embeddable":true,"href":"https:\/\/alex-elec.eu\/de_de_formal\/wp-json\/wp\/v2\/comments?post=27572"}],"wp:featuredmedia":[{"embeddable":true,"href":"https:\/\/alex-elec.eu\/de_de_formal\/wp-json\/wp\/v2\/media\/27573"}],"wp:attachment":[{"href":"https:\/\/alex-elec.eu\/de_de_formal\/wp-json\/wp\/v2\/media?parent=27572"}],"wp:term":[{"taxonomy":"product_cat","embeddable":true,"href":"https:\/\/alex-elec.eu\/de_de_formal\/wp-json\/wp\/v2\/product_cat?post=27572"},{"taxonomy":"product_tag","embeddable":true,"href":"https:\/\/alex-elec.eu\/de_de_formal\/wp-json\/wp\/v2\/product_tag?post=27572"}],"curies":[{"name":"wp","href":"https:\/\/api.w.org\/{rel}","templated":true}]}}