{"id":27555,"date":"2023-09-20T12:59:46","date_gmt":"2023-09-20T12:59:46","guid":{"rendered":"https:\/\/alex-elec.eu\/?post_type=product&#038;p=27555"},"modified":"2023-09-20T12:59:46","modified_gmt":"2023-09-20T12:59:46","slug":"extension-de-maison-container-hansa-popup-132m2","status":"publish","type":"product","link":"https:\/\/alex-elec.eu\/de_de_formal\/product\/extension-de-maison-container-hansa-popup-132m2\/","title":{"rendered":"Hauserweiterung Container Hansa PopUp \/ 13,2M2"},"content":{"rendered":"<p><strong>Die Hansa PopUp Container-Hauserweiterung: eine umweltfreundliche, nachhaltige und flexible L\u00f6sung. Gebrauchte Seecontainer werden nicht mehr weggeworfen oder zu Nebenprodukten eingeschmolzen, sondern wir renovieren sie komplett mit edlen, raffinierten und nat\u00fcrlichen Materialien.  Sie bilden dann Containerh\u00e4user, die nicht nur sehr elegant und modular, sondern auch sehr langlebig sind.<\/strong><\/p>\n<p>Das Hansa PopUp ist die ultimative Hauserweiterung oder das ultimative Gartenstudio. Es hat die Eigenschaften eines \"echten\" Hauses, kann aber vielseitig genutzt werden!  Es ist perfekt isoliert und kann daher als B\u00fcro, Studio, G\u00e4stezimmer, Sportraum oder Yogaraum mit demselben Komfort wie in Ihrem Haupthaus genutzt werden.<\/p>\n<p>Seine \u00d6ffnungen sind alle doppelt verglast und von hoher Qualit\u00e4t.<\/p>\n<p>Die Isolierung erfolgt durch Polyurethanplatten, hochwertige Holzverkleidung und Innenvert\u00e4felung. Die Farbe des Holzes und die Lage der \u00d6ffnungen k\u00f6nnen auf Ihren Wunsch angepasst werden.<\/p>\n<p>Endlich kann der eingerichtete Container Hansa PopUp mit Ihnen mithalten. Seine Standardma\u00dfe, die er von seiner Vergangenheit als multimodaler Transportcontainer geerbt hat, machen es m\u00f6glich, ihn zu transportieren.<\/p>\n<p>Wenn Sie also Ihren Hansa PopUp-Container in der Zukunft an einem anderen Ort besser gebrauchen k\u00f6nnen, k\u00f6nnen Sie ihn einfach umstellen. Dies erleichtert auch einen eventuellen Wiederverkauf erheblich.<\/p>\n<p>&nbsp;<\/p>\n<p>Beschreibung<\/p>\n<table>\n<tbody>\n<tr>\n<td><strong>\u00c4u\u00dfere L\u00e4nge:<\/strong><\/td>\n<td>6,03 m<\/td>\n<td><strong>\u00c4u\u00dfere Tiefe:<\/strong><\/td>\n<td>2,48 m<\/td>\n<\/tr>\n<tr>\n<td><strong>Innere H\u00f6he:<\/strong><\/td>\n<td>2,59 m<\/td>\n<td><strong>Innenfl\u00e4che:<\/strong><\/td>\n<td>13,2 m2<\/td>\n<\/tr>\n<tr>\n<td><strong>Au\u00dfenfl\u00e4che:<\/strong><\/td>\n<td>14,6 m2<\/td>\n<td><strong>Volumen:<\/strong><\/td>\n<td>32.12 m3<\/td>\n<\/tr>\n<tr>\n<td><strong>Gewicht:<\/strong><\/td>\n<td>4.1 Tonnen<\/td>\n<td><strong>Lieferung:<\/strong><\/td>\n<td>Zusammengestellt<\/td>\n<\/tr>\n<\/tbody>\n<\/table>","protected":false},"excerpt":{"rendered":"<p>L\u2019extension de maison container Hansa PopUp: une solution \u00e9cologique, durable et souple. Les containers maritimes us\u00e9s ne sont plus jet\u00e9s ou refondus en sous produits, nous les r\u00e9novons compl\u00e8tement avec des mat\u00e9riaux nobles, raffin\u00e9s et naturels.\u00a0 Ils constituent alors des maisons containers non seulement tr\u00e8s \u00e9l\u00e9gantes et modulaires mais aussi tr\u00e8s tr\u00e8s durables. Le Hansa [&hellip;]<\/p>","protected":false},"featured_media":27556,"comment_status":"open","ping_status":"closed","template":"","meta":{"_monsterinsights_skip_tracking":false,"_monsterinsights_sitenote_active":false,"_monsterinsights_sitenote_note":"","_monsterinsights_sitenote_category":0},"product_cat":[15,104],"product_tag":[],"aioseo_notices":[],"_links":{"self":[{"href":"https:\/\/alex-elec.eu\/de_de_formal\/wp-json\/wp\/v2\/product\/27555"}],"collection":[{"href":"https:\/\/alex-elec.eu\/de_de_formal\/wp-json\/wp\/v2\/product"}],"about":[{"href":"https:\/\/alex-elec.eu\/de_de_formal\/wp-json\/wp\/v2\/types\/product"}],"replies":[{"embeddable":true,"href":"https:\/\/alex-elec.eu\/de_de_formal\/wp-json\/wp\/v2\/comments?post=27555"}],"wp:featuredmedia":[{"embeddable":true,"href":"https:\/\/alex-elec.eu\/de_de_formal\/wp-json\/wp\/v2\/media\/27556"}],"wp:attachment":[{"href":"https:\/\/alex-elec.eu\/de_de_formal\/wp-json\/wp\/v2\/media?parent=27555"}],"wp:term":[{"taxonomy":"product_cat","embeddable":true,"href":"https:\/\/alex-elec.eu\/de_de_formal\/wp-json\/wp\/v2\/product_cat?post=27555"},{"taxonomy":"product_tag","embeddable":true,"href":"https:\/\/alex-elec.eu\/de_de_formal\/wp-json\/wp\/v2\/product_tag?post=27555"}],"curies":[{"name":"wp","href":"https:\/\/api.w.org\/{rel}","templated":true}]}}