{"id":27519,"date":"2023-09-20T12:48:40","date_gmt":"2023-09-20T12:48:40","guid":{"rendered":"https:\/\/alex-elec.eu\/?post_type=product&#038;p=27519"},"modified":"2023-09-20T12:48:40","modified_gmt":"2023-09-20T12:48:40","slug":"maison-conteneur-v-5","status":"publish","type":"product","link":"https:\/\/alex-elec.eu\/de_de_formal\/product\/maison-conteneur-v-5\/","title":{"rendered":"Containerhaus V-5"},"content":{"rendered":"<p>Das V-5-Containerhaus kann aufgrund der sorgf\u00e4ltigen W\u00e4rmed\u00e4mmung das ganze Jahr \u00fcber genutzt werden. Wo immer Sie 13 Quadratmeter sicheren, trockenen und warmen Raum ben\u00f6tigen, k\u00f6nnen Sie es mit der M\u00f6glichkeit konfigurieren, jederzeit an einen neuen Standort umzuziehen. Ausgestattet mit hochwertiger Doppelverglasung in T\u00fcren und Fenstern, Eichenparkett, Holzvert\u00e4felung innen und au\u00dfen, LED-Steckdosen und -Spots k\u00f6nnen Sie es als Gartenbereich f\u00fcr die Freizeitgestaltung, als Gartenb\u00fcro, G\u00e4stezimmer, Gartenhaus, Yogaraum oder Poolhaus nutzen. Optional k\u00f6nnen Sie eine elektrische Fu\u00dfbodenheizung oder einen elektrischen Heizk\u00f6rper gleich mitbestellen.<\/p>\n<p>&nbsp;<\/p>\n<p>K\u00fcche (+2.700,00 \u20ac)<\/p>\n<p>Modul Terrasse (+395,00 \u20ac)<\/p>\n<p>&nbsp;<\/p>\n<p>&nbsp;<\/p>\n<p>Technische Details:<\/p>\n<table>\n<tbody>\n<tr>\n<td>Vorhof:<\/td>\n<td>14.6m\u00b2<\/td>\n<td>H\u00f6he:<\/td>\n<td>2,59 Millionen<\/td>\n<\/tr>\n<tr>\n<td>Innen:<\/td>\n<td>13.2m\u00b2<\/td>\n<td>Volumen:<\/td>\n<td>32.12m\u00b3<\/td>\n<\/tr>\n<tr>\n<td>L\u00e4nge:<\/td>\n<td>6,03 Millionen<\/td>\n<td>Gewicht:<\/td>\n<td>3,1 Tonnen<\/td>\n<\/tr>\n<tr>\n<td>Tiefe:<\/td>\n<td>2,48 Millionen<\/td>\n<td>Lieferung:<\/td>\n<td>Vollst\u00e4ndig zusammengebaut<\/td>\n<\/tr>\n<\/tbody>\n<\/table>\n<p>Zus\u00e4tzliche Informationen<\/p>\n<p>Jedes Jahr werden weltweit Tausende Tonnen Stahl mit Einweg-Versandbeh\u00e4ltern verschwendet. Wir haben einen Weg gefunden, sie wiederzuverwenden, indem wir sie zu wundersch\u00f6nen Gartenh\u00e4usern umbauen. Das gibt dem Container eine v\u00f6llig neue Funktion im Leben und vermeidet die Verschmutzung durch Abfall. Der gesamte Stahl, den wir f\u00fcr die Fenster und T\u00fcren zuschneiden, wird wiederverwertet. Jeder Container hat ein vergangenes Leben in der Schifffahrt hinter sich und ist viel gereist. So wie Lachfalten auf menschlichen Gesichtern erscheinen, haben auch Container auf ihrem Weg Kratzer und Skurrilit\u00e4ten. Jeder Container ist einzigartig und diese Unvollkommenheiten bleiben auf der Kabine sichtbar, nehmen ihr aber nichts von ihrer Sch\u00f6nheit.<\/p>\n<p>&nbsp;<\/p>\n<table>\n<tbody>\n<tr>\n<td>Au\u00dfenverkleidung:<\/td>\n<\/tr>\n<tr>\n<td><\/td>\n<td>Die Au\u00dfenverkleidung aus sibirischer L\u00e4rche 20 x 95 mm<\/td>\n<\/tr>\n<tr>\n<td>Das Holz der sibirischen L\u00e4rche ist sehr harzreich und extrem widerstandsf\u00e4hig. Es ist eines der dauerhaftesten und best\u00e4ndigsten Nadelh\u00f6lzer der Welt. Sibirische L\u00e4rche profitiert von ihrer beeindruckenden Dimensionsstabilit\u00e4t, niedrigen Kosten, geringen Wartungskosten und hohen Produktionsstandards.<\/td>\n<\/tr>\n<tr>\n<td>Fenster:<\/td>\n<\/tr>\n<tr>\n<td>T\u00fcr und Fenster mit schwarzem PVC-Rahmen. Mit Argon gef\u00fclltes, doppelt geh\u00e4rtetes Glas mit einer St\u00e4rke von 6 + 6 mm. Die Farbe der Rahmen ist im Rahmen der Angebote des Fensterherstellers variabel.<\/td>\n<\/tr>\n<tr>\n<td>Isolierung:<\/td>\n<\/tr>\n<tr>\n<td>Geschlossenzelliger Polyurethanschaum wurde als Isolierung verwendet. Der Polyurethanschaum schlie\u00dft alle Luftr\u00e4ume. Dadurch bleibt Ihr PopUpHut im Sommer k\u00fchl und im Winter warm, ohne Ihre Finanzen zu belasten. Das Dach wurde von innen mit einer 150 mm dicken Schicht isoliert, die W\u00e4nde von innen mit einer 50 mm dicken Schicht und der Boden mit einer 100 mm dicken Schicht.<\/td>\n<\/tr>\n<tr>\n<td>Innengarnitur:<\/td>\n<\/tr>\n<tr>\n<td><\/td>\n<td>Die Innenw\u00e4nde und die Decke sind mit skandinavischem Fichtenholz verkleidet. Das Fichtenholz wird mit OSMO-Holzwachs gesch\u00fctzt und bietet so eine wasser- und schmutzabweisende Oberfl\u00e4che.<\/td>\n<\/tr>\n<tr>\n<td>Land:<\/td>\n<\/tr>\n<tr>\n<td>Der Boden des Containers wurde entfernt und durch einen neuen w\u00e4rmeisolierten Boden ersetzt. Der Eichenboden wurde als Bodenbelag verwendet. F\u00fcr Sie bedeutet dies Komfort, Stil und Haltbarkeit, die Generationen \u00fcberdauern werden.<\/td>\n<\/tr>\n<tr>\n<td>Lichtinstallation und Steckdosen :<\/td>\n<\/tr>\n<tr>\n<td>\n<ul>\n<li>LED-Deckenlampen im ganzen Tiny-House<\/li>\n<li>Eine Lampe f\u00fcr den Au\u00dfenbereich<\/li>\n<li>Drei Au\u00dfensteckdosen<\/li>\n<li>Sechs Innensteckdosen<\/li>\n<\/ul>\n<\/td>\n<\/tr>\n<\/tbody>\n<\/table>","protected":false},"excerpt":{"rendered":"<p>La maison conteneur V-5 peut \u00eatre utilis\u00e9e toute l\u2019ann\u00e9e en raison de l\u2019isolation thermique soign\u00e9e. Partout o\u00f9 vous avez besoin de 13 m\u00e8tres carr\u00e9s d\u2019espace s\u00fbr, sec et chaud, vous pouvez le configurer avec la possibilit\u00e9 de d\u00e9m\u00e9nager dans un nouvel emplacement \u00e0 tout moment. Equip\u00e9 d\u2019un double vitrage de haute qualit\u00e9 dans les portes [&hellip;]<\/p>","protected":false},"featured_media":27520,"comment_status":"open","ping_status":"closed","template":"","meta":{"_monsterinsights_skip_tracking":false,"_monsterinsights_sitenote_active":false,"_monsterinsights_sitenote_note":"","_monsterinsights_sitenote_category":0},"product_cat":[15,104],"product_tag":[],"aioseo_notices":[],"_links":{"self":[{"href":"https:\/\/alex-elec.eu\/de_de_formal\/wp-json\/wp\/v2\/product\/27519"}],"collection":[{"href":"https:\/\/alex-elec.eu\/de_de_formal\/wp-json\/wp\/v2\/product"}],"about":[{"href":"https:\/\/alex-elec.eu\/de_de_formal\/wp-json\/wp\/v2\/types\/product"}],"replies":[{"embeddable":true,"href":"https:\/\/alex-elec.eu\/de_de_formal\/wp-json\/wp\/v2\/comments?post=27519"}],"wp:featuredmedia":[{"embeddable":true,"href":"https:\/\/alex-elec.eu\/de_de_formal\/wp-json\/wp\/v2\/media\/27520"}],"wp:attachment":[{"href":"https:\/\/alex-elec.eu\/de_de_formal\/wp-json\/wp\/v2\/media?parent=27519"}],"wp:term":[{"taxonomy":"product_cat","embeddable":true,"href":"https:\/\/alex-elec.eu\/de_de_formal\/wp-json\/wp\/v2\/product_cat?post=27519"},{"taxonomy":"product_tag","embeddable":true,"href":"https:\/\/alex-elec.eu\/de_de_formal\/wp-json\/wp\/v2\/product_tag?post=27519"}],"curies":[{"name":"wp","href":"https:\/\/api.w.org\/{rel}","templated":true}]}}