{"id":27478,"date":"2023-09-20T05:44:50","date_gmt":"2023-09-20T05:44:50","guid":{"rendered":"https:\/\/alex-elec.eu\/?post_type=product&#038;p=27478"},"modified":"2023-09-20T05:44:51","modified_gmt":"2023-09-20T05:44:51","slug":"container-10-pieds-isotherme-neuf","status":"publish","type":"product","link":"https:\/\/alex-elec.eu\/de_de_formal\/product\/container-10-pieds-isotherme-neuf\/","title":{"rendered":"Container 10 Fu\u00df Isotherm Neu"},"content":{"rendered":"<p>Die\u00a0<strong>10-Fu\u00df-Isotherm-Container 1. Reise<\/strong>\u00a0oder auch genannt\u00a0<strong>10 Fu\u00df isothermischer K\u00fchlcontainer<\/strong>Der 10-Tonnen-Container wird h\u00e4ufig f\u00fcr die Lagerung von frischen Lebensmitteln verwendet. Mit seinem geringen Platzbedarf findet der isothermische 10-Fu\u00df-Container seinen Platz! Erm\u00f6glicht es, die Temperatur im Inneren des Containers ohne Motor zu halten.<\/p>\n<p>&nbsp;<\/p>\n<p>&nbsp;<\/p>\n<p>Technische Daten.<\/p>\n<p><strong>Innere Abmessungen<\/strong><\/p>\n<p>-L\u00e4nge: 2.389 mm<\/p>\n<p>-Breite: 2.294 mm<\/p>\n<p>-H\u00f6he: 2.273 mm<\/p>\n<p>-Innenh\u00f6he (bis zur Ladegrenze): 2.173 mm<\/p>\n<p>&nbsp;<\/p>\n<p><strong>\u00c4u\u00dfere Abmessungen<\/strong><\/p>\n<p>-L\u00e4nge: 2.991 mm<\/p>\n<p>-Breite: 2.438 mm<\/p>\n<p>-H\u00f6he: 2.591 mm<\/p>\n<p>&nbsp;<\/p>\n<p><strong>Ma\u00dfe der T\u00fcren<\/strong><\/p>\n<p>-Breite: 2.292 mm<\/p>\n<p>-H\u00f6he: 2.264 mm<\/p>\n<p><strong>Struktur :\u00a0<\/strong>CORTEN und INOX<\/p>\n<p><strong>Fu\u00dfboden<\/strong><\/p>\n<p>FLACHER ALU-BODEN<\/p>\n<p>T\u00fcr\u00f6ffnung um 270\u00b0<\/p>\n<p><strong>Zus\u00e4tzliche Informationen<\/strong><\/p>\n<p>- Innenfl\u00e4che: 5,48 m2<\/p>\n<p>- Anzahl der EURO-Paletten: 4<\/p>\n<p>-Maximale Belastung: 15.000 kg<\/p>\n<p>-Leergewicht: 2.600 kg<\/p>\n<p>-Max. Gewicht: 12.400 kg<\/p>\n<p>-Gesamtes Innenvolumen: 12,45 m3<\/p>\n<p>-Nutzbares Innenvolumen (bis zur maximalen L\u00fcftungslinie): 11,91 m3<\/p>\n<p>&nbsp;<\/p>\n<p>Vorteile :<\/p>\n<p>&nbsp;<\/p>\n<p>- Geliefert und einsatzbereit<\/p>\n<p>- Kontrollierte K\u00fchleinheit<\/p>\n<p>- Isolierung Dicke 70 mm<\/p>\n<p>- Einfach zu verwenden<\/p>","protected":false},"excerpt":{"rendered":"<p>Le\u00a0conteneur 10 pieds isotherme 1er voyage\u00a0ou appel\u00e9 \u00e9galement\u00a0container 10 pieds isotherme frigorifique, est tr\u00e8s utilis\u00e9 pour l\u2019activit\u00e9 de stockage de produit frais. Avec son faible encombrement, le conteneur 10 pieds isotherme trouve sa place ! Permet de conserver la temp\u00e9rature \u00e0 l\u2019int\u00e9rieur du container sans moteur. &nbsp; &nbsp; Caract\u00e9ristiques techniques. Dimensions int\u00e9rieures -Longueur : 2 [&hellip;]<\/p>","protected":false},"featured_media":27479,"comment_status":"open","ping_status":"closed","template":"","meta":{"_monsterinsights_skip_tracking":false,"_monsterinsights_sitenote_active":false,"_monsterinsights_sitenote_note":"","_monsterinsights_sitenote_category":0},"product_cat":[15,105],"product_tag":[],"aioseo_notices":[],"_links":{"self":[{"href":"https:\/\/alex-elec.eu\/de_de_formal\/wp-json\/wp\/v2\/product\/27478"}],"collection":[{"href":"https:\/\/alex-elec.eu\/de_de_formal\/wp-json\/wp\/v2\/product"}],"about":[{"href":"https:\/\/alex-elec.eu\/de_de_formal\/wp-json\/wp\/v2\/types\/product"}],"replies":[{"embeddable":true,"href":"https:\/\/alex-elec.eu\/de_de_formal\/wp-json\/wp\/v2\/comments?post=27478"}],"wp:featuredmedia":[{"embeddable":true,"href":"https:\/\/alex-elec.eu\/de_de_formal\/wp-json\/wp\/v2\/media\/27479"}],"wp:attachment":[{"href":"https:\/\/alex-elec.eu\/de_de_formal\/wp-json\/wp\/v2\/media?parent=27478"}],"wp:term":[{"taxonomy":"product_cat","embeddable":true,"href":"https:\/\/alex-elec.eu\/de_de_formal\/wp-json\/wp\/v2\/product_cat?post=27478"},{"taxonomy":"product_tag","embeddable":true,"href":"https:\/\/alex-elec.eu\/de_de_formal\/wp-json\/wp\/v2\/product_tag?post=27478"}],"curies":[{"name":"wp","href":"https:\/\/api.w.org\/{rel}","templated":true}]}}