{"id":27459,"date":"2023-09-20T05:26:40","date_gmt":"2023-09-20T05:26:40","guid":{"rendered":"https:\/\/alex-elec.eu\/?post_type=product&#038;p=27459"},"modified":"2023-09-20T05:26:40","modified_gmt":"2023-09-20T05:26:40","slug":"container-20-pieds-frigorifique-reefer-occasion-classe-a","status":"publish","type":"product","link":"https:\/\/alex-elec.eu\/de_de_formal\/product\/container-20-pieds-frigorifique-reefer-occasion-classe-a\/","title":{"rendered":"Container 20 Fu\u00df K\u00fchlkoffer Reefer gebraucht ( Klasse A)"},"content":{"rendered":"<p>Die\u00a0<strong>K\u00fchlcontainer<\/strong>\u00a0oder\u00a0<strong>gebrauchte 20 Fu\u00df Reefer Container<\/strong>\u00a0ist die Standardl\u00f6sung f\u00fcr die dauerhafte oder punktuelle Lagerung von Frischwaren, die eine Kontrolle von Temperatur und Luftfeuchtigkeit erfordern. Er ist au\u00dferdem umbau- und einrichtungsf\u00e4hig.<\/p>\n<p>Diese sehr mobile K\u00fchlzelle in Standardgr\u00f6\u00dfe ist die ideale L\u00f6sung f\u00fcr die Gastronomie, die Industrie und Veranstaltungen.<\/p>\n<p>&nbsp;<\/p>\n<p>&nbsp;<\/p>\n<p>Technische Daten.<\/p>\n<p><strong>Innere Abmessungen<\/strong><\/p>\n<p>-L\u00e4nge: 5.456 mm<\/p>\n<p>-Breite: 2.294 mm<\/p>\n<p>-H\u00f6he: 2.273 mm<\/p>\n<p>-Innenh\u00f6he (bis zur Ladegrenze): 2.173 mm<\/p>\n<p>&nbsp;<\/p>\n<p><strong>\u00c4u\u00dfere Abmessungen<\/strong><\/p>\n<p>-L\u00e4nge: 6.058 mm<\/p>\n<p>-Breite: 2.438 mm<\/p>\n<p>-H\u00f6he: 2.591 mm<\/p>\n<p>&nbsp;<\/p>\n<p><strong>Ma\u00dfe der T\u00fcren<\/strong><\/p>\n<p>-Breite: 2.292 mm<\/p>\n<p>-H\u00f6he: 2.264 mm<\/p>\n<p>&nbsp;<\/p>\n<p><strong>Temperatur :\u00a0\u00a0<\/strong>-25 bis 25\u00b0C<\/p>\n<p>&nbsp;<\/p>\n<p><strong>K\u00e4ltemittel<\/strong><\/p>\n<p>-R134 A<\/p>\n<p>-R404<\/p>\n<p>-R442 auf Anfrage<\/p>\n<p>&nbsp;<\/p>\n<p><strong>Struktur :\u00a0<\/strong>CORTEN und INOX<\/p>\n<p><strong>Fu\u00dfboden<\/strong><\/p>\n<p>T-F\u00d6RMIGE ALU-SCHIENE<\/p>\n<p>Steuerung \u00fcber ein Daikin-, Thermoking- oder Carrier-Panel<\/p>\n<p>Lagerung von bis zu 10 Europaletten<\/p>\n<p>Doppelte \u00d6ffnung auf einer der Au\u00dfenseiten<\/p>\n<p>T\u00fcr\u00f6ffnung um 270\u00b0<\/p>\n<p>&nbsp;<\/p>\n<p><strong>Zus\u00e4tzliche Informationen<\/strong><\/p>\n<p>-Max. Belastung: 30 480 kg<\/p>\n<p>-Leergewicht: 2.900 kg<\/p>\n<p>-Max. Gewicht: 27.580 kg<\/p>\n<p>-Nutzbares Innenvolumen (bis zur maximalen L\u00fcftungslinie): 27,20 m3<\/p>\n<p>-Gesamtes Innenvolumen: 28,6 m3<\/p>\n<p>&nbsp;<\/p>\n<p>Container 20 Fu\u00df K\u00fchlkoffer Reefer gebraucht ( Klasse A)<\/p>","protected":false},"excerpt":{"rendered":"<p>Le\u00a0conteneur frigorifique\u00a0ou\u00a0conteneur Reefer 20 pieds occasion\u00a0est la solution standard pour le stockage permanent ou ponctuel de produits frais n\u00e9cessitants un contr\u00f4le de la temp\u00e9rature et de l&rsquo;hygrom\u00e9trie, il est \u00e9galement transformable et am\u00e9nageable. Tr\u00e8s mobile, cette chambre froide de taille standard est la solution id\u00e9ale pour les m\u00e9tiers de bouche, l&rsquo;industrie et l&rsquo;\u00e9v\u00e9nementiel. &nbsp; &nbsp; [&hellip;]<\/p>","protected":false},"featured_media":27460,"comment_status":"open","ping_status":"closed","template":"","meta":{"_monsterinsights_skip_tracking":false,"_monsterinsights_sitenote_active":false,"_monsterinsights_sitenote_note":"","_monsterinsights_sitenote_category":0},"product_cat":[15,105],"product_tag":[],"aioseo_notices":[],"_links":{"self":[{"href":"https:\/\/alex-elec.eu\/de_de_formal\/wp-json\/wp\/v2\/product\/27459"}],"collection":[{"href":"https:\/\/alex-elec.eu\/de_de_formal\/wp-json\/wp\/v2\/product"}],"about":[{"href":"https:\/\/alex-elec.eu\/de_de_formal\/wp-json\/wp\/v2\/types\/product"}],"replies":[{"embeddable":true,"href":"https:\/\/alex-elec.eu\/de_de_formal\/wp-json\/wp\/v2\/comments?post=27459"}],"wp:featuredmedia":[{"embeddable":true,"href":"https:\/\/alex-elec.eu\/de_de_formal\/wp-json\/wp\/v2\/media\/27460"}],"wp:attachment":[{"href":"https:\/\/alex-elec.eu\/de_de_formal\/wp-json\/wp\/v2\/media?parent=27459"}],"wp:term":[{"taxonomy":"product_cat","embeddable":true,"href":"https:\/\/alex-elec.eu\/de_de_formal\/wp-json\/wp\/v2\/product_cat?post=27459"},{"taxonomy":"product_tag","embeddable":true,"href":"https:\/\/alex-elec.eu\/de_de_formal\/wp-json\/wp\/v2\/product_tag?post=27459"}],"curies":[{"name":"wp","href":"https:\/\/api.w.org\/{rel}","templated":true}]}}