{"id":28287,"date":"2023-09-22T00:51:59","date_gmt":"2023-09-22T00:51:59","guid":{"rendered":"https:\/\/alex-elec.eu\/?page_id=28287"},"modified":"2023-09-23T18:56:08","modified_gmt":"2023-09-23T18:56:08","slug":"demander-un-devis","status":"publish","type":"page","link":"https:\/\/alex-elec.eu\/de_de_formal\/demander-un-devis\/","title":{"rendered":"Einen Kostenvoranschlag anfordern"},"content":{"rendered":"<div data-elementor-type=\"wp-page\" data-elementor-id=\"28287\" class=\"elementor elementor-28287\">\n\t\t\t\t\t\t\t<div class=\"elementor-element elementor-element-21128d7 e-flex e-con-boxed e-con e-parent\" data-id=\"21128d7\" data-element_type=\"container\" data-settings=\"{&quot;content_width&quot;:&quot;boxed&quot;}\" data-core-v316-plus=\"true\">\n\t\t\t\t\t<div class=\"e-con-inner\">\n\t\t\t\t<div class=\"elementor-element elementor-element-20b7ca1 elementor-widget elementor-widget-text-editor\" data-id=\"20b7ca1\" data-element_type=\"widget\" data-settings=\"{&quot;ekit_we_effect_on&quot;:&quot;none&quot;}\" data-widget_type=\"text-editor.default\">\n\t\t\t\t<div class=\"elementor-widget-container\">\n\t\t\t<style>\/*! elementor - v3.16.0 - 09-10-2023 *\/\n.elementor-widget-text-editor.elementor-drop-cap-view-stacked .elementor-drop-cap{background-color:#69727d;color:#fff}.elementor-widget-text-editor.elementor-drop-cap-view-framed .elementor-drop-cap{color:#69727d;border:3px solid;background-color:transparent}.elementor-widget-text-editor:not(.elementor-drop-cap-view-default) .elementor-drop-cap{margin-top:8px}.elementor-widget-text-editor:not(.elementor-drop-cap-view-default) .elementor-drop-cap-letter{width:1em;height:1em}.elementor-widget-text-editor .elementor-drop-cap{float:left;text-align:center;line-height:1;font-size:50px}.elementor-widget-text-editor .elementor-drop-cap-letter{display:inline-block}<\/style>\t\t\t\t<div class=\"elementor-element elementor-element-db73fd5 elementor-widget elementor-widget-heading animated zoomIn\" data-id=\"db73fd5\" data-element_type=\"widget\" data-settings=\"{&quot;_animation&quot;:&quot;zoomIn&quot;}\" data-widget_type=\"heading.default\"><div class=\"elementor-widget-container\"><h1 class=\"elementor-heading-title elementor-size-default\">Starten Sie Ihr Projekt mit unschlagbaren Angeboten f\u00fcr unsere Container!<\/h1><\/div><\/div><div class=\"elementor-element elementor-element-8f7932c elementor-widget elementor-widget-wd_text_block animated fadeInUp\" data-id=\"8f7932c\" data-element_type=\"widget\" data-settings=\"{&quot;_animation&quot;:&quot;fadeInUp&quot;}\" data-widget_type=\"wd_text_block.default\"><div class=\"elementor-widget-container\"><div class=\"wd-text-block reset-last-child text-center color-title\"><p>Lassen Sie sich diese au\u00dfergew\u00f6hnliche Gelegenheit nicht entgehen! F\u00fcllen Sie das Formular aus, um ein ma\u00dfgeschneidertes Angebot zu erhalten und sparen Sie noch heute beim Kauf eines Containers!<\/p><\/div><\/div><\/div>\t\t\t\t\t\t<\/div>\n\t\t\t\t<\/div>\n\t\t\t\t<div class=\"elementor-element elementor-element-05c8aa1 elementor-widget elementor-widget-elementskit-contact-form7\" data-id=\"05c8aa1\" data-element_type=\"widget\" data-settings=\"{&quot;ekit_we_effect_on&quot;:&quot;none&quot;}\" data-widget_type=\"elementskit-contact-form7.default\">\n\t\t\t\t<div class=\"elementor-widget-container\">\n\t\t\t<div class=\"ekit-wid-con\" ><div class=\"ekit-form\">\n<div class=\"wpcf7 no-js\" id=\"wpcf7-f28368-o1\" lang=\"en-US\" dir=\"ltr\">\n<div class=\"screen-reader-response\"><p role=\"status\" aria-live=\"polite\" aria-atomic=\"true\"><\/p> <ul><\/ul><\/div>\n<form action=\"\/de_de_formal\/wp-json\/wp\/v2\/pages\/28287#wpcf7-f28368-o1\" method=\"post\" class=\"wpcf7-form init\" aria-label=\"Contact form\" novalidate=\"novalidate\" data-status=\"init\" data-trp-original-action=\"\/de_de_formal\/wp-json\/wp\/v2\/pages\/28287#wpcf7-f28368-o1\">\n<div style=\"display: none;\">\n<input type=\"hidden\" name=\"_wpcf7\" value=\"28368\" \/>\n<input type=\"hidden\" name=\"_wpcf7_version\" value=\"5.8.1\" \/>\n<input type=\"hidden\" name=\"_wpcf7_locale\" value=\"en_US\" \/>\n<input type=\"hidden\" name=\"_wpcf7_unit_tag\" value=\"wpcf7-f28368-o1\" \/>\n<input type=\"hidden\" name=\"_wpcf7_container_post\" value=\"0\" \/>\n<input type=\"hidden\" name=\"_wpcf7_posted_data_hash\" value=\"\" \/>\n<\/div>\n<div class=\"row\">\n\t<p class=\"col-md-6\"><label>Name<\/label><span class=\"wpcf7-form-control-wrap\" data-name=\"your-name\"><input size=\"40\" class=\"wpcf7-form-control wpcf7-text wpcf7-validates-as-required\" aria-required=\"true\" aria-invalid=\"false\" value=\"\" type=\"text\" name=\"your-name\" \/><\/span>\n\t<\/p>\n\t<p class=\"col-md-6\"><label>E-Mail<\/label><span class=\"wpcf7-form-control-wrap\" data-name=\"your-email\"><input size=\"40\" class=\"wpcf7-form-control wpcf7-email wpcf7-validates-as-required wpcf7-text wpcf7-validates-as-email\" aria-required=\"true\" aria-invalid=\"false\" value=\"\" type=\"email\" name=\"your-email\" \/><\/span>\n\t<\/p>\n<\/div>\n<div class=\"row\">\n\t<p class=\"col-md-6\"><label>Land<\/label><span class=\"wpcf7-form-control-wrap\" data-name=\"your-Modele\"><input size=\"40\" class=\"wpcf7-form-control wpcf7-text wpcf7-validates-as-required\" aria-required=\"true\" aria-invalid=\"false\" value=\"\" type=\"text\" name=\"your-Modele\" \/><\/span>\n\t<\/p>\n\t<p class=\"col-md-6\"><label>Best\u00e4tigen Email<\/label><span class=\"wpcf7-form-control-wrap\" data-name=\"your-email\"><input size=\"40\" class=\"wpcf7-form-control wpcf7-email wpcf7-validates-as-required wpcf7-text wpcf7-validates-as-email\" aria-required=\"true\" aria-invalid=\"false\" value=\"\" type=\"email\" name=\"your-email\" \/><\/span>\n\t<\/p>\n\t<p class=\"col-md-6\"><label>Best\u00e4tigen Email<\/label><span class=\"wpcf7-form-control-wrap\" data-name=\"your-email\"><input size=\"40\" class=\"wpcf7-form-control wpcf7-email wpcf7-validates-as-required wpcf7-text wpcf7-validates-as-email\" aria-required=\"true\" aria-invalid=\"false\" value=\"\" type=\"email\" name=\"your-email\" \/><\/span>\n\t<\/p>\n<\/div>\n<div class=\"row\">\n\t<p class=\"col-md-6\"><label>Art des Containers<\/label><span class=\"wpcf7-form-control-wrap\" data-name=\"your-marque\"><input size=\"40\" class=\"wpcf7-form-control wpcf7-text wpcf7-validates-as-required\" aria-required=\"true\" aria-invalid=\"false\" value=\"\" type=\"text\" name=\"your-marque\" \/><\/span>\n\t<\/p>\n\t<p class=\"col-md-6\"><label>Menge<\/label><span class=\"wpcf7-form-control-wrap\" data-name=\"your-quant\"><input size=\"40\" class=\"wpcf7-form-control wpcf7-text wpcf7-validates-as-required\" aria-required=\"true\" aria-invalid=\"false\" value=\"\" type=\"text\" name=\"your-quant\" \/><\/span>\n\t<\/p>\n<\/div>\n<div class=\"row\">\n\t<p class=\"col-md-6\"><label>Telefon<\/label><span class=\"wpcf7-form-control-wrap\" data-name=\"tel-767\"><input size=\"40\" class=\"wpcf7-form-control wpcf7-tel wpcf7-text wpcf7-validates-as-tel\" aria-invalid=\"false\" value=\"\" type=\"tel\" name=\"tel-767\" \/><\/span>\n\t<\/p>\n\t<p class=\"col-md-6\"><label>Adresse<\/label><span class=\"wpcf7-form-control-wrap\" data-name=\"your-nomv\"><input size=\"40\" class=\"wpcf7-form-control wpcf7-text wpcf7-validates-as-required\" aria-required=\"true\" aria-invalid=\"false\" value=\"\" type=\"text\" name=\"your-nomv\" \/><\/span>\n\t<\/p>\n<\/div>\n<p><label>Ihre Nachricht<\/label><span class=\"wpcf7-form-control-wrap\" data-name=\"your-message\"><textarea cols=\"40\" rows=\"10\" class=\"wpcf7-form-control wpcf7-textarea\" aria-invalid=\"false\" name=\"your-message\"><\/textarea><\/span>\n<\/p>\n<p><input class=\"wpcf7-form-control wpcf7-submit has-spinner btn-color-black\" type=\"submit\" value=\"Senden Sie\" \/>\n<\/p><div class=\"wpcf7-response-output\" aria-hidden=\"true\"><\/div>\n<input type=\"hidden\" name=\"trp-form-language\" value=\"de_de_formal\"\/><\/form>\n<\/div>\n<\/div><\/div>\t\t<\/div>\n\t\t\t\t<\/div>\n\t\t\t\t\t<\/div>\n\t\t\t\t<\/div>\n\t\t\t\t\t\t\t<\/div>","protected":false},"excerpt":{"rendered":"<p>D\u00e9marrez votre projet avec des offres imbattables sur nos conteneurs\u00a0 ! Ne manquez pas cette opportunit\u00e9 exceptionnelle ! Remplissez le formulaire pour recevoir un devis sur mesure et \u00e9conomiser sur votre achat de conteneur d\u00e8s aujourd&rsquo;hui ! Nom Email Pays Confirmer Email Type de Container Quantit\u00e9 T\u00e9l\u00e9phone Adresse Votre Message<\/p>","protected":false},"author":1,"featured_media":0,"parent":0,"menu_order":0,"comment_status":"closed","ping_status":"closed","template":"","meta":{"_monsterinsights_skip_tracking":false,"_monsterinsights_sitenote_active":false,"_monsterinsights_sitenote_note":"","_monsterinsights_sitenote_category":0,"footnotes":""},"aioseo_notices":[],"_links":{"self":[{"href":"https:\/\/alex-elec.eu\/de_de_formal\/wp-json\/wp\/v2\/pages\/28287"}],"collection":[{"href":"https:\/\/alex-elec.eu\/de_de_formal\/wp-json\/wp\/v2\/pages"}],"about":[{"href":"https:\/\/alex-elec.eu\/de_de_formal\/wp-json\/wp\/v2\/types\/page"}],"author":[{"embeddable":true,"href":"https:\/\/alex-elec.eu\/de_de_formal\/wp-json\/wp\/v2\/users\/1"}],"replies":[{"embeddable":true,"href":"https:\/\/alex-elec.eu\/de_de_formal\/wp-json\/wp\/v2\/comments?post=28287"}],"version-history":[{"count":13,"href":"https:\/\/alex-elec.eu\/de_de_formal\/wp-json\/wp\/v2\/pages\/28287\/revisions"}],"predecessor-version":[{"id":28440,"href":"https:\/\/alex-elec.eu\/de_de_formal\/wp-json\/wp\/v2\/pages\/28287\/revisions\/28440"}],"wp:attachment":[{"href":"https:\/\/alex-elec.eu\/de_de_formal\/wp-json\/wp\/v2\/media?parent=28287"}],"curies":[{"name":"wp","href":"https:\/\/api.w.org\/{rel}","templated":true}]}}